{"id":7105741,"date":"2025-01-02T18:41:21","date_gmt":"2025-01-02T18:41:21","guid":{"rendered":"https:\/\/gamesbestprices.com\/product\/until-dawn-pc-digital\/"},"modified":"2025-01-02T18:41:21","modified_gmt":"2025-01-02T18:41:21","slug":"until-dawn-pc-digital","status":"publish","type":"product","link":"https:\/\/gamesbestprices.com\/it\/prodotto\/until-dawn-pc-digital\/","title":{"rendered":"Until Dawn Steam Pc"},"content":{"rendered":"<p><strong>\u26a0\ufe0f<span style=\"color: #ff0000;\">OTTIENI UN GIOCO STEAM ORIGINALE!<\/span> \u26a0\ufe0f<\/strong><\/p>\n<p>Enjoy <strong>OFFLINE<\/strong> mode with complete flexibility. You will receive a <strong>LOGIN<\/strong>\u00a0and <strong>PASSWORD (ONE ACCOUNT)<\/strong> that we provide, allowing you to play.<br \/>\n<strong>UTILIZZANDO L&#8217;ACCOUNT FORNITO<\/strong>.<\/p>\n<p><strong><span style=\"color: #ff0000;\">IMPORTANT<\/span><\/strong>: Non preoccuparti, avrai il tuo <strong>salvataggio esclusivo<\/strong> e nessuno potr\u00e0 rimuoverti dal nostro account mentre giochi.<br \/>\nGioca senza problemi, quando vuoi, risparmiando molto e divertendoti tantissimo!<\/p>\n<p>Le informazioni dell&#8217;account<strong> non possono essere modificate. <\/strong>Per maggiori dettagli, per favore <span style=\"color: #037c05;\"><strong><a style=\"color: #037c05;\" href=\"https:\/\/gamesbestprices.com\/it\/faqs\/\">clicca su questo link.<\/a><\/strong><\/span><\/p>\n<p><strong>\ud83c\udfae\ud83e\uddd9\u200d\u2642\ufe0f SUL GIOCO:\u00a0<\/strong><\/p>\n<table>\n<thead>\n<tr>\n<th class=\"cabecalho\" colspan=\"2\">Requisiti Minimi di Sistema<\/th>\n<\/tr>\n<\/thead>\n<tbody>\n<tr>\n<td>Sistema Operativo<\/td>\n<td>Windows 10, 11 (64-bit)<\/td>\n<\/tr>\n<tr>\n<td>Processore<\/td>\n<td>Intel Core i7 4790K \/ AMD Ryzen 5 1500x (or similar processor with AVX support)<\/td>\n<\/tr>\n<tr>\n<td>Memoria<\/td>\n<td>8 GB RAM<\/td>\n<\/tr>\n<tr>\n<td>Grafica<\/td>\n<td>NVIDIA GeForce GTX 1660 \/ Radeon RX 470 (or equivalent with at least 6GB VRAM)<\/td>\n<\/tr>\n<tr>\n<td>DirectX<\/td>\n<td>Version 12<\/td>\n<\/tr>\n<tr>\n<td>Archiviazione<\/td>\n<td>70 GB available space on SSD<\/td>\n<\/tr>\n<\/tbody>\n<\/table>\n<p>Until Dawn \u00e8 un gioco horror di sopravvivenza con una narrativa ramificata dove ogni scelta fatta dal giocatore pu\u00f2 avere conseguenze pi\u00f9 avanti nella storia. Durante il gioco, il giocatore affronta decisioni difficili che coinvolgono dilemmi etici e morali. Queste scelte possono portare a scene di violenza estrema, inclusi personaggi che muoiono per cadute, smembramenti con sangue e viscere visibili, decapitazioni e altre morti scioccanti, incluse quelle per arma da fuoco. Il gioco contiene diverse istanze di linguaggio inappropriato, dialoghi a sfondo sessuale e rappresentazioni occasionali dell&#8217;uso di alcol e tabacco.<\/p>\n<p><img fetchpriority=\"high\" decoding=\"async\" class=\"wp-image-303171 aligncenter\" src=\"http:\/\/acasadosgamers.com\/wp-content\/uploads\/2024\/09\/capa.jpg\" alt=\"Until Dawn\" width=\"809\" height=\"455\" \/><\/p>\n","protected":false},"excerpt":{"rendered":"<table class=\"info-table\">\n<thead>\n<tr class=\"header-row\">\n<th>Stato<\/th>\n<th>INFORMAZIONI<\/th>\n<\/tr>\n<\/thead>\n<tbody>\n<tr>\n<td class=\"status-cell\">\n<div class=\"status-title\">\ud83d\ude80 CONSEGNA IMMEDIATA<\/div>\n<div class=\"status-subtitle\">Ottieni accesso istantaneo<\/div>\n<\/td>\n<td class=\"info-cell\">\n<div class=\"info-box\">\n<div class=\"info-title\">ATTENZIONE<\/div>\n<div class=\"info-content\">LEGGI LA DESCRIZIONE<\/div>\n<\/div>\n<\/td>\n<\/tr>\n<tr>\n<td class=\"status-cell\">\n<div class=\"status-title\">\ud83d\udcb0 Questo sito \u00e8 affidabile?<\/div>\n<div class=\"status-subtitle\">+ 4 anni di vendita giochi<\/div>\n<\/td>\n<td class=\"info-cell\">\n<div class=\"info-box\">\n<div class=\"info-title\">Accesso:<\/div>\n<div class=\"info-content\">[trustindex data-widget-id=7fd81be38eb695098c8683dcf1c]<\/div>\n<\/div>\n<\/td>\n<\/tr>\n<\/tbody>\n<\/table>\n","protected":false},"featured_media":7103609,"comment_status":"open","ping_status":"closed","template":"","meta":[],"product_brand":[143],"product_cat":[745,644,777,752],"product_tag":[696,646,727,671,648],"class_list":{"0":"post-7105741","1":"product","2":"type-product","3":"status-publish","4":"has-post-thumbnail","6":"product_brand-playstation-studios","7":"product_cat-avventura","8":"product_cat-giochi-steam","9":"product_cat-horror","10":"product_cat-steam","11":"product_tag-cinematografico","12":"product_tag-horror","13":"product_tag-le-scelte-contano","14":"product_tag-ricco-di-trama","15":"product_tag-single-player","17":"first","18":"instock","19":"downloadable","20":"virtual","21":"purchasable","22":"product-type-simple"},"exclude_global_add_ons":[],"addons":[],"_links":{"self":[{"href":"https:\/\/gamesbestprices.com\/it\/wp-json\/wp\/v2\/product\/7105741","targetHints":{"allow":["GET"]}}],"collection":[{"href":"https:\/\/gamesbestprices.com\/it\/wp-json\/wp\/v2\/product"}],"about":[{"href":"https:\/\/gamesbestprices.com\/it\/wp-json\/wp\/v2\/types\/product"}],"replies":[{"embeddable":true,"href":"https:\/\/gamesbestprices.com\/it\/wp-json\/wp\/v2\/comments?post=7105741"}],"wp:featuredmedia":[{"embeddable":true,"href":"https:\/\/gamesbestprices.com\/it\/wp-json\/wp\/v2\/media\/7103609"}],"wp:attachment":[{"href":"https:\/\/gamesbestprices.com\/it\/wp-json\/wp\/v2\/media?parent=7105741"}],"wp:term":[{"taxonomy":"product_brand","embeddable":true,"href":"https:\/\/gamesbestprices.com\/it\/wp-json\/wp\/v2\/product_brand?post=7105741"},{"taxonomy":"product_cat","embeddable":true,"href":"https:\/\/gamesbestprices.com\/it\/wp-json\/wp\/v2\/product_cat?post=7105741"},{"taxonomy":"product_tag","embeddable":true,"href":"https:\/\/gamesbestprices.com\/it\/wp-json\/wp\/v2\/product_tag?post=7105741"}],"curies":[{"name":"wp","href":"https:\/\/api.w.org\/{rel}","templated":true}]}}