{"id":7105463,"date":"2024-11-23T22:34:14","date_gmt":"2024-11-23T22:34:14","guid":{"rendered":"https:\/\/gamesbestprices.com\/product\/dragon-age-the-veilguard-deluxe-edition-pc-digital\/"},"modified":"2024-11-23T22:34:14","modified_gmt":"2024-11-23T22:34:14","slug":"dragon-age-the-veilguard-deluxe-edition-pc-digital","status":"publish","type":"product","link":"https:\/\/gamesbestprices.com\/it\/prodotto\/dragon-age-the-veilguard-deluxe-edition-pc-digital\/","title":{"rendered":"Dragon Age: The Veilguard Deluxe Edition Steam Pc"},"content":{"rendered":"<p><strong>\u26a0\ufe0f<span style=\"color: #ff0000;\">OTTIENI UN GIOCO STEAM ORIGINALE!<\/span> \u26a0\ufe0f<\/strong><\/p>\n<p>Goditi la modalit\u00e0 <strong>OFFLINE<\/strong> con totale flessibilit\u00e0. Riceverai un <strong>LOGIN<\/strong> e una <strong>PASSWORD (UN ACCOUNT)<\/strong> che forniamo noi, permettendoti di giocare.<br \/>\n<strong>UTILIZZANDO L&#8217;ACCOUNT FORNITO<\/strong>.<\/p>\n<p><strong><span style=\"color: #ff0000;\">IMPORTANTE<\/span><\/strong>: Non preoccuparti, avrai il tuo <strong>salvataggio esclusivo<\/strong> e nessuno pu\u00f2 rimuoverti dal nostro account mentre giochi.<br \/>\nGioca senza problemi, quando vuoi, risparmiando molto e divertendoti tantissimo!<\/p>\n<p>Le informazioni dell&#8217;account<strong> non possono essere modificate. <\/strong>Per maggiori dettagli, <span style=\"color: #037c05;\"><strong><a style=\"color: #037c05;\" href=\"https:\/\/gamesbestprices.com\/it\/faqs\/\">clicca su questo link.<\/a><\/strong><\/span><\/p>\n<p><strong>\ud83c\udfae\ud83e\uddd9\u200d\u2642\ufe0f SUL GIOCO: <\/strong><\/p>\n<table>\n<thead>\n<tr>\n<th class=\"cabecalho\" colspan=\"2\">Requisiti di Sistema<\/th>\n<\/tr>\n<\/thead>\n<tbody>\n<tr>\n<td>Sistema Operativo<\/td>\n<td>64 bit Windows 10\/11<\/td>\n<\/tr>\n<tr>\n<td>Processore<\/td>\n<td>Intel Core i5-8400 \/ AMD Ryzen 3 3300X* (vedi note)<\/td>\n<\/tr>\n<tr>\n<td>Memoria RAM<\/td>\n<td>16 GB RAM<\/td>\n<\/tr>\n<tr>\n<td>Scheda Video<\/td>\n<td>NVIDIA GTX 970\/1650 \/ AMD Radeon R9 290X<\/td>\n<\/tr>\n<tr>\n<td>DirectX<\/td>\n<td>Versione 12<\/td>\n<\/tr>\n<tr>\n<td>Archiviazione<\/td>\n<td>100 GB di spazio disponibile<\/td>\n<\/tr>\n<\/tbody>\n<\/table>\n<p>Entra nel mondo di Thedas, una terra vibrante di natura selvaggia, labirinti insidiosi e citt\u00e0 scintillanti, intrisa di conflitti e magie segrete. Ora, una coppia di antichi d\u00e8i corrotti si \u00e8 liberata da secoli di oscurit\u00e0 ed \u00e8 determinata a distruggere il mondo.<\/p>\n<p>Thedas ha bisogno di qualcuno su cui contare. Sorgi come Rook, il pi\u00f9 nuovo eroe di Dragon Age. Sii chi vuoi essere e gioca come vuoi giocare mentre combatti per impedire agli d\u00e8i di devastare il mondo. Ma non puoi farcela da solo \u2013 le probabilit\u00e0 sono contro di te. Guida una squadra di sette compagni, ognuno con la propria ricca storia da scoprire e plasmare, e insieme diventerete The Veilguard.<\/p>\n<p><img decoding=\"async\" class=\"aligncenter\" src=\"https:\/\/media1.giphy.com\/media\/v1.Y2lkPTc5MGI3NjExbzRyNzRjbzhhbG9qcWE0eG9ibGh5aWNjajJ4a2x1MnJqMDNpM3ZnbSZlcD12MV9pbnRlcm5hbF9naWZfYnlfaWQmY3Q9Zw\/V5gGTOVb7SswJk7Dqd\/giphy.gif\" alt=\"Slow Motion Dragon GIF by Xbox\" \/><\/p>\n","protected":false},"excerpt":{"rendered":"<table class=\"info-table\">\n<thead>\n<tr class=\"header-row\">\n<th>Stato<\/th>\n<th>INFORMAZIONI<\/th>\n<\/tr>\n<\/thead>\n<tbody>\n<tr>\n<td class=\"status-cell\">\n<div class=\"status-title\">\ud83d\ude80 CONSEGNA IMMEDIATA<\/div>\n<div class=\"status-subtitle\">Ottieni accesso istantaneo<\/div>\n<\/td>\n<td class=\"info-cell\">\n<div class=\"info-box\">\n<div class=\"info-title\">ATTENZIONE<\/div>\n<div class=\"info-content\">LEGGI LA DESCRIZIONE<\/div>\n<\/div>\n<\/td>\n<\/tr>\n<tr>\n<td class=\"status-cell\">\n<div class=\"status-title\">\ud83d\udcb0 Questo sito \u00e8 affidabile?<\/div>\n<div class=\"status-subtitle\">+ 4 anni di vendita giochi<\/div>\n<\/td>\n<td class=\"info-cell\">\n<div class=\"info-box\">\n<div class=\"info-title\">Accesso:<\/div>\n<div class=\"info-content\">[trustindex data-widget-id=7fd81be38eb695098c8683dcf1c]<\/div>\n<\/div>\n<\/td>\n<\/tr>\n<\/tbody>\n<\/table>\n","protected":false},"featured_media":7103629,"comment_status":"open","ping_status":"closed","template":"","meta":[],"product_brand":[137],"product_cat":[642,669,644],"product_tag":[697,727,671,648],"class_list":{"0":"post-7105463","1":"product","2":"type-product","3":"status-publish","4":"has-post-thumbnail","6":"product_brand-electronic-arts","7":"product_cat-giochi","8":"product_cat-giochi-in-evidenza","9":"product_cat-giochi-steam","10":"product_tag-fantasy","11":"product_tag-le-scelte-contano","12":"product_tag-ricco-di-trama","13":"product_tag-single-player","15":"first","16":"instock","17":"downloadable","18":"virtual","19":"purchasable","20":"product-type-simple"},"exclude_global_add_ons":[],"addons":[],"_links":{"self":[{"href":"https:\/\/gamesbestprices.com\/it\/wp-json\/wp\/v2\/product\/7105463","targetHints":{"allow":["GET"]}}],"collection":[{"href":"https:\/\/gamesbestprices.com\/it\/wp-json\/wp\/v2\/product"}],"about":[{"href":"https:\/\/gamesbestprices.com\/it\/wp-json\/wp\/v2\/types\/product"}],"replies":[{"embeddable":true,"href":"https:\/\/gamesbestprices.com\/it\/wp-json\/wp\/v2\/comments?post=7105463"}],"wp:featuredmedia":[{"embeddable":true,"href":"https:\/\/gamesbestprices.com\/it\/wp-json\/wp\/v2\/media\/7103629"}],"wp:attachment":[{"href":"https:\/\/gamesbestprices.com\/it\/wp-json\/wp\/v2\/media?parent=7105463"}],"wp:term":[{"taxonomy":"product_brand","embeddable":true,"href":"https:\/\/gamesbestprices.com\/it\/wp-json\/wp\/v2\/product_brand?post=7105463"},{"taxonomy":"product_cat","embeddable":true,"href":"https:\/\/gamesbestprices.com\/it\/wp-json\/wp\/v2\/product_cat?post=7105463"},{"taxonomy":"product_tag","embeddable":true,"href":"https:\/\/gamesbestprices.com\/it\/wp-json\/wp\/v2\/product_tag?post=7105463"}],"curies":[{"name":"wp","href":"https:\/\/api.w.org\/{rel}","templated":true}]}}