{"id":7106482,"date":"2016-03-18T18:33:06","date_gmt":"2016-03-18T18:33:06","guid":{"rendered":"https:\/\/gamesbestprices.com\/faq\/"},"modified":"2026-03-06T17:33:43","modified_gmt":"2026-03-06T17:33:43","slug":"faq","status":"publish","type":"page","link":"https:\/\/gamesbestprices.com\/it\/faq\/","title":{"rendered":"FAQ"},"content":{"rendered":"\t\t<div data-elementor-type=\"wp-page\" data-elementor-id=\"7106482\" class=\"elementor elementor-7106482 elementor-300654\" data-elementor-post-type=\"page\">\n\t\t\t\t\t\t<section class=\"elementor-section elementor-top-section elementor-element elementor-element-305f458 elementor-section-boxed elementor-section-height-default elementor-section-height-default\" data-id=\"305f458\" data-element_type=\"section\" data-e-type=\"section\" data-settings=\"{&quot;background_background&quot;:&quot;classic&quot;}\">\n\t\t\t\t\t\t<div class=\"elementor-container elementor-column-gap-default\">\n\t\t\t\t\t<div class=\"elementor-column elementor-col-100 elementor-top-column elementor-element elementor-element-ff2acd8\" data-id=\"ff2acd8\" data-element_type=\"column\" data-e-type=\"column\">\n\t\t\t<div class=\"elementor-widget-wrap elementor-element-populated\">\n\t\t\t\t\t\t<div class=\"elementor-element elementor-element-75804a5 elementor-widget elementor-widget-heading\" data-id=\"75804a5\" data-element_type=\"widget\" data-e-type=\"widget\" data-widget_type=\"heading.default\">\n\t\t\t\t<div class=\"elementor-widget-container\">\n\t\t\t\t\t<h2 class=\"elementor-heading-title elementor-size-default\">FAQ Seconda Versione<\/h2>\t\t\t\t<\/div>\n\t\t\t\t<\/div>\n\t\t\t\t<div class=\"elementor-element elementor-element-1a5d21a elementor-widget elementor-widget-accordion\" data-id=\"1a5d21a\" data-element_type=\"widget\" data-e-type=\"widget\" data-widget_type=\"accordion.default\">\n\t\t\t\t<div class=\"elementor-widget-container\">\n\t\t\t\t\t\t\t<div class=\"elementor-accordion\">\n\t\t\t\t\t\t\t<div class=\"elementor-accordion-item\">\n\t\t\t\t\t<h4 id=\"elementor-tab-title-2761\" class=\"elementor-tab-title\" data-tab=\"1\" role=\"button\" aria-controls=\"elementor-tab-content-2761\" aria-expanded=\"false\">\n\t\t\t\t\t\t\t\t\t\t\t\t\t<span class=\"elementor-accordion-icon elementor-accordion-icon-right\" aria-hidden=\"true\">\n\t\t\t\t\t\t\t\t\t\t\t\t\t\t\t<span class=\"elementor-accordion-icon-closed\"><svg class=\"e-font-icon-svg e-fas-plus\" viewBox=\"0 0 448 512\" xmlns=\"http:\/\/www.w3.org\/2000\/svg\"><path d=\"M416 208H272V64c0-17.67-14.33-32-32-32h-32c-17.67 0-32 14.33-32 32v144H32c-17.67 0-32 14.33-32 32v32c0 17.67 14.33 32 32 32h144v144c0 17.67 14.33 32 32 32h32c17.67 0 32-14.33 32-32V304h144c17.67 0 32-14.33 32-32v-32c0-17.67-14.33-32-32-32z\"><\/path><\/svg><\/span>\n\t\t\t\t\t\t\t\t<span class=\"elementor-accordion-icon-opened\"><svg class=\"e-font-icon-svg e-fas-minus\" viewBox=\"0 0 448 512\" xmlns=\"http:\/\/www.w3.org\/2000\/svg\"><path d=\"M416 208H32c-17.67 0-32 14.33-32 32v32c0 17.67 14.33 32 32 32h384c17.67 0 32-14.33 32-32v-32c0-17.67-14.33-32-32-32z\"><\/path><\/svg><\/span>\n\t\t\t\t\t\t\t\t\t\t\t\t\t\t<\/span>\n\t\t\t\t\t\t\t\t\t\t\t\t<a class=\"elementor-accordion-title\" tabindex=\"0\">Quali sono i metodi di consegna (come funziona)?<\/a>\n\t\t\t\t\t<\/h4>\n\t\t\t\t\t<div id=\"elementor-tab-content-2761\" class=\"elementor-tab-content elementor-clearfix\" data-tab=\"1\" role=\"region\" aria-labelledby=\"elementor-tab-title-2761\"><div class=\"vc_toggle_content\">\n<div class=\"vc_toggle_content\">\n<p>Per tutti i giochi, fornisco un account (LOGIN E PASSWORD). Alcune piattaforme, come Ubisoft e Steam, richiedono modalit\u00e0 offline e giocherai utilizzando l&#8217;account fornito. Per i giochi del Microsoft Store, riceverai un account ma potrai giocare online usando il tuo account personale, sbloccando gli obiettivi come al solito. Ogni descrizione del gioco specifica la piattaforma a cui appartiene.<\/p>\n<\/div>\n<\/div>\n<\/div>\n\t\t\t\t<\/div>\n\t\t\t\t\t\t\t<div class=\"elementor-accordion-item\">\n\t\t\t\t\t<h4 id=\"elementor-tab-title-2762\" class=\"elementor-tab-title\" data-tab=\"2\" role=\"button\" aria-controls=\"elementor-tab-content-2762\" aria-expanded=\"false\">\n\t\t\t\t\t\t\t\t\t\t\t\t\t<span class=\"elementor-accordion-icon elementor-accordion-icon-right\" aria-hidden=\"true\">\n\t\t\t\t\t\t\t\t\t\t\t\t\t\t\t<span class=\"elementor-accordion-icon-closed\"><svg class=\"e-font-icon-svg e-fas-plus\" viewBox=\"0 0 448 512\" xmlns=\"http:\/\/www.w3.org\/2000\/svg\"><path d=\"M416 208H272V64c0-17.67-14.33-32-32-32h-32c-17.67 0-32 14.33-32 32v144H32c-17.67 0-32 14.33-32 32v32c0 17.67 14.33 32 32 32h144v144c0 17.67 14.33 32 32 32h32c17.67 0 32-14.33 32-32V304h144c17.67 0 32-14.33 32-32v-32c0-17.67-14.33-32-32-32z\"><\/path><\/svg><\/span>\n\t\t\t\t\t\t\t\t<span class=\"elementor-accordion-icon-opened\"><svg class=\"e-font-icon-svg e-fas-minus\" viewBox=\"0 0 448 512\" xmlns=\"http:\/\/www.w3.org\/2000\/svg\"><path d=\"M416 208H32c-17.67 0-32 14.33-32 32v32c0 17.67 14.33 32 32 32h384c17.67 0 32-14.33 32-32v-32c0-17.67-14.33-32-32-32z\"><\/path><\/svg><\/span>\n\t\t\t\t\t\t\t\t\t\t\t\t\t\t<\/span>\n\t\t\t\t\t\t\t\t\t\t\t\t<a class=\"elementor-accordion-title\" tabindex=\"0\">L'accesso \u00e8 a vita?<\/a>\n\t\t\t\t\t<\/h4>\n\t\t\t\t\t<div id=\"elementor-tab-content-2762\" class=\"elementor-tab-content elementor-clearfix\" data-tab=\"2\" role=\"region\" aria-labelledby=\"elementor-tab-title-2762\"><div class=\"vc_toggle_content\">\n<div class=\"vc_toggle_content\">\n<p>Nel nostro hub per videogiocatori, diamo priorit\u00e0 all&#8217;onest\u00e0 e all&#8217;affidabilit\u00e0. I nostri prodotti offrono un accesso a vita! Finch\u00e9 il nostro negozio sar\u00e0 operativo, forniremo tutto il supporto necessario per garantire la tua soddisfazione.<\/p>\n<\/div>\n<\/div>\n<\/div>\n\t\t\t\t<\/div>\n\t\t\t\t\t\t\t<div class=\"elementor-accordion-item\">\n\t\t\t\t\t<h4 id=\"elementor-tab-title-2763\" class=\"elementor-tab-title\" data-tab=\"3\" role=\"button\" aria-controls=\"elementor-tab-content-2763\" aria-expanded=\"false\">\n\t\t\t\t\t\t\t\t\t\t\t\t\t<span class=\"elementor-accordion-icon elementor-accordion-icon-right\" aria-hidden=\"true\">\n\t\t\t\t\t\t\t\t\t\t\t\t\t\t\t<span class=\"elementor-accordion-icon-closed\"><svg class=\"e-font-icon-svg e-fas-plus\" viewBox=\"0 0 448 512\" xmlns=\"http:\/\/www.w3.org\/2000\/svg\"><path d=\"M416 208H272V64c0-17.67-14.33-32-32-32h-32c-17.67 0-32 14.33-32 32v144H32c-17.67 0-32 14.33-32 32v32c0 17.67 14.33 32 32 32h144v144c0 17.67 14.33 32 32 32h32c17.67 0 32-14.33 32-32V304h144c17.67 0 32-14.33 32-32v-32c0-17.67-14.33-32-32-32z\"><\/path><\/svg><\/span>\n\t\t\t\t\t\t\t\t<span class=\"elementor-accordion-icon-opened\"><svg class=\"e-font-icon-svg e-fas-minus\" viewBox=\"0 0 448 512\" xmlns=\"http:\/\/www.w3.org\/2000\/svg\"><path d=\"M416 208H32c-17.67 0-32 14.33-32 32v32c0 17.67 14.33 32 32 32h384c17.67 0 32-14.33 32-32v-32c0-17.67-14.33-32-32-32z\"><\/path><\/svg><\/span>\n\t\t\t\t\t\t\t\t\t\t\t\t\t\t<\/span>\n\t\t\t\t\t\t\t\t\t\t\t\t<a class=\"elementor-accordion-title\" tabindex=\"0\">La consegna \u00e8 istantanea?<\/a>\n\t\t\t\t\t<\/h4>\n\t\t\t\t\t<div id=\"elementor-tab-content-2763\" class=\"elementor-tab-content elementor-clearfix\" data-tab=\"3\" role=\"region\" aria-labelledby=\"elementor-tab-title-2763\"><div class=\"vc_toggle_content\">\n<div class=\"vc_toggle_content\">\n<div class=\"vc_toggle_content\">\n<p>Se hai domande o dubbi, non esitare a contattarci via email o WhatsApp. Di solito WhatsApp offre risposte pi\u00f9 rapide. Ci impegniamo a rispondere entro 30 minuti o 1 ora durante l&#8217;orario lavorativo.<\/p>\n<p>Non esitare a contattarci. Siamo qui per garantirti un&#8217;esperienza fluida e soddisfacente.<\/p>\n<\/div>\n<\/div>\n<\/div>\n<\/div>\n\t\t\t\t<\/div>\n\t\t\t\t\t\t\t<div class=\"elementor-accordion-item\">\n\t\t\t\t\t<h4 id=\"elementor-tab-title-2764\" class=\"elementor-tab-title\" data-tab=\"4\" role=\"button\" aria-controls=\"elementor-tab-content-2764\" aria-expanded=\"false\">\n\t\t\t\t\t\t\t\t\t\t\t\t\t<span class=\"elementor-accordion-icon elementor-accordion-icon-right\" aria-hidden=\"true\">\n\t\t\t\t\t\t\t\t\t\t\t\t\t\t\t<span class=\"elementor-accordion-icon-closed\"><svg class=\"e-font-icon-svg e-fas-plus\" viewBox=\"0 0 448 512\" xmlns=\"http:\/\/www.w3.org\/2000\/svg\"><path d=\"M416 208H272V64c0-17.67-14.33-32-32-32h-32c-17.67 0-32 14.33-32 32v144H32c-17.67 0-32 14.33-32 32v32c0 17.67 14.33 32 32 32h144v144c0 17.67 14.33 32 32 32h32c17.67 0 32-14.33 32-32V304h144c17.67 0 32-14.33 32-32v-32c0-17.67-14.33-32-32-32z\"><\/path><\/svg><\/span>\n\t\t\t\t\t\t\t\t<span class=\"elementor-accordion-icon-opened\"><svg class=\"e-font-icon-svg e-fas-minus\" viewBox=\"0 0 448 512\" xmlns=\"http:\/\/www.w3.org\/2000\/svg\"><path d=\"M416 208H32c-17.67 0-32 14.33-32 32v32c0 17.67 14.33 32 32 32h384c17.67 0 32-14.33 32-32v-32c0-17.67-14.33-32-32-32z\"><\/path><\/svg><\/span>\n\t\t\t\t\t\t\t\t\t\t\t\t\t\t<\/span>\n\t\t\t\t\t\t\t\t\t\t\t\t<a class=\"elementor-accordion-title\" tabindex=\"0\">Come posso contattarvi se ho domande?<\/a>\n\t\t\t\t\t<\/h4>\n\t\t\t\t\t<div id=\"elementor-tab-content-2764\" class=\"elementor-tab-content elementor-clearfix\" data-tab=\"4\" role=\"region\" aria-labelledby=\"elementor-tab-title-2764\"><div class=\"vc_toggle_content\">\n<div class=\"vc_toggle_content\">\n<p>Se hai domande o dubbi, non esitare a contattarci via email o WhatsApp. Di solito WhatsApp offre risposte pi\u00f9 rapide. Ci impegniamo a rispondere entro 30 minuti o 1 ora durante l&#8217;orario lavorativo.<\/p>\n<p>Non esitare a contattarci. Siamo qui per garantirti un&#8217;esperienza fluida e soddisfacente.<\/p>\n<\/div>\n<\/div>\n<\/div>\n\t\t\t\t<\/div>\n\t\t\t\t\t\t\t<div class=\"elementor-accordion-item\">\n\t\t\t\t\t<h4 id=\"elementor-tab-title-2765\" class=\"elementor-tab-title\" data-tab=\"5\" role=\"button\" aria-controls=\"elementor-tab-content-2765\" aria-expanded=\"false\">\n\t\t\t\t\t\t\t\t\t\t\t\t\t<span class=\"elementor-accordion-icon elementor-accordion-icon-right\" aria-hidden=\"true\">\n\t\t\t\t\t\t\t\t\t\t\t\t\t\t\t<span class=\"elementor-accordion-icon-closed\"><svg class=\"e-font-icon-svg e-fas-plus\" viewBox=\"0 0 448 512\" xmlns=\"http:\/\/www.w3.org\/2000\/svg\"><path d=\"M416 208H272V64c0-17.67-14.33-32-32-32h-32c-17.67 0-32 14.33-32 32v144H32c-17.67 0-32 14.33-32 32v32c0 17.67 14.33 32 32 32h144v144c0 17.67 14.33 32 32 32h32c17.67 0 32-14.33 32-32V304h144c17.67 0 32-14.33 32-32v-32c0-17.67-14.33-32-32-32z\"><\/path><\/svg><\/span>\n\t\t\t\t\t\t\t\t<span class=\"elementor-accordion-icon-opened\"><svg class=\"e-font-icon-svg e-fas-minus\" viewBox=\"0 0 448 512\" xmlns=\"http:\/\/www.w3.org\/2000\/svg\"><path d=\"M416 208H32c-17.67 0-32 14.33-32 32v32c0 17.67 14.33 32 32 32h384c17.67 0 32-14.33 32-32v-32c0-17.67-14.33-32-32-32z\"><\/path><\/svg><\/span>\n\t\t\t\t\t\t\t\t\t\t\t\t\t\t<\/span>\n\t\t\t\t\t\t\t\t\t\t\t\t<a class=\"elementor-accordion-title\" tabindex=\"0\">Posso acquistare in sicurezza?<\/a>\n\t\t\t\t\t<\/h4>\n\t\t\t\t\t<div id=\"elementor-tab-content-2765\" class=\"elementor-tab-content elementor-clearfix\" data-tab=\"5\" role=\"region\" aria-labelledby=\"elementor-tab-title-2765\"><div class=\"vc_toggle_content\">\n<div class=\"vc_toggle_content\">\n<p>Siamo un negozio affidabile, appassionato di videogiochi e dedicato a offrire un&#8217;esperienza eccezionale. Con oltre due anni di presenza sul mercato, abbiamo servito la community dei gamer con una vasta gamma di prodotti e servizi di alta qualit\u00e0.<\/p>\n<p>Nel corso degli anni, abbiamo costruito una base di migliaia di clienti fedeli e soddisfatti che si fidano di noi per avere i migliori giochi. Il nostro impegno verso l&#8217;eccellenza emerge in ogni interazione, dalla navigazione sul sito alla ricezione dell&#8217;ordine.<\/p>\n<p>Nel nostro negozio troverai le ultime uscite, classici intramontabili e una selezione curata di prodotti esclusivi per soddisfare anche i gamer pi\u00f9 esigenti.<\/p>\n<p>Unisciti alla nostra community di clienti felici e scopri perch\u00e9 siamo la scelta preferita di cos\u00ec tanti appassionati di gaming. Grazie per aver scelto il nostro negozio: siamo qui per assicurarci che il tuo viaggio nel mondo dei videogiochi sia emozionante e appagante, oggi e sempre.<\/p>\n<\/div>\n<\/div>\n<\/div>\n\t\t\t\t<\/div>\n\t\t\t\t\t\t\t<div class=\"elementor-accordion-item\">\n\t\t\t\t\t<h4 id=\"elementor-tab-title-2766\" class=\"elementor-tab-title\" data-tab=\"6\" role=\"button\" aria-controls=\"elementor-tab-content-2766\" aria-expanded=\"false\">\n\t\t\t\t\t\t\t\t\t\t\t\t\t<span class=\"elementor-accordion-icon elementor-accordion-icon-right\" aria-hidden=\"true\">\n\t\t\t\t\t\t\t\t\t\t\t\t\t\t\t<span class=\"elementor-accordion-icon-closed\"><svg class=\"e-font-icon-svg e-fas-plus\" viewBox=\"0 0 448 512\" xmlns=\"http:\/\/www.w3.org\/2000\/svg\"><path d=\"M416 208H272V64c0-17.67-14.33-32-32-32h-32c-17.67 0-32 14.33-32 32v144H32c-17.67 0-32 14.33-32 32v32c0 17.67 14.33 32 32 32h144v144c0 17.67 14.33 32 32 32h32c17.67 0 32-14.33 32-32V304h144c17.67 0 32-14.33 32-32v-32c0-17.67-14.33-32-32-32z\"><\/path><\/svg><\/span>\n\t\t\t\t\t\t\t\t<span class=\"elementor-accordion-icon-opened\"><svg class=\"e-font-icon-svg e-fas-minus\" viewBox=\"0 0 448 512\" xmlns=\"http:\/\/www.w3.org\/2000\/svg\"><path d=\"M416 208H32c-17.67 0-32 14.33-32 32v32c0 17.67 14.33 32 32 32h384c17.67 0 32-14.33 32-32v-32c0-17.67-14.33-32-32-32z\"><\/path><\/svg><\/span>\n\t\t\t\t\t\t\t\t\t\t\t\t\t\t<\/span>\n\t\t\t\t\t\t\t\t\t\t\t\t<a class=\"elementor-accordion-title\" tabindex=\"0\">Come ricever\u00f2 il prodotto?<\/a>\n\t\t\t\t\t<\/h4>\n\t\t\t\t\t<div id=\"elementor-tab-content-2766\" class=\"elementor-tab-content elementor-clearfix\" data-tab=\"6\" role=\"region\" aria-labelledby=\"elementor-tab-title-2766\"><div class=\"vc_toggle_content\">\n<p>Per rendere la tua esperienza pi\u00f9 veloce e comoda, siamo inizialmente disponibili su WhatsApp per rispondere a qualsiasi domanda o dubbio sulla consegna del prodotto. Dopo il contatto iniziale, riceverai l&#8217;accesso al prodotto acquistato via email, insieme a un tutorial dettagliato sul processo di installazione.<\/p>\n<p>Ci impegniamo a offrire un servizio efficiente e trasparente per garantire la tua soddisfazione. Non esitare a contattarci su WhatsApp per assistenza immediata.<\/p>\n<\/div>\n<\/div>\n\t\t\t\t<\/div>\n\t\t\t\t\t\t\t\t\t\t<script type=\"application\/ld+json\">{\"@context\":\"https:\\\/\\\/schema.org\",\"@type\":\"FAQPage\",\"mainEntity\":[{\"@type\":\"Question\",\"name\":\"Quali sono i metodi di consegna (come funziona)?\",\"acceptedAnswer\":{\"@type\":\"Answer\",\"text\":\"<div class=\\\"vc_toggle_content\\\">\\n<div class=\\\"vc_toggle_content\\\">\\n<p>Per tutti i giochi, fornisco un account (LOGIN E PASSWORD). Alcune piattaforme, come Ubisoft e Steam, richiedono modalit\\u00e0 offline e giocherai utilizzando l&#8217;account fornito. Per i giochi del Microsoft Store, riceverai un account ma potrai giocare online usando il tuo account personale, sbloccando gli obiettivi come al solito. Ogni descrizione del gioco specifica la piattaforma a cui appartiene.<\\\/p>\\n<\\\/div>\\n<\\\/div>\\n\"}},{\"@type\":\"Question\",\"name\":\"L'accesso \\u00e8 a vita?\",\"acceptedAnswer\":{\"@type\":\"Answer\",\"text\":\"<div class=\\\"vc_toggle_content\\\">\\n<div class=\\\"vc_toggle_content\\\">\\n<p>Nel nostro hub per videogiocatori, diamo priorit\\u00e0 all&#8217;onest\\u00e0 e all&#8217;affidabilit\\u00e0. I nostri prodotti offrono un accesso a vita! Finch\\u00e9 il nostro negozio sar\\u00e0 operativo, forniremo tutto il supporto necessario per garantire la tua soddisfazione.<\\\/p>\\n<\\\/div>\\n<\\\/div>\\n\"}},{\"@type\":\"Question\",\"name\":\"La consegna \\u00e8 istantanea?\",\"acceptedAnswer\":{\"@type\":\"Answer\",\"text\":\"<div class=\\\"vc_toggle_content\\\">\\n<div class=\\\"vc_toggle_content\\\">\\n<div class=\\\"vc_toggle_content\\\">\\n<p>Se hai domande o dubbi, non esitare a contattarci via email o WhatsApp. Di solito WhatsApp offre risposte pi\\u00f9 rapide. Ci impegniamo a rispondere entro 30 minuti o 1 ora durante l&#8217;orario lavorativo.<\\\/p>\\n<p>Non esitare a contattarci. Siamo qui per garantirti un&#8217;esperienza fluida e soddisfacente.<\\\/p>\\n<\\\/div>\\n<\\\/div>\\n<\\\/div>\\n\"}},{\"@type\":\"Question\",\"name\":\"Come posso contattarvi se ho domande?\",\"acceptedAnswer\":{\"@type\":\"Answer\",\"text\":\"<div class=\\\"vc_toggle_content\\\">\\n<div class=\\\"vc_toggle_content\\\">\\n<p>Se hai domande o dubbi, non esitare a contattarci via email o WhatsApp. Di solito WhatsApp offre risposte pi\\u00f9 rapide. Ci impegniamo a rispondere entro 30 minuti o 1 ora durante l&#8217;orario lavorativo.<\\\/p>\\n<p>Non esitare a contattarci. Siamo qui per garantirti un&#8217;esperienza fluida e soddisfacente.<\\\/p>\\n<\\\/div>\\n<\\\/div>\\n\"}},{\"@type\":\"Question\",\"name\":\"Posso acquistare in sicurezza?\",\"acceptedAnswer\":{\"@type\":\"Answer\",\"text\":\"<div class=\\\"vc_toggle_content\\\">\\n<div class=\\\"vc_toggle_content\\\">\\n<p>Siamo un negozio affidabile, appassionato di videogiochi e dedicato a offrire un&#8217;esperienza eccezionale. Con oltre due anni di presenza sul mercato, abbiamo servito la community dei gamer con una vasta gamma di prodotti e servizi di alta qualit\\u00e0.<\\\/p>\\n<p>Nel corso degli anni, abbiamo costruito una base di migliaia di clienti fedeli e soddisfatti che si fidano di noi per avere i migliori giochi. Il nostro impegno verso l&#8217;eccellenza emerge in ogni interazione, dalla navigazione sul sito alla ricezione dell&#8217;ordine.<\\\/p>\\n<p>Nel nostro negozio troverai le ultime uscite, classici intramontabili e una selezione curata di prodotti esclusivi per soddisfare anche i gamer pi\\u00f9 esigenti.<\\\/p>\\n<p>Unisciti alla nostra community di clienti felici e scopri perch\\u00e9 siamo la scelta preferita di cos\\u00ec tanti appassionati di gaming. Grazie per aver scelto il nostro negozio: siamo qui per assicurarci che il tuo viaggio nel mondo dei videogiochi sia emozionante e appagante, oggi e sempre.<\\\/p>\\n<\\\/div>\\n<\\\/div>\\n\"}},{\"@type\":\"Question\",\"name\":\"Come ricever\\u00f2 il prodotto?\",\"acceptedAnswer\":{\"@type\":\"Answer\",\"text\":\"<div class=\\\"vc_toggle_content\\\">\\n<p>Per rendere la tua esperienza pi\\u00f9 veloce e comoda, siamo inizialmente disponibili su WhatsApp per rispondere a qualsiasi domanda o dubbio sulla consegna del prodotto. Dopo il contatto iniziale, riceverai l&#8217;accesso al prodotto acquistato via email, insieme a un tutorial dettagliato sul processo di installazione.<\\\/p>\\n<p>Ci impegniamo a offrire un servizio efficiente e trasparente per garantire la tua soddisfazione. Non esitare a contattarci su WhatsApp per assistenza immediata.<\\\/p>\\n<\\\/div>\\n\"}}]}<\/script>\n\t\t\t\t\t<\/div>\n\t\t\t\t\t\t<\/div>\n\t\t\t\t<\/div>\n\t\t\t\t\t<\/div>\n\t\t<\/div>\n\t\t\t\t\t<\/div>\n\t\t<\/section>\n\t\t\t\t<\/div>\n\t\t","protected":false},"excerpt":{"rendered":"<p>FAQ Seconda Versione Quali sono i metodi di consegna (come funziona)? Per tutti i giochi, fornisco un account (LOGIN E PASSWORD). Alcune piattaforme, come Ubisoft e Steam, richiedono modalit\u00e0 offline e giocherai utilizzando l&#8217;account fornito. Per i giochi del Microsoft Store, riceverai un account ma potrai giocare online usando il tuo account personale, sbloccando gli [&hellip;]<\/p>\n","protected":false},"author":1,"featured_media":0,"parent":0,"menu_order":0,"comment_status":"closed","ping_status":"closed","template":"template-archive.php","meta":{"footnotes":""},"class_list":["post-7106482","page","type-page","status-publish","hentry"],"_links":{"self":[{"href":"https:\/\/gamesbestprices.com\/it\/wp-json\/wp\/v2\/pages\/7106482","targetHints":{"allow":["GET"]}}],"collection":[{"href":"https:\/\/gamesbestprices.com\/it\/wp-json\/wp\/v2\/pages"}],"about":[{"href":"https:\/\/gamesbestprices.com\/it\/wp-json\/wp\/v2\/types\/page"}],"author":[{"embeddable":true,"href":"https:\/\/gamesbestprices.com\/it\/wp-json\/wp\/v2\/users\/1"}],"replies":[{"embeddable":true,"href":"https:\/\/gamesbestprices.com\/it\/wp-json\/wp\/v2\/comments?post=7106482"}],"version-history":[{"count":1,"href":"https:\/\/gamesbestprices.com\/it\/wp-json\/wp\/v2\/pages\/7106482\/revisions"}],"predecessor-version":[{"id":7106483,"href":"https:\/\/gamesbestprices.com\/it\/wp-json\/wp\/v2\/pages\/7106482\/revisions\/7106483"}],"wp:attachment":[{"href":"https:\/\/gamesbestprices.com\/it\/wp-json\/wp\/v2\/media?parent=7106482"}],"curies":[{"name":"wp","href":"https:\/\/api.w.org\/{rel}","templated":true}]}}