{"id":7107295,"date":"2026-05-13T06:43:48","date_gmt":"2026-05-13T06:43:48","guid":{"rendered":"https:\/\/gamesbestprices.com\/?post_type=product&#038;p=7107295"},"modified":"2026-05-13T16:57:06","modified_gmt":"2026-05-13T16:57:06","slug":"lego-batman-legacy-of-the-dark-knight-pc-steam-offline","status":"publish","type":"product","link":"https:\/\/gamesbestprices.com\/fr\/produit\/lego-batman-legacy-of-the-dark-knight-pc-steam-offline\/","title":{"rendered":"LEGO Batman Legacy of the Dark Knight PC STEAM OFFLINE"},"content":{"rendered":"<p><!-- RESIDENT EVIL 9 REQUIEM - Clean HTML with CSS Classes --><\/p>\n<div class=\"lies-of-p-container\">\n<p><!-- Main Banner --><\/p>\n<div class=\"lies-of-p-banner\">\n<h1>LEGO BATMAN: LEGACY OF THE DARK KNIGHT PC STEAM OFFLINE<\/h1>\n<p>L&rsquo;horreur continue dans une nouvelle \u00e8re de la franchise.<\/p>\n<\/div>\n<p><!-- Purchase Alert --><\/p>\n<div class=\"lies-of-p-alerta\">\u26a0\ufe0f NOUVELLE \u00c8RE DE TERREUR &#8211; HORREUR DE SURVIE D\u00c9FINITIVE ! \u26a0\ufe0f<\/div>\n<p><!-- Offline Mode --><\/p>\n<div class=\"lies-of-p-offline\">\n<h3>\ud83c\udfae PROFITEZ HORS LIGNE AVEC UN MAXIMUM D&rsquo;\u00c9CONOMIES ! \ud83c\udfae<\/h3>\n<p>Profitez du mode <strong>HORS LIGNE<\/strong> en toute libert\u00e9 !<\/p>\n<div class=\"lies-of-p-beneficios\">\n<p>\u2705 Vous utiliserez les <strong>IDENTIFIANTS D&rsquo;ACC\u00c8S (COMPTE UNIQUE)<\/strong> que nous vous fournirons<\/p>\n<p>\u2705 <strong>JOUEZ VIA LE COMPTE FOURNI<\/strong> sans obstacles<\/p>\n<p>\u2705 Acc\u00e8s complet au titre et \u00e0 tous les correctifs<\/p>\n<\/div>\n<p class=\"lies-of-p-economia\">Vous pourrez jouer en toute fluidit\u00e9 quand vous le souhaitez<\/p>\n<p class=\"lies-of-p-economia-destaque\">\ud83d\udcb0 \u00c9CONOMISER BEAUCOUP et \ud83c\udfaf S&rsquo;AMUSER \u00c9NORM\u00c9MENT !<\/p>\n<\/div>\n<p><!-- Promotional Video --><\/p>\n<div class=\"lies-of-p-video\">\n<h2>Regardez la bande-annonce de LEGO Batman: Legacy of the Dark Knight<\/h2>\n<div class=\"lies-of-p-video-container\">\n<div class=\"lies-of-p-video-responsive\"><iframe title=\"Lecteur vid\u00e9o YouTube\" src=\"https:\/\/www.youtube-nocookie.com\/embed\/j5ha2VwHJCw\" frameborder=\"0\" allowfullscreen=\"allowfullscreen\"><\/iframe><\/div>\n<\/div>\n<\/div>\n<p><!-- System Requirements --><\/p>\n<div class=\"lies-of-p-requisitos\">\n<h2>Sp\u00e9cifications syst\u00e8me<\/h2>\n<div class=\"lies-of-p-requisitos-grid\">\n<div class=\"lies-of-p-requisitos-box\">\n<h3>Minimum<\/h3>\n<ul class=\"lies-of-p-requisitos-lista\">\n<li>\u25b9<strong>SE :<\/strong> Windows 11<\/li>\n<li>\u25b9<strong>Processeur :<\/strong> Intel Core i5-10600K ou AMD Ryzen 5 1600<\/li>\n<li>\u25b9<strong>M\u00e9moire :<\/strong> 16 Go de RAM<\/li>\n<li>\u25b9<strong>Carte graphique :<\/strong> NVIDIA GeForce GTX 960, 4 Go ou AMD Radeon RX 6400, 4 Go ou Intel Arc A580, 8 Go<\/li>\n<li>\u25b9<strong>Stockage :<\/strong> 50 Go d&rsquo;espace disponible<\/li>\n<li>\u25b9<strong>Notes suppl\u00e9mentaires :<\/strong> Faible 1080p @ 30 FPS avec FSR ou XeSS \u00c9quilibr\u00e9 &amp; G\u00e9n\u00e9ration de trames activ\u00e9e, SSD requis &amp; 50 Go d&rsquo;espace de stockage disponible requis<\/li>\n<\/ul>\n<\/div>\n<div class=\"lies-of-p-requisitos-box\">\n<h3>Recommand\u00e9<\/h3>\n<ul class=\"lies-of-p-requisitos-lista\">\n<li>\u25b9<strong>SE :<\/strong> Windows 11<\/li>\n<li>\u25b9<strong>Processeur :<\/strong> Intel Core i7-12700 ou AMD Ryzen 7 5800X<\/li>\n<li>\u25b9<strong>M\u00e9moire :<\/strong> 16 Go de RAM<\/li>\n<li>\u25b9<strong>Carte graphique :<\/strong> NVIDIA GeForce RTX 2070 SUPER, 8 Go ou AMD Radeon RX 6650 XT, 8 Go ou Intel Arc B580, 12 Go<\/li>\n<li>\u25b9<strong>Stockage :<\/strong> 50 Go d&rsquo;espace disponible<\/li>\n<li>\u25b9<strong>Notes suppl\u00e9mentaires :<\/strong> Moyen 1440p @ 60 FPS avec DLSS, FSR ou XeSS Qualit\u00e9 &amp; G\u00e9n\u00e9ration de trames activ\u00e9e, SSD requis &amp; 50 Go d&rsquo;espace de stockage disponible requis<\/li>\n<\/ul>\n<\/div>\n<\/div>\n<\/div>\n<\/div>\n<p><!-- About the Game --><\/p>\n<div class=\"lies-of-p-sobre\">\n<h2>\u00c0 propos de LEGO Batman: Legacy of the Dark Knight<\/h2>\n<p>Embarquez pour une saga \u00e9pique qui red\u00e9finit l&rsquo;h\u00e9ro\u00efsme \u00e0 Gotham City. LEGO BATMAN: LEGACY OF THE DARK KNIGHT plonge les joueurs dans les ann\u00e9es de formation de Bruce Wayne, t\u00e9moignant de son entra\u00eenement ardu avec l&rsquo;\u00e9nigmatique Ligue des Ombres. Cette aventure narrative tisse magistralement un r\u00e9cit de transformation, alors qu&rsquo;un jeune homme se d\u00e9bat avec le destin, forgeant un lien incassable avec des alli\u00e9s comme Jim Gordon, l&rsquo;\u00e9nigmatique Catwoman, et la famille grandissante de Robin, Nightwing et Batgirl. Plongez dans une atmosph\u00e8re riche et cin\u00e9matographique o\u00f9 chaque ombre rec\u00e8le un secret et chaque alliance est m\u00e9ticuleusement \u00e9labor\u00e9e, pr\u00e9parant le terrain pour que la l\u00e9gende se d\u00e9ploie.<\/p>\n<p>Pr\u00e9parez-vous \u00e0 une action palpitante en enfilant la cape et le masque, affrontant les Super-Vilains DC les plus notoires et embl\u00e9matiques de Gotham City. De la ruse chaotique du Joker aux plans gla\u00e7ants du Pingouin et de Mr. Freeze, chaque rencontre est un test dynamique d&rsquo;esprit et de puissance. Le monde immersif de LEGO BATMAN: LEGACY OF THE DARK KNIGHT cr\u00e9pite de la lutte perp\u00e9tuelle entre l&rsquo;ordre et l&rsquo;anarchie, vous entra\u00eenant plus profond\u00e9ment dans le combat incessant de Batman pour prot\u00e9ger sa ville. Naviguez dans des environnements m\u00e9ticuleusement con\u00e7us, engagez-vous dans des combats palpitants et des r\u00e9solutions d&rsquo;\u00e9nigmes astucieuses, garantissant que chaque instant est charg\u00e9 d&rsquo;aventures \u00e0 enjeux \u00e9lev\u00e9s et de d\u00e9fi h\u00e9ro\u00efque.<\/p>\n<p>\u00c9levez votre voyage h\u00e9ro\u00efque avec l&rsquo;\u00c9dition Deluxe, \u00e9largissant l&rsquo;univers de LEGO BATMAN: LEGACY OF THE DARK KNIGHT avec un arsenal de nouveaux \u00e9quipements, v\u00e9hicules et options de personnalisation. Plongez dans les packs th\u00e9matiques de la Collection H\u00e9ritage, d\u00e9bloquant des costumes et des Batmobiles exclusifs, ou pr\u00e9parez-vous pour la prochaine Collection Mayhem. Cette extension palpitante lib\u00e8re le Joker et Harley Quinn dans une toute nouvelle mission histoire o\u00f9 vous vous \u00e9vadez d&rsquo;Arkham, et un mode Mayhem chaotique \u00e0 travers Gotham. D\u00e9couvrez une profondeur de contenu in\u00e9gal\u00e9e, garantissant que la lutte pour l&rsquo;\u00e2me de Gotham se poursuit avec de nouveaux d\u00e9fis et des escapades de vilains.<\/p>\n<\/div>\n<p><!-- Features in Cards --><\/p>\n<div class=\"lies-of-p-destaques\">\n<h2>Fonctionnalit\u00e9s du jeu<\/h2>\n<div class=\"lies-of-p-cards-grid\">\n<div class=\"lies-of-p-card\">\n<img decoding=\"async\" title=\"Gameplay PC de LEGO Batman: Legacy of the Dark Knight\" src=\"https:\/\/shared.akamai.steamstatic.com\/store_item_assets\/steam\/apps\/2215200\/3c98a7a4d4624f8799d553a58fdb31d33ce1e494\/ss_3c98a7a4d4624f8799d553a58fdb31d33ce1e494.1920x1080.jpg?t=1778617453\" alt=\"LEGO Batman: Legacy of the Dark Knight PC Steam Offline - Aventure Narrative \u00c9pique\" \/><\/p>\n<div class=\"lies-of-p-card-content\">\n<h3>AVENTURE NARRATIVE \u00c9PIQUE<\/h3>\n<p>Plongez dans une aventure d&rsquo;action palpitante et ax\u00e9e sur l&rsquo;histoire de TT Games, les cr\u00e9ateurs acclam\u00e9s de LEGO Star Wars: The Skywalker Saga. Explorez les secrets les plus sombres de Gotham.<\/p>\n<\/div>\n<\/div>\n<div class=\"lies-of-p-card\">\n<img decoding=\"async\" title=\"Gameplay PC de LEGO Batman: Legacy of the Dark Knight\" src=\"https:\/\/shared.akamai.steamstatic.com\/store_item_assets\/steam\/apps\/2215200\/fdbad71e14ed79de392e8d4b3915d2bec2895dbb\/ss_fdbad71e14ed79de392e8d4b3915d2bec2895dbb.1920x1080.jpg?t=1778617453\" alt=\"LEGO Batman: Legacy of the Dark Knight PC Steam Offline - Incarnez le Joker et Harley\" \/><\/p>\n<div class=\"lies-of-p-card-content\">\n<h3>INCARNEZ LE JOKER ET HARLEY<\/h3>\n<p>\u00c9vadez-vous de l&rsquo;asile d&rsquo;Arkham dans une toute nouvelle mission histoire. D\u00e9cha\u00eenez le chaos en incarnant le Joker et Harley Quinn, puis semez la pagaille dans les rues de Gotham.<\/p>\n<\/div>\n<\/div>\n<div class=\"lies-of-p-card\">\n<img decoding=\"async\" title=\"Gameplay PC de LEGO Batman: Legacy of the Dark Knight\" src=\"https:\/\/shared.akamai.steamstatic.com\/store_item_assets\/steam\/apps\/2215200\/ce6fbdc2574a3c8119d4b6200a9728f0b0d10573\/ss_ce6fbdc2574a3c8119d4b6200a9728f0b0d10573.1920x1080.jpg?t=1778617453\" alt=\"LEGO Batman: Legacy of the Dark Knight PC Steam Offline - Packs de Contenu de l'\u00c9dition Deluxe\" \/><\/p>\n<div class=\"lies-of-p-card-content\">\n<h3>PACKS DE CONTENU DE L&rsquo;\u00c9DITION DELUXE<\/h3>\n<p>\u00c9largissez votre exp\u00e9rience avec plus de 30 \u00e9l\u00e9ments d\u00e8s le lancement, incluant 21 costumes uniques, 3 Batmobiles et des accessoires de la Batcave r\u00e9partis dans des packs th\u00e9matiques. De plus, un pack Sinistre sur le th\u00e8me des vilains.<\/p>\n<\/div>\n<\/div>\n<\/div>\n<\/div>\n","protected":false},"excerpt":{"rendered":"<table class=\"info-table\">\n<thead>\n<tr class=\"header-row\">\n<th>Statut<\/th>\n<th>INFORMATIONS<\/th>\n<\/tr>\n<\/thead>\n<tbody>\n<tr>\n<td class=\"status-cell\">\n<div class=\"status-title\">\ud83d\ude80 LIVRAISON IMM\u00c9DIATE<\/div>\n<div class=\"status-subtitle\">Acc\u00e8s instantan\u00e9<\/div>\n<\/td>\n<td class=\"info-cell\">\n<div class=\"info-box\">\n<div class=\"info-title\">ATTENTION<\/div>\n<div class=\"info-content\">LISEZ LA DESCRIPTION<\/div>\n<\/div>\n<\/td>\n<\/tr>\n<tr>\n<td class=\"status-cell\">\n<div class=\"status-title\">\ud83d\udcb0 Ce site est-il fiable ?<\/div>\n<div class=\"status-subtitle\">+ 4 ans de vente de jeux<\/div>\n<\/td>\n<td class=\"info-cell\">\n<div class=\"info-box\">\n<div class=\"info-title\">Acc\u00e8s :<\/div>\n<div class=\"info-content\">[trustindex data-widget-id=7fd81be38eb695098c8683dcf1c]<\/div>\n<\/div>\n<\/td>\n<\/tr>\n<\/tbody>\n<\/table>\n","protected":false},"featured_media":7107279,"comment_status":"open","ping_status":"closed","template":"","meta":[],"product_brand":[],"product_cat":[742,743,634,859,635,887,750],"product_tag":[],"class_list":{"0":"post-7107295","1":"product","2":"type-product","3":"status-publish","4":"has-post-thumbnail","6":"product_cat-action","7":"product_cat-aventure","8":"product_cat-jeux","9":"product_cat-nouveautes","10":"product_cat-pc","11":"product_cat-pre-vente","12":"product_cat-steam","14":"first","15":"instock","16":"downloadable","17":"virtual","18":"purchasable","19":"product-type-simple"},"exclude_global_add_ons":[],"addons":[],"_links":{"self":[{"href":"https:\/\/gamesbestprices.com\/fr\/wp-json\/wp\/v2\/product\/7107295","targetHints":{"allow":["GET"]}}],"collection":[{"href":"https:\/\/gamesbestprices.com\/fr\/wp-json\/wp\/v2\/product"}],"about":[{"href":"https:\/\/gamesbestprices.com\/fr\/wp-json\/wp\/v2\/types\/product"}],"replies":[{"embeddable":true,"href":"https:\/\/gamesbestprices.com\/fr\/wp-json\/wp\/v2\/comments?post=7107295"}],"wp:featuredmedia":[{"embeddable":true,"href":"https:\/\/gamesbestprices.com\/fr\/wp-json\/wp\/v2\/media\/7107279"}],"wp:attachment":[{"href":"https:\/\/gamesbestprices.com\/fr\/wp-json\/wp\/v2\/media?parent=7107295"}],"wp:term":[{"taxonomy":"product_brand","embeddable":true,"href":"https:\/\/gamesbestprices.com\/fr\/wp-json\/wp\/v2\/product_brand?post=7107295"},{"taxonomy":"product_cat","embeddable":true,"href":"https:\/\/gamesbestprices.com\/fr\/wp-json\/wp\/v2\/product_cat?post=7107295"},{"taxonomy":"product_tag","embeddable":true,"href":"https:\/\/gamesbestprices.com\/fr\/wp-json\/wp\/v2\/product_tag?post=7107295"}],"curies":[{"name":"wp","href":"https:\/\/api.w.org\/{rel}","templated":true}]}}