{"id":7107244,"date":"2026-04-09T15:57:25","date_gmt":"2026-04-09T15:57:25","guid":{"rendered":""},"modified":"2026-04-09T15:58:40","modified_gmt":"2026-04-09T15:58:40","slug":"marvel-tokon-fighting-souls-ultimate-edition-pc-steam-offline-fr","status":"publish","type":"product","link":"https:\/\/gamesbestprices.com\/fr\/produit\/marvel-tokon-fighting-souls-ultimate-edition-pc-steam-offline-fr\/","title":{"rendered":"Marvel Tokon Fighting Souls Ultimate Edition PC Steam Offline"},"content":{"rendered":"<p><!-- MARVEL TOKON FIGHTING SOULS ULTIMATE EDITION - Clean HTML with CSS Classes --><\/p>\n<div class=\"lies-of-p-container\">\n<p><!-- Main Banner --><\/p>\n<div class=\"lies-of-p-banner\">\n<h1>MARVEL TOKON FIGHTING SOULS ULTIMATE EDITION PC STEAM OFFLINE<\/h1>\n<p>Lib\u00e9rez votre h\u00e9ros int\u00e9rieur dans l&rsquo;affrontement Marvel ultime !<\/p>\n<\/div>\n<p><!-- Purchase Alert --><\/p>\n<div class=\"lies-of-p-alerta\">\u26a0\ufe0f L&rsquo;AFFRONTEMENT MARVEL ULTIME &#8211; FIGHTING SOULS D\u00c9CHA\u00ceN\u00c9 ! \u26a0\ufe0f<\/div>\n<p><!-- Offline Mode --><\/p>\n<div class=\"lies-of-p-offline\">\n<h3>\ud83c\udfae PROFITEZ HORS LIGNE AVEC DES \u00c9CONOMIES MAXIMALES ! \ud83c\udfae<\/h3>\n<p>Profitez du mode <strong>HORS LIGNE<\/strong> en toute libert\u00e9 !<\/p>\n<div class=\"lies-of-p-beneficios\">\n<p>\u2705 Vous utiliserez les <strong>IDENTIFIANTS D&rsquo;ACC\u00c8S (COMPTE UNIQUE)<\/strong> que nous vous fournirons<\/p>\n<p>\u2705 <strong>JOUEZ VIA LE COMPTE FOURNI<\/strong> sans obstacles<\/p>\n<p>\u2705 Acc\u00e8s complet au titre et \u00e0 toutes les mises \u00e0 jour<\/p>\n<\/div>\n<p class=\"lies-of-p-economia\">Vous pourrez jouer en toute fluidit\u00e9 quand vous le souhaitez<\/p>\n<p class=\"lies-of-p-economia-destaque\">\ud83d\udcb0 \u00c9CONOMISEZ BEAUCOUP et \ud83c\udfaf AMUSEZ-VOUS \u00c9NORM\u00c9MENT !<\/p>\n<\/div>\n<p><!-- Promotional Video --><\/p>\n<div class=\"lies-of-p-video\">\n<h2>Regardez la bande-annonce de Marvel Tokon Fighting Souls<\/h2>\n<div class=\"lies-of-p-video-container\">\n<div class=\"lies-of-p-video-responsive\"><iframe title=\"Lecteur vid\u00e9o YouTube\" src=\"https:\/\/www.youtube-nocookie.com\/embed\/krh98HsMk5c\" frameborder=\"0\" allowfullscreen=\"allowfullscreen\"><\/iframe><\/div>\n<\/div>\n<\/div>\n<p><!-- System Requirements --><\/p>\n<div class=\"lies-of-p-requisitos\">\n<h2>Sp\u00e9cifications syst\u00e8me<\/h2>\n<div class=\"lies-of-p-requisitos-grid\">\n<p><!-- Minimum Requirements --><\/p>\n<div class=\"lies-of-p-requisitos-box\">\n<h3>Minimum<\/h3>\n<ul class=\"lies-of-p-requisitos-lista\">\n<li>\u25b9<strong>OS :<\/strong> \u00c0 annoncer<\/li>\n<li>\u25b9<strong>Processeur :<\/strong> \u00c0 annoncer<\/li>\n<li>\u25b9<strong>M\u00e9moire :<\/strong> \u00c0 annoncer<\/li>\n<li>\u25b9<strong>Carte graphique :<\/strong> \u00c0 annoncer<\/li>\n<li>\u25b9<strong>DirectX :<\/strong> \u00c0 annoncer<\/li>\n<li>\u25b9<strong>Stockage :<\/strong> \u00c0 annoncer<\/li>\n<\/ul>\n<\/div>\n<p><!-- Recommended Requirements --><\/p>\n<div class=\"lies-of-p-requisitos-box\">\n<h3>Recommand\u00e9<\/h3>\n<ul class=\"lies-of-p-requisitos-lista\">\n<li>\u25b9<strong>OS :<\/strong> \u00c0 annoncer<\/li>\n<li>\u25b9<strong>Processeur :<\/strong> \u00c0 annoncer<\/li>\n<li>\u25b9<strong>M\u00e9moire :<\/strong> \u00c0 annoncer<\/li>\n<li>\u25b9<strong>Carte graphique :<\/strong> \u00c0 annoncer<\/li>\n<li>\u25b9<strong>DirectX :<\/strong> \u00c0 annoncer<\/li>\n<li>\u25b9<strong>Stockage :<\/strong> \u00c0 annoncer<\/li>\n<\/ul>\n<\/div>\n<\/div>\n<\/div>\n<p><!-- About the Game --><\/p>\n<div class=\"lies-of-p-sobre\">\n<h2>\u00c0 propos de Marvel Tokon Fighting Souls Ultimate Edition<\/h2>\n<p><strong>Les h\u00e9ros s&rsquo;affrontent. Les mondes entrent en collision. Votre l\u00e9gende commence.<\/strong><\/p>\n<p>Acheter <strong>Marvel Tokon Fighting Souls Ultimate Edition PC<\/strong>, c&rsquo;est entrer dans le jeu de combat Marvel le plus ambitieux jamais cr\u00e9\u00e9. Pr\u00e9parez-vous \u00e0 des batailles \u00e9piques, des combos \u00e9poustouflants et une liste de h\u00e9ros et de m\u00e9chants embl\u00e9matiques dans <strong>Marvel Tokon Fighting Souls Ultimate Edition Steam<\/strong>.<\/p>\n<p>D\u00e9couvrez une nouvelle \u00e8re de jeux de combat avec des m\u00e9caniques de combat fluides, des visuels \u00e0 couper le souffle et une liste de personnages \u00e9tendue qui couvre tout l&rsquo;univers Marvel. L&rsquo;<strong>Ultimate Edition<\/strong> apporte des personnages exclusifs, des costumes et du contenu sc\u00e9naristique, vous assurant ainsi l&rsquo;exp\u00e9rience de combat d\u00e9finitive.<\/p>\n<p><strong>\u00ab\u00a0Lib\u00e9rez votre Tokon (esprit combatif) et revendiquez la victoire !\u00a0\u00bb<\/strong><\/p>\n<\/div>\n<p><!-- Features in Cards --><\/p>\n<div class=\"lies-of-p-destaques\">\n<h2>Fonctionnalit\u00e9s de l&rsquo;Ultimate Edition<\/h2>\n<div class=\"lies-of-p-cards-grid\">\n<p><!-- Card 1: Iconic Marvel Roster --><\/p>\n<div class=\"lies-of-p-card\">\n<p><img decoding=\"async\" title=\"Marvel Tokon Fighting Souls PC - Liste embl\u00e9matique\" src=\"https:\/\/shared.fastly.steamstatic.com\/store_item_assets\/steam\/apps\/3764200\/extras\/marvel_feature_01.gif?t=1750810100\" alt=\"Marvel Tokon Fighting Souls Ultimate Edition PC Steam Offline - Liste embl\u00e9matique\" \/><\/p>\n<div class=\"lies-of-p-card-content\">\n<h3>LISTE EMBL\u00c9MATIQUE DE MARVEL<\/h3>\n<p>Choisissez parmi une liste in\u00e9gal\u00e9e de Super-H\u00e9ros et Super-Vilains l\u00e9gendaires de Marvel, chacun avec des capacit\u00e9s et des styles de combat uniques.<\/p>\n<\/div>\n<\/div>\n<p><!-- Card 2: Dynamic Tag-Team Combat --><\/p>\n<div class=\"lies-of-p-card\">\n<p><img decoding=\"async\" title=\"Marvel Tokon Fighting Souls Steam - Combat en \u00e9quipe\" src=\"https:\/\/shared.fastly.steamstatic.com\/store_item_assets\/steam\/apps\/3764200\/extras\/marvel_feature_02.gif?t=1750810100\" alt=\"Acheter Marvel Tokon Fighting Souls Ultimate Edition PC - Combat dynamique\" \/><\/p>\n<div class=\"lies-of-p-card-content\">\n<h3>COMBAT DYNAMIQUE EN \u00c9QUIPE<\/h3>\n<p>Ma\u00eetrisez des m\u00e9caniques de combat en \u00e9quipe innovantes, d\u00e9cha\u00eenez des hyper combos d\u00e9vastateurs et \u00e9changez strat\u00e9giquement les personnages en plein combat pour dominer vos adversaires.<\/p>\n<\/div>\n<\/div>\n<p><!-- Card 3: Ultimate Edition Exclusives --><\/p>\n<div class=\"lies-of-p-card\">\n<p><img decoding=\"async\" title=\"Marvel Tokon Fighting Souls - Exclusivit\u00e9s Ultimate\" src=\"https:\/\/shared.fastly.steamstatic.com\/store_item_assets\/steam\/apps\/3764200\/extras\/marvel_feature_03.gif?t=1750810100\" alt=\"Marvel Tokon Fighting Souls Ultimate Edition pour PC - Exclusivit\u00e9s\" \/><\/p>\n<div class=\"lies-of-p-card-content\">\n<h3>EXCLUSIVIT\u00c9S ULTIMATE EDITION<\/h3>\n<p>D\u00e9bloquez des personnages bonus, des costumes alternatifs exclusifs, un artbook num\u00e9rique et un mode histoire \u00e9tendu uniquement disponibles dans cette \u00e9dition d\u00e9finitive.<\/p>\n<\/div>\n<\/div>\n<\/div>\n<\/div>\n<\/div>\n","protected":false},"excerpt":{"rendered":"<table class=\"info-table\">\n<thead>\n<tr class=\"header-row\">\n<th>Status<\/th>\n<th>INFORMATION<\/th>\n<\/tr>\n<\/thead>\n<tbody>\n<tr>\n<td class=\"status-cell\">\n<div class=\"status-title\">\ud83d\ude80 IMMEDIATE DELIVERY<\/div>\n<div class=\"status-subtitle\">Get instant access<\/div>\n<\/td>\n<td class=\"info-cell\">\n<div class=\"info-box\">\n<div class=\"info-title\">ATTENTION<\/div>\n<div class=\"info-content\">READ THE DESCRIPTION<\/div>\n<\/div>\n<\/td>\n<\/tr>\n<tr>\n<td class=\"status-cell\">\n<div class=\"status-title\">\ud83d\udcb0 Is this site trustworthy?<\/div>\n<div class=\"status-subtitle\">+ 4 years selling games<\/div>\n<\/td>\n<td class=\"info-cell\">\n<div class=\"info-box\">\n<div class=\"info-title\">Acess:<\/div>\n<div class=\"info-content\">\n<div data-src=\"https:\/\/cdn.trustindex.io\/loader.js?7fd81be38eb695098c8683dcf1c\"><\/div>\n<\/div>\n<\/div>\n<\/td>\n<\/tr>\n<\/tbody>\n<\/table>\n","protected":false},"featured_media":7107238,"comment_status":"open","ping_status":"closed","template":"","meta":[],"product_brand":[],"product_cat":[766,634,887],"product_tag":[712],"class_list":{"0":"post-7107244","1":"product","2":"type-product","3":"status-publish","4":"has-post-thumbnail","6":"product_cat-combat","7":"product_cat-jeux","8":"product_cat-pre-vente","9":"product_tag-multijoueur","11":"first","12":"instock","13":"downloadable","14":"virtual","15":"purchasable","16":"product-type-simple"},"exclude_global_add_ons":[],"addons":[],"_links":{"self":[{"href":"https:\/\/gamesbestprices.com\/fr\/wp-json\/wp\/v2\/product\/7107244","targetHints":{"allow":["GET"]}}],"collection":[{"href":"https:\/\/gamesbestprices.com\/fr\/wp-json\/wp\/v2\/product"}],"about":[{"href":"https:\/\/gamesbestprices.com\/fr\/wp-json\/wp\/v2\/types\/product"}],"replies":[{"embeddable":true,"href":"https:\/\/gamesbestprices.com\/fr\/wp-json\/wp\/v2\/comments?post=7107244"}],"wp:featuredmedia":[{"embeddable":true,"href":"https:\/\/gamesbestprices.com\/fr\/wp-json\/wp\/v2\/media\/7107238"}],"wp:attachment":[{"href":"https:\/\/gamesbestprices.com\/fr\/wp-json\/wp\/v2\/media?parent=7107244"}],"wp:term":[{"taxonomy":"product_brand","embeddable":true,"href":"https:\/\/gamesbestprices.com\/fr\/wp-json\/wp\/v2\/product_brand?post=7107244"},{"taxonomy":"product_cat","embeddable":true,"href":"https:\/\/gamesbestprices.com\/fr\/wp-json\/wp\/v2\/product_cat?post=7107244"},{"taxonomy":"product_tag","embeddable":true,"href":"https:\/\/gamesbestprices.com\/fr\/wp-json\/wp\/v2\/product_tag?post=7107244"}],"curies":[{"name":"wp","href":"https:\/\/api.w.org\/{rel}","templated":true}]}}