{"id":7107224,"date":"2026-04-09T10:20:07","date_gmt":"2026-04-09T10:20:07","guid":{"rendered":""},"modified":"2026-04-09T10:21:31","modified_gmt":"2026-04-09T10:21:31","slug":"vindictus-defying-fate-pc-steam-offline-fr","status":"publish","type":"product","link":"https:\/\/gamesbestprices.com\/fr\/produit\/vindictus-defying-fate-pc-steam-offline-fr\/","title":{"rendered":"Vindictus Defying Fate PC Steam Offline"},"content":{"rendered":"<p><!-- VINDICTUS DEFYING FATE PC STEAM OFFLINE - Clean HTML with CSS Classes --><\/p>\n<div class=\"lies-of-p-container\">\n<p><!-- Main Banner --><\/p>\n<div class=\"lies-of-p-banner\">\n<h1>VINDICTUS DEFYING FATE PC STEAM OFFLINE<\/h1>\n<p>Forgez votre l\u00e9gende dans une nouvelle \u00e8re de combat RPG d&rsquo;action brutal.<\/p>\n<\/div>\n<p><!-- Purchase Alert --><\/p>\n<div class=\"lies-of-p-alerta\">\u2694\ufe0f RPG D&rsquo;ACTION \u00c9PIQUE &#8211; D\u00c9FIEZ VOTRE DESTIN ! \u2694\ufe0f<\/div>\n<p><!-- Offline Mode --><\/p>\n<div class=\"lies-of-p-offline\">\n<h3>\ud83c\udfae PROFITEZ HORS LIGNE AVEC UN MAXIMUM D&rsquo;\u00c9CONOMIES ! \ud83c\udfae<\/h3>\n<p>Profitez du mode <strong>HORS LIGNE<\/strong> en toute libert\u00e9 !<\/p>\n<div class=\"lies-of-p-beneficios\">\n<p>\u2705 Vous utiliserez des <strong>IDENTIFIANTS D&rsquo;ACC\u00c8S (COMPTE UNIQUE)<\/strong> que nous vous fournirons<\/p>\n<p>\u2705 <strong>JOUEZ VIA LE COMPTE FOURNI<\/strong> sans obstacles<\/p>\n<p>\u2705 Acc\u00e8s complet au titre et \u00e0 toutes les mises \u00e0 jour<\/p>\n<\/div>\n<p class=\"lies-of-p-economia\">Vous pourrez jouer en toute fluidit\u00e9 quand vous le souhaitez<\/p>\n<p class=\"lies-of-p-economia-destaque\">\ud83d\udcb0 \u00c9CONOMISANT BEAUCOUP et \ud83c\udfaf VOUS AMUSANT \u00c9NORM\u00c9MENT !<\/p>\n<\/div>\n<p><!-- Promotional Video --><\/p>\n<div class=\"lies-of-p-video\">\n<h2>Regardez la bande-annonce de Vindictus Defying Fate<\/h2>\n<div class=\"lies-of-p-video-container\">\n<div class=\"lies-of-p-video-responsive\"><iframe title=\"Lecteur vid\u00e9o YouTube\" src=\"https:\/\/www.youtube-nocookie.com\/embed\/q8C2Dxdn6OY\" frameborder=\"0\" allowfullscreen=\"allowfullscreen\"><\/iframe><\/div>\n<\/div>\n<\/div>\n<p><!-- System Requirements --><\/p>\n<div class=\"lies-of-p-requisitos\">\n<h2>Configuration requise<\/h2>\n<div class=\"lies-of-p-requisitos-grid\">\n<p><!-- Minimum Requirements --><\/p>\n<div class=\"lies-of-p-requisitos-box\">\n<h3>Minimum<\/h3>\n<ul class=\"lies-of-p-requisitos-lista\">\n<li>\u25b9<strong>OS :<\/strong> \u00c0 annoncer<\/li>\n<li>\u25b9<strong>Processeur :<\/strong> \u00c0 annoncer<\/li>\n<li>\u25b9<strong>M\u00e9moire :<\/strong> \u00c0 annoncer<\/li>\n<li>\u25b9<strong>Carte graphique :<\/strong> \u00c0 annoncer<\/li>\n<li>\u25b9<strong>DirectX :<\/strong> \u00c0 annoncer<\/li>\n<li>\u25b9<strong>Stockage :<\/strong> \u00c0 annoncer<\/li>\n<\/ul>\n<\/div>\n<p><!-- Recommended Requirements --><\/p>\n<div class=\"lies-of-p-requisitos-box\">\n<h3>Recommand\u00e9<\/h3>\n<ul class=\"lies-of-p-requisitos-lista\">\n<li>\u25b9<strong>OS :<\/strong> \u00c0 annoncer<\/li>\n<li>\u25b9<strong>Processeur :<\/strong> \u00c0 annoncer<\/li>\n<li>\u25b9<strong>M\u00e9moire :<\/strong> \u00c0 annoncer<\/li>\n<li>\u25b9<strong>Carte graphique :<\/strong> \u00c0 annoncer<\/li>\n<li>\u25b9<strong>DirectX :<\/strong> \u00c0 annoncer<\/li>\n<li>\u25b9<strong>Stockage :<\/strong> \u00c0 annoncer<\/li>\n<\/ul>\n<\/div>\n<\/div>\n<\/div>\n<p><!-- About the Game --><\/p>\n<div class=\"lies-of-p-sobre\">\n<h2>\u00c0 propos de Vindictus Defying Fate<\/h2>\n<p><strong>Forgez votre l\u00e9gende. D\u00e9fiez votre destin.<\/strong><\/p>\n<p>Acheter <strong>Vindictus Defying Fate PC<\/strong>, c&rsquo;est plonger dans une toute nouvelle exp\u00e9rience de RPG d&rsquo;action solo qui r\u00e9imagine le monde ador\u00e9 et le combat brutal du Vindictus original. Pr\u00e9parez-vous \u00e0 des combats visc\u00e9raux et rapides et \u00e0 des rencontres de boss difficiles dans un cadre de dark fantasy qui mettra vos comp\u00e9tences \u00e0 l&rsquo;\u00e9preuve dans <strong>Vindictus Defying Fate Steam<\/strong>.<\/p>\n<p>D\u00e9couvrez une nouvelle approche de la s\u00e9rie, ax\u00e9e sur une progression profonde des personnages et un syst\u00e8me de combat qui exige pr\u00e9cision et strat\u00e9gie. Explorez un monde renaissant, rempli d&rsquo;ennemis redoutables et de myst\u00e8res anciens, alors que vous forgez votre propre destin dans <strong>Vindictus Defying Fate pour PC<\/strong>.<\/p>\n<p><strong>\u00ab Une nouvelle \u00e8re de combat RPG d&rsquo;action commence. \u00bb<\/strong><\/p>\n<\/div>\n<p><!-- Features in Cards --><\/p>\n<div class=\"lies-of-p-destaques\">\n<h2>Fonctionnalit\u00e9s du jeu<\/h2>\n<div class=\"lies-of-p-cards-grid\">\n<p><!-- Card 1: Intense Action Combat --><\/p>\n<div class=\"lies-of-p-card\">\n<p><img decoding=\"async\" title=\"Vindictus Defying Fate pour PC - Combat d'Action\" src=\"https:\/\/shared.fastly.steamstatic.com\/store_item_assets\/steam\/apps\/3764200\/extras\/Steam_GIF_01_RE.gif?t=1750810100\" alt=\"Vindictus Defying Fate PC Steam Offline - Combat d'Action Intense\" \/><\/p>\n<div class=\"lies-of-p-card-content\">\n<h3>COMBAT D&rsquo;ACTION INTENSE<\/h3>\n<p>Ma\u00eetrisez un arsenal diversifi\u00e9 d&rsquo;armes et de comp\u00e9tences dans un syst\u00e8me de combat qui exige pr\u00e9cision et ex\u00e9cution strat\u00e9gique.<\/p>\n<\/div>\n<\/div>\n<p><!-- Card 2: Epic Boss Battles --><\/p>\n<div class=\"lies-of-p-card\">\n<p><img decoding=\"async\" title=\"Vindictus Defying Fate Steam - Boss Exigeants\" src=\"https:\/\/shared.fastly.steamstatic.com\/store_item_assets\/steam\/apps\/3764200\/extras\/Steam_GIF_02.gif?t=1750810100\" alt=\"Acheter Vindictus Defying Fate PC - Combats de Boss \u00c9piques\" \/><\/p>\n<div class=\"lies-of-p-card-content\">\n<h3>COMBATS DE BOSS \u00c9PIQUES<\/h3>\n<p>Affrontez des boss colossaux et exigeants, chacun n\u00e9cessitant des tactiques uniques et une ex\u00e9cution impeccable pour \u00eatre vaincu.<\/p>\n<\/div>\n<\/div>\n<p><!-- Card 3: Deep Customization --><\/p>\n<div class=\"lies-of-p-card\">\n<p><img decoding=\"async\" title=\"Vindictus Defying Fate - Personnalisation des Personnages\" src=\"https:\/\/shared.fastly.steamstatic.com\/store_item_assets\/steam\/apps\/3764200\/extras\/Steam_GIF_04.gif?t=1750810100\" alt=\"Vindictus Defying Fate pour PC - Personnalisation Approfondie\" \/><\/p>\n<div class=\"lies-of-p-card-content\">\n<h3>PERSONNALISATION APPROFONDIE DES PERSONNAGES<\/h3>\n<p>Personnalisez votre h\u00e9ros avec un large \u00e9ventail d&rsquo;\u00e9quipements, de comp\u00e9tences et d&rsquo;apparences pour s&rsquo;adapter parfaitement \u00e0 votre style de jeu unique.<\/p>\n<\/div>\n<\/div>\n<\/div>\n<\/div>\n<\/div>\n","protected":false},"excerpt":{"rendered":"<table class=\"info-table\">\n<thead>\n<tr class=\"header-row\">\n<th>Status<\/th>\n<th>INFORMATION<\/th>\n<\/tr>\n<\/thead>\n<tbody>\n<tr>\n<td class=\"status-cell\">\n<div class=\"status-title\">\ud83d\ude80 IMMEDIATE DELIVERY<\/div>\n<div class=\"status-subtitle\">Get instant access<\/div>\n<\/td>\n<td class=\"info-cell\">\n<div class=\"info-box\">\n<div class=\"info-title\">ATTENTION<\/div>\n<div class=\"info-content\">READ THE DESCRIPTION<\/div>\n<\/div>\n<\/td>\n<\/tr>\n<tr>\n<td class=\"status-cell\">\n<div class=\"status-title\">\ud83d\udcb0 Is this site trustworthy?<\/div>\n<div class=\"status-subtitle\">+ 4 years selling games<\/div>\n<\/td>\n<td class=\"info-cell\">\n<div class=\"info-box\">\n<div class=\"info-title\">Acess:<\/div>\n<div class=\"info-content\">\n<div data-src=\"https:\/\/cdn.trustindex.io\/loader.js?7fd81be38eb695098c8683dcf1c\"><\/div>\n<\/div>\n<\/div>\n<\/td>\n<\/tr>\n<\/tbody>\n<\/table>\n","protected":false},"featured_media":7107218,"comment_status":"open","ping_status":"closed","template":"","meta":[],"product_brand":[],"product_cat":[742,634,887,768],"product_tag":[695],"class_list":{"0":"post-7107224","1":"product","2":"type-product","3":"status-publish","4":"has-post-thumbnail","6":"product_cat-action","7":"product_cat-jeux","8":"product_cat-pre-vente","9":"product_cat-rpg","10":"product_tag-fantaisie","12":"first","13":"instock","14":"downloadable","15":"virtual","16":"purchasable","17":"product-type-simple"},"exclude_global_add_ons":[],"addons":[],"_links":{"self":[{"href":"https:\/\/gamesbestprices.com\/fr\/wp-json\/wp\/v2\/product\/7107224","targetHints":{"allow":["GET"]}}],"collection":[{"href":"https:\/\/gamesbestprices.com\/fr\/wp-json\/wp\/v2\/product"}],"about":[{"href":"https:\/\/gamesbestprices.com\/fr\/wp-json\/wp\/v2\/types\/product"}],"replies":[{"embeddable":true,"href":"https:\/\/gamesbestprices.com\/fr\/wp-json\/wp\/v2\/comments?post=7107224"}],"wp:featuredmedia":[{"embeddable":true,"href":"https:\/\/gamesbestprices.com\/fr\/wp-json\/wp\/v2\/media\/7107218"}],"wp:attachment":[{"href":"https:\/\/gamesbestprices.com\/fr\/wp-json\/wp\/v2\/media?parent=7107224"}],"wp:term":[{"taxonomy":"product_brand","embeddable":true,"href":"https:\/\/gamesbestprices.com\/fr\/wp-json\/wp\/v2\/product_brand?post=7107224"},{"taxonomy":"product_cat","embeddable":true,"href":"https:\/\/gamesbestprices.com\/fr\/wp-json\/wp\/v2\/product_cat?post=7107224"},{"taxonomy":"product_tag","embeddable":true,"href":"https:\/\/gamesbestprices.com\/fr\/wp-json\/wp\/v2\/product_tag?post=7107224"}],"curies":[{"name":"wp","href":"https:\/\/api.w.org\/{rel}","templated":true}]}}