{"id":7107204,"date":"2026-04-09T10:16:56","date_gmt":"2026-04-09T10:16:56","guid":{"rendered":""},"modified":"2026-04-09T10:18:12","modified_gmt":"2026-04-09T10:18:12","slug":"subnautica-2-pc-steam-offline-fr","status":"publish","type":"product","link":"https:\/\/gamesbestprices.com\/fr\/produit\/subnautica-2-pc-steam-offline-fr\/","title":{"rendered":"Subnautica 2 PC Steam Offline"},"content":{"rendered":"<p><!-- SUBNAUTICA 2 PC STEAM OFFLINE - Clean HTML with CSS Classes --><\/p>\n<div class=\"lies-of-p-container\">\n<p><!-- Main Banner --><\/p>\n<div class=\"lies-of-p-banner\">\n<h1>SUBNAUTICA 2 PC STEAM HORS LIGNE<\/h1>\n<p>Plongez plus profond\u00e9ment dans un oc\u00e9an extraterrestre. Le prochain chapitre de la survie sous-marine commence.<\/p>\n<\/div>\n<p><!-- Purchase Alert --><\/p>\n<div class=\"lies-of-p-alerta\">\u26a0\ufe0f EXPLOREZ DE NOUVELLES PROFONDEURS &#8211; L&rsquo;AVENTURE SOUS-MARINE ULTIME ! \u26a0\ufe0f<\/div>\n<p><!-- Offline Mode --><\/p>\n<div class=\"lies-of-p-offline\">\n<h3>\ud83c\udfae PROFITEZ HORS LIGNE AVEC UN MAXIMUM D&rsquo;\u00c9CONOMIES ! \ud83c\udfae<\/h3>\n<p>Profitez du mode <strong>HORS LIGNE<\/strong> en toute libert\u00e9 !<\/p>\n<div class=\"lies-of-p-beneficios\">\n<p>\u2705 Vous utiliserez les <strong>IDENTIFIANTS D&rsquo;ACC\u00c8S (COMPTE UNIQUE)<\/strong> que nous vous fournirons<\/p>\n<p>\u2705 <strong>JOUEZ VIA LE COMPTE FOURNI<\/strong> sans obstacles<\/p>\n<p>\u2705 Acc\u00e8s complet au titre et \u00e0 tous les patchs<\/p>\n<\/div>\n<p class=\"lies-of-p-economia\">Vous pourrez jouer en toute fluidit\u00e9 quand vous le souhaitez<\/p>\n<p class=\"lies-of-p-economia-destaque\">\ud83d\udcb0 \u00c9CONOMISANT BEAUCOUP et \ud83c\udfaf VOUS AMUSANT \u00c9NORM\u00c9MENT !<\/p>\n<\/div>\n<p><!-- Promotional Video --><\/p>\n<div class=\"lies-of-p-video\">\n<h2>Regardez la bande-annonce de Subnautica 2<\/h2>\n<div class=\"lies-of-p-video-container\">\n<div class=\"lies-of-p-video-responsive\"><iframe title=\"YouTube video player\" src=\"https:\/\/www.youtube-nocookie.com\/embed\/MDO_VxUSOGI\" frameborder=\"0\" allowfullscreen=\"allowfullscreen\"><\/iframe><\/div>\n<\/div>\n<\/div>\n<p><!-- System Requirements --><\/p>\n<div class=\"lies-of-p-requisitos\">\n<h2>Sp\u00e9cifications Syst\u00e8me<\/h2>\n<div class=\"lies-of-p-requisitos-grid\">\n<p><!-- Minimum Requirements --><\/p>\n<div class=\"lies-of-p-requisitos-box\">\n<h3>Minimum<\/h3>\n<ul class=\"lies-of-p-requisitos-lista\">\n<li>\u25b9<strong>OS:<\/strong> \u00c0 annoncer<\/li>\n<li>\u25b9<strong>Processeur:<\/strong> \u00c0 annoncer<\/li>\n<li>\u25b9<strong>M\u00e9moire:<\/strong> \u00c0 annoncer<\/li>\n<li>\u25b9<strong>Carte Graphique:<\/strong> \u00c0 annoncer<\/li>\n<li>\u25b9<strong>DirectX:<\/strong> \u00c0 annoncer<\/li>\n<li>\u25b9<strong>Stockage:<\/strong> \u00c0 annoncer<\/li>\n<\/ul>\n<\/div>\n<p><!-- Recommended Requirements --><\/p>\n<div class=\"lies-of-p-requisitos-box\">\n<h3>Recommand\u00e9<\/h3>\n<ul class=\"lies-of-p-requisitos-lista\">\n<li>\u25b9<strong>OS:<\/strong> \u00c0 annoncer<\/li>\n<li>\u25b9<strong>Processeur:<\/strong> \u00c0 annoncer<\/li>\n<li>\u25b9<strong>M\u00e9moire:<\/strong> \u00c0 annoncer<\/li>\n<li>\u25b9<strong>Carte Graphique:<\/strong> \u00c0 annoncer<\/li>\n<li>\u25b9<strong>DirectX:<\/strong> \u00c0 annoncer<\/li>\n<li>\u25b9<strong>Stockage:<\/strong> \u00c0 annoncer<\/li>\n<\/ul>\n<\/div>\n<\/div>\n<\/div>\n<p><!-- About the Game --><\/p>\n<div class=\"lies-of-p-sobre\">\n<h2>\u00c0 propos de Subnautica 2<\/h2>\n<p><strong>L&rsquo;oc\u00e9an appelle. Que d\u00e9couvrirez-vous ?<\/strong><\/p>\n<p>Acheter <strong>Subnautica 2 PC<\/strong> signifie s&#8217;embarquer pour un nouveau voyage dans les profondeurs inconnues d&rsquo;un oc\u00e9an extraterrestre. Pr\u00e9parez-vous \u00e0 affronter des merveilles \u00e0 couper le souffle et des dangers terrifiants dans <strong>Subnautica 2 Steam<\/strong>.<\/p>\n<p>S&rsquo;appuyant sur des bases acclam\u00e9es, <strong>Subnautica 2 pour PC<\/strong> promet un monde encore plus vaste, une construction de base am\u00e9lior\u00e9e et une histoire plus profonde. Explorez des biomes vibrants, rencontrez de nouvelles esp\u00e8ces et d\u00e9couvrez les secrets d&rsquo;une vaste plan\u00e8te aquatique inexplor\u00e9e.<\/p>\n<p><strong>\u00ab\u00a0Le prochain chapitre de la survie sous-marine commence.\u00a0\u00bb<\/strong><\/p>\n<\/div>\n<p><!-- Features in Cards --><\/p>\n<div class=\"lies-of-p-destaques\">\n<h2>Fonctionnalit\u00e9s du jeu<\/h2>\n<div class=\"lies-of-p-cards-grid\">\n<p><!-- Card 1: Expansive Alien Ocean --><\/p>\n<div class=\"lies-of-p-card\">\n<p><img decoding=\"async\" title=\"Subnautica 2 PC - Oc\u00e9an Extraterrestre Vaste\" src=\"https:\/\/shared.fastly.steamstatic.com\/store_item_assets\/steam\/apps\/3764200\/extras\/Steam_GIF_01_RE.gif?t=1750810100\" alt=\"Subnautica 2 PC Steam Hors Ligne - Oc\u00e9an Extraterrestre Vaste\" \/><\/p>\n<div class=\"lies-of-p-card-content\">\n<h3>OC\u00c9AN EXTRATERRESTRE VASTE<\/h3>\n<p>Plongez dans un vaste oc\u00e9an extraterrestre g\u00e9n\u00e9r\u00e9 de mani\u00e8re proc\u00e9durale, grouillant de vie, des r\u00e9cifs coralliens sereins aux terrifiantes fosses abyssales.<\/p>\n<\/div>\n<\/div>\n<p><!-- Card 2: Enhanced Survival & Crafting --><\/p>\n<div class=\"lies-of-p-card\">\n<p><img decoding=\"async\" title=\"Subnautica 2 Steam - Survie &#038; Fabrication Am\u00e9lior\u00e9es\" src=\"https:\/\/shared.fastly.steamstatic.com\/store_item_assets\/steam\/apps\/3764200\/extras\/Steam_GIF_02.gif?t=1750810100\" alt=\"Acheter Subnautica 2 PC - Survie &#038; Fabrication Am\u00e9lior\u00e9es\" \/><\/p>\n<div class=\"lies-of-p-card-content\">\n<h3>SURVIE &#038; FABRICATION AM\u00c9LIOR\u00c9ES<\/h3>\n<p>Rassemblez des ressources, fabriquez des outils essentiels, construisez des bases sous-marines modulaires et g\u00e9rez votre oxyg\u00e8ne, votre faim et votre soif pour survivre.<\/p>\n<\/div>\n<\/div>\n<p><!-- Card 3: Unravel the Mystery --><\/p>\n<div class=\"lies-of-p-card\">\n<p><img decoding=\"async\" title=\"Subnautica 2 - D\u00e9voilez le Myst\u00e8re\" src=\"https:\/\/shared.fastly.steamstatic.com\/store_item_assets\/steam\/apps\/3764200\/extras\/Steam_GIF_04.gif?t=1750810100\" alt=\"Subnautica 2 pour PC - D\u00e9voilez le Myst\u00e8re\" \/><\/p>\n<div class=\"lies-of-p-card-content\">\n<h3>D\u00c9VOILEZ LE MYST\u00c8RE<\/h3>\n<p>D\u00e9couvrez un r\u00e9cit captivant, reconstituez des indices sur une ancienne civilisation extraterrestre et comprenez votre but sur ce monde aquatique.<\/p>\n<\/div>\n<\/div>\n<\/div>\n<\/div>\n<\/div>\n","protected":false},"excerpt":{"rendered":"<table class=\"info-table\">\n<thead>\n<tr class=\"header-row\">\n<th>Status<\/th>\n<th>INFORMATION<\/th>\n<\/tr>\n<\/thead>\n<tbody>\n<tr>\n<td class=\"status-cell\">\n<div class=\"status-title\">\ud83d\ude80 IMMEDIATE DELIVERY<\/div>\n<div class=\"status-subtitle\">Get instant access<\/div>\n<\/td>\n<td class=\"info-cell\">\n<div class=\"info-box\">\n<div class=\"info-title\">ATTENTION<\/div>\n<div class=\"info-content\">READ THE DESCRIPTION<\/div>\n<\/div>\n<\/td>\n<\/tr>\n<tr>\n<td class=\"status-cell\">\n<div class=\"status-title\">\ud83d\udcb0 Is this site trustworthy?<\/div>\n<div class=\"status-subtitle\">+ 4 years selling games<\/div>\n<\/td>\n<td class=\"info-cell\">\n<div class=\"info-box\">\n<div class=\"info-title\">Acess:<\/div>\n<div class=\"info-content\">\n<div data-src=\"https:\/\/cdn.trustindex.io\/loader.js?7fd81be38eb695098c8683dcf1c\"><\/div>\n<\/div>\n<\/div>\n<\/td>\n<\/tr>\n<\/tbody>\n<\/table>\n","protected":false},"featured_media":7107198,"comment_status":"open","ping_status":"closed","template":"","meta":[],"product_brand":[],"product_cat":[743,634,887],"product_tag":[683,641],"class_list":{"0":"post-7107204","1":"product","2":"type-product","3":"status-publish","4":"has-post-thumbnail","6":"product_cat-aventure","7":"product_cat-jeux","8":"product_cat-pre-vente","9":"product_tag-monde-ouvert","10":"product_tag-survie","12":"first","13":"instock","14":"downloadable","15":"virtual","16":"purchasable","17":"product-type-simple"},"exclude_global_add_ons":[],"addons":[],"_links":{"self":[{"href":"https:\/\/gamesbestprices.com\/fr\/wp-json\/wp\/v2\/product\/7107204","targetHints":{"allow":["GET"]}}],"collection":[{"href":"https:\/\/gamesbestprices.com\/fr\/wp-json\/wp\/v2\/product"}],"about":[{"href":"https:\/\/gamesbestprices.com\/fr\/wp-json\/wp\/v2\/types\/product"}],"replies":[{"embeddable":true,"href":"https:\/\/gamesbestprices.com\/fr\/wp-json\/wp\/v2\/comments?post=7107204"}],"wp:featuredmedia":[{"embeddable":true,"href":"https:\/\/gamesbestprices.com\/fr\/wp-json\/wp\/v2\/media\/7107198"}],"wp:attachment":[{"href":"https:\/\/gamesbestprices.com\/fr\/wp-json\/wp\/v2\/media?parent=7107204"}],"wp:term":[{"taxonomy":"product_brand","embeddable":true,"href":"https:\/\/gamesbestprices.com\/fr\/wp-json\/wp\/v2\/product_brand?post=7107204"},{"taxonomy":"product_cat","embeddable":true,"href":"https:\/\/gamesbestprices.com\/fr\/wp-json\/wp\/v2\/product_cat?post=7107204"},{"taxonomy":"product_tag","embeddable":true,"href":"https:\/\/gamesbestprices.com\/fr\/wp-json\/wp\/v2\/product_tag?post=7107204"}],"curies":[{"name":"wp","href":"https:\/\/api.w.org\/{rel}","templated":true}]}}