{"id":7107194,"date":"2026-04-09T10:15:24","date_gmt":"2026-04-09T10:15:24","guid":{"rendered":""},"modified":"2026-04-09T10:16:38","modified_gmt":"2026-04-09T10:16:38","slug":"resonance-a-plague-tale-legacy-pc-steam-offline-fr","status":"publish","type":"product","link":"https:\/\/gamesbestprices.com\/fr\/produit\/resonance-a-plague-tale-legacy-pc-steam-offline-fr\/","title":{"rendered":"Resonance A Plague Tale Legacy PC Steam Offline"},"content":{"rendered":"<div class=\"lies-of-p-container\">\n<p><!-- Main Banner --><\/p>\n<div class=\"lies-of-p-banner\">\n<h1>RESONANCE A PLAGUE TALE LEGACY PC STEAM OFFLINE<\/h1>\n<p>Un nouveau chapitre dans un r\u00e9cit d\u00e9chirant de survie, d&rsquo;h\u00e9ritage et d&rsquo;espoir.<\/p>\n<\/div>\n<p><!-- Purchase Alert --><\/p>\n<div class=\"lies-of-p-alerta\">\u26a0\ufe0f EMBRASSEZ L&rsquo;H\u00c9RITAGE &#8211; UNE NOUVELLE AVENTURE CAPTIVANTE ! \u26a0\ufe0f<\/div>\n<p><!-- Offline Mode --><\/p>\n<div class=\"lies-of-p-offline\">\n<h3>\ud83c\udfae PROFITEZ HORS LIGNE AVEC UN MAXIMUM D&rsquo;\u00c9CONOMIES ! \ud83c\udfae<\/h3>\n<p>Profitez du mode <strong>HORS LIGNE<\/strong> en toute libert\u00e9 !<\/p>\n<div class=\"lies-of-p-beneficios\">\n<p>\u2705 Vous utiliserez les <strong>IDENTIFIANTS D&rsquo;ACC\u00c8S (COMPTE UNIQUE)<\/strong> que nous vous fournirons<\/p>\n<p>\u2705 <strong>JOUEZ VIA LE COMPTE FOURNI<\/strong> sans obstacles<\/p>\n<p>\u2705 Acc\u00e8s complet au titre et \u00e0 toutes les mises \u00e0 jour<\/p>\n<\/div>\n<p class=\"lies-of-p-economia\">Vous pourrez jouer en toute fluidit\u00e9 quand vous le souhaitez<\/p>\n<p class=\"lies-of-p-economia-destaque\">\ud83d\udcb0 \u00c9CONOMISEZ BEAUCOUP et \ud83c\udfaf AMUSEZ-VOUS \u00c9NORM\u00c9MENT !<\/p>\n<\/div>\n<p><!-- Promotional Video --><\/p>\n<div class=\"lies-of-p-video\">\n<h2>Regardez la bande-annonce de Resonance A Plague Tale Legacy<\/h2>\n<div class=\"lies-of-p-video-container\">\n<div class=\"lies-of-p-video-responsive\"><iframe title=\"Lecteur vid\u00e9o YouTube\" src=\"https:\/\/www.youtube-nocookie.com\/embed\/6lCzpRkoFjw\" frameborder=\"0\" allowfullscreen=\"allowfullscreen\"><\/iframe><\/div>\n<\/div>\n<\/div>\n<p><!-- System Requirements --><\/p>\n<div class=\"lies-of-p-requisitos\">\n<h2>Sp\u00e9cifications syst\u00e8me<\/h2>\n<div class=\"lies-of-p-requisitos-grid\">\n<p><!-- Minimum Requirements --><\/p>\n<div class=\"lies-of-p-requisitos-box\">\n<h3>Minimum<\/h3>\n<ul class=\"lies-of-p-requisitos-lista\">\n<li>\u25b9<strong>OS :<\/strong> \u00c0 annoncer<\/li>\n<li>\u25b9<strong>Processeur :<\/strong> \u00c0 annoncer<\/li>\n<li>\u25b9<strong>M\u00e9moire :<\/strong> \u00c0 annoncer<\/li>\n<li>\u25b9<strong>Carte graphique :<\/strong> \u00c0 annoncer<\/li>\n<li>\u25b9<strong>DirectX :<\/strong> \u00c0 annoncer<\/li>\n<li>\u25b9<strong>Stockage :<\/strong> \u00c0 annoncer<\/li>\n<\/ul>\n<\/div>\n<p><!-- Recommended Requirements --><\/p>\n<div class=\"lies-of-p-requisitos-box\">\n<h3>Recommand\u00e9<\/h3>\n<ul class=\"lies-of-p-requisitos-lista\">\n<li>\u25b9<strong>OS :<\/strong> \u00c0 annoncer<\/li>\n<li>\u25b9<strong>Processeur :<\/strong> \u00c0 annoncer<\/li>\n<li>\u25b9<strong>M\u00e9moire :<\/strong> \u00c0 annoncer<\/li>\n<li>\u25b9<strong>Carte graphique :<\/strong> \u00c0 annoncer<\/li>\n<li>\u25b9<strong>DirectX :<\/strong> \u00c0 annoncer<\/li>\n<li>\u25b9<strong>Stockage :<\/strong> \u00c0 annoncer<\/li>\n<\/ul>\n<\/div>\n<\/div>\n<\/div>\n<p><!-- About the Game --><\/p>\n<div class=\"lies-of-p-sobre\">\n<h2>\u00c0 propos de Resonance A Plague Tale Legacy<\/h2>\n<p><strong>La peste perdure. L&rsquo;h\u00e9ritage commence.<\/strong><\/p>\n<p>L&rsquo;achat de <strong>Resonance A Plague Tale Legacy PC<\/strong> vous plonge dans un nouveau chapitre riche en \u00e9motions de la s\u00e9rie acclam\u00e9e. Suivez de nouveaux protagonistes ou retrouvez des visages familiers alors qu&rsquo;ils naviguent dans un monde m\u00e9di\u00e9val brutal et ravag\u00e9 par la peste, luttant pour leur survie contre des obstacles \u00e9crasants.<\/p>\n<p><strong>Resonance A Plague Tale Legacy Steam<\/strong> offre un r\u00e9cit \u00e9poustouflant, m\u00ealant infiltration, combats d\u00e9sesp\u00e9r\u00e9s et \u00e9nigmes environnementales. D\u00e9couvrez la beaut\u00e9 brute et l&rsquo;horreur d&rsquo;un monde au bord du gouffre, o\u00f9 le lien entre les personnages est votre plus grande force contre les menaces humaines et celles des rats.<\/p>\n<p>Pr\u00e9parez-vous pour un voyage qui mettra votre courage \u00e0 l&rsquo;\u00e9preuve et red\u00e9finira ce que signifie porter un h\u00e9ritage dans <strong>Resonance A Plague Tale Legacy pour PC<\/strong>.<\/p>\n<\/div>\n<p><!-- Features in Cards --><\/p>\n<div class=\"lies-of-p-destaques\">\n<h2>Caract\u00e9ristiques du jeu<\/h2>\n<div class=\"lies-of-p-cards-grid\">\n<p><!-- Card 1: Emotional Narrative --><\/p>\n<div class=\"lies-of-p-card\">\n<p><img decoding=\"async\" title=\"Resonance A Plague Tale Legacy PC - Histoire \u00c9motionnelle\" src=\"https:\/\/shared.cloudflare.steamstatic.com\/store_item_assets\/steam\/apps\/1449670\/ss_49e8a71994b29215d2a912643a6d713361287955.1920x1080.jpg?t=1708611848\" alt=\"Resonance A Plague Tale Legacy PC Steam Offline - R\u00e9cit \u00c9motionnel Profond\" \/><\/p>\n<div class=\"lies-of-p-card-content\">\n<h3>R\u00c9CIT \u00c9MOTIONNEL PROFOND<\/h3>\n<p>Embarquez pour un voyage poignant \u00e0 travers un monde magnifiquement sombre, port\u00e9 par une histoire puissante de famille, de sacrifice et de r\u00e9silience.<\/p>\n<\/div>\n<\/div>\n<p><!-- Card 2: Stealth & Survival --><\/p>\n<div class=\"lies-of-p-card\">\n<p><img decoding=\"async\" title=\"Resonance A Plague Tale Legacy Steam - Gameplay d'Infiltration\" src=\"https:\/\/shared.cloudflare.steamstatic.com\/store_item_assets\/steam\/apps\/1449670\/ss_91152a5531b2505586618d36006f0e6c5517173e.1920x1080.jpg?t=1708611848\" alt=\"Acheter Resonance A Plague Tale Legacy PC - Infiltration et Survie\" \/><\/p>\n<div class=\"lies-of-p-card-content\">\n<h3>MA\u00ceTRISEZ L&rsquo;INFILTRATION ET LA SURVIE<\/h3>\n<p>Utilisez la ruse, la manipulation environnementale et des ressources limit\u00e9es pour d\u00e9jouer les ennemis et naviguer \u00e0 travers des hordes de rats mortels.<\/p>\n<\/div>\n<\/div>\n<p><!-- Card 3: A World Ravaged by Plague --><\/p>\n<div class=\"lies-of-p-card\">\n<p><img decoding=\"async\" title=\"Resonance A Plague Tale Legacy - Monde Ravag\u00e9 par la Peste\" src=\"https:\/\/shared.cloudflare.steamstatic.com\/store_item_assets\/steam\/apps\/1449670\/ss_868512592518e3295964894676644f2e519c286e.1920x1080.jpg?t=1708611848\" alt=\"Resonance A Plague Tale Legacy pour PC - Cadre M\u00e9di\u00e9val Sombre\" \/><\/p>\n<div class=\"lies-of-p-card-content\">\n<h3>CADRE M\u00c9DI\u00c9VAL SOMBRE<\/h3>\n<p>Explorez des paysages \u00e9poustouflants mais terrifiants, des villages ravag\u00e9s aux grandes cath\u00e9drales, le tout sous l&rsquo;ombre de la Peste Noire.<\/p>\n<\/div>\n<\/div>\n<\/div>\n<\/div>\n<\/div>\n","protected":false},"excerpt":{"rendered":"<table class=\"info-table\">\n<thead>\n<tr class=\"header-row\">\n<th>Status<\/th>\n<th>INFORMATION<\/th>\n<\/tr>\n<\/thead>\n<tbody>\n<tr>\n<td class=\"status-cell\">\n<div class=\"status-title\">\ud83d\ude80 IMMEDIATE DELIVERY<\/div>\n<div class=\"status-subtitle\">Get instant access<\/div>\n<\/td>\n<td class=\"info-cell\">\n<div class=\"info-box\">\n<div class=\"info-title\">ATTENTION<\/div>\n<div class=\"info-content\">READ THE DESCRIPTION<\/div>\n<\/div>\n<\/td>\n<\/tr>\n<tr>\n<td class=\"status-cell\">\n<div class=\"status-title\">\ud83d\udcb0 Is this site trustworthy?<\/div>\n<div class=\"status-subtitle\">+ 4 years selling games<\/div>\n<\/td>\n<td class=\"info-cell\">\n<div class=\"info-box\">\n<div class=\"info-title\">Acess:<\/div>\n<div class=\"info-content\">\n<div data-src=\"https:\/\/cdn.trustindex.io\/loader.js?7fd81be38eb695098c8683dcf1c\"><\/div>\n<\/div>\n<\/div>\n<\/td>\n<\/tr>\n<\/tbody>\n<\/table>\n","protected":false},"featured_media":7107188,"comment_status":"open","ping_status":"closed","template":"","meta":[],"product_brand":[],"product_cat":[742,743,634,887],"product_tag":[],"class_list":{"0":"post-7107194","1":"product","2":"type-product","3":"status-publish","4":"has-post-thumbnail","6":"product_cat-action","7":"product_cat-aventure","8":"product_cat-jeux","9":"product_cat-pre-vente","11":"first","12":"instock","13":"downloadable","14":"virtual","15":"purchasable","16":"product-type-simple"},"exclude_global_add_ons":[],"addons":[],"_links":{"self":[{"href":"https:\/\/gamesbestprices.com\/fr\/wp-json\/wp\/v2\/product\/7107194","targetHints":{"allow":["GET"]}}],"collection":[{"href":"https:\/\/gamesbestprices.com\/fr\/wp-json\/wp\/v2\/product"}],"about":[{"href":"https:\/\/gamesbestprices.com\/fr\/wp-json\/wp\/v2\/types\/product"}],"replies":[{"embeddable":true,"href":"https:\/\/gamesbestprices.com\/fr\/wp-json\/wp\/v2\/comments?post=7107194"}],"wp:featuredmedia":[{"embeddable":true,"href":"https:\/\/gamesbestprices.com\/fr\/wp-json\/wp\/v2\/media\/7107188"}],"wp:attachment":[{"href":"https:\/\/gamesbestprices.com\/fr\/wp-json\/wp\/v2\/media?parent=7107194"}],"wp:term":[{"taxonomy":"product_brand","embeddable":true,"href":"https:\/\/gamesbestprices.com\/fr\/wp-json\/wp\/v2\/product_brand?post=7107194"},{"taxonomy":"product_cat","embeddable":true,"href":"https:\/\/gamesbestprices.com\/fr\/wp-json\/wp\/v2\/product_cat?post=7107194"},{"taxonomy":"product_tag","embeddable":true,"href":"https:\/\/gamesbestprices.com\/fr\/wp-json\/wp\/v2\/product_tag?post=7107194"}],"curies":[{"name":"wp","href":"https:\/\/api.w.org\/{rel}","templated":true}]}}