{"id":7107184,"date":"2026-04-09T10:13:48","date_gmt":"2026-04-09T10:13:48","guid":{"rendered":""},"modified":"2026-04-09T10:15:03","modified_gmt":"2026-04-09T10:15:03","slug":"onimusha-way-of-the-sword-pc-steam-offline-fr","status":"publish","type":"product","link":"https:\/\/gamesbestprices.com\/fr\/produit\/onimusha-way-of-the-sword-pc-steam-offline-fr\/","title":{"rendered":"Onimusha Way of the Sword PC Steam Offline"},"content":{"rendered":"<p><!-- ONIMUSHA WAY OF THE SWORD PC Steam Offline - Clean HTML with CSS Classes --><\/p>\n<div class=\"lies-of-p-container\">\n<p><!-- Main Banner --><\/p>\n<div class=\"lies-of-p-banner\">\n<h1>ONIMUSHA WAY OF THE SWORD PC STEAM HORS LIGNE<\/h1>\n<p>Lib\u00e9rez la puissance de l&rsquo;Oni et frayez-vous un chemin \u00e0 travers un Japon infest\u00e9 de d\u00e9mons.<\/p>\n<\/div>\n<p><!-- Purchase Alert --><\/p>\n<div class=\"lies-of-p-alerta\">\u2694\ufe0f MA\u00ceTRISEZ L&rsquo;\u00c9P\u00c9E &#8211; CONQU\u00c9REZ LES D\u00c9MONS ! \u2694\ufe0f<\/div>\n<p><!-- Offline Mode --><\/p>\n<div class=\"lies-of-p-offline\">\n<h3>\ud83c\udfae PROFITEZ HORS LIGNE AVEC UN MAXIMUM D&rsquo;\u00c9CONOMIES ! \ud83c\udfae<\/h3>\n<p>Profitez du mode <strong>HORS LIGNE<\/strong> en toute libert\u00e9 !<\/p>\n<div class=\"lies-of-p-beneficios\">\n<p>\u2705 Vous utiliserez les <strong>IDENTIFIANTS D&rsquo;ACC\u00c8S (COMPTE UNIQUE)<\/strong> que nous vous fournirons<\/p>\n<p>\u2705 <strong>JOUEZ VIA LE COMPTE FOURNI<\/strong> sans obstacles<\/p>\n<p>\u2705 Acc\u00e8s complet au titre et \u00e0 toutes les mises \u00e0 jour<\/p>\n<\/div>\n<p class=\"lies-of-p-economia\">Vous pourrez jouer en toute fluidit\u00e9 quand vous le souhaitez<\/p>\n<p class=\"lies-of-p-economia-destaque\">\ud83d\udcb0 \u00c9CONOMISANT BEAUCOUP et \ud83c\udfaf VOUS AMUSANT \u00c9NORM\u00c9MENT !<\/p>\n<\/div>\n<p><!-- Promotional Video --><\/p>\n<div class=\"lies-of-p-video\">\n<h2>Regardez le trailer de Onimusha Way of the Sword<\/h2>\n<div class=\"lies-of-p-video-container\">\n<div class=\"lies-of-p-video-responsive\"><iframe title=\"YouTube video player\" src=\"https:\/\/www.youtube-nocookie.com\/embed\/foOtNKru5_0\" frameborder=\"0\" allowfullscreen=\"allowfullscreen\"><\/iframe><\/div>\n<\/div>\n<\/div>\n<p><!-- System Requirements --><\/p>\n<div class=\"lies-of-p-requisitos\">\n<h2>Sp\u00e9cifications Syst\u00e8me<\/h2>\n<div class=\"lies-of-p-requisitos-grid\">\n<p><!-- Minimum Requirements --><\/p>\n<div class=\"lies-of-p-requisitos-box\">\n<h3>Minimum<\/h3>\n<ul class=\"lies-of-p-requisitos-lista\">\n<li>\u25b9<strong>OS :<\/strong> \u00c0 annoncer<\/li>\n<li>\u25b9<strong>Processeur :<\/strong> \u00c0 annoncer<\/li>\n<li>\u25b9<strong>M\u00e9moire :<\/strong> \u00c0 annoncer<\/li>\n<li>\u25b9<strong>Carte Graphique :<\/strong> \u00c0 annoncer<\/li>\n<li>\u25b9<strong>DirectX :<\/strong> \u00c0 annoncer<\/li>\n<li>\u25b9<strong>Stockage :<\/strong> \u00c0 annoncer<\/li>\n<\/ul>\n<\/div>\n<p><!-- Recommended Requirements --><\/p>\n<div class=\"lies-of-p-requisitos-box\">\n<h3>Recommand\u00e9<\/h3>\n<ul class=\"lies-of-p-requisitos-lista\">\n<li>\u25b9<strong>OS :<\/strong> \u00c0 annoncer<\/li>\n<li>\u25b9<strong>Processeur :<\/strong> \u00c0 annoncer<\/li>\n<li>\u25b9<strong>M\u00e9moire :<\/strong> \u00c0 annoncer<\/li>\n<li>\u25b9<strong>Carte Graphique :<\/strong> \u00c0 annoncer<\/li>\n<li>\u25b9<strong>DirectX :<\/strong> \u00c0 annoncer<\/li>\n<li>\u25b9<strong>Stockage :<\/strong> \u00c0 annoncer<\/li>\n<\/ul>\n<\/div>\n<\/div>\n<\/div>\n<p><!-- About the Game --><\/p>\n<div class=\"lies-of-p-sobre\">\n<h2>\u00c0 propos de Onimusha Way of the Sword<\/h2>\n<p><strong>L&rsquo;aube d&rsquo;une nouvelle l\u00e9gende samoura\u00ef. La bataille ultime contre les Genma commence.<\/strong><\/p>\n<p>Acheter <strong>Onimusha Way of the Sword PC<\/strong>, c&rsquo;est plonger dans un Japon f\u00e9odal brutal, envahi par les d\u00e9moniaques Genma. Pr\u00e9parez-vous \u00e0 manier des lames l\u00e9gendaires et \u00e0 lib\u00e9rer la puissance de l&rsquo;Oni dans une aventure hack-and-slash palpitante dans <strong>Onimusha Way of the Sword Steam<\/strong>.<\/p>\n<p>D\u00e9couvrez des combats \u00e0 l&rsquo;\u00e9p\u00e9e intenses, des batailles de boss difficiles et un r\u00e9cit riche impr\u00e9gn\u00e9 de mythologie japonaise. Ma\u00eetrisez divers types d&rsquo;armes et la magie \u00e9l\u00e9mentaire pour vaincre les hordes incessantes du mal dans <strong>Onimusha Way of the Sword pour PC<\/strong>. Forgez votre destin en tant que guerrier choisi pour prot\u00e9ger l&rsquo;humanit\u00e9 de l&rsquo;obscurit\u00e9 grandissante.<\/p>\n<p><strong>\u00ab La voie de l&rsquo;\u00e9p\u00e9e est la voie de l&rsquo;Oni. \u00bb<\/strong><\/p>\n<\/div>\n<p><!-- Features in Cards --><\/p>\n<div class=\"lies-of-p-destaques\">\n<h2>Fonctionnalit\u00e9s du Jeu<\/h2>\n<div class=\"lies-of-p-cards-grid\">\n<p><!-- Card 1: Master the Blade --><\/p>\n<div class=\"lies-of-p-card\">\n<p><img decoding=\"async\" title=\"Onimusha Way of the Sword PC - Ma\u00eetrisez la Lame\" src=\"https:\/\/shared.fastly.steamstatic.com\/store_item_assets\/steam\/apps\/3764200\/extras\/Steam_GIF_01_RE.gif?t=1750810100\" alt=\"Onimusha Way of the Sword PC Steam Offline - Ma\u00eetrisez la Lame\" \/><\/p>\n<div class=\"lies-of-p-card-content\">\n<h3>MA\u00ceTRISEZ LA LAME<\/h3>\n<p>Engagez-vous dans des combats \u00e0 l&rsquo;\u00e9p\u00e9e visc\u00e9raux et rapides, ma\u00eetrisant une vari\u00e9t\u00e9 d&rsquo;armes et de styles de combat contre des ennemis d\u00e9moniaques.<\/p>\n<\/div>\n<\/div>\n<p><!-- Card 2: Unleash Oni Power --><\/p>\n<div class=\"lies-of-p-card\">\n<p><img decoding=\"async\" title=\"Onimusha Way of the Sword Steam - Lib\u00e9rez la Puissance de l'Oni\" src=\"https:\/\/shared.fastly.steamstatic.com\/store_item_assets\/steam\/apps\/3764200\/extras\/Steam_GIF_02.gif?t=1750810100\" alt=\"Buy Onimusha Way of the Sword PC - Lib\u00e9rez la Puissance de l'Oni\" \/><\/p>\n<div class=\"lies-of-p-card-content\">\n<h3>LIB\u00c9REZ LA PUISSANCE DE L&rsquo;ONI<\/h3>\n<p>Absorbez les \u00e2mes des ennemis tomb\u00e9s pour am\u00e9liorer vos capacit\u00e9s, am\u00e9liorer vos armes et d\u00e9cha\u00eener des attaques magiques Oni d\u00e9vastatrices.<\/p>\n<\/div>\n<\/div>\n<p><!-- Card 3: Feudal Japan Setting --><\/p>\n<div class=\"lies-of-p-card\">\n<p><img decoding=\"async\" title=\"Onimusha Way of the Sword - Cadre du Japon F\u00e9odal\" src=\"https:\/\/shared.fastly.steamstatic.com\/store_item_assets\/steam\/apps\/3764200\/extras\/Steam_GIF_04.gif?t=1750810100\" alt=\"Onimusha Way of the Sword for PC - Cadre du Japon F\u00e9odal\" \/><\/p>\n<div class=\"lies-of-p-card-content\">\n<h3>CADRE DU JAPON F\u00c9ODAL<\/h3>\n<p>Explorez des environnements magnifiquement rendus du Japon ancien, des ch\u00e2teaux majestueux aux royaumes d\u00e9moniaques \u00e9tranges, tous impr\u00e9gn\u00e9s de mythologie.<\/p>\n<\/div>\n<\/div>\n<\/div>\n<\/div>\n<\/div>\n","protected":false},"excerpt":{"rendered":"<table class=\"info-table\">\n<thead>\n<tr class=\"header-row\">\n<th>Status<\/th>\n<th>INFORMATION<\/th>\n<\/tr>\n<\/thead>\n<tbody>\n<tr>\n<td class=\"status-cell\">\n<div class=\"status-title\">\ud83d\ude80 IMMEDIATE DELIVERY<\/div>\n<div class=\"status-subtitle\">Get instant access<\/div>\n<\/td>\n<td class=\"info-cell\">\n<div class=\"info-box\">\n<div class=\"info-title\">ATTENTION<\/div>\n<div class=\"info-content\">READ THE DESCRIPTION<\/div>\n<\/div>\n<\/td>\n<\/tr>\n<tr>\n<td class=\"status-cell\">\n<div class=\"status-title\">\ud83d\udcb0 Is this site trustworthy?<\/div>\n<div class=\"status-subtitle\">+ 4 years selling games<\/div>\n<\/td>\n<td class=\"info-cell\">\n<div class=\"info-box\">\n<div class=\"info-title\">Acess:<\/div>\n<div class=\"info-content\">\n<div data-src=\"https:\/\/cdn.trustindex.io\/loader.js?7fd81be38eb695098c8683dcf1c\"><\/div>\n<\/div>\n<\/div>\n<\/td>\n<\/tr>\n<\/tbody>\n<\/table>\n","protected":false},"featured_media":7107178,"comment_status":"open","ping_status":"closed","template":"","meta":[],"product_brand":[],"product_cat":[742,634,887],"product_tag":[834],"class_list":{"0":"post-7107184","1":"product","2":"type-product","3":"status-publish","4":"has-post-thumbnail","6":"product_cat-action","7":"product_cat-jeux","8":"product_cat-pre-vente","9":"product_tag-samurai","11":"first","12":"instock","13":"downloadable","14":"virtual","15":"purchasable","16":"product-type-simple"},"exclude_global_add_ons":[],"addons":[],"_links":{"self":[{"href":"https:\/\/gamesbestprices.com\/fr\/wp-json\/wp\/v2\/product\/7107184","targetHints":{"allow":["GET"]}}],"collection":[{"href":"https:\/\/gamesbestprices.com\/fr\/wp-json\/wp\/v2\/product"}],"about":[{"href":"https:\/\/gamesbestprices.com\/fr\/wp-json\/wp\/v2\/types\/product"}],"replies":[{"embeddable":true,"href":"https:\/\/gamesbestprices.com\/fr\/wp-json\/wp\/v2\/comments?post=7107184"}],"wp:featuredmedia":[{"embeddable":true,"href":"https:\/\/gamesbestprices.com\/fr\/wp-json\/wp\/v2\/media\/7107178"}],"wp:attachment":[{"href":"https:\/\/gamesbestprices.com\/fr\/wp-json\/wp\/v2\/media?parent=7107184"}],"wp:term":[{"taxonomy":"product_brand","embeddable":true,"href":"https:\/\/gamesbestprices.com\/fr\/wp-json\/wp\/v2\/product_brand?post=7107184"},{"taxonomy":"product_cat","embeddable":true,"href":"https:\/\/gamesbestprices.com\/fr\/wp-json\/wp\/v2\/product_cat?post=7107184"},{"taxonomy":"product_tag","embeddable":true,"href":"https:\/\/gamesbestprices.com\/fr\/wp-json\/wp\/v2\/product_tag?post=7107184"}],"curies":[{"name":"wp","href":"https:\/\/api.w.org\/{rel}","templated":true}]}}