{"id":7107164,"date":"2026-04-09T10:10:49","date_gmt":"2026-04-09T10:10:49","guid":{"rendered":""},"modified":"2026-04-09T10:12:03","modified_gmt":"2026-04-09T10:12:03","slug":"game-of-thrones-a-war-for-westeros-pc-steam-offline-fr","status":"publish","type":"product","link":"https:\/\/gamesbestprices.com\/fr\/produit\/game-of-thrones-a-war-for-westeros-pc-steam-offline-fr\/","title":{"rendered":"Game of Thrones A War for Westeros PC Steam Offline"},"content":{"rendered":"<p><!-- GAME OF THRONES A WAR FOR WESTEROS - HTML propre avec classes CSS --><\/p>\n<div class=\"lies-of-p-container\">\n<p><!-- Banni\u00e8re principale --><\/p>\n<div class=\"lies-of-p-banner\">\n<h1>GAME OF THRONES A WAR FOR WESTEROS PC STEAM OFFLINE<\/h1>\n<p>La bataille pour le Tr\u00f4ne de Fer recommence.<\/p>\n<\/div>\n<p><!-- Alerte d'achat --><\/p>\n<div class=\"lies-of-p-alerta\">\u2694\ufe0f CONQU\u00c9REZ WESTEROS &#8211; STRAT\u00c9GIE &#038; GUERRE ! \u2694\ufe0f<\/div>\n<p><!-- Mode hors ligne --><\/p>\n<div class=\"lies-of-p-offline\">\n<h3>\ud83c\udfae PROFITEZ HORS LIGNE AVEC UN MAXIMUM D&rsquo;\u00c9CONOMIES ! \ud83c\udfae<\/h3>\n<p>Profitez du mode <strong>HORS LIGNE<\/strong> en toute libert\u00e9 !<\/p>\n<div class=\"lies-of-p-beneficios\">\n<p>\u2705 Vous utiliserez les <strong>IDENTIFIANTS D&rsquo;ACC\u00c8S (COMPTE UNIQUE)<\/strong> que nous vous fournirons<\/p>\n<p>\u2705 <strong>JOUEZ VIA LE COMPTE FOURNI<\/strong> sans obstacles<\/p>\n<p>\u2705 Acc\u00e8s complet au titre et \u00e0 toutes les mises \u00e0 jour<\/p>\n<\/div>\n<p class=\"lies-of-p-economia\">Vous pourrez jouer en toute fluidit\u00e9 quand vous le souhaitez<\/p>\n<p class=\"lies-of-p-economia-destaque\">\ud83d\udcb0 \u00c9CONOMISEZ BEAUCOUP et \ud83c\udfaf AMUSEZ-VOUS \u00c9NORM\u00c9MENT !<\/p>\n<\/div>\n<p><!-- Vid\u00e9o promotionnelle --><\/p>\n<div class=\"lies-of-p-video\">\n<h2>Regardez la bande-annonce de Game of Thrones: A War for Westeros<\/h2>\n<div class=\"lies-of-p-video-container\">\n<div class=\"lies-of-p-video-responsive\"><iframe title=\"Lecteur vid\u00e9o YouTube\" src=\"https:\/\/www.youtube-nocookie.com\/embed\/KPLWWIOCOOQ\" frameborder=\"0\" allowfullscreen=\"allowfullscreen\"><\/iframe><\/div>\n<\/div>\n<\/div>\n<p><!-- Configuration syst\u00e8me requise --><\/p>\n<div class=\"lies-of-p-requisitos\">\n<h2>Sp\u00e9cifications syst\u00e8me<\/h2>\n<div class=\"lies-of-p-requisitos-grid\">\n<p><!-- Configuration minimale requise --><\/p>\n<div class=\"lies-of-p-requisitos-box\">\n<h3>Minimum<\/h3>\n<ul class=\"lies-of-p-requisitos-lista\">\n<li>\u25b9<strong>OS:<\/strong> \u00c0 annoncer<\/li>\n<li>\u25b9<strong>Processeur:<\/strong> \u00c0 annoncer<\/li>\n<li>\u25b9<strong>M\u00e9moire:<\/strong> \u00c0 annoncer<\/li>\n<li>\u25b9<strong>Carte graphique:<\/strong> \u00c0 annoncer<\/li>\n<li>\u25b9<strong>DirectX:<\/strong> \u00c0 annoncer<\/li>\n<li>\u25b9<strong>Stockage:<\/strong> \u00c0 annoncer<\/li>\n<\/ul>\n<\/div>\n<p><!-- Configuration recommand\u00e9e --><\/p>\n<div class=\"lies-of-p-requisitos-box\">\n<h3>Recommand\u00e9<\/h3>\n<ul class=\"lies-of-p-requisitos-lista\">\n<li>\u25b9<strong>OS:<\/strong> \u00c0 annoncer<\/li>\n<li>\u25b9<strong>Processeur:<\/strong> \u00c0 annoncer<\/li>\n<li>\u25b9<strong>M\u00e9moire:<\/strong> \u00c0 annoncer<\/li>\n<li>\u25b9<strong>Carte graphique:<\/strong> \u00c0 annoncer<\/li>\n<li>\u25b9<strong>DirectX:<\/strong> \u00c0 annoncer<\/li>\n<li>\u25b9<strong>Stockage:<\/strong> \u00c0 annoncer<\/li>\n<\/ul>\n<\/div>\n<\/div>\n<\/div>\n<p><!-- \u00c0 propos du jeu --><\/p>\n<div class=\"lies-of-p-sobre\">\n<h2>\u00c0 propos de Game of Thrones: A War for Westeros<\/h2>\n<p><strong>Westeros saigne. Qui revendiquera le Tr\u00f4ne de Fer ?<\/strong><\/p>\n<p>Acheter <strong>Game of Thrones: A War for Westeros PC<\/strong> signifie vous immerger dans la lutte brutale pour le pouvoir \u00e0 travers les Sept Royaumes. Pr\u00e9parez-vous \u00e0 mener la maison de votre choix \u00e0 la victoire ou \u00e0 la ruine dans ce jeu de strat\u00e9gie \u00e9pique.<\/p>\n<p>D\u00e9couvrez le monde embl\u00e9matique de George R.R. Martin comme jamais auparavant, en commandant des arm\u00e9es, en forgeant des alliances et en trahissant des rivaux. Chaque d\u00e9cision fa\u00e7onne le destin de Westeros dans <strong>Game of Thrones: A War for Westeros Steam<\/strong>.<\/p>\n<p>Du Nord glacial au Sud ensoleill\u00e9, la guerre fait rage. Serez-vous un Lannister, un Stark, un Targaryen, ou une autre maison destin\u00e9e \u00e0 la grandeur ? Le Tr\u00f4ne de Fer vous attend dans <strong>Game of Thrones: A War for Westeros pour PC<\/strong>.<\/p>\n<\/div>\n<p><!-- Fonctionnalit\u00e9s en cartes --><\/p>\n<div class=\"lies-of-p-destaques\">\n<h2>Fonctionnalit\u00e9s du jeu<\/h2>\n<div class=\"lies-of-p-cards-grid\">\n<p><!-- Carte 1 : Strat\u00e9gie \u00e9pique --><\/p>\n<div class=\"lies-of-p-card\">\n<p><img decoding=\"async\" title=\"Game of Thrones A War for Westeros PC - Strat\u00e9gie\" src=\"https:\/\/via.placeholder.com\/300x150?text=Epic+Strategy\" alt=\"Game of Thrones A War for Westeros PC Steam Offline - Strat\u00e9gie \u00e9pique\" \/><\/p>\n<div class=\"lies-of-p-card-content\">\n<h3>STRAT\u00c9GIE &#038; TACTIQUES \u00c9PIQUES<\/h3>\n<p>Commandez de vastes arm\u00e9es, g\u00e9rez les ressources et d\u00e9jouez vos ennemis sur la grande carte strat\u00e9gique de Westeros.<\/p>\n<\/div>\n<\/div>\n<p><!-- Carte 2 : Maisons embl\u00e9matiques --><\/p>\n<div class=\"lies-of-p-card\">\n<p><img decoding=\"async\" title=\"Game of Thrones A War for Westeros Steam - Maisons embl\u00e9matiques\" src=\"https:\/\/via.placeholder.com\/300x150?text=Iconic+Houses\" alt=\"Acheter Game of Thrones A War for Westeros PC - Maisons embl\u00e9matiques\" \/><\/p>\n<div class=\"lies-of-p-card-content\">\n<h3>DIRIGEZ DES MAISONS EMBL\u00c9MATIQUES<\/h3>\n<p>Choisissez votre all\u00e9geance parmi les grandes maisons de Westeros \u2013 Stark, Lannister, Targaryen, et plus encore \u2013 chacune avec des forces et des unit\u00e9s uniques.<\/p>\n<\/div>\n<\/div>\n<p><!-- Carte 3 : Intrigue politique --><\/p>\n<div class=\"lies-of-p-card\">\n<p><img decoding=\"async\" title=\"Game of Thrones A War for Westeros - Intrigue politique\" src=\"https:\/\/via.placeholder.com\/300x150?text=Political+Intrigue\" alt=\"Game of Thrones A War for Westeros pour PC - Intrigue\" \/><\/p>\n<div class=\"lies-of-p-card-content\">\n<h3>INTRIGUE POLITIQUE &#038; DIPLOMATIE<\/h3>\n<p>Forgez des alliances, engagez-vous dans l&rsquo;espionnage et prenez des d\u00e9cisions difficiles qui d\u00e9termineront votre ascension ou votre chute dans le monde impitoyable de Westeros.<\/p>\n<\/div>\n<\/div>\n<\/div>\n<\/div>\n<\/div>\n","protected":false},"excerpt":{"rendered":"<table class=\"info-table\">\n<thead>\n<tr class=\"header-row\">\n<th>Status<\/th>\n<th>INFORMATION<\/th>\n<\/tr>\n<\/thead>\n<tbody>\n<tr>\n<td class=\"status-cell\">\n<div class=\"status-title\">\ud83d\ude80 IMMEDIATE DELIVERY<\/div>\n<div class=\"status-subtitle\">Get instant access<\/div>\n<\/td>\n<td class=\"info-cell\">\n<div class=\"info-box\">\n<div class=\"info-title\">ATTENTION<\/div>\n<div class=\"info-content\">READ THE DESCRIPTION<\/div>\n<\/div>\n<\/td>\n<\/tr>\n<tr>\n<td class=\"status-cell\">\n<div class=\"status-title\">\ud83d\udcb0 Is this site trustworthy?<\/div>\n<div class=\"status-subtitle\">+ 4 years selling games<\/div>\n<\/td>\n<td class=\"info-cell\">\n<div class=\"info-box\">\n<div class=\"info-title\">Acess:<\/div>\n<div class=\"info-content\">\n<div data-src=\"https:\/\/cdn.trustindex.io\/loader.js?7fd81be38eb695098c8683dcf1c\"><\/div>\n<\/div>\n<\/div>\n<\/td>\n<\/tr>\n<\/tbody>\n<\/table>\n","protected":false},"featured_media":7107158,"comment_status":"open","ping_status":"closed","template":"","meta":[],"product_brand":[],"product_cat":[742,634,887,801],"product_tag":[],"class_list":{"0":"post-7107164","1":"product","2":"type-product","3":"status-publish","4":"has-post-thumbnail","6":"product_cat-action","7":"product_cat-jeux","8":"product_cat-pre-vente","9":"product_cat-strategie","11":"first","12":"instock","13":"downloadable","14":"virtual","15":"purchasable","16":"product-type-simple"},"exclude_global_add_ons":[],"addons":[],"_links":{"self":[{"href":"https:\/\/gamesbestprices.com\/fr\/wp-json\/wp\/v2\/product\/7107164","targetHints":{"allow":["GET"]}}],"collection":[{"href":"https:\/\/gamesbestprices.com\/fr\/wp-json\/wp\/v2\/product"}],"about":[{"href":"https:\/\/gamesbestprices.com\/fr\/wp-json\/wp\/v2\/types\/product"}],"replies":[{"embeddable":true,"href":"https:\/\/gamesbestprices.com\/fr\/wp-json\/wp\/v2\/comments?post=7107164"}],"wp:featuredmedia":[{"embeddable":true,"href":"https:\/\/gamesbestprices.com\/fr\/wp-json\/wp\/v2\/media\/7107158"}],"wp:attachment":[{"href":"https:\/\/gamesbestprices.com\/fr\/wp-json\/wp\/v2\/media?parent=7107164"}],"wp:term":[{"taxonomy":"product_brand","embeddable":true,"href":"https:\/\/gamesbestprices.com\/fr\/wp-json\/wp\/v2\/product_brand?post=7107164"},{"taxonomy":"product_cat","embeddable":true,"href":"https:\/\/gamesbestprices.com\/fr\/wp-json\/wp\/v2\/product_cat?post=7107164"},{"taxonomy":"product_tag","embeddable":true,"href":"https:\/\/gamesbestprices.com\/fr\/wp-json\/wp\/v2\/product_tag?post=7107164"}],"curies":[{"name":"wp","href":"https:\/\/api.w.org\/{rel}","templated":true}]}}