{"id":7107154,"date":"2026-04-09T10:09:28","date_gmt":"2026-04-09T10:09:28","guid":{"rendered":""},"modified":"2026-04-09T10:10:32","modified_gmt":"2026-04-09T10:10:32","slug":"turok-origins-pc-steam-offline-fr","status":"publish","type":"product","link":"https:\/\/gamesbestprices.com\/fr\/produit\/turok-origins-pc-steam-offline-fr\/","title":{"rendered":"Turok Origins PC Steam Offline"},"content":{"rendered":"<p><!-- TUROK ORIGINS PC STEAM OFFLINE - Clean HTML with CSS Classes --><\/p>\n<div class=\"lies-of-p-container\">\n<p><!-- Main Banner --><\/p>\n<div class=\"lies-of-p-banner\">\n<h1>TUROK ORIGINS PC STEAM OFFLINE<\/h1>\n<p>Partez pour une chasse primale dans un monde o\u00f9 les dinosaures r\u00e8gnent.<\/p>\n<\/div>\n<p><!-- Purchase Alert --><\/p>\n<div class=\"lies-of-p-alerta\">\u26a0\ufe0f LA CHASSE PRIMALE COMMENCE &#8211; D\u00c9CHA\u00ceNEZ LE TUEUR DE DINOSAURES ! \u26a0\ufe0f<\/div>\n<p><!-- Offline Mode --><\/p>\n<div class=\"lies-of-p-offline\">\n<h3>\ud83c\udfae PROFITEZ HORS LIGNE AVEC UN MAXIMUM D&rsquo;\u00c9CONOMIES ! \ud83c\udfae<\/h3>\n<p>Profitez du mode <strong>HORS LIGNE<\/strong> en toute libert\u00e9 !<\/p>\n<div class=\"lies-of-p-beneficios\">\n<p>\u2705 Vous utiliserez les <strong>IDENTIFIANTS D&rsquo;ACC\u00c8S (COMPTE UNIQUE)<\/strong> que nous vous fournirons<\/p>\n<p>\u2705 <strong>JOUEZ VIA LE COMPTE FOURNI<\/strong> sans obstacles<\/p>\n<p>\u2705 Acc\u00e8s complet au titre et \u00e0 toutes les mises \u00e0 jour<\/p>\n<\/div>\n<p class=\"lies-of-p-economia\">Vous pourrez jouer en toute fluidit\u00e9 quand vous le souhaitez<\/p>\n<p class=\"lies-of-p-economia-destaque\">\ud83d\udcb0 \u00c9CONOMISEZ BEAUCOUP et \ud83c\udfaf AMUSEZ-VOUS \u00c9NORM\u00c9MENT !<\/p>\n<\/div>\n<p><!-- Promotional Video --><\/p>\n<div class=\"lies-of-p-video\">\n<h2>Regardez la bande-annonce de Turok Origins<\/h2>\n<div class=\"lies-of-p-video-container\">\n<div class=\"lies-of-p-video-responsive\"><iframe title=\"Lecteur vid\u00e9o YouTube - Bande-annonce de Turok Origins\" src=\"https:\/\/www.youtube-nocookie.com\/embed\/PD_2mkaVAEE\" frameborder=\"0\" allowfullscreen=\"allowfullscreen\"><\/iframe><\/div>\n<\/div>\n<\/div>\n<p><!-- System Requirements --><\/p>\n<div class=\"lies-of-p-requisitos\">\n<h2>Sp\u00e9cifications Syst\u00e8me<\/h2>\n<div class=\"lies-of-p-requisitos-grid\">\n<p><!-- Minimum Requirements --><\/p>\n<div class=\"lies-of-p-requisitos-box\">\n<h3>Minimum<\/h3>\n<ul class=\"lies-of-p-requisitos-lista\">\n<li>\u25b9<strong>OS :<\/strong> \u00c0 annoncer<\/li>\n<li>\u25b9<strong>Processeur :<\/strong> \u00c0 annoncer<\/li>\n<li>\u25b9<strong>M\u00e9moire :<\/strong> \u00c0 annoncer<\/li>\n<li>\u25b9<strong>Carte graphique :<\/strong> \u00c0 annoncer<\/li>\n<li>\u25b9<strong>DirectX :<\/strong> \u00c0 annoncer<\/li>\n<li>\u25b9<strong>Stockage :<\/strong> \u00c0 annoncer<\/li>\n<\/ul>\n<\/div>\n<p><!-- Recommended Requirements --><\/p>\n<div class=\"lies-of-p-requisitos-box\">\n<h3>Recommand\u00e9<\/h3>\n<ul class=\"lies-of-p-requisitos-lista\">\n<li>\u25b9<strong>OS :<\/strong> \u00c0 annoncer<\/li>\n<li>\u25b9<strong>Processeur :<\/strong> \u00c0 annoncer<\/li>\n<li>\u25b9<strong>M\u00e9moire :<\/strong> \u00c0 annoncer<\/li>\n<li>\u25b9<strong>Carte graphique :<\/strong> \u00c0 annoncer<\/li>\n<li>\u25b9<strong>DirectX :<\/strong> \u00c0 annoncer<\/li>\n<li>\u25b9<strong>Stockage :<\/strong> \u00c0 annoncer<\/li>\n<\/ul>\n<\/div>\n<\/div>\n<\/div>\n<p><!-- About the Game --><\/p>\n<div class=\"lies-of-p-sobre\">\n<h2>\u00c0 propos de Turok Origins<\/h2>\n<p><strong>La chasse recommence. Une l\u00e9gende rena\u00eet.<\/strong><\/p>\n<p>Acheter <strong>Turok Origins PC<\/strong>, c&rsquo;est endosser les bottes d&rsquo;un guerrier l\u00e9gendaire dans un monde brutal et pr\u00e9historique. Pr\u00e9parez-vous \u00e0 affronter des dinosaures colossaux et des cr\u00e9atures hostiles dans une exp\u00e9rience de tir \u00e0 la premi\u00e8re personne palpitante avec <strong>Turok Origins Steam<\/strong>.<\/p>\n<p>D\u00e9couvrez le retour d\u00e9finitif du chasseur de dinosaures embl\u00e9matique, m\u00ealant l&rsquo;action classique de Turok \u00e0 des m\u00e9canismes de jeu modernes et des visuels \u00e9poustouflants. Explorez de vastes environnements dangereux, ma\u00eetrisez un arsenal d&rsquo;armes uniques et d\u00e9couvrez les myst\u00e8res d&rsquo;un monde perdu dans <strong>Turok Origins pour PC<\/strong>.<\/p>\n<p><strong>\u00ab\u00a0L&rsquo;aventure primale ultime vous attend.\u00a0\u00bb<\/strong><\/p>\n<\/div>\n<p><!-- Features in Cards --><\/p>\n<div class=\"lies-of-p-destaques\">\n<h2>Fonctionnalit\u00e9s du jeu<\/h2>\n<div class=\"lies-of-p-cards-grid\">\n<p><!-- Card 1: Dinosaur Hunting --><\/p>\n<div class=\"lies-of-p-card\">\n<p><img decoding=\"async\" title=\"Turok Origins PC Steam Offline - Chasse aux dinosaures\" src=\"#\" alt=\"Turok Origins PC Steam Offline - Chasse aux dinosaures\" \/><\/p>\n<div class=\"lies-of-p-card-content\">\n<h3>CHASSES AUX DINOSAURES \u00c9PIQUES<\/h3>\n<p>Traquez, pister et abattez d&rsquo;\u00e9normes b\u00eates pr\u00e9historiques avec un \u00e9ventail d&rsquo;armes puissantes et une prouesse tactique.<\/p>\n<\/div>\n<\/div>\n<p><!-- Card 2: Primal Arsenal --><\/p>\n<div class=\"lies-of-p-card\">\n<p><img decoding=\"async\" title=\"Turok Origins Steam - Arsenal Primal\" src=\"#\" alt=\"Acheter Turok Origins PC - Arsenal Primal\" \/><\/p>\n<div class=\"lies-of-p-card-content\">\n<h3>ARMEMENT EMBL\u00c9MATIQUE<\/h3>\n<p>Maniez un arsenal l\u00e9gendaire, du c\u00e9l\u00e8bre Cerebral Bore au puissant Plasma Rifle, chacun con\u00e7u pour un carnage maximal.<\/p>\n<\/div>\n<\/div>\n<p><!-- Card 3: Dangerous Worlds --><\/p>\n<div class=\"lies-of-p-card\">\n<p><img decoding=\"async\" title=\"Turok Origins - Mondes Dangereux\" src=\"#\" alt=\"Turok Origins pour PC - Mondes Dangereux\" \/><\/p>\n<div class=\"lies-of-p-card-content\">\n<h3>EXPLOREZ DES MONDES DANGEREUX<\/h3>\n<p>Voyagez \u00e0 travers des jungles tentaculaires, des ruines antiques et des cavernes dangereuses, chacune regorgeant de menaces et de secrets.<\/p>\n<\/div>\n<\/div>\n<\/div>\n<\/div>\n<\/div>\n","protected":false},"excerpt":{"rendered":"<table class=\"info-table\">\n<thead>\n<tr class=\"header-row\">\n<th>Status<\/th>\n<th>INFORMATION<\/th>\n<\/tr>\n<\/thead>\n<tbody>\n<tr>\n<td class=\"status-cell\">\n<div class=\"status-title\">\ud83d\ude80 IMMEDIATE DELIVERY<\/div>\n<div class=\"status-subtitle\">Get instant access<\/div>\n<\/td>\n<td class=\"info-cell\">\n<div class=\"info-box\">\n<div class=\"info-title\">ATTENTION<\/div>\n<div class=\"info-content\">READ THE DESCRIPTION<\/div>\n<\/div>\n<\/td>\n<\/tr>\n<tr>\n<td class=\"status-cell\">\n<div class=\"status-title\">\ud83d\udcb0 Is this site trustworthy?<\/div>\n<div class=\"status-subtitle\">+ 4 years selling games<\/div>\n<\/td>\n<td class=\"info-cell\">\n<div class=\"info-box\">\n<div class=\"info-title\">Acess:<\/div>\n<div class=\"info-content\">\n<div data-src=\"https:\/\/cdn.trustindex.io\/loader.js?7fd81be38eb695098c8683dcf1c\"><\/div>\n<\/div>\n<\/div>\n<\/td>\n<\/tr>\n<\/tbody>\n<\/table>\n","protected":false},"featured_media":7107148,"comment_status":"open","ping_status":"closed","template":"","meta":[],"product_brand":[],"product_cat":[742,743,634,887],"product_tag":[],"class_list":{"0":"post-7107154","1":"product","2":"type-product","3":"status-publish","4":"has-post-thumbnail","6":"product_cat-action","7":"product_cat-aventure","8":"product_cat-jeux","9":"product_cat-pre-vente","11":"first","12":"instock","13":"downloadable","14":"virtual","15":"purchasable","16":"product-type-simple"},"exclude_global_add_ons":[],"addons":[],"_links":{"self":[{"href":"https:\/\/gamesbestprices.com\/fr\/wp-json\/wp\/v2\/product\/7107154","targetHints":{"allow":["GET"]}}],"collection":[{"href":"https:\/\/gamesbestprices.com\/fr\/wp-json\/wp\/v2\/product"}],"about":[{"href":"https:\/\/gamesbestprices.com\/fr\/wp-json\/wp\/v2\/types\/product"}],"replies":[{"embeddable":true,"href":"https:\/\/gamesbestprices.com\/fr\/wp-json\/wp\/v2\/comments?post=7107154"}],"wp:featuredmedia":[{"embeddable":true,"href":"https:\/\/gamesbestprices.com\/fr\/wp-json\/wp\/v2\/media\/7107148"}],"wp:attachment":[{"href":"https:\/\/gamesbestprices.com\/fr\/wp-json\/wp\/v2\/media?parent=7107154"}],"wp:term":[{"taxonomy":"product_brand","embeddable":true,"href":"https:\/\/gamesbestprices.com\/fr\/wp-json\/wp\/v2\/product_brand?post=7107154"},{"taxonomy":"product_cat","embeddable":true,"href":"https:\/\/gamesbestprices.com\/fr\/wp-json\/wp\/v2\/product_cat?post=7107154"},{"taxonomy":"product_tag","embeddable":true,"href":"https:\/\/gamesbestprices.com\/fr\/wp-json\/wp\/v2\/product_tag?post=7107154"}],"curies":[{"name":"wp","href":"https:\/\/api.w.org\/{rel}","templated":true}]}}