{"id":7107144,"date":"2026-04-09T10:07:48","date_gmt":"2026-04-09T10:07:48","guid":{"rendered":""},"modified":"2026-04-09T10:09:10","modified_gmt":"2026-04-09T10:09:10","slug":"gothic-1-remake-pc-steam-offline-fr","status":"publish","type":"product","link":"https:\/\/gamesbestprices.com\/fr\/produit\/gothic-1-remake-pc-steam-offline-fr\/","title":{"rendered":"Gothic 1 Remake PC Steam Offline"},"content":{"rendered":"<div class=\"lies-of-p-container\">\n<p><!-- Main Banner --><\/p>\n<div class=\"lies-of-p-banner\">\n<h1>GOTHIC 1 REMAKE PC STEAM OFFLINE<\/h1>\n<p>Le l\u00e9gendaire RPG revient, r\u00e9invent\u00e9 pour une nouvelle g\u00e9n\u00e9ration.<\/p>\n<\/div>\n<p><!-- Purchase Alert --><\/p>\n<div class=\"lies-of-p-alerta\">\u26a0\ufe0f LA L\u00c9GENDE REVIENT &#8211; D\u00c9COUVREZ LE RPG CLASSIQUE R\u00c9INVENT\u00c9 ! \u26a0\ufe0f<\/div>\n<p><!-- Offline Mode --><\/p>\n<div class=\"lies-of-p-offline\">\n<h3>\ud83c\udfae PROFITEZ HORS LIGNE AVEC UN MAXIMUM D&rsquo;\u00c9CONOMIES ! \ud83c\udfae<\/h3>\n<p>Profitez du mode <strong>HORS LIGNE<\/strong> en toute libert\u00e9 !<\/p>\n<div class=\"lies-of-p-beneficios\">\n<p>\u2705 Vous utiliserez des <strong>IDENTIFIANTS D&rsquo;ACC\u00c8S (COMPTE UNIQUE)<\/strong> que nous vous fournirons<\/p>\n<p>\u2705 <strong>JOUEZ VIA LE COMPTE FOURNI<\/strong> sans obstacles<\/p>\n<p>\u2705 Acc\u00e8s complet au titre et \u00e0 tous les correctifs<\/p>\n<\/div>\n<p class=\"lies-of-p-economia\">Vous pourrez jouer en toute fluidit\u00e9 quand vous le souhaitez<\/p>\n<p class=\"lies-of-p-economia-destaque\">\ud83d\udcb0 \u00c9CONOMISEZ BEAUCOUP et \ud83c\udfaf AMUSEZ-VOUS \u00c9NORM\u00c9MENT !<\/p>\n<\/div>\n<p><!-- Promotional Video --><\/p>\n<div class=\"lies-of-p-video\">\n<h2>Regardez la bande-annonce de Gothic 1 Remake<\/h2>\n<div class=\"lies-of-p-video-container\">\n<div class=\"lies-of-p-video-responsive\"><iframe title=\"YouTube video player\" src=\"https:\/\/www.youtube-nocookie.com\/embed\/aE2p-piXpoM\" frameborder=\"0\" allowfullscreen=\"allowfullscreen\"><\/iframe><\/div>\n<\/div>\n<\/div>\n<p><!-- System Requirements --><\/p>\n<div class=\"lies-of-p-requisitos\">\n<h2>Sp\u00e9cifications Syst\u00e8me<\/h2>\n<div class=\"lies-of-p-requisitos-grid\">\n<p><!-- Minimum Requirements --><\/p>\n<div class=\"lies-of-p-requisitos-box\">\n<h3>Minimum<\/h3>\n<ul class=\"lies-of-p-requisitos-lista\">\n<li>\u25b9<strong>OS :<\/strong> \u00c0 annoncer<\/li>\n<li>\u25b9<strong>Processeur :<\/strong> \u00c0 annoncer<\/li>\n<li>\u25b9<strong>M\u00e9moire :<\/strong> \u00c0 annoncer<\/li>\n<li>\u25b9<strong>Carte Graphique :<\/strong> \u00c0 annoncer<\/li>\n<li>\u25b9<strong>DirectX :<\/strong> \u00c0 annoncer<\/li>\n<li>\u25b9<strong>Stockage :<\/strong> \u00c0 annoncer<\/li>\n<\/ul>\n<\/div>\n<p><!-- Recommended Requirements --><\/p>\n<div class=\"lies-of-p-requisitos-box\">\n<h3>Recommand\u00e9<\/h3>\n<ul class=\"lies-of-p-requisitos-lista\">\n<li>\u25b9<strong>OS :<\/strong> \u00c0 annoncer<\/li>\n<li>\u25b9<strong>Processeur :<\/strong> \u00c0 annoncer<\/li>\n<li>\u25b9<strong>M\u00e9moire :<\/strong> \u00c0 annoncer<\/li>\n<li>\u25b9<strong>Carte Graphique :<\/strong> \u00c0 annoncer<\/li>\n<li>\u25b9<strong>DirectX :<\/strong> \u00c0 annoncer<\/li>\n<li>\u25b9<strong>Stockage :<\/strong> \u00c0 annoncer<\/li>\n<\/ul>\n<\/div>\n<\/div>\n<\/div>\n<p><!-- About the Game --><\/p>\n<div class=\"lies-of-p-sobre\">\n<h2>\u00c0 propos de Gothic 1 Remake<\/h2>\n<p><strong>Retournez \u00e0 la Colonie. La barri\u00e8re vous attend.<\/strong><\/p>\n<p>Acheter <strong>Gothic 1 Remake PC<\/strong>, c&rsquo;est replonger dans le monde embl\u00e9matique de Myrtana, r\u00e9invent\u00e9 avec des graphismes modernes \u00e9poustouflants et un gameplay raffin\u00e9. Pr\u00e9parez-vous \u00e0 forger votre propre destin dans un monde rude et impitoyable dans <strong>Gothic 1 Remake Steam<\/strong>.<\/p>\n<p>D\u00e9couvrez le classique tant aim\u00e9 avec une refonte compl\u00e8te, donnant vie au l\u00e9gendaire RPG comme jamais auparavant. Avec des visuels am\u00e9lior\u00e9s, un combat mis \u00e0 jour et une recr\u00e9ation fid\u00e8le de l&rsquo;atmosph\u00e8re originale, <strong>Gothic 1 Remake pour PC<\/strong> vous invite \u00e0 explorer la colonie mini\u00e8re, \u00e0 choisir votre faction et \u00e0 d\u00e9couvrir les secrets de la barri\u00e8re.<\/p>\n<p><strong>\u00ab\u00a0La l\u00e9gendaire saga RPG recommence.\u00a0\u00bb<\/strong><\/p>\n<\/div>\n<p><!-- Features in Cards --><\/p>\n<div class=\"lies-of-p-destaques\">\n<h2>Fonctionnalit\u00e9s du jeu<\/h2>\n<div class=\"lies-of-p-cards-grid\">\n<p><!-- Card 1: Reimagined World --><\/p>\n<div class=\"lies-of-p-card\">\n<p><img decoding=\"async\" title=\"Gothic 1 Remake PC - Stunning Visuals\" src=\"https:\/\/shared.fastly.steamstatic.com\/store_item_assets\/steam\/apps\/1294100\/extras\/Gothic_Remake_GIF_01.gif?t=1700000000\" alt=\"Gothic 1 Remake PC Steam Offline - Reimagined World\" \/><\/p>\n<div class=\"lies-of-p-card-content\">\n<h3>REFONTE VISUELLE \u00c9POUSTOUFLANTE<\/h3>\n<p>Explorez une Khorinis et une colonie mini\u00e8re enti\u00e8rement r\u00e9invent\u00e9es avec des graphismes modernes \u00e0 couper le souffle et des environnements am\u00e9lior\u00e9s.<\/p>\n<\/div>\n<\/div>\n<p><!-- Card 2: Faithful Recreation --><\/p>\n<div class=\"lies-of-p-card\">\n<p><img decoding=\"async\" title=\"Gothic 1 Remake Steam - True to Original\" src=\"https:\/\/shared.fastly.steamstatic.com\/store_item_assets\/steam\/apps\/1294100\/extras\/Gothic_Remake_GIF_02.gif?t=1700000000\" alt=\"Buy Gothic 1 Remake PC - Faithful Recreation\" \/><\/p>\n<div class=\"lies-of-p-card-content\">\n<h3>FID\u00c8LE \u00c0 L&rsquo;ORIGINAL<\/h3>\n<p>Revivez l&rsquo;histoire classique, les personnages complexes et l&rsquo;atmosph\u00e8re unique qui ont fait de Gothic un RPG tant aim\u00e9, fid\u00e8lement recr\u00e9\u00e9s.<\/p>\n<\/div>\n<\/div>\n<p><!-- Card 3: Refined Combat & Exploration --><\/p>\n<div class=\"lies-of-p-card\">\n<p><img decoding=\"async\" title=\"Gothic 1 Remake - Modernized Gameplay\" src=\"https:\/\/shared.fastly.steamstatic.com\/store_item_assets\/steam\/apps\/1294100\/extras\/Gothic_Remake_GIF_03.gif?t=1700000000\" alt=\"Gothic 1 Remake for PC - Gameplay\" \/><\/p>\n<div class=\"lies-of-p-card-content\">\n<h3>GAMEPLAY MODERNIS\u00c9<\/h3>\n<p>Profitez de m\u00e9canismes de combat mis \u00e0 jour et d&rsquo;une exploration fluide, offrant une exp\u00e9rience \u00e0 la fois nouvelle et famili\u00e8re pour les v\u00e9t\u00e9rans comme pour les nouveaux venus.<\/p>\n<\/div>\n<\/div>\n<\/div>\n<\/div>\n<\/div>\n","protected":false},"excerpt":{"rendered":"<table class=\"info-table\">\n<thead>\n<tr class=\"header-row\">\n<th>Status<\/th>\n<th>INFORMATION<\/th>\n<\/tr>\n<\/thead>\n<tbody>\n<tr>\n<td class=\"status-cell\">\n<div class=\"status-title\">\ud83d\ude80 IMMEDIATE DELIVERY<\/div>\n<div class=\"status-subtitle\">Get instant access<\/div>\n<\/td>\n<td class=\"info-cell\">\n<div class=\"info-box\">\n<div class=\"info-title\">ATTENTION<\/div>\n<div class=\"info-content\">READ THE DESCRIPTION<\/div>\n<\/div>\n<\/td>\n<\/tr>\n<tr>\n<td class=\"status-cell\">\n<div class=\"status-title\">\ud83d\udcb0 Is this site trustworthy?<\/div>\n<div class=\"status-subtitle\">+ 4 years selling games<\/div>\n<\/td>\n<td class=\"info-cell\">\n<div class=\"info-box\">\n<div class=\"info-title\">Acess:<\/div>\n<div class=\"info-content\">\n<div data-src=\"https:\/\/cdn.trustindex.io\/loader.js?7fd81be38eb695098c8683dcf1c\"><\/div>\n<\/div>\n<\/div>\n<\/td>\n<\/tr>\n<\/tbody>\n<\/table>\n","protected":false},"featured_media":7107138,"comment_status":"open","ping_status":"closed","template":"","meta":[],"product_brand":[],"product_cat":[742,634,887,768],"product_tag":[683],"class_list":{"0":"post-7107144","1":"product","2":"type-product","3":"status-publish","4":"has-post-thumbnail","6":"product_cat-action","7":"product_cat-jeux","8":"product_cat-pre-vente","9":"product_cat-rpg","10":"product_tag-monde-ouvert","12":"first","13":"instock","14":"downloadable","15":"virtual","16":"purchasable","17":"product-type-simple"},"exclude_global_add_ons":[],"addons":[],"_links":{"self":[{"href":"https:\/\/gamesbestprices.com\/fr\/wp-json\/wp\/v2\/product\/7107144","targetHints":{"allow":["GET"]}}],"collection":[{"href":"https:\/\/gamesbestprices.com\/fr\/wp-json\/wp\/v2\/product"}],"about":[{"href":"https:\/\/gamesbestprices.com\/fr\/wp-json\/wp\/v2\/types\/product"}],"replies":[{"embeddable":true,"href":"https:\/\/gamesbestprices.com\/fr\/wp-json\/wp\/v2\/comments?post=7107144"}],"wp:featuredmedia":[{"embeddable":true,"href":"https:\/\/gamesbestprices.com\/fr\/wp-json\/wp\/v2\/media\/7107138"}],"wp:attachment":[{"href":"https:\/\/gamesbestprices.com\/fr\/wp-json\/wp\/v2\/media?parent=7107144"}],"wp:term":[{"taxonomy":"product_brand","embeddable":true,"href":"https:\/\/gamesbestprices.com\/fr\/wp-json\/wp\/v2\/product_brand?post=7107144"},{"taxonomy":"product_cat","embeddable":true,"href":"https:\/\/gamesbestprices.com\/fr\/wp-json\/wp\/v2\/product_cat?post=7107144"},{"taxonomy":"product_tag","embeddable":true,"href":"https:\/\/gamesbestprices.com\/fr\/wp-json\/wp\/v2\/product_tag?post=7107144"}],"curies":[{"name":"wp","href":"https:\/\/api.w.org\/{rel}","templated":true}]}}