{"id":7107134,"date":"2026-04-09T10:06:10","date_gmt":"2026-04-09T10:06:10","guid":{"rendered":""},"modified":"2026-04-09T10:07:31","modified_gmt":"2026-04-09T10:07:31","slug":"control-resonant-pc-steam-offline-fr","status":"publish","type":"product","link":"https:\/\/gamesbestprices.com\/fr\/produit\/control-resonant-pc-steam-offline-fr\/","title":{"rendered":"Control Resonant PC Steam Offline"},"content":{"rendered":"<p><!-- CONTROL RESONANT PC STEAM OFFLINE - Clean HTML with CSS Classes --><\/p>\n<div class=\"lies-of-p-container\">\n<p><!-- Main Banner --><\/p>\n<div class=\"lies-of-p-banner\">\n<h1>CONTROL RESONANT PC STEAM OFFLINE<\/h1>\n<p>Lib\u00e9rez vos pouvoirs surnaturels dans un monde au-del\u00e0 de la r\u00e9alit\u00e9.<\/p>\n<\/div>\n<p><!-- Purchase Alert --><\/p>\n<div class=\"lies-of-p-alerta\">\u26a0\ufe0f MA\u00ceTRISEZ VOS CAPACIT\u00c9S &#8211; EXPLOREZ L&rsquo;INCONNU ! \u26a0\ufe0f<\/div>\n<p><!-- Offline Mode --><\/p>\n<div class=\"lies-of-p-offline\">\n<h3>\ud83c\udfae PROFITEZ HORS LIGNE AVEC UN MAXIMUM D&rsquo;\u00c9CONOMIES ! \ud83c\udfae<\/h3>\n<p>Profitez du mode <strong>HORS LIGNE<\/strong> en toute libert\u00e9 !<\/p>\n<div class=\"lies-of-p-beneficios\">\n<p>\u2705 Vous utiliserez des <strong>IDENTIFIANTS D&rsquo;ACC\u00c8S (COMPTE UNIQUE)<\/strong> que nous vous fournirons<\/p>\n<p>\u2705 <strong>JOUEZ VIA LE COMPTE FOURNI<\/strong> sans obstacles<\/p>\n<p>\u2705 Acc\u00e8s complet au titre et \u00e0 toutes les mises \u00e0 jour<\/p>\n<\/div>\n<p class=\"lies-of-p-economia\">Vous pourrez jouer en toute fluidit\u00e9 quand vous le souhaitez<\/p>\n<p class=\"lies-of-p-economia-destaque\">\ud83d\udcb0 \u00c9CONOMISEZ BEAUCOUP et \ud83c\udfaf AMUSEZ-VOUS \u00c9NORM\u00c9MENT !<\/p>\n<\/div>\n<p><!-- Promotional Video --><\/p>\n<div class=\"lies-of-p-video\">\n<h2>Regardez la bande-annonce de Control Resonant<\/h2>\n<div class=\"lies-of-p-video-container\">\n<div class=\"lies-of-p-video-responsive\"><iframe title=\"YouTube video player\" src=\"https:\/\/www.youtube-nocookie.com\/embed\/WhQm-ExRz60\" frameborder=\"0\" allowfullscreen=\"allowfullscreen\"><\/iframe><\/div>\n<\/div>\n<\/div>\n<p><!-- System Requirements --><\/p>\n<div class=\"lies-of-p-requisitos\">\n<h2>Sp\u00e9cifications syst\u00e8me<\/h2>\n<div class=\"lies-of-p-requisitos-grid\">\n<p><!-- Minimum Requirements --><\/p>\n<div class=\"lies-of-p-requisitos-box\">\n<h3>Minimum<\/h3>\n<ul class=\"lies-of-p-requisitos-lista\">\n<li>\u25b9<strong>OS :<\/strong> \u00c0 annoncer<\/li>\n<li>\u25b9<strong>Processeur :<\/strong> \u00c0 annoncer<\/li>\n<li>\u25b9<strong>M\u00e9moire :<\/strong> \u00c0 annoncer<\/li>\n<li>\u25b9<strong>Carte graphique :<\/strong> \u00c0 annoncer<\/li>\n<li>\u25b9<strong>DirectX :<\/strong> \u00c0 annoncer<\/li>\n<li>\u25b9<strong>Stockage :<\/strong> \u00c0 annoncer<\/li>\n<\/ul>\n<\/div>\n<p><!-- Recommended Requirements --><\/p>\n<div class=\"lies-of-p-requisitos-box\">\n<h3>Recommand\u00e9<\/h3>\n<ul class=\"lies-of-p-requisitos-lista\">\n<li>\u25b9<strong>OS :<\/strong> \u00c0 annoncer<\/li>\n<li>\u25b9<strong>Processeur :<\/strong> \u00c0 annoncer<\/li>\n<li>\u25b9<strong>M\u00e9moire :<\/strong> \u00c0 annoncer<\/li>\n<li>\u25b9<strong>Carte graphique :<\/strong> \u00c0 annoncer<\/li>\n<li>\u25b9<strong>DirectX :<\/strong> \u00c0 annoncer<\/li>\n<li>\u25b9<strong>Stockage :<\/strong> \u00c0 annoncer<\/li>\n<\/ul>\n<\/div>\n<\/div>\n<\/div>\n<p><!-- About the Game --><\/p>\n<div class=\"lies-of-p-sobre\">\n<h2>\u00c0 propos de Control Resonant<\/h2>\n<p><strong>La r\u00e9alit\u00e9 est une arme.<\/strong><\/p>\n<p>Acheter <strong>Control Resonant PC<\/strong>, c&rsquo;est incarner Jesse Faden, la nouvelle Directrice du Federal Bureau of Control, alors qu&rsquo;elle cherche des r\u00e9ponses dans la myst\u00e9rieuse Oldest House. Pr\u00e9parez-vous \u00e0 manier des pouvoirs extraordinaires et \u00e0 affronter une menace d&rsquo;un autre monde dans <strong>Control Resonant Steam<\/strong>.<\/p>\n<p>Apr\u00e8s qu&rsquo;une agence secr\u00e8te de New York soit envahie par une menace d&rsquo;un autre monde, vous devenez la nouvelle Directrice luttant pour reprendre le Contr\u00f4le. Des cr\u00e9ateurs d&rsquo;Alan Wake et Max Payne, ce jeu d&rsquo;action-aventure surnaturel \u00e0 la troisi\u00e8me personne vous met au d\u00e9fi de ma\u00eetriser une combinaison de capacit\u00e9s surnaturelles, d&rsquo;\u00e9quipements modifiables et d&rsquo;environnements r\u00e9actifs tout en combattant \u00e0 travers un monde profond et impr\u00e9visible.<\/p>\n<p><strong>\u00ab\u00a0Un monde de secrets attend votre commandement.\u00a0\u00bb<\/strong><\/p>\n<\/div>\n<p><!-- Features in Cards --><\/p>\n<div class=\"lies-of-p-destaques\">\n<h2>Fonctionnalit\u00e9s du jeu<\/h2>\n<div class=\"lies-of-p-cards-grid\">\n<p><!-- Card 1: Supernatural Powers --><\/p>\n<div class=\"lies-of-p-card\">\n<p><img decoding=\"async\" title=\"Control Resonant PC - Supernatural Powers\" src=\"https:\/\/shared.fastly.steamstatic.com\/store_item_assets\/steam\/apps\/870780\/extras\/Control_GIF_01.gif?t=1700683050\" alt=\"Control Resonant PC Steam Offline - Supernatural Powers\" \/><\/p>\n<div class=\"lies-of-p-card-content\">\n<h3>MA\u00ceTRISEZ LES POUVOIRS SURNATURELS<\/h3>\n<p>Lib\u00e9rez des capacit\u00e9s uniques comme la t\u00e9l\u00e9kin\u00e9sie, la l\u00e9vitation et le contr\u00f4le mental pour combattre le Hiss, un ennemi d&rsquo;un autre monde.<\/p>\n<\/div>\n<\/div>\n<p><!-- Card 2: Shifting World --><\/p>\n<div class=\"lies-of-p-card\">\n<p><img decoding=\"async\" title=\"Control Resonant Steam - Oldest House\" src=\"https:\/\/shared.fastly.steamstatic.com\/store_item_assets\/steam\/apps\/870780\/extras\/Control_GIF_02.gif?t=1700683050\" alt=\"Buy Control Resonant PC - Oldest House\" \/><\/p>\n<div class=\"lies-of-p-card-content\">\n<h3>EXPLOREZ L&rsquo;OLDEST HOUSE<\/h3>\n<p>Naviguez dans un vaste gratte-ciel brutaliste en constante \u00e9volution, un lieu o\u00f9 la r\u00e9alit\u00e9 se plie et o\u00f9 les secrets se cachent dans ses murs.<\/p>\n<\/div>\n<\/div>\n<p><!-- Card 3: Intense Combat --><\/p>\n<div class=\"lies-of-p-card\">\n<p><img decoding=\"async\" title=\"Control Resonant - Dynamic Combat\" src=\"https:\/\/shared.fastly.steamstatic.com\/store_item_assets\/steam\/apps\/870780\/extras\/Control_GIF_03.gif?t=1700683050\" alt=\"Control Resonant for PC - Dynamic Combat\" \/><\/p>\n<div class=\"lies-of-p-card-content\">\n<h3>COMBAT INTENSE ET DYNAMIQUE<\/h3>\n<p>Engagez-vous dans des batailles palpitantes et destructrices en utilisant votre Arme de Service et vos capacit\u00e9s surnaturelles contre un ennemi implacable.<\/p>\n<\/div>\n<\/div>\n<\/div>\n<\/div>\n<\/div>\n","protected":false},"excerpt":{"rendered":"<table class=\"info-table\">\n<thead>\n<tr class=\"header-row\">\n<th>Status<\/th>\n<th>INFORMATION<\/th>\n<\/tr>\n<\/thead>\n<tbody>\n<tr>\n<td class=\"status-cell\">\n<div class=\"status-title\">\ud83d\ude80 IMMEDIATE DELIVERY<\/div>\n<div class=\"status-subtitle\">Get instant access<\/div>\n<\/td>\n<td class=\"info-cell\">\n<div class=\"info-box\">\n<div class=\"info-title\">ATTENTION<\/div>\n<div class=\"info-content\">READ THE DESCRIPTION<\/div>\n<\/div>\n<\/td>\n<\/tr>\n<tr>\n<td class=\"status-cell\">\n<div class=\"status-title\">\ud83d\udcb0 Is this site trustworthy?<\/div>\n<div class=\"status-subtitle\">+ 4 years selling games<\/div>\n<\/td>\n<td class=\"info-cell\">\n<div class=\"info-box\">\n<div class=\"info-title\">Acess:<\/div>\n<div class=\"info-content\">\n<div data-src=\"https:\/\/cdn.trustindex.io\/loader.js?7fd81be38eb695098c8683dcf1c\"><\/div>\n<\/div>\n<\/div>\n<\/td>\n<\/tr>\n<\/tbody>\n<\/table>\n","protected":false},"featured_media":7107128,"comment_status":"open","ping_status":"closed","template":"","meta":[],"product_brand":[],"product_cat":[742,743,634,887,768],"product_tag":[],"class_list":{"0":"post-7107134","1":"product","2":"type-product","3":"status-publish","4":"has-post-thumbnail","6":"product_cat-action","7":"product_cat-aventure","8":"product_cat-jeux","9":"product_cat-pre-vente","10":"product_cat-rpg","12":"first","13":"instock","14":"downloadable","15":"virtual","16":"purchasable","17":"product-type-simple"},"exclude_global_add_ons":[],"addons":[],"_links":{"self":[{"href":"https:\/\/gamesbestprices.com\/fr\/wp-json\/wp\/v2\/product\/7107134","targetHints":{"allow":["GET"]}}],"collection":[{"href":"https:\/\/gamesbestprices.com\/fr\/wp-json\/wp\/v2\/product"}],"about":[{"href":"https:\/\/gamesbestprices.com\/fr\/wp-json\/wp\/v2\/types\/product"}],"replies":[{"embeddable":true,"href":"https:\/\/gamesbestprices.com\/fr\/wp-json\/wp\/v2\/comments?post=7107134"}],"wp:featuredmedia":[{"embeddable":true,"href":"https:\/\/gamesbestprices.com\/fr\/wp-json\/wp\/v2\/media\/7107128"}],"wp:attachment":[{"href":"https:\/\/gamesbestprices.com\/fr\/wp-json\/wp\/v2\/media?parent=7107134"}],"wp:term":[{"taxonomy":"product_brand","embeddable":true,"href":"https:\/\/gamesbestprices.com\/fr\/wp-json\/wp\/v2\/product_brand?post=7107134"},{"taxonomy":"product_cat","embeddable":true,"href":"https:\/\/gamesbestprices.com\/fr\/wp-json\/wp\/v2\/product_cat?post=7107134"},{"taxonomy":"product_tag","embeddable":true,"href":"https:\/\/gamesbestprices.com\/fr\/wp-json\/wp\/v2\/product_tag?post=7107134"}],"curies":[{"name":"wp","href":"https:\/\/api.w.org\/{rel}","templated":true}]}}