{"id":7107124,"date":"2026-04-09T09:58:16","date_gmt":"2026-04-09T09:58:16","guid":{"rendered":""},"modified":"2026-04-09T09:59:31","modified_gmt":"2026-04-09T09:59:31","slug":"jurassic-park-survival-pc-steam-offline-fr","status":"publish","type":"product","link":"https:\/\/gamesbestprices.com\/fr\/produit\/jurassic-park-survival-pc-steam-offline-fr\/","title":{"rendered":"Jurassic Park Survival PC Steam Offline"},"content":{"rendered":"<p><!-- JURASSIC PARK SURVIVAL - Clean HTML with CSS Classes --><\/p>\n<div class=\"lies-of-p-container\">\n<p><!-- Main Banner --><\/p>\n<div class=\"lies-of-p-banner\">\n<h1>JURASSIC PARK SURVIVAL PC STEAM OFFLINE<\/h1>\n<p>La terreur pr\u00e9historique revient dans une nouvelle \u00e8re de survie.<\/p>\n<\/div>\n<p><!-- Purchase Alert --><\/p>\n<div class=\"lies-of-p-alerta\">\u26a0\ufe0f TERREUR PR\u00c9HISTORIQUE &#8211; L&rsquo;AVENTURE DE SURVIE ULTIME ! \u26a0\ufe0f<\/div>\n<p><!-- Offline Mode --><\/p>\n<div class=\"lies-of-p-offline\">\n<h3>\ud83c\udfae PROFITEZ HORS LIGNE AVEC UN MAXIMUM D&rsquo;\u00c9CONOMIES ! \ud83c\udfae<\/h3>\n<p>Profitez du mode <strong>HORS LIGNE<\/strong> en toute libert\u00e9 !<\/p>\n<div class=\"lies-of-p-beneficios\">\n<p>\u2705 Vous utiliserez les <strong>IDENTIFIANTS D&rsquo;ACC\u00c8S (COMPTE UNIQUE)<\/strong> que nous vous fournirons<\/p>\n<p>\u2705 <strong>JOUEZ VIA LE COMPTE FOURNI<\/strong> sans obstacles<\/p>\n<p>\u2705 Acc\u00e8s complet au titre et \u00e0 toutes les mises \u00e0 jour<\/p>\n<\/div>\n<p class=\"lies-of-p-economia\">Vous pourrez jouer en toute fluidit\u00e9 quand vous le souhaitez<\/p>\n<p class=\"lies-of-p-economia-destaque\">\ud83d\udcb0 \u00c9CONOMISANT BEAUCOUP et \ud83c\udfaf VOUS AMUSANT \u00c9NORM\u00c9MENT !<\/p>\n<\/div>\n<p><!-- Promotional Video --><\/p>\n<div class=\"lies-of-p-video\">\n<h2>Regardez la bande-annonce de Jurassic Park Survival<\/h2>\n<div class=\"lies-of-p-video-container\">\n<div class=\"lies-of-p-video-responsive\"><iframe title=\"Lecteur vid\u00e9o YouTube\" src=\"https:\/\/www.youtube-nocookie.com\/embed\/UinsNBOTNyU\" frameborder=\"0\" allowfullscreen=\"allowfullscreen\"><\/iframe><\/div>\n<\/div>\n<\/div>\n<p><!-- System Requirements --><\/p>\n<div class=\"lies-of-p-requisitos\">\n<h2>Sp\u00e9cifications Syst\u00e8me<\/h2>\n<div class=\"lies-of-p-requisitos-grid\">\n<p><!-- Minimum Requirements --><\/p>\n<div class=\"lies-of-p-requisitos-box\">\n<h3>Minimum<\/h3>\n<ul class=\"lies-of-p-requisitos-lista\">\n<li>\u25b9<strong>OS :<\/strong> \u00c0 annoncer<\/li>\n<li>\u25b9<strong>Processeur :<\/strong> \u00c0 annoncer<\/li>\n<li>\u25b9<strong>M\u00e9moire :<\/strong> \u00c0 annoncer<\/li>\n<li>\u25b9<strong>Carte graphique :<\/strong> \u00c0 annoncer<\/li>\n<li>\u25b9<strong>DirectX :<\/strong> \u00c0 annoncer<\/li>\n<li>\u25b9<strong>Stockage :<\/strong> \u00c0 annoncer<\/li>\n<\/ul>\n<\/div>\n<p><!-- Recommended Requirements --><\/p>\n<div class=\"lies-of-p-requisitos-box\">\n<h3>Recommand\u00e9<\/h3>\n<ul class=\"lies-of-p-requisitos-lista\">\n<li>\u25b9<strong>OS :<\/strong> \u00c0 annoncer<\/li>\n<li>\u25b9<strong>Processeur :<\/strong> \u00c0 annoncer<\/li>\n<li>\u25b9<strong>M\u00e9moire :<\/strong> \u00c0 annoncer<\/li>\n<li>\u25b9<strong>Carte graphique :<\/strong> \u00c0 annoncer<\/li>\n<li>\u25b9<strong>DirectX :<\/strong> \u00c0 annoncer<\/li>\n<li>\u25b9<strong>Stockage :<\/strong> \u00c0 annoncer<\/li>\n<\/ul>\n<\/div>\n<\/div>\n<\/div>\n<p><!-- About the Game --><\/p>\n<div class=\"lies-of-p-sobre\">\n<h2>\u00c0 propos de Jurassic Park Survival<\/h2>\n<p><strong>Le parc est ouvert. La survie n&rsquo;est pas garantie.<\/strong><\/p>\n<p>Acheter <strong>Jurassic Park Survival PC<\/strong>, c&rsquo;est d\u00e9couvrir un nouveau jeu d&rsquo;action-aventure solo original qui se d\u00e9roule apr\u00e8s les \u00e9v\u00e9nements du film embl\u00e9matique de 1993. Pr\u00e9parez-vous \u00e0 une exp\u00e9rience palpitante qui mettra \u00e0 l&rsquo;\u00e9preuve votre intelligence et votre courage dans <strong>Jurassic Park Survival Steam<\/strong>.<\/p>\n<p>L&rsquo;\u00e9volution technologique combin\u00e9e \u00e0 la vaste expertise des cr\u00e9ateurs s&rsquo;unit dans une histoire avec des personnages complexes et un gameplay plus immersif que jamais dans <strong>Jurassic Park Survival pour PC<\/strong>. Retournez une fois de plus sur Isla Nublar, l&rsquo;\u00eele embl\u00e9matique o\u00f9 la terreur pr\u00e9historique a commenc\u00e9.<\/p>\n<p><strong>\u00ab\u00a0Un nouveau chapitre de l&rsquo;h\u00e9ritage de Jurassic Park commence.\u00a0\u00bb<\/strong><\/p>\n<\/div>\n<p><!-- Features in Cards --><\/p>\n<div class=\"lies-of-p-destaques\">\n<h2>Caract\u00e9ristiques du jeu<\/h2>\n<div class=\"lies-of-p-cards-grid\">\n<p><!-- Card 1: Thrilling Prehistoric Survival --><\/p>\n<div class=\"lies-of-p-card\">\n<p><img decoding=\"async\" title=\"Jurassic Park Survival PC - Survie Palpitante\" src=\"https:\/\/via.placeholder.com\/300x150?text=Jurassic+Park+Survival+Image+1\" alt=\"Jurassic Park Survival PC Steam Offline - Survie Pr\u00e9historique\" \/><\/p>\n<div class=\"lies-of-p-card-content\">\n<h3>SURVIE PR\u00c9HISTORIQUE PALPITANTE<\/h3>\n<p>Vivez un nouveau jeu d&rsquo;action-aventure solo original qui se d\u00e9roule apr\u00e8s les \u00e9v\u00e9nements du film embl\u00e9matique de 1993, vous mettant dans la peau du Dr Maya Joshi.<\/p>\n<\/div>\n<\/div>\n<p><!-- Card 2: Explore Isla Nublar --><\/p>\n<div class=\"lies-of-p-card\">\n<p><img decoding=\"async\" title=\"Jurassic Park Survival Steam - Isla Nublar\" src=\"https:\/\/via.placeholder.com\/300x150?text=Jurassic+Park+Survival+Image+2\" alt=\"Acheter Jurassic Park Survival PC - Isla Nublar\" \/><\/p>\n<div class=\"lies-of-p-card-content\">\n<h3>EXPLOREZ ISLA NUBLAR<\/h3>\n<p>Retournez sur l&#8217;embl\u00e9matique Isla Nublar, une \u00eele dangereuse grouillant de vie pr\u00e9historique et de secrets inavou\u00e9s, o\u00f9 chaque ombre cache une menace.<\/p>\n<\/div>\n<\/div>\n<p><!-- Card 3: Unforgettable Dinosaur Encounters --><\/p>\n<div class=\"lies-of-p-card\">\n<p><img decoding=\"async\" title=\"Jurassic Park Survival - Rencontres avec des Dinosaures\" src=\"https:\/\/via.placeholder.com\/300x150?text=Jurassic+Park+Survival+Image+3\" alt=\"Jurassic Park Survival pour PC - Dinosaures\" \/><\/p>\n<div class=\"lies-of-p-card-content\">\n<h3>RENCONTRES INOUBLIABLES AVEC DES DINOSAURES<\/h3>\n<p>D\u00e9jouez, \u00e9vitez et interagissez avec une vari\u00e9t\u00e9 de dinosaures, chacun avec des comportements et des menaces uniques, tout en naviguant dans cet environnement p\u00e9rilleux.<\/p>\n<\/div>\n<\/div>\n<\/div>\n<\/div>\n<\/div>\n","protected":false},"excerpt":{"rendered":"<table class=\"info-table\">\n<thead>\n<tr class=\"header-row\">\n<th>Status<\/th>\n<th>INFORMATION<\/th>\n<\/tr>\n<\/thead>\n<tbody>\n<tr>\n<td class=\"status-cell\">\n<div class=\"status-title\">\ud83d\ude80 IMMEDIATE DELIVERY<\/div>\n<div class=\"status-subtitle\">Get instant access<\/div>\n<\/td>\n<td class=\"info-cell\">\n<div class=\"info-box\">\n<div class=\"info-title\">ATTENTION<\/div>\n<div class=\"info-content\">READ THE DESCRIPTION<\/div>\n<\/div>\n<\/td>\n<\/tr>\n<tr>\n<td class=\"status-cell\">\n<div class=\"status-title\">\ud83d\udcb0 Is this site trustworthy?<\/div>\n<div class=\"status-subtitle\">+ 4 years selling games<\/div>\n<\/td>\n<td class=\"info-cell\">\n<div class=\"info-box\">\n<div class=\"info-title\">Acess:<\/div>\n<div class=\"info-content\">\n<div data-src=\"https:\/\/cdn.trustindex.io\/loader.js?7fd81be38eb695098c8683dcf1c\"><\/div>\n<\/div>\n<\/div>\n<\/td>\n<\/tr>\n<\/tbody>\n<\/table>\n","protected":false},"featured_media":7107118,"comment_status":"open","ping_status":"closed","template":"","meta":[],"product_brand":[],"product_cat":[742,743,634,887],"product_tag":[638],"class_list":{"0":"post-7107124","1":"product","2":"type-product","3":"status-publish","4":"has-post-thumbnail","6":"product_cat-action","7":"product_cat-aventure","8":"product_cat-jeux","9":"product_cat-pre-vente","10":"product_tag-horreur","12":"first","13":"instock","14":"downloadable","15":"virtual","16":"purchasable","17":"product-type-simple"},"exclude_global_add_ons":[],"addons":[],"_links":{"self":[{"href":"https:\/\/gamesbestprices.com\/fr\/wp-json\/wp\/v2\/product\/7107124","targetHints":{"allow":["GET"]}}],"collection":[{"href":"https:\/\/gamesbestprices.com\/fr\/wp-json\/wp\/v2\/product"}],"about":[{"href":"https:\/\/gamesbestprices.com\/fr\/wp-json\/wp\/v2\/types\/product"}],"replies":[{"embeddable":true,"href":"https:\/\/gamesbestprices.com\/fr\/wp-json\/wp\/v2\/comments?post=7107124"}],"wp:featuredmedia":[{"embeddable":true,"href":"https:\/\/gamesbestprices.com\/fr\/wp-json\/wp\/v2\/media\/7107118"}],"wp:attachment":[{"href":"https:\/\/gamesbestprices.com\/fr\/wp-json\/wp\/v2\/media?parent=7107124"}],"wp:term":[{"taxonomy":"product_brand","embeddable":true,"href":"https:\/\/gamesbestprices.com\/fr\/wp-json\/wp\/v2\/product_brand?post=7107124"},{"taxonomy":"product_cat","embeddable":true,"href":"https:\/\/gamesbestprices.com\/fr\/wp-json\/wp\/v2\/product_cat?post=7107124"},{"taxonomy":"product_tag","embeddable":true,"href":"https:\/\/gamesbestprices.com\/fr\/wp-json\/wp\/v2\/product_tag?post=7107124"}],"curies":[{"name":"wp","href":"https:\/\/api.w.org\/{rel}","templated":true}]}}