{"id":7107114,"date":"2026-04-09T09:56:43","date_gmt":"2026-04-09T09:56:43","guid":{"rendered":""},"modified":"2026-04-09T09:57:54","modified_gmt":"2026-04-09T09:57:54","slug":"tides-of-annihilation-pc-steam-offline-fr","status":"publish","type":"product","link":"https:\/\/gamesbestprices.com\/fr\/produit\/tides-of-annihilation-pc-steam-offline-fr\/","title":{"rendered":"Tides of Annihilation PC Steam Offline"},"content":{"rendered":"<p><!-- TIDES OF ANNIHILATION - Clean HTML with CSS Classes --><\/p>\n<div class=\"lies-of-p-container\">\n<p><!-- Main Banner --><\/p>\n<div class=\"lies-of-p-banner\">\n<h1>TIDES OF ANNIHILATION PC STEAM HORS LIGNE<\/h1>\n<p>Le conflit s&rsquo;intensifie dans une nouvelle \u00e8re de guerre.<\/p>\n<\/div>\n<p><!-- Purchase Alert --><\/p>\n<div class=\"lies-of-p-alerta\">\u26a0\ufe0f NOUVELLE \u00c8RE DE GUERRE &#8211; EXP\u00c9RIENCE DE STRAT\u00c9GIE ULTIME ! \u26a0\ufe0f<\/div>\n<p><!-- Offline Mode --><\/p>\n<div class=\"lies-of-p-offline\">\n<h3>\ud83c\udfae PROFITEZ HORS LIGNE AVEC UN MAXIMUM D&rsquo;\u00c9CONOMIES ! \ud83c\udfae<\/h3>\n<p>Profitez du mode <strong>HORS LIGNE<\/strong> en toute libert\u00e9 !<\/p>\n<div class=\"lies-of-p-beneficios\">\n<p>\u2705 Vous utiliserez des <strong>IDENTIFIANTS D&rsquo;ACC\u00c8S (COMPTE UNIQUE)<\/strong> que nous vous fournirons<\/p>\n<p>\u2705 <strong>JOUEZ VIA LE COMPTE FOURNI<\/strong> sans obstacles<\/p>\n<p>\u2705 Acc\u00e8s complet au titre et \u00e0 tous les correctifs<\/p>\n<\/div>\n<p class=\"lies-of-p-economia\">Vous pourrez jouer en toute fluidit\u00e9 quand vous le souhaitez<\/p>\n<p class=\"lies-of-p-economia-destaque\">\ud83d\udcb0 \u00c9CONOMISANT BEAUCOUP et \ud83c\udfaf VOUS AMUSANT \u00c9NORM\u00c9MENT !<\/p>\n<\/div>\n<p><!-- Promotional Video --><\/p>\n<div class=\"lies-of-p-video\">\n<h2>Regardez la bande-annonce de Tides of Annihilation<\/h2>\n<div class=\"lies-of-p-video-container\">\n<div class=\"lies-of-p-video-responsive\"><iframe title=\"YouTube video player\" src=\"https:\/\/www.youtube-nocookie.com\/embed\/JJ3fDz_xCio\" frameborder=\"0\" allowfullscreen=\"allowfullscreen\"><\/iframe><\/div>\n<\/div>\n<\/div>\n<p><!-- System Requirements --><\/p>\n<div class=\"lies-of-p-requisitos\">\n<h2>Sp\u00e9cifications Syst\u00e8me<\/h2>\n<div class=\"lies-of-p-requisitos-grid\">\n<p><!-- Minimum Requirements --><\/p>\n<div class=\"lies-of-p-requisitos-box\">\n<h3>Minimum<\/h3>\n<ul class=\"lies-of-p-requisitos-lista\">\n<li>\u25b9<strong>SE :<\/strong> \u00c0 annoncer<\/li>\n<li>\u25b9<strong>Processeur :<\/strong> \u00c0 annoncer<\/li>\n<li>\u25b9<strong>M\u00e9moire :<\/strong> \u00c0 annoncer<\/li>\n<li>\u25b9<strong>Carte Graphique :<\/strong> \u00c0 annoncer<\/li>\n<li>\u25b9<strong>DirectX :<\/strong> \u00c0 annoncer<\/li>\n<li>\u25b9<strong>Stockage :<\/strong> \u00c0 annoncer<\/li>\n<\/ul>\n<\/div>\n<p><!-- Recommended Requirements --><\/p>\n<div class=\"lies-of-p-requisitos-box\">\n<h3>Recommand\u00e9<\/h3>\n<ul class=\"lies-of-p-requisitos-lista\">\n<li>\u25b9<strong>SE :<\/strong> \u00c0 annoncer<\/li>\n<li>\u25b9<strong>Processeur :<\/strong> \u00c0 annoncer<\/li>\n<li>\u25b9<strong>M\u00e9moire :<\/strong> \u00c0 annoncer<\/li>\n<li>\u25b9<strong>Carte Graphique :<\/strong> \u00c0 annoncer<\/li>\n<li>\u25b9<strong>DirectX :<\/strong> \u00c0 annoncer<\/li>\n<li>\u25b9<strong>Stockage :<\/strong> \u00c0 annoncer<\/li>\n<\/ul>\n<\/div>\n<\/div>\n<\/div>\n<p><!-- About the Game --><\/p>\n<div class=\"lies-of-p-sobre\">\n<h2>\u00c0 propos de Tides of Annihilation<\/h2>\n<p><strong>Conqu\u00e9rez les mers. Dominez le monde.<\/strong><\/p>\n<p>Acheter <strong>Tides of Annihilation PC<\/strong>, c&rsquo;est vivre une guerre navale \u00e9pique \u00e0 une \u00e9chelle sans pr\u00e9c\u00e9dent. Pr\u00e9parez-vous \u00e0 commander de puissantes flottes et \u00e0 r\u00e9\u00e9crire l&rsquo;histoire dans <strong>Tides of Annihilation Steam<\/strong>.<\/p>\n<p>D\u00e9couvrez une strat\u00e9gie de pointe et un gameplay immersif, o\u00f9 chaque d\u00e9cision fa\u00e7onne le destin des nations dans <strong>Tides of Annihilation for PC<\/strong>. Forgez des alliances, trahissez vos ennemis et d\u00e9cha\u00eenez une puissance d\u00e9vastatrice \u00e0 travers de vastes oc\u00e9ans.<\/p>\n<p><strong>\u00ab\u00a0La strat\u00e9gie navale ultime commence maintenant.\u00a0\u00bb<\/strong><\/p>\n<\/div>\n<p><!-- Features in Cards --><\/p>\n<div class=\"lies-of-p-destaques\">\n<h2>Fonctionnalit\u00e9s du Jeu<\/h2>\n<div class=\"lies-of-p-cards-grid\">\n<p><!-- Card 1: Epic Naval Battles --><\/p>\n<div class=\"lies-of-p-card\">\n<p><img decoding=\"async\" title=\"Tides of Annihilation for PC - Epic Naval Battles\" src=\"https:\/\/shared.fastly.steamstatic.com\/store_item_assets\/steam\/apps\/3764200\/extras\/Steam_GIF_01_RE.gif?t=1750810100\" alt=\"Tides of Annihilation PC Steam Offline - Epic Naval Battles\" \/><\/p>\n<div class=\"lies-of-p-card-content\">\n<h3>BATAILLES NAVALES \u00c9PIQUES<\/h3>\n<p>Commandez des flottes massives, engagez-vous dans des combats tactiques et d\u00e9jouez vos adversaires sur des champs de bataille dynamiques.<\/p>\n<\/div>\n<\/div>\n<p><!-- Card 2: Global Domination --><\/p>\n<div class=\"lies-of-p-card\">\n<p><img decoding=\"async\" title=\"Tides of Annihilation Steam - Global Domination\" src=\"https:\/\/shared.fastly.steamstatic.com\/store_item_assets\/steam\/apps\/3764200\/extras\/Steam_GIF_02.gif?t=1750810100\" alt=\"Buy Tides of Annihilation PC - Global Domination\" \/><\/p>\n<div class=\"lies-of-p-card-content\">\n<h3>DOMINATION MONDIALE<\/h3>\n<p>D\u00e9veloppez votre empire, conqu\u00e9rez des territoires strat\u00e9giques et affirmez votre supr\u00e9matie navale \u00e0 travers le monde.<\/p>\n<\/div>\n<\/div>\n<p><!-- Card 3: Unparalleled Strategic Depth --><\/p>\n<div class=\"lies-of-p-card\">\n<p><img decoding=\"async\" title=\"Tides of Annihilation - Strategic Depth\" src=\"https:\/\/shared.fastly.steamstatic.com\/store_item_assets\/steam\/apps\/3764200\/extras\/Steam_GIF_04.gif?t=1750810100\" alt=\"Tides of Annihilation for PC - Strategic Depth\" \/><\/p>\n<div class=\"lies-of-p-card-content\">\n<h3>PROFONDEUR STRAT\u00c9GIQUE IN\u00c9GAL\u00c9E<\/h3>\n<p>Ma\u00eetrisez des strat\u00e9gies complexes, g\u00e9rez les ressources, recherchez des technologies avanc\u00e9es et adaptez-vous aux mar\u00e9es de guerre en constante \u00e9volution.<\/p>\n<\/div>\n<\/div>\n<\/div>\n<\/div>\n<\/div>\n","protected":false},"excerpt":{"rendered":"<table class=\"info-table\">\n<thead>\n<tr class=\"header-row\">\n<th>Status<\/th>\n<th>INFORMATION<\/th>\n<\/tr>\n<\/thead>\n<tbody>\n<tr>\n<td class=\"status-cell\">\n<div class=\"status-title\">\ud83d\ude80 IMMEDIATE DELIVERY<\/div>\n<div class=\"status-subtitle\">Get instant access<\/div>\n<\/td>\n<td class=\"info-cell\">\n<div class=\"info-box\">\n<div class=\"info-title\">ATTENTION<\/div>\n<div class=\"info-content\">READ THE DESCRIPTION<\/div>\n<\/div>\n<\/td>\n<\/tr>\n<tr>\n<td class=\"status-cell\">\n<div class=\"status-title\">\ud83d\udcb0 Is this site trustworthy?<\/div>\n<div class=\"status-subtitle\">+ 4 years selling games<\/div>\n<\/td>\n<td class=\"info-cell\">\n<div class=\"info-box\">\n<div class=\"info-title\">Acess:<\/div>\n<div class=\"info-content\">\n<div data-src=\"https:\/\/cdn.trustindex.io\/loader.js?7fd81be38eb695098c8683dcf1c\"><\/div>\n<\/div>\n<\/div>\n<\/td>\n<\/tr>\n<\/tbody>\n<\/table>\n","protected":false},"featured_media":7107108,"comment_status":"open","ping_status":"closed","template":"","meta":[],"product_brand":[],"product_cat":[742,743,634,887],"product_tag":[],"class_list":{"0":"post-7107114","1":"product","2":"type-product","3":"status-publish","4":"has-post-thumbnail","6":"product_cat-action","7":"product_cat-aventure","8":"product_cat-jeux","9":"product_cat-pre-vente","11":"first","12":"instock","13":"downloadable","14":"virtual","15":"purchasable","16":"product-type-simple"},"exclude_global_add_ons":[],"addons":[],"_links":{"self":[{"href":"https:\/\/gamesbestprices.com\/fr\/wp-json\/wp\/v2\/product\/7107114","targetHints":{"allow":["GET"]}}],"collection":[{"href":"https:\/\/gamesbestprices.com\/fr\/wp-json\/wp\/v2\/product"}],"about":[{"href":"https:\/\/gamesbestprices.com\/fr\/wp-json\/wp\/v2\/types\/product"}],"replies":[{"embeddable":true,"href":"https:\/\/gamesbestprices.com\/fr\/wp-json\/wp\/v2\/comments?post=7107114"}],"wp:featuredmedia":[{"embeddable":true,"href":"https:\/\/gamesbestprices.com\/fr\/wp-json\/wp\/v2\/media\/7107108"}],"wp:attachment":[{"href":"https:\/\/gamesbestprices.com\/fr\/wp-json\/wp\/v2\/media?parent=7107114"}],"wp:term":[{"taxonomy":"product_brand","embeddable":true,"href":"https:\/\/gamesbestprices.com\/fr\/wp-json\/wp\/v2\/product_brand?post=7107114"},{"taxonomy":"product_cat","embeddable":true,"href":"https:\/\/gamesbestprices.com\/fr\/wp-json\/wp\/v2\/product_cat?post=7107114"},{"taxonomy":"product_tag","embeddable":true,"href":"https:\/\/gamesbestprices.com\/fr\/wp-json\/wp\/v2\/product_tag?post=7107114"}],"curies":[{"name":"wp","href":"https:\/\/api.w.org\/{rel}","templated":true}]}}