{"id":7107084,"date":"2026-04-09T09:51:33","date_gmt":"2026-04-09T09:51:33","guid":{"rendered":""},"modified":"2026-04-09T09:52:57","modified_gmt":"2026-04-09T09:52:57","slug":"castlevania-belmonts-curse-pc-steam-offline-fr","status":"publish","type":"product","link":"https:\/\/gamesbestprices.com\/fr\/produit\/castlevania-belmonts-curse-pc-steam-offline-fr\/","title":{"rendered":"Castlevania Belmont&rsquo;s Curse PC Steam Offline"},"content":{"rendered":"<p><!-- CASTLEVANIA BELMONT'S CURSE - Clean HTML with CSS Classes --><\/p>\n<div class=\"lies-of-p-container\">\n<p><!-- Main Banner --><\/p>\n<div class=\"lies-of-p-banner\">\n<h1>CASTLEVANIA BELMONT&rsquo;S CURSE PC STEAM OFFLINE<\/h1>\n<p>La lutte \u00e9ternelle contre les t\u00e9n\u00e8bres continue.<\/p>\n<\/div>\n<p><!-- Purchase Alert --><\/p>\n<div class=\"lies-of-p-alerta\">\u26a0\ufe0f LA L\u00c9GENDE REVIENT &#8211; UNE NOUVELLE \u00c8RE DE CHASSE AUX VAMPIRES ! \u26a0\ufe0f<\/div>\n<p><!-- Offline Mode --><\/p>\n<div class=\"lies-of-p-offline\">\n<h3>\ud83c\udfae PROFITEZ HORS LIGNE AVEC UN MAXIMUM D&rsquo;\u00c9CONOMIES ! \ud83c\udfae<\/h3>\n<p>Profitez du mode <strong>HORS LIGNE<\/strong> en toute libert\u00e9 !<\/p>\n<div class=\"lies-of-p-beneficios\">\n<p>\u2705 Vous utiliserez les <strong>IDENTIFIANTS D&rsquo;ACC\u00c8S (COMPTE UNIQUE)<\/strong> que nous vous fournirons<\/p>\n<p>\u2705 <strong>JOUEZ VIA LE COMPTE FOURNI<\/strong> sans obstacles<\/p>\n<p>\u2705 Acc\u00e8s complet au titre et \u00e0 tous les patchs<\/p>\n<\/div>\n<p class=\"lies-of-p-economia\">Vous pourrez jouer en toute fluidit\u00e9 quand vous le souhaitez<\/p>\n<p class=\"lies-of-p-economia-destaque\">\ud83d\udcb0 \u00c9CONOMISEZ BEAUCOUP et \ud83c\udfaf AMUSEZ-VOUS \u00c9NORM\u00c9MENT !<\/p>\n<\/div>\n<p><!-- Promotional Video --><\/p>\n<div class=\"lies-of-p-video\">\n<h2>Regardez la bande-annonce de Castlevania Belmont&rsquo;s Curse<\/h2>\n<div class=\"lies-of-p-video-container\">\n<div class=\"lies-of-p-video-responsive\"><iframe title=\"YouTube video player\" src=\"https:\/\/www.youtube-nocookie.com\/embed\/ltJkLoAoJw8\" frameborder=\"0\" allowfullscreen=\"allowfullscreen\"><\/iframe><\/div>\n<\/div>\n<\/div>\n<p><!-- System Requirements --><\/p>\n<div class=\"lies-of-p-requisitos\">\n<h2>Sp\u00e9cifications Syst\u00e8me<\/h2>\n<div class=\"lies-of-p-requisitos-grid\">\n<p><!-- Minimum Requirements --><\/p>\n<div class=\"lies-of-p-requisitos-box\">\n<h3>Minimum<\/h3>\n<ul class=\"lies-of-p-requisitos-lista\">\n<li>\u25b9<strong>OS:<\/strong> \u00c0 annoncer<\/li>\n<li>\u25b9<strong>Processeur:<\/strong> \u00c0 annoncer<\/li>\n<li>\u25b9<strong>M\u00e9moire:<\/strong> \u00c0 annoncer<\/li>\n<li>\u25b9<strong>Carte Graphique:<\/strong> \u00c0 annoncer<\/li>\n<li>\u25b9<strong>DirectX:<\/strong> \u00c0 annoncer<\/li>\n<li>\u25b9<strong>Stockage:<\/strong> \u00c0 annoncer<\/li>\n<\/ul>\n<\/div>\n<p><!-- Recommended Requirements --><\/p>\n<div class=\"lies-of-p-requisitos-box\">\n<h3>Recommand\u00e9<\/h3>\n<ul class=\"lies-of-p-requisitos-lista\">\n<li>\u25b9<strong>OS:<\/strong> \u00c0 annoncer<\/li>\n<li>\u25b9<strong>Processeur:<\/strong> \u00c0 annoncer<\/li>\n<li>\u25b9<strong>M\u00e9moire:<\/strong> \u00c0 annoncer<\/li>\n<li>\u25b9<strong>Carte Graphique:<\/strong> \u00c0 annoncer<\/li>\n<li>\u25b9<strong>DirectX:<\/strong> \u00c0 annoncer<\/li>\n<li>\u25b9<strong>Stockage:<\/strong> \u00c0 annoncer<\/li>\n<\/ul>\n<\/div>\n<\/div>\n<\/div>\n<p><!-- About the Game --><\/p>\n<div class=\"lies-of-p-sobre\">\n<h2>\u00c0 propos de Castlevania Belmont&rsquo;s Curse<\/h2>\n<p><strong>Le fouet claque \u00e0 nouveau. Le mal se r\u00e9veille.<\/strong><\/p>\n<p>Acheter <strong>Castlevania Belmont&rsquo;s Curse PC<\/strong> signifie endosser le r\u00f4le d&rsquo;un nouveau h\u00e9ros de la l\u00e9gendaire lign\u00e9e Belmont. Pr\u00e9parez-vous \u00e0 affronter des hordes de cr\u00e9atures de la nuit dans une aventure gothique qui mettra votre courage \u00e0 l&rsquo;\u00e9preuve dans <strong>Castlevania Belmont&rsquo;s Curse Steam<\/strong>.<\/p>\n<p>Une nouvelle approche du jeu de plateforme-action classique, combin\u00e9e \u00e0 une histoire profonde et des visuels \u00e9poustouflants, se r\u00e9unit dans un r\u00e9cit qui explore les sombres origines de la mal\u00e9diction persistante de la famille Belmont dans <strong>Castlevania Belmont&rsquo;s Curse pour PC<\/strong>. Voyagez \u00e0 travers des ch\u00e2teaux hant\u00e9s, des for\u00eats \u00e9tranges et des villages maudits.<\/p>\n<p><strong>\u00ab\u00a0Le destin de la lign\u00e9e est forg\u00e9 dans le feu et la foi.\u00a0\u00bb<\/strong><\/p>\n<\/div>\n<p><!-- Features in Cards --><\/p>\n<div class=\"lies-of-p-destaques\">\n<h2>Fonctionnalit\u00e9s du jeu<\/h2>\n<div class=\"lies-of-p-cards-grid\">\n<p><!-- Card 1: Gothic Exploration --><\/p>\n<div class=\"lies-of-p-card\">\n<p><img decoding=\"async\" title=\"Castlevania Belmont's Curse PC - Exploration Gothique\" src=\"https:\/\/shared.fastly.steamstatic.com\/store_item_assets\/steam\/apps\/3764200\/extras\/Steam_GIF_01_RE.gif?t=1750810100\" alt=\"Castlevania Belmont's Curse PC Steam Offline - Exploration Gothique\" \/><\/p>\n<div class=\"lies-of-p-card-content\">\n<h3>EXPLORATION GOTHIQUE<\/h3>\n<p>Explorez des ch\u00e2teaux tentaculaires et interconnect\u00e9s ainsi que des terres maudites, d\u00e9couvrant des secrets et combattant des ennemis monstrueux.<\/p>\n<\/div>\n<\/div>\n<p><!-- Card 2: Classic Action-Platforming --><\/p>\n<div class=\"lies-of-p-card\">\n<p><img decoding=\"async\" title=\"Castlevania Belmont's Curse Steam - Combat Classique\" src=\"https:\/\/shared.fastly.steamstatic.com\/store_item_assets\/steam\/apps\/3764200\/extras\/Steam_GIF_02.gif?t=1750810100\" alt=\"Acheter Castlevania Belmont's Curse PC - Plateforme-Action\" \/><\/p>\n<div class=\"lies-of-p-card-content\">\n<h3>PLATEFORME-ACTION CLASSIQUE<\/h3>\n<p>Ma\u00eetrisez le fouet embl\u00e9matique Vampire Killer et un arsenal d&rsquo;armes secondaires dans des combats fluides et stimulants.<\/p>\n<\/div>\n<\/div>\n<p><!-- Card 3: Deep Lore & New Story --><\/p>\n<div class=\"lies-of-p-card\">\n<p><img decoding=\"async\" title=\"Castlevania Belmont's Curse - Nouvelle Histoire\" src=\"https:\/\/shared.fastly.steamstatic.com\/store_item_assets\/steam\/apps\/3764200\/extras\/Steam_GIF_04.gif?t=1750810100\" alt=\"Castlevania Belmont's Curse pour PC - Histoire\" \/><\/p>\n<div class=\"lies-of-p-card-content\">\n<h3>HISTOIRE PROFONDE &#038; NOUVEAU R\u00c9CIT<\/h3>\n<p>D\u00e9couvrez un nouveau r\u00e9cit captivant qui explore les origines de la mal\u00e9diction de la famille Belmont et leur bataille \u00e9ternelle.<\/p>\n<\/div>\n<\/div>\n<\/div>\n<\/div>\n<\/div>\n","protected":false},"excerpt":{"rendered":"<table class=\"info-table\">\n<thead>\n<tr class=\"header-row\">\n<th>Status<\/th>\n<th>INFORMATION<\/th>\n<\/tr>\n<\/thead>\n<tbody>\n<tr>\n<td class=\"status-cell\">\n<div class=\"status-title\">\ud83d\ude80 IMMEDIATE DELIVERY<\/div>\n<div class=\"status-subtitle\">Get instant access<\/div>\n<\/td>\n<td class=\"info-cell\">\n<div class=\"info-box\">\n<div class=\"info-title\">ATTENTION<\/div>\n<div class=\"info-content\">READ THE DESCRIPTION<\/div>\n<\/div>\n<\/td>\n<\/tr>\n<tr>\n<td class=\"status-cell\">\n<div class=\"status-title\">\ud83d\udcb0 Is this site trustworthy?<\/div>\n<div class=\"status-subtitle\">+ 4 years selling games<\/div>\n<\/td>\n<td class=\"info-cell\">\n<div class=\"info-box\">\n<div class=\"info-title\">Acess:<\/div>\n<div class=\"info-content\">\n<div data-src=\"https:\/\/cdn.trustindex.io\/loader.js?7fd81be38eb695098c8683dcf1c\"><\/div>\n<\/div>\n<\/div>\n<\/td>\n<\/tr>\n<\/tbody>\n<\/table>\n","protected":false},"featured_media":7107078,"comment_status":"open","ping_status":"closed","template":"","meta":[],"product_brand":[],"product_cat":[742,743,634,887],"product_tag":[],"class_list":{"0":"post-7107084","1":"product","2":"type-product","3":"status-publish","4":"has-post-thumbnail","6":"product_cat-action","7":"product_cat-aventure","8":"product_cat-jeux","9":"product_cat-pre-vente","11":"first","12":"instock","13":"downloadable","14":"virtual","15":"purchasable","16":"product-type-simple"},"exclude_global_add_ons":[],"addons":[],"_links":{"self":[{"href":"https:\/\/gamesbestprices.com\/fr\/wp-json\/wp\/v2\/product\/7107084","targetHints":{"allow":["GET"]}}],"collection":[{"href":"https:\/\/gamesbestprices.com\/fr\/wp-json\/wp\/v2\/product"}],"about":[{"href":"https:\/\/gamesbestprices.com\/fr\/wp-json\/wp\/v2\/types\/product"}],"replies":[{"embeddable":true,"href":"https:\/\/gamesbestprices.com\/fr\/wp-json\/wp\/v2\/comments?post=7107084"}],"wp:featuredmedia":[{"embeddable":true,"href":"https:\/\/gamesbestprices.com\/fr\/wp-json\/wp\/v2\/media\/7107078"}],"wp:attachment":[{"href":"https:\/\/gamesbestprices.com\/fr\/wp-json\/wp\/v2\/media?parent=7107084"}],"wp:term":[{"taxonomy":"product_brand","embeddable":true,"href":"https:\/\/gamesbestprices.com\/fr\/wp-json\/wp\/v2\/product_brand?post=7107084"},{"taxonomy":"product_cat","embeddable":true,"href":"https:\/\/gamesbestprices.com\/fr\/wp-json\/wp\/v2\/product_cat?post=7107084"},{"taxonomy":"product_tag","embeddable":true,"href":"https:\/\/gamesbestprices.com\/fr\/wp-json\/wp\/v2\/product_tag?post=7107084"}],"curies":[{"name":"wp","href":"https:\/\/api.w.org\/{rel}","templated":true}]}}