{"id":7107064,"date":"2026-04-09T09:44:09","date_gmt":"2026-04-09T09:44:09","guid":{"rendered":""},"modified":"2026-04-09T09:45:37","modified_gmt":"2026-04-09T09:45:37","slug":"hollow-knight-silksong-pc-steam-offline-fr","status":"publish","type":"product","link":"https:\/\/gamesbestprices.com\/fr\/produit\/hollow-knight-silksong-pc-steam-offline-fr\/","title":{"rendered":"Hollow Knight Silksong PC Steam Offline"},"content":{"rendered":"<p><!-- HOLLOW KNIGHT SILKSONG PC STEAM OFFLINE - Clean HTML with CSS Classes --><\/p>\n<div class=\"lies-of-p-container\">\n<p><!-- Main Banner --><\/p>\n<div class=\"lies-of-p-banner\">\n<h1>HOLLOW KNIGHT SILKSONG PC STEAM OFFLINE<\/h1>\n<p>Embarquez pour une nouvelle aventure dans le vaste royaume hant\u00e9 de Pharloom.<\/p>\n<\/div>\n<p><!-- Purchase Alert --><\/p>\n<div class=\"lies-of-p-alerta\">\u2728 UNE NOUVELLE AVENTURE \u00c9PIQUE &#8211; EXPLOREZ UN VASTE NOUVEAU ROYAUME ! \u2728<\/div>\n<p><!-- Offline Mode --><\/p>\n<div class=\"lies-of-p-offline\">\n<h3>\ud83c\udfae PROFITEZ HORS LIGNE AVEC UN MAXIMUM D&rsquo;\u00c9CONOMIES ! \ud83c\udfae<\/h3>\n<p>Profitez du mode <strong>HORS LIGNE<\/strong> en toute libert\u00e9 !<\/p>\n<div class=\"lies-of-p-beneficios\">\n<p>\u2705 Vous utiliserez les <strong>IDENTIFIANTS D&rsquo;ACC\u00c8S (COMPTE UNIQUE)<\/strong> que nous vous fournirons<\/p>\n<p>\u2705 <strong>JOUEZ VIA LE COMPTE FOURNI<\/strong> sans obstacles<\/p>\n<p>\u2705 Acc\u00e8s complet au titre et \u00e0 toutes les mises \u00e0 jour<\/p>\n<\/div>\n<p class=\"lies-of-p-economia\">Vous pourrez jouer en toute fluidit\u00e9 quand vous le souhaitez<\/p>\n<p class=\"lies-of-p-economia-destaque\">\ud83d\udcb0 \u00c9CONOMISEZ BEAUCOUP et \ud83c\udfaf AMUSEZ-VOUS \u00c9NORM\u00c9MENT !<\/p>\n<\/div>\n<p><!-- Promotional Video --><\/p>\n<div class=\"lies-of-p-video\">\n<h2>Regardez la bande-annonce de Hollow Knight Silksong<\/h2>\n<div class=\"lies-of-p-video-container\">\n<div class=\"lies-of-p-video-responsive\"><iframe title=\"Lecteur vid\u00e9o YouTube\" src=\"https:\/\/www.youtube-nocookie.com\/embed\/6XGeJwsUP9c\" frameborder=\"0\" allowfullscreen=\"allowfullscreen\"><\/iframe><\/div>\n<\/div>\n<\/div>\n<p><!-- System Requirements --><\/p>\n<div class=\"lies-of-p-requisitos\">\n<h2>Sp\u00e9cifications du syst\u00e8me<\/h2>\n<div class=\"lies-of-p-requisitos-grid\">\n<p><!-- Minimum Requirements --><\/p>\n<div class=\"lies-of-p-requisitos-box\">\n<h3>Minimum<\/h3>\n<ul class=\"lies-of-p-requisitos-lista\">\n<li>\u25b9<strong>OS :<\/strong> \u00c0 annoncer<\/li>\n<li>\u25b9<strong>Processeur :<\/strong> \u00c0 annoncer<\/li>\n<li>\u25b9<strong>M\u00e9moire :<\/strong> \u00c0 annoncer<\/li>\n<li>\u25b9<strong>Carte graphique :<\/strong> \u00c0 annoncer<\/li>\n<li>\u25b9<strong>DirectX :<\/strong> \u00c0 annoncer<\/li>\n<li>\u25b9<strong>Stockage :<\/strong> \u00c0 annoncer<\/li>\n<\/ul>\n<\/div>\n<p><!-- Recommended Requirements --><\/p>\n<div class=\"lies-of-p-requisitos-box\">\n<h3>Recommand\u00e9<\/h3>\n<ul class=\"lies-of-p-requisitos-lista\">\n<li>\u25b9<strong>OS :<\/strong> \u00c0 annoncer<\/li>\n<li>\u25b9<strong>Processeur :<\/strong> \u00c0 annoncer<\/li>\n<li>\u25b9<strong>M\u00e9moire :<\/strong> \u00c0 annoncer<\/li>\n<li>\u25b9<strong>Carte graphique :<\/strong> \u00c0 annoncer<\/li>\n<li>\u25b9<strong>DirectX :<\/strong> \u00c0 annoncer<\/li>\n<li>\u25b9<strong>Stockage :<\/strong> \u00c0 annoncer<\/li>\n<\/ul>\n<\/div>\n<\/div>\n<\/div>\n<p><!-- About the Game --><\/p>\n<div class=\"lies-of-p-sobre\">\n<h2>\u00c0 propos de Hollow Knight Silksong<\/h2>\n<p><strong>Montez \u00e0 l&rsquo;aventure. D\u00e9couvrez un nouveau royaume.<\/strong><\/p>\n<p>Acheter <strong>Hollow Knight Silksong PC<\/strong>, c&rsquo;est embarquer pour une toute nouvelle aventure en tant que Hornet, princesse-protectrice de Hallownest, dans un vaste royaume hant\u00e9 r\u00e9gi par la soie et le chant. Pr\u00e9parez-vous \u00e0 explorer, combattre et d\u00e9couvrir dans une exp\u00e9rience palpitante qui \u00e9tend l&rsquo;univers bien-aim\u00e9 de Hollow Knight dans <strong>Hollow Knight Silksong Steam<\/strong>.<\/p>\n<p>Des cr\u00e9ateurs prim\u00e9s de Hollow Knight, Team Cherry apporte une nouvelle aventure \u00e9pique avec des combats stimulants, des plateformes complexes et une histoire captivante. Voyagez \u00e0 travers des villes scintillantes, des for\u00eats de corail et de vastes grottes moussues en d\u00e9couvrant les secrets de Pharloom dans <strong>Hollow Knight Silksong pour PC<\/strong>.<\/p>\n<p><strong>\u00ab Une grande nouvelle aventure vous attend \u00e0 Pharloom. \u00bb<\/strong><\/p>\n<\/div>\n<p><!-- Features in Cards --><\/p>\n<div class=\"lies-of-p-destaques\">\n<h2>Fonctionnalit\u00e9s du jeu<\/h2>\n<div class=\"lies-of-p-cards-grid\">\n<p><!-- Card 1: Master New Abilities --><\/p>\n<div class=\"lies-of-p-card\">\n<p><img decoding=\"async\" title=\"Hollow Knight Silksong pour PC - Ma\u00eetrisez de nouvelles capacit\u00e9s\" src=\"https:\/\/shared.fastly.steamstatic.com\/store_item_assets\/steam\/apps\/1030300\/extras\/Silksong_GIF_HornetCombat.gif?t=1676600000\" alt=\"Hollow Knight Silksong PC Steam Offline - Ma\u00eetrisez de nouvelles capacit\u00e9s\" \/><\/p>\n<div class=\"lies-of-p-card-content\">\n<h3>MA\u00ceTRISEZ DE NOUVELLES CAPACIT\u00c9S<\/h3>\n<p>Maniez un nouvel arsenal de mouvements, d&rsquo;outils et de soies pour vaincre des ennemis redoutables et traverser le vaste royaume de Pharloom.<\/p>\n<\/div>\n<\/div>\n<p><!-- Card 2: Explore a New Kingdom --><\/p>\n<div class=\"lies-of-p-card\">\n<p><img decoding=\"async\" title=\"Hollow Knight Silksong Steam - Explorez un nouveau royaume\" src=\"https:\/\/shared.fastly.steamstatic.com\/store_item_assets\/steam\/apps\/1030300\/extras\/Silksong_GIF_PharloomExplore.gif?t=1676600000\" alt=\"Acheter Hollow Knight Silksong PC - Explorez un nouveau royaume\" \/><\/p>\n<div class=\"lies-of-p-card-content\">\n<h3>EXPLOREZ UN NOUVEAU ROYAUME<\/h3>\n<p>Voyagez \u00e0 travers des villes scintillantes, des for\u00eats de corail et de vastes grottes moussues en d\u00e9couvrant les secrets de Pharloom.<\/p>\n<\/div>\n<\/div>\n<p><!-- Card 3: Face Deadly Foes --><\/p>\n<div class=\"lies-of-p-card\">\n<p><img decoding=\"async\" title=\"Hollow Knight Silksong - Affrontez des ennemis mortels\" src=\"https:\/\/shared.fastly.steamstatic.com\/store_item_assets\/steam\/apps\/1030300\/extras\/Silksong_GIF_NewEnemies.gif?t=1676600000\" alt=\"Hollow Knight Silksong pour PC - Affrontez des ennemis mortels\" \/><\/p>\n<div class=\"lies-of-p-card-content\">\n<h3>AFFRONTEZ DES ENNEMIS MORTELS<\/h3>\n<p>Rencontrez plus de 150 nouveaux ennemis et boss \u00e9piques, chacun avec des d\u00e9fis uniques et des myst\u00e8res \u00e0 d\u00e9m\u00ealer.<\/p>\n<\/div>\n<\/div>\n<\/div>\n<\/div>\n<\/div>\n","protected":false},"excerpt":{"rendered":"<table class=\"info-table\">\n<thead>\n<tr class=\"header-row\">\n<th>Status<\/th>\n<th>INFORMATION<\/th>\n<\/tr>\n<\/thead>\n<tbody>\n<tr>\n<td class=\"status-cell\">\n<div class=\"status-title\">\ud83d\ude80 IMMEDIATE DELIVERY<\/div>\n<div class=\"status-subtitle\">Get instant access<\/div>\n<\/td>\n<td class=\"info-cell\">\n<div class=\"info-box\">\n<div class=\"info-title\">ATTENTION<\/div>\n<div class=\"info-content\">READ THE DESCRIPTION<\/div>\n<\/div>\n<\/td>\n<\/tr>\n<tr>\n<td class=\"status-cell\">\n<div class=\"status-title\">\ud83d\udcb0 Is this site trustworthy?<\/div>\n<div class=\"status-subtitle\">+ 4 years selling games<\/div>\n<\/td>\n<td class=\"info-cell\">\n<div class=\"info-box\">\n<div class=\"info-title\">Acess:<\/div>\n<div class=\"info-content\">\n<div data-src=\"https:\/\/cdn.trustindex.io\/loader.js?7fd81be38eb695098c8683dcf1c\"><\/div>\n<\/div>\n<\/div>\n<\/td>\n<\/tr>\n<\/tbody>\n<\/table>\n","protected":false},"featured_media":7107058,"comment_status":"open","ping_status":"closed","template":"","meta":[],"product_brand":[],"product_cat":[742,743,634,859],"product_tag":[788],"class_list":{"0":"post-7107064","1":"product","2":"type-product","3":"status-publish","4":"has-post-thumbnail","6":"product_cat-action","7":"product_cat-aventure","8":"product_cat-jeux","9":"product_cat-nouveautes","10":"product_tag-difficile","12":"first","13":"instock","14":"downloadable","15":"virtual","16":"purchasable","17":"product-type-simple"},"exclude_global_add_ons":[],"addons":[],"_links":{"self":[{"href":"https:\/\/gamesbestprices.com\/fr\/wp-json\/wp\/v2\/product\/7107064","targetHints":{"allow":["GET"]}}],"collection":[{"href":"https:\/\/gamesbestprices.com\/fr\/wp-json\/wp\/v2\/product"}],"about":[{"href":"https:\/\/gamesbestprices.com\/fr\/wp-json\/wp\/v2\/types\/product"}],"replies":[{"embeddable":true,"href":"https:\/\/gamesbestprices.com\/fr\/wp-json\/wp\/v2\/comments?post=7107064"}],"wp:featuredmedia":[{"embeddable":true,"href":"https:\/\/gamesbestprices.com\/fr\/wp-json\/wp\/v2\/media\/7107058"}],"wp:attachment":[{"href":"https:\/\/gamesbestprices.com\/fr\/wp-json\/wp\/v2\/media?parent=7107064"}],"wp:term":[{"taxonomy":"product_brand","embeddable":true,"href":"https:\/\/gamesbestprices.com\/fr\/wp-json\/wp\/v2\/product_brand?post=7107064"},{"taxonomy":"product_cat","embeddable":true,"href":"https:\/\/gamesbestprices.com\/fr\/wp-json\/wp\/v2\/product_cat?post=7107064"},{"taxonomy":"product_tag","embeddable":true,"href":"https:\/\/gamesbestprices.com\/fr\/wp-json\/wp\/v2\/product_tag?post=7107064"}],"curies":[{"name":"wp","href":"https:\/\/api.w.org\/{rel}","templated":true}]}}