{"id":7107054,"date":"2026-04-09T09:42:24","date_gmt":"2026-04-09T09:42:24","guid":{"rendered":""},"modified":"2026-04-09T09:43:51","modified_gmt":"2026-04-09T09:43:51","slug":"the-outer-worlds-2-pc-steam-offline-fr","status":"publish","type":"product","link":"https:\/\/gamesbestprices.com\/fr\/produit\/the-outer-worlds-2-pc-steam-offline-fr\/","title":{"rendered":"The Outer Worlds 2 PC Steam Offline"},"content":{"rendered":"<p><!-- THE OUTER WORLDS 2 PC STEAM OFFLINE - Clean HTML with CSS Classes --><\/p>\n<div class=\"lies-of-p-container\">\n<p><!-- Main Banner --><\/p>\n<div class=\"lies-of-p-banner\">\n<h1>THE OUTER WORLDS 2 PC STEAM HORS LIGNE<\/h1>\n<p>Explorez de nouvelles fronti\u00e8res dans une suite inattendue.<\/p>\n<\/div>\n<p><!-- Purchase Alert --><\/p>\n<div class=\"lies-of-p-alerta\">\u26a0\ufe0f DE NOUVELLES FRONTI\u00c8RES VOUS ATTENDENT &#8211; UNE AVENTURE INATTENDUE ! \u26a0\ufe0f<\/div>\n<p><!-- Offline Mode --><\/p>\n<div class=\"lies-of-p-offline\">\n<h3>\ud83c\udfae PROFITEZ HORS LIGNE AVEC UN MAXIMUM D&rsquo;\u00c9CONOMIES ! \ud83c\udfae<\/h3>\n<p>Profitez du mode <strong>HORS LIGNE<\/strong> en toute libert\u00e9 !<\/p>\n<div class=\"lies-of-p-beneficios\">\n<p>\u2705 Vous utiliserez les <strong>IDENTIFIANTS D&rsquo;ACC\u00c8S (COMPTE UNIQUE)<\/strong> que nous vous fournirons<\/p>\n<p>\u2705 <strong>JOUEZ VIA LE COMPTE FOURNI<\/strong> sans obstacles<\/p>\n<p>\u2705 Acc\u00e8s complet au titre et \u00e0 toutes les mises \u00e0 jour<\/p>\n<\/div>\n<p class=\"lies-of-p-economia\">Vous pourrez jouer en toute fluidit\u00e9 quand vous le souhaitez<\/p>\n<p class=\"lies-of-p-economia-destaque\">\ud83d\udcb0 \u00c9CONOMISEZ BEAUCOUP et \ud83c\udfaf AMUSEZ-VOUS \u00c9NORM\u00c9MENT !<\/p>\n<\/div>\n<p><!-- Promotional Video --><\/p>\n<div class=\"lies-of-p-video\">\n<h2>Regardez la bande-annonce de The Outer Worlds 2<\/h2>\n<div class=\"lies-of-p-video-container\">\n<div class=\"lies-of-p-video-responsive\"><iframe title=\"Lecteur vid\u00e9o YouTube\" src=\"https:\/\/www.youtube-nocookie.com\/embed\/yUI-EIS0nnw\" frameborder=\"0\" allowfullscreen=\"allowfullscreen\"><\/iframe><\/div>\n<\/div>\n<\/div>\n<p><!-- System Requirements --><\/p>\n<div class=\"lies-of-p-requisitos\">\n<h2>Sp\u00e9cifications syst\u00e8me<\/h2>\n<div class=\"lies-of-p-requisitos-grid\">\n<p><!-- Minimum Requirements --><\/p>\n<div class=\"lies-of-p-requisitos-box\">\n<h3>Minimum<\/h3>\n<ul class=\"lies-of-p-requisitos-lista\">\n<li>\u25b9<strong>OS:<\/strong> \u00c0 annoncer<\/li>\n<li>\u25b9<strong>Processeur:<\/strong> \u00c0 annoncer<\/li>\n<li>\u25b9<strong>M\u00e9moire:<\/strong> \u00c0 annoncer<\/li>\n<li>\u25b9<strong>Carte graphique:<\/strong> \u00c0 annoncer<\/li>\n<li>\u25b9<strong>DirectX:<\/strong> \u00c0 annoncer<\/li>\n<li>\u25b9<strong>Stockage:<\/strong> \u00c0 annoncer<\/li>\n<\/ul>\n<\/div>\n<p><!-- Recommended Requirements --><\/p>\n<div class=\"lies-of-p-requisitos-box\">\n<h3>Recommand\u00e9<\/h3>\n<ul class=\"lies-of-p-requisitos-lista\">\n<li>\u25b9<strong>OS:<\/strong> \u00c0 annoncer<\/li>\n<li>\u25b9<strong>Processeur:<\/strong> \u00c0 annoncer<\/li>\n<li>\u25b9<strong>M\u00e9moire:<\/strong> \u00c0 annoncer<\/li>\n<li>\u25b9<strong>Carte graphique:<\/strong> \u00c0 annoncer<\/li>\n<li>\u25b9<strong>DirectX:<\/strong> \u00c0 annoncer<\/li>\n<li>\u25b9<strong>Stockage:<\/strong> \u00c0 annoncer<\/li>\n<\/ul>\n<\/div>\n<\/div>\n<\/div>\n<p><!-- About the Game --><\/p>\n<div class=\"lies-of-p-sobre\">\n<h2>\u00c0 propos de The Outer Worlds 2<\/h2>\n<p><strong>L&rsquo;univers est toujours sauvage. Et vous \u00eates toujours le seul \u00e0 pouvoir le sauver. Ou le ruiner.<\/strong><\/p>\n<p>Acheter <strong>The Outer Worlds 2 PC<\/strong>, c&rsquo;est s&#8217;embarquer dans une toute nouvelle aventure hilarante et moralement ambigu\u00eb dans la colonie d&rsquo;Halcyon et au-del\u00e0. Pr\u00e9parez-vous \u00e0 plus de satire corporative, de compagnons attachants et de choix difficiles dans <strong>The Outer Worlds 2 Steam<\/strong>.<\/p>\n<p>L&rsquo;humour caract\u00e9ristique d&rsquo;Obsidian Entertainment et les m\u00e9canismes de RPG profonds sont de retour, promettant des mondes encore plus vastes, des personnages excentriques et la libert\u00e9 de jouer \u00e0 votre mani\u00e8re dans <strong>The Outer Worlds 2 pour PC<\/strong>. D\u00e9couvrez de nouvelles plan\u00e8tes et affrontez de nouvelles corporations, tout aussi incomp\u00e9tentes.<\/p>\n<p><strong>\u00ab\u00a0Plus de manigances corporatives. Plus d&rsquo;espace. Plus de vous.\u00a0\u00bb<\/strong><\/p>\n<\/div>\n<p><!-- Features in Cards --><\/p>\n<div class=\"lies-of-p-destaques\">\n<h2>Fonctionnalit\u00e9s du jeu<\/h2>\n<div class=\"lies-of-p-cards-grid\">\n<p><!-- Card 1: Explore New Worlds --><\/p>\n<div class=\"lies-of-p-card\">\n<p><img decoding=\"async\" title=\"The Outer Worlds 2 pour PC - Exploration\" src=\"https:\/\/shared.fastly.steamstatic.com\/store_item_assets\/steam\/apps\/760800\/extras\/TOW_GIF_01.gif?t=1639593121\" alt=\"The Outer Worlds 2 PC Steam Hors Ligne - Explorez de Nouveaux Mondes\" \/><\/p>\n<div class=\"lies-of-p-card-content\">\n<h3>EXPLOREZ DE NOUVEAUX MONDES<\/h3>\n<p>Voyagez vers des syst\u00e8mes stellaires inexplor\u00e9s, rencontrant une vie extraterrestre bizarre et des factions humaines encore plus \u00e9tranges.<\/p>\n<\/div>\n<\/div>\n<p><!-- Card 2: More Corporate Satire --><\/p>\n<div class=\"lies-of-p-card\">\n<p><img decoding=\"async\" title=\"The Outer Worlds 2 Steam - Satire Corporative\" src=\"https:\/\/shared.fastly.steamstatic.com\/store_item_assets\/steam\/apps\/760800\/extras\/TOW_GIF_02.gif?t=1639593121\" alt=\"Acheter The Outer Worlds 2 PC - Satire Corporative\" \/><\/p>\n<div class=\"lies-of-p-card-content\">\n<h3>PLUS DE SATIRE CORPORATIVE<\/h3>\n<p>Riez et grincez des dents face aux absurdit\u00e9s d&rsquo;un espace contr\u00f4l\u00e9 par les corporations, o\u00f9 le profit passe toujours avant les gens.<\/p>\n<\/div>\n<\/div>\n<p><!-- Card 3: Engaging Companions --><\/p>\n<div class=\"lies-of-p-card\">\n<p><img decoding=\"async\" title=\"The Outer Worlds 2 - Syst\u00e8me de Compagnons\" src=\"https:\/\/shared.fastly.steamstatic.com\/store_item_assets\/steam\/apps\/760800\/extras\/TOW_GIF_03.gif?t=1639593121\" alt=\"The Outer Worlds 2 pour PC - Compagnons Attachants\" \/><\/p>\n<div class=\"lies-of-p-card-content\">\n<h3>COMPAGNONS ATTACHANTS<\/h3>\n<p>Recrutez un \u00e9quipage diversifi\u00e9 de compagnons m\u00e9morables, chacun avec ses propres histoires, comp\u00e9tences et bizarreries hilarantes.<\/p>\n<\/div>\n<\/div>\n<\/div>\n<\/div>\n<\/div>\n","protected":false},"excerpt":{"rendered":"<table class=\"info-table\">\n<thead>\n<tr class=\"header-row\">\n<th>Status<\/th>\n<th>INFORMATION<\/th>\n<\/tr>\n<\/thead>\n<tbody>\n<tr>\n<td class=\"status-cell\">\n<div class=\"status-title\">\ud83d\ude80 IMMEDIATE DELIVERY<\/div>\n<div class=\"status-subtitle\">Get instant access<\/div>\n<\/td>\n<td class=\"info-cell\">\n<div class=\"info-box\">\n<div class=\"info-title\">ATTENTION<\/div>\n<div class=\"info-content\">READ THE DESCRIPTION<\/div>\n<\/div>\n<\/td>\n<\/tr>\n<tr>\n<td class=\"status-cell\">\n<div class=\"status-title\">\ud83d\udcb0 Is this site trustworthy?<\/div>\n<div class=\"status-subtitle\">+ 4 years selling games<\/div>\n<\/td>\n<td class=\"info-cell\">\n<div class=\"info-box\">\n<div class=\"info-title\">Acess:<\/div>\n<div class=\"info-content\">\n<div data-src=\"https:\/\/cdn.trustindex.io\/loader.js?7fd81be38eb695098c8683dcf1c\"><\/div>\n<\/div>\n<\/div>\n<\/td>\n<\/tr>\n<\/tbody>\n<\/table>\n","protected":false},"featured_media":7107048,"comment_status":"open","ping_status":"closed","template":"","meta":[],"product_brand":[],"product_cat":[742,743,634,859,768],"product_tag":[762],"class_list":{"0":"post-7107054","1":"product","2":"type-product","3":"status-publish","4":"has-post-thumbnail","6":"product_cat-action","7":"product_cat-aventure","8":"product_cat-jeux","9":"product_cat-nouveautes","10":"product_cat-rpg","11":"product_tag-science-fiction","13":"first","14":"instock","15":"downloadable","16":"virtual","17":"purchasable","18":"product-type-simple"},"exclude_global_add_ons":[],"addons":[],"_links":{"self":[{"href":"https:\/\/gamesbestprices.com\/fr\/wp-json\/wp\/v2\/product\/7107054","targetHints":{"allow":["GET"]}}],"collection":[{"href":"https:\/\/gamesbestprices.com\/fr\/wp-json\/wp\/v2\/product"}],"about":[{"href":"https:\/\/gamesbestprices.com\/fr\/wp-json\/wp\/v2\/types\/product"}],"replies":[{"embeddable":true,"href":"https:\/\/gamesbestprices.com\/fr\/wp-json\/wp\/v2\/comments?post=7107054"}],"wp:featuredmedia":[{"embeddable":true,"href":"https:\/\/gamesbestprices.com\/fr\/wp-json\/wp\/v2\/media\/7107048"}],"wp:attachment":[{"href":"https:\/\/gamesbestprices.com\/fr\/wp-json\/wp\/v2\/media?parent=7107054"}],"wp:term":[{"taxonomy":"product_brand","embeddable":true,"href":"https:\/\/gamesbestprices.com\/fr\/wp-json\/wp\/v2\/product_brand?post=7107054"},{"taxonomy":"product_cat","embeddable":true,"href":"https:\/\/gamesbestprices.com\/fr\/wp-json\/wp\/v2\/product_cat?post=7107054"},{"taxonomy":"product_tag","embeddable":true,"href":"https:\/\/gamesbestprices.com\/fr\/wp-json\/wp\/v2\/product_tag?post=7107054"}],"curies":[{"name":"wp","href":"https:\/\/api.w.org\/{rel}","templated":true}]}}