{"id":7107044,"date":"2026-04-09T09:40:52","date_gmt":"2026-04-09T09:40:52","guid":{"rendered":""},"modified":"2026-04-09T09:42:00","modified_gmt":"2026-04-09T09:42:00","slug":"code-vein-ii-ultimate-edition-pc-steam-offline-fr","status":"publish","type":"product","link":"https:\/\/gamesbestprices.com\/fr\/produit\/code-vein-ii-ultimate-edition-pc-steam-offline-fr\/","title":{"rendered":"Code Vein II Ultimate Edition PC Steam Offline"},"content":{"rendered":"<p><!-- CODE VEIN II ULTIMATE EDITION - Clean HTML with CSS Classes --><\/p>\n<div class=\"lies-of-p-container\">\n<p><!-- Main Banner --><\/p>\n<div class=\"lies-of-p-banner\">\n<h1>CODE VEIN II ULTIMATE EDITION PC STEAM OFFLINE<\/h1>\n<p>Le combat pour l&rsquo;avenir de l&rsquo;humanit\u00e9 continue dans une nouvelle \u00e8re du RPG d&rsquo;action acclam\u00e9.<\/p>\n<\/div>\n<p><!-- Purchase Alert --><\/p>\n<div class=\"lies-of-p-alerta\">\u26a0\ufe0f NOUVEL \u00c9VEIL &#8211; RPG D&rsquo;ACTION ULTIME ! \u26a0\ufe0f<\/div>\n<p><!-- Offline Mode --><\/p>\n<div class=\"lies-of-p-offline\">\n<h3>\ud83c\udfae PROFITEZ HORS LIGNE AVEC UN MAXIMUM D&rsquo;\u00c9CONOMIES ! \ud83c\udfae<\/h3>\n<p>Profitez du mode <strong>HORS LIGNE<\/strong> en toute libert\u00e9 !<\/p>\n<div class=\"lies-of-p-beneficios\">\n<p>\u2705 Vous utiliserez les <strong>IDENTIFIANTS D&rsquo;ACC\u00c8S (COMPTE UNIQUE)<\/strong> que nous vous fournirons<\/p>\n<p>\u2705 <strong>JOUEZ VIA LE COMPTE FOURNI<\/strong> sans obstacles<\/p>\n<p>\u2705 Acc\u00e8s complet au titre et \u00e0 tous les patchs<\/p>\n<\/div>\n<p class=\"lies-of-p-economia\">Vous pourrez jouer en toute fluidit\u00e9 quand vous le souhaitez<\/p>\n<p class=\"lies-of-p-economia-destaque\">\ud83d\udcb0 \u00c9CONOMISEZ BEAUCOUP et \ud83c\udfaf AMUSEZ-VOUS \u00c9NORM\u00c9MENT !<\/p>\n<\/div>\n<p><!-- Promotional Video --><\/p>\n<div class=\"lies-of-p-video\">\n<h2>Regardez la bande-annonce de Code Vein II Ultimate Edition<\/h2>\n<div class=\"lies-of-p-video-container\">\n<div class=\"lies-of-p-video-responsive\"><iframe title=\"Lecteur vid\u00e9o YouTube\" src=\"https:\/\/www.youtube-nocookie.com\/embed\/YnbM5YCJSlo\" frameborder=\"0\" allowfullscreen=\"allowfullscreen\"><\/iframe><\/div>\n<\/div>\n<\/div>\n<p><!-- System Requirements --><\/p>\n<div class=\"lies-of-p-requisitos\">\n<h2>Sp\u00e9cifications Syst\u00e8me<\/h2>\n<div class=\"lies-of-p-requisitos-grid\">\n<p><!-- Minimum Requirements --><\/p>\n<div class=\"lies-of-p-requisitos-box\">\n<h3>Minimum<\/h3>\n<ul class=\"lies-of-p-requisitos-lista\">\n<li>\u25b9<strong>OS:<\/strong> \u00c0 annoncer<\/li>\n<li>\u25b9<strong>Processeur:<\/strong> \u00c0 annoncer<\/li>\n<li>\u25b9<strong>M\u00e9moire:<\/strong> \u00c0 annoncer<\/li>\n<li>\u25b9<strong>Carte Graphique:<\/strong> \u00c0 annoncer<\/li>\n<li>\u25b9<strong>DirectX:<\/strong> \u00c0 annoncer<\/li>\n<li>\u25b9<strong>Stockage:<\/strong> \u00c0 annoncer<\/li>\n<\/ul>\n<\/div>\n<p><!-- Recommended Requirements --><\/p>\n<div class=\"lies-of-p-requisitos-box\">\n<h3>Recommand\u00e9<\/h3>\n<ul class=\"lies-of-p-requisitos-lista\">\n<li>\u25b9<strong>OS:<\/strong> \u00c0 annoncer<\/li>\n<li>\u25b9<strong>Processeur:<\/strong> \u00c0 annoncer<\/li>\n<li>\u25b9<strong>M\u00e9moire:<\/strong> \u00c0 annoncer<\/li>\n<li>\u25b9<strong>Carte Graphique:<\/strong> \u00c0 annoncer<\/li>\n<li>\u25b9<strong>DirectX:<\/strong> \u00c0 annoncer<\/li>\n<li>\u25b9<strong>Stockage:<\/strong> \u00c0 annoncer<\/li>\n<\/ul>\n<\/div>\n<\/div>\n<\/div>\n<p><!-- About the Game --><\/p>\n<div class=\"lies-of-p-sobre\">\n<h2>\u00c0 propos de Code Vein II Ultimate Edition<\/h2>\n<p><strong>\u00c9veillez votre pouvoir. Forgez votre destin.<\/strong><\/p>\n<p>Acheter <strong>Code Vein II Ultimate Edition PC<\/strong> signifie plonger dans la suite tr\u00e8s attendue du RPG d&rsquo;action acclam\u00e9. Pr\u00e9parez-vous \u00e0 affronter de nouvelles horreurs, \u00e0 \u00e9veiller de nouveaux pouvoirs et \u00e0 d\u00e9couvrir des myst\u00e8res plus profonds dans <strong>Code Vein II Ultimate Edition Steam<\/strong>.<\/p>\n<p>Avec un combat am\u00e9lior\u00e9, une personnalisation plus pouss\u00e9e et une narration captivante, <strong>Code Vein II Ultimate Edition pour PC<\/strong> repousse les limites du genre. Retournez dans le monde d\u00e9sol\u00e9 de Vein, combattez les \u00c9gar\u00e9s et r\u00e9clamez l&rsquo;avenir de l&rsquo;humanit\u00e9 avec de nouveaux Voiles de Sang et Dons \u00e0 votre disposition.<\/p>\n<p><strong>\u00ab\u00a0L&rsquo;\u00e9dition ultime pour le d\u00e9fi ultime.\u00a0\u00bb<\/strong><\/p>\n<\/div>\n<p><!-- Features in Cards --><\/p>\n<div class=\"lies-of-p-destaques\">\n<h2>Fonctionnalit\u00e9s du Jeu<\/h2>\n<div class=\"lies-of-p-cards-grid\">\n<p><!-- Card 1: Intense Action RPG Combat --><\/p>\n<div class=\"lies-of-p-card\">\n<p><img decoding=\"async\" title=\"Code Vein II Ultimate Edition PC - Combat d'Action\" src=\"https:\/\/shared.fastly.steamstatic.com\/store_item_assets\/steam\/apps\/3764200\/extras\/Steam_GIF_01_RE.gif?t=1750810100\" alt=\"Code Vein II Ultimate Edition PC Steam Offline - Combat RPG d'Action Intense\" \/><\/p>\n<div class=\"lies-of-p-card-content\">\n<h3>COMBAT RPG D&rsquo;ACTION INTENSE<\/h3>\n<p>Engagez-vous dans un combat palpitant et rapide contre des ennemis redoutables, ma\u00eetrisant de nouveaux Voiles de Sang et Dons pour surmonter les d\u00e9fis.<\/p>\n<\/div>\n<\/div>\n<p><!-- Card 2: Deep Character Customization --><\/p>\n<div class=\"lies-of-p-card\">\n<p><img decoding=\"async\" title=\"Code Vein II Ultimate Edition Steam - Personnalisation\" src=\"https:\/\/shared.fastly.steamstatic.com\/store_item_assets\/steam\/apps\/3764200\/extras\/Steam_GIF_02.gif?t=1750810100\" alt=\"Acheter Code Vein II Ultimate Edition PC - Personnalisation Profonde des Personnages\" \/><\/p>\n<div class=\"lies-of-p-card-content\">\n<h3>PERSONNALISATION PROFONDE DES PERSONNAGES<\/h3>\n<p>Cr\u00e9ez votre Revenant unique avec des options de cr\u00e9ation de personnage, de Code Sanguin et de personnalisation des Dons \u00e9tendues pour s&rsquo;adapter \u00e0 votre style de jeu.<\/p>\n<\/div>\n<\/div>\n<p><!-- Card 3: Gripping Post-Apocalyptic World --><\/p>\n<div class=\"lies-of-p-card\">\n<p><img decoding=\"async\" title=\"Code Vein II Ultimate Edition - Monde Post-Apocalyptique\" src=\"https:\/\/shared.fastly.steamstatic.com\/store_item_assets\/steam\/apps\/3764200\/extras\/Steam_GIF_04.gif?t=1750810100\" alt=\"Code Vein II Ultimate Edition pour PC - Monde Post-Apocalyptique\" \/><\/p>\n<div class=\"lies-of-p-card-content\">\n<h3>MONDE POST-APOCALYPTIQUE CAPTIVANT<\/h3>\n<p>Explorez un monde d\u00e9sol\u00e9 mais magnifique, d\u00e9couvrez ses myst\u00e8res et luttez pour la survie de l&rsquo;humanit\u00e9 contre les \u00c9gar\u00e9s envahissants.<\/p>\n<\/div>\n<\/div>\n<\/div>\n<\/div>\n<\/div>\n","protected":false},"excerpt":{"rendered":"<table class=\"info-table\">\n<thead>\n<tr class=\"header-row\">\n<th>Status<\/th>\n<th>INFORMATION<\/th>\n<\/tr>\n<\/thead>\n<tbody>\n<tr>\n<td class=\"status-cell\">\n<div class=\"status-title\">\ud83d\ude80 IMMEDIATE DELIVERY<\/div>\n<div class=\"status-subtitle\">Get instant access<\/div>\n<\/td>\n<td class=\"info-cell\">\n<div class=\"info-box\">\n<div class=\"info-title\">ATTENTION<\/div>\n<div class=\"info-content\">READ THE DESCRIPTION<\/div>\n<\/div>\n<\/td>\n<\/tr>\n<tr>\n<td class=\"status-cell\">\n<div class=\"status-title\">\ud83d\udcb0 Is this site trustworthy?<\/div>\n<div class=\"status-subtitle\">+ 4 years selling games<\/div>\n<\/td>\n<td class=\"info-cell\">\n<div class=\"info-box\">\n<div class=\"info-title\">Acess:<\/div>\n<div class=\"info-content\">\n<div data-src=\"https:\/\/cdn.trustindex.io\/loader.js?7fd81be38eb695098c8683dcf1c\"><\/div>\n<\/div>\n<\/div>\n<\/td>\n<\/tr>\n<\/tbody>\n<\/table>\n","protected":false},"featured_media":7107038,"comment_status":"open","ping_status":"closed","template":"","meta":[],"product_brand":[],"product_cat":[742,634,859,768],"product_tag":[710,789],"class_list":{"0":"post-7107044","1":"product","2":"type-product","3":"status-publish","4":"has-post-thumbnail","6":"product_cat-action","7":"product_cat-jeux","8":"product_cat-nouveautes","9":"product_cat-rpg","10":"product_tag-anime","11":"product_tag-souls-like","13":"first","14":"instock","15":"downloadable","16":"virtual","17":"purchasable","18":"product-type-simple"},"exclude_global_add_ons":[],"addons":[],"_links":{"self":[{"href":"https:\/\/gamesbestprices.com\/fr\/wp-json\/wp\/v2\/product\/7107044","targetHints":{"allow":["GET"]}}],"collection":[{"href":"https:\/\/gamesbestprices.com\/fr\/wp-json\/wp\/v2\/product"}],"about":[{"href":"https:\/\/gamesbestprices.com\/fr\/wp-json\/wp\/v2\/types\/product"}],"replies":[{"embeddable":true,"href":"https:\/\/gamesbestprices.com\/fr\/wp-json\/wp\/v2\/comments?post=7107044"}],"wp:featuredmedia":[{"embeddable":true,"href":"https:\/\/gamesbestprices.com\/fr\/wp-json\/wp\/v2\/media\/7107038"}],"wp:attachment":[{"href":"https:\/\/gamesbestprices.com\/fr\/wp-json\/wp\/v2\/media?parent=7107044"}],"wp:term":[{"taxonomy":"product_brand","embeddable":true,"href":"https:\/\/gamesbestprices.com\/fr\/wp-json\/wp\/v2\/product_brand?post=7107044"},{"taxonomy":"product_cat","embeddable":true,"href":"https:\/\/gamesbestprices.com\/fr\/wp-json\/wp\/v2\/product_cat?post=7107044"},{"taxonomy":"product_tag","embeddable":true,"href":"https:\/\/gamesbestprices.com\/fr\/wp-json\/wp\/v2\/product_tag?post=7107044"}],"curies":[{"name":"wp","href":"https:\/\/api.w.org\/{rel}","templated":true}]}}