{"id":7107034,"date":"2026-04-09T09:32:46","date_gmt":"2026-04-09T09:32:46","guid":{"rendered":""},"modified":"2026-04-09T09:34:17","modified_gmt":"2026-04-09T09:34:17","slug":"nioh-3-deluxe-edition-pc-steam-offline-fr","status":"publish","type":"product","link":"https:\/\/gamesbestprices.com\/fr\/produit\/nioh-3-deluxe-edition-pc-steam-offline-fr\/","title":{"rendered":"Nioh 3 Deluxe Edition PC Steam Offline"},"content":{"rendered":"<p><!-- NIOH 3 DELUXE EDITION PC STEAM OFFLINE - HTML propre avec des classes CSS --><\/p>\n<div class=\"lies-of-p-container\">\n<p><!-- Banni\u00e8re principale --><\/p>\n<div class=\"lies-of-p-banner\">\n<h1>NIOH 3 DELUXE EDITION PC STEAM OFFLINE<\/h1>\n<p>Embarquez pour un nouveau voyage en tant que ma\u00eetre samoura\u00ef.<\/p>\n<\/div>\n<p><!-- Alerte d'achat --><\/p>\n<div class=\"lies-of-p-alerta\">\u26a0\ufe0f NOUVELLE \u00c8RE D&rsquo;ACTION SAMOURA\u00cf &#8211; LE TUEUR DE YOKAI D\u00c9FINITIF ! \u26a0\ufe0f<\/div>\n<p><!-- Mode hors ligne --><\/p>\n<div class=\"lies-of-p-offline\">\n<h3>\ud83c\udfae PROFITEZ HORS LIGNE AVEC UN MAXIMUM D&rsquo;\u00c9CONOMIES ! \ud83c\udfae<\/h3>\n<p>Profitez du mode <strong>HORS LIGNE<\/strong> en toute libert\u00e9 !<\/p>\n<div class=\"lies-of-p-beneficios\">\n<p>\u2705 Vous utiliserez les <strong>IDENTIFIANTS D&rsquo;ACC\u00c8S (COMPTE UNIQUE)<\/strong> que nous vous fournirons<\/p>\n<p>\u2705 <strong>JOUEZ VIA LE COMPTE FOURNI<\/strong> sans obstacles<\/p>\n<p>\u2705 Acc\u00e8s complet au titre et \u00e0 tous les correctifs<\/p>\n<\/div>\n<p class=\"lies-of-p-economia\">Vous pourrez jouer en toute fluidit\u00e9 quand vous le souhaitez<\/p>\n<p class=\"lies-of-p-economia-destaque\">\ud83d\udcb0 \u00c9CONOMISEZ BEAUCOUP et \ud83c\udfaf AMUSEZ-VOUS \u00c9NORM\u00c9MENT !<\/p>\n<\/div>\n<p><!-- Vid\u00e9o promotionnelle --><\/p>\n<div class=\"lies-of-p-video\">\n<h2>Regardez la bande-annonce de Nioh 3<\/h2>\n<div class=\"lies-of-p-video-container\">\n<div class=\"lies-of-p-video-responsive\"><iframe title=\"Lecteur vid\u00e9o YouTube\" src=\"https:\/\/www.youtube-nocookie.com\/embed\/30C75tjO3ms\" frameborder=\"0\" allowfullscreen=\"allowfullscreen\"><\/iframe><\/div>\n<\/div>\n<\/div>\n<p><!-- Configuration requise --><\/p>\n<div class=\"lies-of-p-requisitos\">\n<h2>Sp\u00e9cifications syst\u00e8me<\/h2>\n<div class=\"lies-of-p-requisitos-grid\">\n<p><!-- Configuration minimale --><\/p>\n<div class=\"lies-of-p-requisitos-box\">\n<h3>Minimale<\/h3>\n<ul class=\"lies-of-p-requisitos-lista\">\n<li>\u25b9<strong>OS:<\/strong> \u00c0 annoncer<\/li>\n<li>\u25b9<strong>Processeur:<\/strong> \u00c0 annoncer<\/li>\n<li>\u25b9<strong>M\u00e9moire:<\/strong> \u00c0 annoncer<\/li>\n<li>\u25b9<strong>Carte graphique:<\/strong> \u00c0 annoncer<\/li>\n<li>\u25b9<strong>DirectX:<\/strong> \u00c0 annoncer<\/li>\n<li>\u25b9<strong>Stockage:<\/strong> \u00c0 annoncer<\/li>\n<\/ul>\n<\/div>\n<p><!-- Configuration recommand\u00e9e --><\/p>\n<div class=\"lies-of-p-requisitos-box\">\n<h3>Recommand\u00e9e<\/h3>\n<ul class=\"lies-of-p-requisitos-lista\">\n<li>\u25b9<strong>OS:<\/strong> \u00c0 annoncer<\/li>\n<li>\u25b9<strong>Processeur:<\/strong> \u00c0 annoncer<\/li>\n<li>\u25b9<strong>M\u00e9moire:<\/strong> \u00c0 annoncer<\/li>\n<li>\u25b9<strong>Carte graphique:<\/strong> \u00c0 annoncer<\/li>\n<li>\u25b9<strong>DirectX:<\/strong> \u00c0 annoncer<\/li>\n<li>\u25b9<strong>Stockage:<\/strong> \u00c0 annoncer<\/li>\n<\/ul>\n<\/div>\n<\/div>\n<\/div>\n<p><!-- \u00c0 propos du jeu --><\/p>\n<div class=\"lies-of-p-sobre\">\n<h2>\u00c0 propos de Nioh 3<\/h2>\n<p><strong>Forgez votre l\u00e9gende. Conqu\u00e9rez les Yokai.<\/strong><\/p>\n<p>Acheter <strong>Nioh 3 PC<\/strong>, c&rsquo;est d\u00e9couvrir la prochaine \u00e9volution de la s\u00e9rie Nioh. Pr\u00e9parez-vous \u00e0 affronter des d\u00e9mons implacables et \u00e0 ma\u00eetriser l&rsquo;art du combat dans une exp\u00e9rience exigeante et gratifiante qui mettra vos comp\u00e9tences \u00e0 l&rsquo;\u00e9preuve dans <strong>Nioh 3 Steam<\/strong>.<\/p>\n<p>S&rsquo;appuyant sur ses pr\u00e9d\u00e9cesseurs acclam\u00e9s par la critique, Nioh 3 offre des m\u00e9canismes de combat plus profonds, un r\u00e9cit riche se d\u00e9roulant dans un Japon Sengoku de dark fantasy, et un gameplay plus immersif que jamais dans <strong>Nioh 3 pour PC<\/strong>. Poursuivez votre saga \u00e9pique en tant que guerrier exp\u00e9riment\u00e9 dans un pays ravag\u00e9 par la guerre et les menaces surnaturelles.<\/p>\n<p><strong>\u00ab\u00a0L&rsquo;exp\u00e9rience ultime du RPG d&rsquo;action samoura\u00ef vous attend.\u00a0\u00bb<\/strong><\/p>\n<\/div>\n<p><!-- Fonctionnalit\u00e9s en cartes --><\/p>\n<div class=\"lies-of-p-destaques\">\n<h2>Fonctionnalit\u00e9s du jeu<\/h2>\n<div class=\"lies-of-p-cards-grid\">\n<p><!-- Carte 1 : Combat brutal --><\/p>\n<div class=\"lies-of-p-card\">\n<p><img decoding=\"async\" title=\"Nioh 3 pour PC - Combat brutal\" src=\"https:\/\/shared.fastly.steamstatic.com\/store_item_assets\/steam\/apps\/3764200\/extras\/Steam_GIF_01_RE.gif?t=1750810100\" alt=\"Nioh 3 PC Steam Offline - Combat samoura\u00ef brutal\" \/><\/p>\n<div class=\"lies-of-p-card-content\">\n<h3>COMBAT SAMOURA\u00cf BRUTAL<\/h3>\n<p>Ma\u00eetrisez la voie du samoura\u00ef et d\u00e9cha\u00eenez des attaques d\u00e9vastatrices contre de redoutables Yokai et ennemis humains.<\/p>\n<\/div>\n<\/div>\n<p><!-- Carte 2 : Cadre du Japon f\u00e9odal --><\/p>\n<div class=\"lies-of-p-card\">\n<p><img decoding=\"async\" title=\"Nioh 3 Steam - Japon f\u00e9odal\" src=\"https:\/\/shared.fastly.steamstatic.com\/store_item_assets\/steam\/apps\/3764200\/extras\/Steam_GIF_02.gif?t=1750810100\" alt=\"Acheter Nioh 3 PC - Cadre du Japon f\u00e9odal\" \/><\/p>\n<div class=\"lies-of-p-card-content\">\n<h3>CADRE DU JAPON F\u00c9ODAL<\/h3>\n<p>Voyagez \u00e0 travers une interpr\u00e9tation dark fantasy du Japon de l&rsquo;\u00e8re Sengoku, regorgeant de cr\u00e9atures mythiques et de personnages historiques.<\/p>\n<\/div>\n<\/div>\n<p><!-- Carte 3 : M\u00e9caniques RPG profondes --><\/p>\n<div class=\"lies-of-p-card\">\n<p><img decoding=\"async\" title=\"Nioh 3 - RPG profond\" src=\"https:\/\/shared.fastly.steamstatic.com\/store_item_assets\/steam\/apps\/3764200\/extras\/Steam_GIF_04.gif?t=1750810100\" alt=\"Nioh 3 pour PC - M\u00e9caniques RPG\" \/><\/p>\n<div class=\"lies-of-p-card-content\">\n<h3>M\u00c9CANIQUES RPG PROFONDES<\/h3>\n<p>Personnalisez votre personnage, perfectionnez vos comp\u00e9tences et collectez un \u00e9quipement puissant pour surmonter les rencontres les plus difficiles.<\/p>\n<\/div>\n<\/div>\n<\/div>\n<\/div>\n<\/div>\n","protected":false},"excerpt":{"rendered":"<table class=\"info-table\">\n<thead>\n<tr class=\"header-row\">\n<th>Status<\/th>\n<th>INFORMATION<\/th>\n<\/tr>\n<\/thead>\n<tbody>\n<tr>\n<td class=\"status-cell\">\n<div class=\"status-title\">\ud83d\ude80 IMMEDIATE DELIVERY<\/div>\n<div class=\"status-subtitle\">Get instant access<\/div>\n<\/td>\n<td class=\"info-cell\">\n<div class=\"info-box\">\n<div class=\"info-title\">ATTENTION<\/div>\n<div class=\"info-content\">READ THE DESCRIPTION<\/div>\n<\/div>\n<\/td>\n<\/tr>\n<tr>\n<td class=\"status-cell\">\n<div class=\"status-title\">\ud83d\udcb0 Is this site trustworthy?<\/div>\n<div class=\"status-subtitle\">+ 4 years selling games<\/div>\n<\/td>\n<td class=\"info-cell\">\n<div class=\"info-box\">\n<div class=\"info-title\">Acess:<\/div>\n<div class=\"info-content\">\n<div data-src=\"https:\/\/cdn.trustindex.io\/loader.js?7fd81be38eb695098c8683dcf1c\"><\/div>\n<\/div>\n<\/div>\n<\/td>\n<\/tr>\n<\/tbody>\n<\/table>\n","protected":false},"featured_media":7107028,"comment_status":"open","ping_status":"closed","template":"","meta":[],"product_brand":[],"product_cat":[742,634,859,768],"product_tag":[789],"class_list":{"0":"post-7107034","1":"product","2":"type-product","3":"status-publish","4":"has-post-thumbnail","6":"product_cat-action","7":"product_cat-jeux","8":"product_cat-nouveautes","9":"product_cat-rpg","10":"product_tag-souls-like","12":"first","13":"instock","14":"downloadable","15":"virtual","16":"purchasable","17":"product-type-simple"},"exclude_global_add_ons":[],"addons":[],"_links":{"self":[{"href":"https:\/\/gamesbestprices.com\/fr\/wp-json\/wp\/v2\/product\/7107034","targetHints":{"allow":["GET"]}}],"collection":[{"href":"https:\/\/gamesbestprices.com\/fr\/wp-json\/wp\/v2\/product"}],"about":[{"href":"https:\/\/gamesbestprices.com\/fr\/wp-json\/wp\/v2\/types\/product"}],"replies":[{"embeddable":true,"href":"https:\/\/gamesbestprices.com\/fr\/wp-json\/wp\/v2\/comments?post=7107034"}],"wp:featuredmedia":[{"embeddable":true,"href":"https:\/\/gamesbestprices.com\/fr\/wp-json\/wp\/v2\/media\/7107028"}],"wp:attachment":[{"href":"https:\/\/gamesbestprices.com\/fr\/wp-json\/wp\/v2\/media?parent=7107034"}],"wp:term":[{"taxonomy":"product_brand","embeddable":true,"href":"https:\/\/gamesbestprices.com\/fr\/wp-json\/wp\/v2\/product_brand?post=7107034"},{"taxonomy":"product_cat","embeddable":true,"href":"https:\/\/gamesbestprices.com\/fr\/wp-json\/wp\/v2\/product_cat?post=7107034"},{"taxonomy":"product_tag","embeddable":true,"href":"https:\/\/gamesbestprices.com\/fr\/wp-json\/wp\/v2\/product_tag?post=7107034"}],"curies":[{"name":"wp","href":"https:\/\/api.w.org\/{rel}","templated":true}]}}