{"id":7107024,"date":"2026-04-09T09:31:07","date_gmt":"2026-04-09T09:31:07","guid":{"rendered":""},"modified":"2026-04-09T09:32:25","modified_gmt":"2026-04-09T09:32:25","slug":"dragon-quest-vii-reimagined-pc-steam-offline-fr","status":"publish","type":"product","link":"https:\/\/gamesbestprices.com\/fr\/produit\/dragon-quest-vii-reimagined-pc-steam-offline-fr\/","title":{"rendered":"Dragon Quest VII Reimagined PC Steam Offline"},"content":{"rendered":"<p><!-- DRAGON QUEST VII REIMAGINED PC STEAM OFFLINE - Clean HTML with CSS Classes --><\/p>\n<div class=\"lies-of-p-container\">\n<p><!-- Main Banner --><\/p>\n<div class=\"lies-of-p-banner\">\n<h1>DRAGON QUEST VII REIMAGINED PC STEAM OFFLINE<\/h1>\n<p>Partez pour un voyage \u00e9pique afin de restaurer un monde perdu.<\/p>\n<\/div>\n<p><!-- Purchase Alert --><\/p>\n<div class=\"lies-of-p-alerta\">\u2728 REVIVEZ UNE AVENTURE INTEMPORELLE &#8211; RESTAUREZ LE MONDE ! \u2728<\/div>\n<p><!-- Offline Mode --><\/p>\n<div class=\"lies-of-p-offline\">\n<h3>\ud83c\udfae PROFITEZ HORS LIGNE AVEC UN MAXIMUM D&rsquo;\u00c9CONOMIES ! \ud83c\udfae<\/h3>\n<p>Profitez du mode <strong>HORS LIGNE<\/strong> en toute libert\u00e9 !<\/p>\n<div class=\"lies-of-p-beneficios\">\n<p>\u2705 Vous utiliserez les <strong>IDENTIFIANTS D&rsquo;ACC\u00c8S (COMPTE UNIQUE)<\/strong> que nous vous fournirons<\/p>\n<p>\u2705 <strong>JOUEZ VIA LE COMPTE FOURNI<\/strong> sans obstacles<\/p>\n<p>\u2705 Acc\u00e8s complet au titre et \u00e0 tous les patchs<\/p>\n<\/div>\n<p class=\"lies-of-p-economia\">Vous pourrez jouer en toute fluidit\u00e9 quand vous le souhaitez<\/p>\n<p class=\"lies-of-p-economia-destaque\">\ud83d\udcb0 \u00c9CONOMISEZ BEAUCOUP et \ud83c\udfaf AMUSEZ-VOUS \u00c9NORM\u00c9MENT !<\/p>\n<\/div>\n<p><!-- Promotional Video --><\/p>\n<div class=\"lies-of-p-video\">\n<h2>Regardez la bande-annonce de Dragon Quest VII Reimagined<\/h2>\n<div class=\"lies-of-p-video-container\">\n<div class=\"lies-of-p-video-responsive\"><iframe title=\"YouTube video player\" src=\"https:\/\/www.youtube-nocookie.com\/embed\/KGkHQsvMmWc\" frameborder=\"0\" allowfullscreen=\"allowfullscreen\"><\/iframe><\/div>\n<\/div>\n<\/div>\n<p><!-- System Requirements --><\/p>\n<div class=\"lies-of-p-requisitos\">\n<h2>Sp\u00e9cifications Syst\u00e8me<\/h2>\n<div class=\"lies-of-p-requisitos-grid\">\n<p><!-- Minimum Requirements --><\/p>\n<div class=\"lies-of-p-requisitos-box\">\n<h3>Minimum<\/h3>\n<ul class=\"lies-of-p-requisitos-lista\">\n<li>\u25b9<strong>OS:<\/strong> \u00c0 annoncer<\/li>\n<li>\u25b9<strong>Processeur:<\/strong> \u00c0 annoncer<\/li>\n<li>\u25b9<strong>M\u00e9moire:<\/strong> \u00c0 annoncer<\/li>\n<li>\u25b9<strong>Carte Graphique:<\/strong> \u00c0 annoncer<\/li>\n<li>\u25b9<strong>DirectX:<\/strong> \u00c0 annoncer<\/li>\n<li>\u25b9<strong>Stockage:<\/strong> \u00c0 annoncer<\/li>\n<\/ul>\n<\/div>\n<p><!-- Recommended Requirements --><\/p>\n<div class=\"lies-of-p-requisitos-box\">\n<h3>Recommand\u00e9<\/h3>\n<ul class=\"lies-of-p-requisitos-lista\">\n<li>\u25b9<strong>OS:<\/strong> \u00c0 annoncer<\/li>\n<li>\u25b9<strong>Processeur:<\/strong> \u00c0 annoncer<\/li>\n<li>\u25b9<strong>M\u00e9moire:<\/strong> \u00c0 annoncer<\/li>\n<li>\u25b9<strong>Carte Graphique:<\/strong> \u00c0 annoncer<\/li>\n<li>\u25b9<strong>DirectX:<\/strong> \u00c0 annoncer<\/li>\n<li>\u25b9<strong>Stockage:<\/strong> \u00c0 annoncer<\/li>\n<\/ul>\n<\/div>\n<\/div>\n<\/div>\n<p><!-- About the Game --><\/p>\n<div class=\"lies-of-p-sobre\">\n<h2>\u00c0 propos de Dragon Quest VII Reimagined<\/h2>\n<p><strong>D\u00e9couvrez le pass\u00e9. Forgez l&rsquo;avenir.<\/strong><\/p>\n<p>Acheter <strong>Dragon Quest VII Reimagined PC<\/strong> signifie embarquer pour une grande aventure afin de restaurer un monde bris\u00e9. Pr\u00e9parez-vous \u00e0 voyager \u00e0 travers le temps et les dimensions, \u00e0 rencontrer des personnages m\u00e9morables et \u00e0 combattre des ennemis redoutables dans <strong>Dragon Quest VII Reimagined Steam<\/strong>.<\/p>\n<p>Avec de nouveaux visuels \u00e9poustouflants et une exp\u00e9rience am\u00e9lior\u00e9e, ce classique bien-aim\u00e9 prend vie comme jamais auparavant dans <strong>Dragon Quest VII Reimagined for PC<\/strong>. Voyagez vers des \u00eeles oubli\u00e9es et reconstituez l&rsquo;histoire d&rsquo;un monde perdu dans le temps.<\/p>\n<p><strong>\u00ab\u00a0Une \u00e9pop\u00e9e RPG intemporelle, r\u00e9invent\u00e9e pour une nouvelle g\u00e9n\u00e9ration.\u00a0\u00bb<\/strong><\/p>\n<\/div>\n<p><!-- Features in Cards --><\/p>\n<div class=\"lies-of-p-destaques\">\n<h2>Fonctionnalit\u00e9s du Jeu<\/h2>\n<div class=\"lies-of-p-cards-grid\">\n<p><!-- Card 1: Epic JRPG Adventure --><\/p>\n<div class=\"lies-of-p-card\">\n<p><img decoding=\"async\" title=\"Dragon Quest VII Reimagined for PC - Aventure\" src=\"https:\/\/shared.fastly.steamstatic.com\/store_item_assets\/steam\/apps\/3764200\/extras\/Steam_GIF_01_RE.gif?t=1750810100\" alt=\"Dragon Quest VII Reimagined PC Steam Offline - Aventure \u00c9pique\" \/><\/p>\n<div class=\"lies-of-p-card-content\">\n<h3>AVENTURE JRPG \u00c9PIQUE<\/h3>\n<p>Embarquez pour un vaste voyage \u00e0 travers le temps et les dimensions afin de restaurer un monde perdu dans les brumes de l&rsquo;histoire.<\/p>\n<\/div>\n<\/div>\n<p><!-- Card 2: Restore Lost Islands --><\/p>\n<div class=\"lies-of-p-card\">\n<p><img decoding=\"async\" title=\"Dragon Quest VII Reimagined Steam - \u00celes Perdues\" src=\"https:\/\/shared.fastly.steamstatic.com\/store_item_assets\/steam\/apps\/3764200\/extras\/Steam_GIF_02.gif?t=1750810100\" alt=\"Acheter Dragon Quest VII Reimagined PC - Restaurer les \u00celes Perdues\" \/><\/p>\n<div class=\"lies-of-p-card-content\">\n<h3>RESTAURER LES \u00ceLES PERDUES<\/h3>\n<p>D\u00e9couvrez des terres oubli\u00e9es, r\u00e9solvez d&rsquo;anciens myst\u00e8res et ramenez des continents qui ont disparu de la carte.<\/p>\n<\/div>\n<\/div>\n<p><!-- Card 3: Classic Turn-Based Combat --><\/p>\n<div class=\"lies-of-p-card\">\n<p><img decoding=\"async\" title=\"Dragon Quest VII Reimagined - Combat au Tour par Tour\" src=\"https:\/\/shared.fastly.steamstatic.com\/store_item_assets\/steam\/apps\/3764200\/extras\/Steam_GIF_04.gif?t=1750810100\" alt=\"Dragon Quest VII Reimagined for PC - Combat\" \/><\/p>\n<div class=\"lies-of-p-card-content\">\n<h3>COMBAT CLASSIQUE AU TOUR PAR TOUR<\/h3>\n<p>Engagez-vous dans des batailles strat\u00e9giques au tour par tour contre une multitude de monstres embl\u00e9matiques, ma\u00eetrisant de puissants sorts et capacit\u00e9s.<\/p>\n<\/div>\n<\/div>\n<\/div>\n<\/div>\n<\/div>\n","protected":false},"excerpt":{"rendered":"<table class=\"info-table\">\n<thead>\n<tr class=\"header-row\">\n<th>Status<\/th>\n<th>INFORMATION<\/th>\n<\/tr>\n<\/thead>\n<tbody>\n<tr>\n<td class=\"status-cell\">\n<div class=\"status-title\">\ud83d\ude80 IMMEDIATE DELIVERY<\/div>\n<div class=\"status-subtitle\">Get instant access<\/div>\n<\/td>\n<td class=\"info-cell\">\n<div class=\"info-box\">\n<div class=\"info-title\">ATTENTION<\/div>\n<div class=\"info-content\">READ THE DESCRIPTION<\/div>\n<\/div>\n<\/td>\n<\/tr>\n<tr>\n<td class=\"status-cell\">\n<div class=\"status-title\">\ud83d\udcb0 Is this site trustworthy?<\/div>\n<div class=\"status-subtitle\">+ 4 years selling games<\/div>\n<\/td>\n<td class=\"info-cell\">\n<div class=\"info-box\">\n<div class=\"info-title\">Acess:<\/div>\n<div class=\"info-content\">\n<div data-src=\"https:\/\/cdn.trustindex.io\/loader.js?7fd81be38eb695098c8683dcf1c\"><\/div>\n<\/div>\n<\/div>\n<\/td>\n<\/tr>\n<\/tbody>\n<\/table>\n","protected":false},"featured_media":7107018,"comment_status":"open","ping_status":"closed","template":"","meta":[],"product_brand":[],"product_cat":[743,634,859,768],"product_tag":[],"class_list":{"0":"post-7107024","1":"product","2":"type-product","3":"status-publish","4":"has-post-thumbnail","6":"product_cat-aventure","7":"product_cat-jeux","8":"product_cat-nouveautes","9":"product_cat-rpg","11":"first","12":"instock","13":"downloadable","14":"virtual","15":"purchasable","16":"product-type-simple"},"exclude_global_add_ons":[],"addons":[],"_links":{"self":[{"href":"https:\/\/gamesbestprices.com\/fr\/wp-json\/wp\/v2\/product\/7107024","targetHints":{"allow":["GET"]}}],"collection":[{"href":"https:\/\/gamesbestprices.com\/fr\/wp-json\/wp\/v2\/product"}],"about":[{"href":"https:\/\/gamesbestprices.com\/fr\/wp-json\/wp\/v2\/types\/product"}],"replies":[{"embeddable":true,"href":"https:\/\/gamesbestprices.com\/fr\/wp-json\/wp\/v2\/comments?post=7107024"}],"wp:featuredmedia":[{"embeddable":true,"href":"https:\/\/gamesbestprices.com\/fr\/wp-json\/wp\/v2\/media\/7107018"}],"wp:attachment":[{"href":"https:\/\/gamesbestprices.com\/fr\/wp-json\/wp\/v2\/media?parent=7107024"}],"wp:term":[{"taxonomy":"product_brand","embeddable":true,"href":"https:\/\/gamesbestprices.com\/fr\/wp-json\/wp\/v2\/product_brand?post=7107024"},{"taxonomy":"product_cat","embeddable":true,"href":"https:\/\/gamesbestprices.com\/fr\/wp-json\/wp\/v2\/product_cat?post=7107024"},{"taxonomy":"product_tag","embeddable":true,"href":"https:\/\/gamesbestprices.com\/fr\/wp-json\/wp\/v2\/product_tag?post=7107024"}],"curies":[{"name":"wp","href":"https:\/\/api.w.org\/{rel}","templated":true}]}}