{"id":7107014,"date":"2026-04-09T09:29:28","date_gmt":"2026-04-09T09:29:28","guid":{"rendered":""},"modified":"2026-04-09T09:30:50","modified_gmt":"2026-04-09T09:30:50","slug":"reanimal-deluxe-pc-steam-offline-fr","status":"publish","type":"product","link":"https:\/\/gamesbestprices.com\/fr\/produit\/reanimal-deluxe-pc-steam-offline-fr\/","title":{"rendered":"Reanimal Deluxe PC Steam Offline"},"content":{"rendered":"<p><!-- REANIMAL DELUXE PC STEAM OFFLINE - HTML propre avec classes CSS --><\/p>\n<div class=\"lies-of-p-container\">\n<p><!-- Banni\u00e8re principale --><\/p>\n<div class=\"lies-of-p-banner\">\n<h1>REANIMAL DELUXE PC STEAM OFFLINE<\/h1>\n<p>L&rsquo;appel de la nature. R\u00e9pondez-y.<\/p>\n<\/div>\n<p><!-- Alerte d'achat --><\/p>\n<div class=\"lies-of-p-alerta\">\u26a0\ufe0f LIB\u00c9REZ LA B\u00caTE &#8211; LA SURVIE ANIMALE D\u00c9FINITIVE ! \u26a0\ufe0f<\/div>\n<p><!-- Mode hors ligne --><\/p>\n<div class=\"lies-of-p-offline\">\n<h3>\ud83c\udfae PROFITEZ HORS LIGNE AVEC UN MAXIMUM D&rsquo;\u00c9CONOMIES ! \ud83c\udfae<\/h3>\n<p>Profitez du mode <strong>HORS LIGNE<\/strong> en toute libert\u00e9 !<\/p>\n<div class=\"lies-of-p-beneficios\">\n<p>\u2705 Vous utiliserez des <strong>IDENTIFIANTS D&rsquo;ACC\u00c8S (COMPTE UNIQUE)<\/strong> que nous vous fournirons<\/p>\n<p>\u2705 <strong>JOUEZ VIA LE COMPTE FOURNI<\/strong> sans obstacles<\/p>\n<p>\u2705 Acc\u00e8s complet au titre et \u00e0 toutes les mises \u00e0 jour<\/p>\n<\/div>\n<p class=\"lies-of-p-economia\">Vous pourrez jouer en toute fluidit\u00e9 quand vous le souhaitez<\/p>\n<p class=\"lies-of-p-economia-destaque\">\ud83d\udcb0 \u00c9CONOMISEZ BEAUCOUP et \ud83c\udfaf AMUSEZ-VOUS \u00c9NORM\u00c9MENT !<\/p>\n<\/div>\n<p><!-- Vid\u00e9o promotionnelle --><\/p>\n<div class=\"lies-of-p-video\">\n<h2>Regardez la bande-annonce de Reanimal<\/h2>\n<div class=\"lies-of-p-video-container\">\n<div class=\"lies-of-p-video-responsive\"><iframe title=\"Lecteur vid\u00e9o YouTube\" src=\"https:\/\/www.youtube-nocookie.com\/embed\/V6NhwZpqo3Q\" frameborder=\"0\" allowfullscreen=\"allowfullscreen\"><\/iframe><\/div>\n<\/div>\n<\/div>\n<p><!-- Configuration syst\u00e8me requise --><\/p>\n<div class=\"lies-of-p-requisitos\">\n<h2>Sp\u00e9cifications syst\u00e8me<\/h2>\n<div class=\"lies-of-p-requisitos-grid\">\n<p><!-- Configuration minimale requise --><\/p>\n<div class=\"lies-of-p-requisitos-box\">\n<h3>Minimale<\/h3>\n<ul class=\"lies-of-p-requisitos-lista\">\n<li>\u25b9<strong>OS:<\/strong> \u00c0 annoncer<\/li>\n<li>\u25b9<strong>Processeur:<\/strong> \u00c0 annoncer<\/li>\n<li>\u25b9<strong>M\u00e9moire:<\/strong> \u00c0 annoncer<\/li>\n<li>\u25b9<strong>Carte graphique:<\/strong> \u00c0 annoncer<\/li>\n<li>\u25b9<strong>DirectX:<\/strong> \u00c0 annoncer<\/li>\n<li>\u25b9<strong>Stockage:<\/strong> \u00c0 annoncer<\/li>\n<\/ul>\n<\/div>\n<p><!-- Configuration recommand\u00e9e --><\/p>\n<div class=\"lies-of-p-requisitos-box\">\n<h3>Recommand\u00e9e<\/h3>\n<ul class=\"lies-of-p-requisitos-lista\">\n<li>\u25b9<strong>OS:<\/strong> \u00c0 annoncer<\/li>\n<li>\u25b9<strong>Processeur:<\/strong> \u00c0 annoncer<\/li>\n<li>\u25b9<strong>M\u00e9moire:<\/strong> \u00c0 annoncer<\/li>\n<li>\u25b9<strong>Carte graphique:<\/strong> \u00c0 annoncer<\/li>\n<li>\u25b9<strong>DirectX:<\/strong> \u00c0 annoncer<\/li>\n<li>\u25b9<strong>Stockage:<\/strong> \u00c0 annoncer<\/li>\n<\/ul>\n<\/div>\n<\/div>\n<\/div>\n<p><!-- \u00c0 propos du jeu --><\/p>\n<div class=\"lies-of-p-sobre\">\n<h2>\u00c0 propos de Reanimal<\/h2>\n<p><strong>La survie du plus apte. L&rsquo;\u00e9volution de la nature.<\/strong><\/p>\n<p>Acheter <strong>Reanimal PC<\/strong>, c&rsquo;est s&#8217;embarquer dans un voyage \u00e9pique o\u00f9 vous vous transformez et vous adaptez pour survivre. Pr\u00e9parez-vous \u00e0 lib\u00e9rer vos instincts primaires dans une exp\u00e9rience palpitante qui mettra vos limites \u00e0 l&rsquo;\u00e9preuve dans <strong>Reanimal Steam<\/strong>.<\/p>\n<p>Un design de pointe combin\u00e9 \u00e0 une compr\u00e9hension approfondie du r\u00e8gne animal cr\u00e9e un monde d&rsquo;\u00e9cosyst\u00e8mes complexes et un gameplay plus immersif que jamais dans <strong>Reanimal for PC<\/strong>. D\u00e9couvrez des territoires inexplor\u00e9s et ma\u00eetrisez l&rsquo;art de la transformation.<\/p>\n<p><strong>\u00ab\u00a0Une nouvelle \u00e8re de survie primale commence maintenant.\u00a0\u00bb<\/strong><\/p>\n<\/div>\n<p><!-- Fonctionnalit\u00e9s en cartes --><\/p>\n<div class=\"lies-of-p-destaques\">\n<h2>Fonctionnalit\u00e9s du jeu<\/h2>\n<div class=\"lies-of-p-cards-grid\">\n<p><!-- Carte 1 : Instincts primaires --><\/p>\n<div class=\"lies-of-p-card\">\n<p><img decoding=\"async\" title=\"Reanimal PC - Instincts primaires\" src=\"https:\/\/shared.fastly.steamstatic.com\/store_item_assets\/steam\/apps\/3764200\/extras\/Steam_GIF_01_RE.gif?t=1750810100\" alt=\"Reanimal PC Steam Offline - Instincts primaires \u00e9veill\u00e9s\" \/><\/p>\n<div class=\"lies-of-p-card-content\">\n<h3>INSTINCTS PRIMAIRES \u00c9VEILL\u00c9S<\/h3>\n<p>Vivez une survie brute et sauvage en embrassant votre b\u00eate int\u00e9rieure, naviguant dans un monde brutal de pr\u00e9dateurs et de proies.<\/p>\n<\/div>\n<\/div>\n<p><!-- Carte 2 : Explorez la nature sauvage --><\/p>\n<div class=\"lies-of-p-card\">\n<p><img decoding=\"async\" title=\"Reanimal Steam - Nature sauvage indompt\u00e9e\" src=\"https:\/\/shared.fastly.steamstatic.com\/store_item_assets\/steam\/apps\/3764200\/extras\/Steam_GIF_02.gif?t=1750810100\" alt=\"Acheter Reanimal PC - Explorez une vaste nature sauvage\" \/><\/p>\n<div class=\"lies-of-p-card-content\">\n<h3>EXPLOREZ UNE VASTE NATURE SAUVAGE<\/h3>\n<p>Voyagez \u00e0 travers des paysages \u00e9tendus et indompt\u00e9s, des for\u00eats denses aux d\u00e9serts arides, chacun avec ses propres d\u00e9fis uniques et ses secrets cach\u00e9s.<\/p>\n<\/div>\n<\/div>\n<p><!-- Carte 3 : Ma\u00eetrisez les formes animales --><\/p>\n<div class=\"lies-of-p-card\">\n<p><img decoding=\"async\" title=\"Reanimal - Ma\u00eetrisez les formes animales\" src=\"https:\/\/shared.fastly.steamstatic.com\/store_item_assets\/steam\/apps\/3764200\/extras\/Steam_GIF_04.gif?t=1750810100\" alt=\"Reanimal pour PC - Transformez-vous et adaptez-vous\" \/><\/p>\n<div class=\"lies-of-p-card-content\">\n<h3>MA\u00ceTRISEZ LES FORMES ANIMALES<\/h3>\n<p>Transformez-vous en diverses cr\u00e9atures, chacune avec des capacit\u00e9s et des styles de jeu uniques, permettant un gameplay diversifi\u00e9 et une survie strat\u00e9gique.<\/p>\n<\/div>\n<\/div>\n<\/div>\n<\/div>\n<\/div>\n","protected":false},"excerpt":{"rendered":"<table class=\"info-table\">\n<thead>\n<tr class=\"header-row\">\n<th>Status<\/th>\n<th>INFORMATION<\/th>\n<\/tr>\n<\/thead>\n<tbody>\n<tr>\n<td class=\"status-cell\">\n<div class=\"status-title\">\ud83d\ude80 IMMEDIATE DELIVERY<\/div>\n<div class=\"status-subtitle\">Get instant access<\/div>\n<\/td>\n<td class=\"info-cell\">\n<div class=\"info-box\">\n<div class=\"info-title\">ATTENTION<\/div>\n<div class=\"info-content\">READ THE DESCRIPTION<\/div>\n<\/div>\n<\/td>\n<\/tr>\n<tr>\n<td class=\"status-cell\">\n<div class=\"status-title\">\ud83d\udcb0 Is this site trustworthy?<\/div>\n<div class=\"status-subtitle\">+ 4 years selling games<\/div>\n<\/td>\n<td class=\"info-cell\">\n<div class=\"info-box\">\n<div class=\"info-title\">Acess:<\/div>\n<div class=\"info-content\">\n<div data-src=\"https:\/\/cdn.trustindex.io\/loader.js?7fd81be38eb695098c8683dcf1c\"><\/div>\n<\/div>\n<\/div>\n<\/td>\n<\/tr>\n<\/tbody>\n<\/table>\n","protected":false},"featured_media":7107008,"comment_status":"open","ping_status":"closed","template":"","meta":[],"product_brand":[],"product_cat":[743,634,859],"product_tag":[],"class_list":{"0":"post-7107014","1":"product","2":"type-product","3":"status-publish","4":"has-post-thumbnail","6":"product_cat-aventure","7":"product_cat-jeux","8":"product_cat-nouveautes","10":"first","11":"instock","12":"downloadable","13":"virtual","14":"purchasable","15":"product-type-simple"},"exclude_global_add_ons":[],"addons":[],"_links":{"self":[{"href":"https:\/\/gamesbestprices.com\/fr\/wp-json\/wp\/v2\/product\/7107014","targetHints":{"allow":["GET"]}}],"collection":[{"href":"https:\/\/gamesbestprices.com\/fr\/wp-json\/wp\/v2\/product"}],"about":[{"href":"https:\/\/gamesbestprices.com\/fr\/wp-json\/wp\/v2\/types\/product"}],"replies":[{"embeddable":true,"href":"https:\/\/gamesbestprices.com\/fr\/wp-json\/wp\/v2\/comments?post=7107014"}],"wp:featuredmedia":[{"embeddable":true,"href":"https:\/\/gamesbestprices.com\/fr\/wp-json\/wp\/v2\/media\/7107008"}],"wp:attachment":[{"href":"https:\/\/gamesbestprices.com\/fr\/wp-json\/wp\/v2\/media?parent=7107014"}],"wp:term":[{"taxonomy":"product_brand","embeddable":true,"href":"https:\/\/gamesbestprices.com\/fr\/wp-json\/wp\/v2\/product_brand?post=7107014"},{"taxonomy":"product_cat","embeddable":true,"href":"https:\/\/gamesbestprices.com\/fr\/wp-json\/wp\/v2\/product_cat?post=7107014"},{"taxonomy":"product_tag","embeddable":true,"href":"https:\/\/gamesbestprices.com\/fr\/wp-json\/wp\/v2\/product_tag?post=7107014"}],"curies":[{"name":"wp","href":"https:\/\/api.w.org\/{rel}","templated":true}]}}