{"id":7107004,"date":"2026-04-09T09:27:42","date_gmt":"2026-04-09T09:27:42","guid":{"rendered":""},"modified":"2026-04-09T09:29:06","modified_gmt":"2026-04-09T09:29:06","slug":"fatal-frame-ii-crimson-butterfly-remake-deluxe-edition-pc-steam-offline-fr","status":"publish","type":"product","link":"https:\/\/gamesbestprices.com\/fr\/produit\/fatal-frame-ii-crimson-butterfly-remake-deluxe-edition-pc-steam-offline-fr\/","title":{"rendered":"Fatal Frame II Crimson Butterfly Remake Deluxe Edition PC Steam Offline"},"content":{"rendered":"<p><!-- FATAL FRAME II CRIMSON BUTTERFLY REMAKE - Clean HTML with CSS Classes --><\/p>\n<div class=\"lies-of-p-container\">\n<p><!-- Main Banner --><\/p>\n<div class=\"lies-of-p-banner\">\n<h1>FATAL FRAME II CRIMSON BUTTERFLY REMAKE DELUXE PC STEAM OFFLINE<\/h1>\n<p>Le r\u00e9cit gla\u00e7ant de s\u0153urs jumelles se d\u00e9ploie dans une nouvelle vision terrifiante.<\/p>\n<\/div>\n<p><!-- Purchase Alert --><\/p>\n<div class=\"lies-of-p-alerta\">\u26a0\ufe0f D\u00c9VOILEZ LA MAL\u00c9DICTION &#8211; L&rsquo;HORREUR DE SURVIE D\u00c9FINITIVE ! \u26a0\ufe0f<\/div>\n<p><!-- Offline Mode --><\/p>\n<div class=\"lies-of-p-offline\">\n<h3>\ud83c\udfae PROFITEZ HORS LIGNE AVEC UN MAXIMUM D&rsquo;\u00c9CONOMIES ! \ud83c\udfae<\/h3>\n<p>Profitez du mode <strong>HORS LIGNE<\/strong> en toute libert\u00e9 !<\/p>\n<div class=\"lies-of-p-beneficios\">\n<p>\u2705 Vous utiliserez les <strong>IDENTIFIANTS D&rsquo;ACC\u00c8S (COMPTE UNIQUE)<\/strong> que nous vous fournirons<\/p>\n<p>\u2705 <strong>JOUEZ VIA LE COMPTE FOURNI<\/strong> sans obstacles<\/p>\n<p>\u2705 Acc\u00e8s complet au titre et \u00e0 tous les patchs<\/p>\n<\/div>\n<p class=\"lies-of-p-economia\">Vous pourrez jouer en toute fluidit\u00e9 quand vous le souhaitez<\/p>\n<p class=\"lies-of-p-economia-destaque\">\ud83d\udcb0 \u00c9CONOMISEZ BEAUCOUP et \ud83c\udfaf AMUSEZ-VOUS \u00c9NORM\u00c9MENT !<\/p>\n<\/div>\n<p><!-- Promotional Video --><\/p>\n<div class=\"lies-of-p-video\">\n<h2>Regardez la bande-annonce de FATAL FRAME II CRIMSON BUTTERFLY REMAKE<\/h2>\n<div class=\"lies-of-p-video-container\">\n<div class=\"lies-of-p-video-responsive\"><iframe title=\"YouTube video player\" src=\"https:\/\/www.youtube-nocookie.com\/embed\/D93fpaZQ-7w\" frameborder=\"0\" allowfullscreen=\"allowfullscreen\"><\/iframe><\/div>\n<\/div>\n<\/div>\n<p><!-- System Requirements --><\/p>\n<div class=\"lies-of-p-requisitos\">\n<h2>Sp\u00e9cifications Syst\u00e8me<\/h2>\n<div class=\"lies-of-p-requisitos-grid\">\n<p><!-- Minimum Requirements --><\/p>\n<div class=\"lies-of-p-requisitos-box\">\n<h3>Minimum<\/h3>\n<ul class=\"lies-of-p-requisitos-lista\">\n<li>\u25b9<strong>SE:<\/strong> \u00c0 annoncer<\/li>\n<li>\u25b9<strong>Processeur:<\/strong> \u00c0 annoncer<\/li>\n<li>\u25b9<strong>M\u00e9moire:<\/strong> \u00c0 annoncer<\/li>\n<li>\u25b9<strong>Carte Graphique:<\/strong> \u00c0 annoncer<\/li>\n<li>\u25b9<strong>DirectX:<\/strong> \u00c0 annoncer<\/li>\n<li>\u25b9<strong>Stockage:<\/strong> \u00c0 annoncer<\/li>\n<\/ul>\n<\/div>\n<p><!-- Recommended Requirements --><\/p>\n<div class=\"lies-of-p-requisitos-box\">\n<h3>Recommand\u00e9<\/h3>\n<ul class=\"lies-of-p-requisitos-lista\">\n<li>\u25b9<strong>SE:<\/strong> \u00c0 annoncer<\/li>\n<li>\u25b9<strong>Processeur:<\/strong> \u00c0 annoncer<\/li>\n<li>\u25b9<strong>M\u00e9moire:<\/strong> \u00c0 annoncer<\/li>\n<li>\u25b9<strong>Carte Graphique:<\/strong> \u00c0 annoncer<\/li>\n<li>\u25b9<strong>DirectX:<\/strong> \u00c0 annoncer<\/li>\n<li>\u25b9<strong>Stockage:<\/strong> \u00c0 annoncer<\/li>\n<\/ul>\n<\/div>\n<\/div>\n<\/div>\n<p><!-- About the Game --><\/p>\n<div class=\"lies-of-p-sobre\">\n<h2>\u00c0 propos de FATAL FRAME II CRIMSON BUTTERFLY REMAKE<\/h2>\n<p><strong>Le village appelle. Les esprits attendent.<\/strong><\/p>\n<p>Acheter <strong>FATAL FRAME II CRIMSON BUTTERFLY REMAKE PC<\/strong> signifie revivre le classique tant aim\u00e9 avec des am\u00e9liorations modernes. Pr\u00e9parez-vous \u00e0 \u00e9chapper aux griffes d&rsquo;esprits vengeurs dans une exp\u00e9rience terrifiante qui vous fera frissonner dans <strong>FATAL FRAME II CRIMSON BUTTERFLY REMAKE Steam<\/strong>.<\/p>\n<p>L&rsquo;\u00e9volution technologique combin\u00e9e \u00e0 la vaste expertise des cr\u00e9ateurs se r\u00e9unit dans une histoire avec des personnages complexes et un gameplay plus immersif que jamais dans <strong>FATAL FRAME II CRIMSON BUTTERFLY REMAKE pour PC<\/strong>. Retournez une fois de plus au village maudit de Minakami, o\u00f9 le rituel du Sacrifice \u00c9carlate vous attend.<\/p>\n<p><strong>\u00ab Une nouvelle vision de l&rsquo;horreur classique vous attend. \u00bb<\/strong><\/p>\n<\/div>\n<p><!-- Features in Cards --><\/p>\n<div class=\"lies-of-p-destaques\">\n<h2>Fonctionnalit\u00e9s du jeu<\/h2>\n<div class=\"lies-of-p-cards-grid\">\n<p><!-- Card 1: Psychological Horror --><\/p>\n<div class=\"lies-of-p-card\">\n<p><img decoding=\"async\" title=\"Fatal Frame II Crimson Butterfly Remake for PC - Horror\" src=\"https:\/\/shared.fastly.steamstatic.com\/store_item_assets\/steam\/apps\/3764200\/extras\/Steam_GIF_01_RE.gif?t=1750810100\" alt=\"Fatal Frame II Crimson Butterfly Remake PC Steam Offline - Psychological Horror\" \/><\/p>\n<div class=\"lies-of-p-card-content\">\n<h3>HORREUR PSYCHOLOGIQUE INTENSE<\/h3>\n<p>Vivez l&rsquo;horreur de survie classique de la s\u00e9rie \u00e0 travers le combat avec la Camera Obscura, l&rsquo;investigation, les \u00e9nigmes et la gestion des ressources.<\/p>\n<\/div>\n<\/div>\n<p><!-- Card 2: Cursed Village --><\/p>\n<div class=\"lies-of-p-card\">\n<p><img decoding=\"async\" title=\"Fatal Frame II Crimson Butterfly Remake Steam - Cursed Village\" src=\"https:\/\/shared.fastly.steamstatic.com\/store_item_assets\/steam\/apps\/3764200\/extras\/Steam_GIF_02.gif?t=1750810100\" alt=\"Buy Fatal Frame II Crimson Butterfly Remake PC - Minakami Village\" \/><\/p>\n<div class=\"lies-of-p-card-content\">\n<h3>RETOUR AU VILLAGE DE MINAKAMI<\/h3>\n<p>Retournez une fois de plus au village maudit de Minakami, o\u00f9 le gla\u00e7ant rituel du Sacrifice \u00c9carlate se d\u00e9roule.<\/p>\n<\/div>\n<\/div>\n<p><!-- Card 3: Enhanced Gameplay --><\/p>\n<div class=\"lies-of-p-card\">\n<p><img decoding=\"async\" title=\"Fatal Frame II Crimson Butterfly Remake - Modernized Experience\" src=\"https:\/\/shared.fastly.steamstatic.com\/store_item_assets\/steam\/apps\/3764200\/extras\/Steam_GIF_04.gif?t=1750810100\" alt=\"Fatal Frame II Crimson Butterfly Remake for PC - Gameplay\" \/><\/p>\n<div class=\"lies-of-p-card-content\">\n<h3>GAMEPLAY ET GRAPHISMES MODERNIS\u00c9S<\/h3>\n<p>Vivez le r\u00e9cit terrifiant avec des graphismes modernes \u00e9poustouflants, des commandes am\u00e9lior\u00e9es et une conception sonore immersive pour une nouvelle g\u00e9n\u00e9ration d&rsquo;horreur.<\/p>\n<\/div>\n<\/div>\n<\/div>\n<\/div>\n<\/div>\n","protected":false},"excerpt":{"rendered":"<table class=\"info-table\">\n<thead>\n<tr class=\"header-row\">\n<th>Status<\/th>\n<th>INFORMATION<\/th>\n<\/tr>\n<\/thead>\n<tbody>\n<tr>\n<td class=\"status-cell\">\n<div class=\"status-title\">\ud83d\ude80 IMMEDIATE DELIVERY<\/div>\n<div class=\"status-subtitle\">Get instant access<\/div>\n<\/td>\n<td class=\"info-cell\">\n<div class=\"info-box\">\n<div class=\"info-title\">ATTENTION<\/div>\n<div class=\"info-content\">READ THE DESCRIPTION<\/div>\n<\/div>\n<\/td>\n<\/tr>\n<tr>\n<td class=\"status-cell\">\n<div class=\"status-title\">\ud83d\udcb0 Is this site trustworthy?<\/div>\n<div class=\"status-subtitle\">+ 4 years selling games<\/div>\n<\/td>\n<td class=\"info-cell\">\n<div class=\"info-box\">\n<div class=\"info-title\">Acess:<\/div>\n<div class=\"info-content\">\n<div data-src=\"https:\/\/cdn.trustindex.io\/loader.js?7fd81be38eb695098c8683dcf1c\"><\/div>\n<\/div>\n<\/div>\n<\/td>\n<\/tr>\n<\/tbody>\n<\/table>\n","protected":false},"featured_media":7106998,"comment_status":"open","ping_status":"closed","template":"","meta":[],"product_brand":[],"product_cat":[742,776,634,887],"product_tag":[667,638],"class_list":{"0":"post-7107004","1":"product","2":"type-product","3":"status-publish","4":"has-post-thumbnail","6":"product_cat-action","7":"product_cat-horreur","8":"product_cat-jeux","9":"product_cat-pre-vente","10":"product_tag-atmospherique","11":"product_tag-horreur","13":"first","14":"instock","15":"downloadable","16":"virtual","17":"purchasable","18":"product-type-simple"},"exclude_global_add_ons":[],"addons":[],"_links":{"self":[{"href":"https:\/\/gamesbestprices.com\/fr\/wp-json\/wp\/v2\/product\/7107004","targetHints":{"allow":["GET"]}}],"collection":[{"href":"https:\/\/gamesbestprices.com\/fr\/wp-json\/wp\/v2\/product"}],"about":[{"href":"https:\/\/gamesbestprices.com\/fr\/wp-json\/wp\/v2\/types\/product"}],"replies":[{"embeddable":true,"href":"https:\/\/gamesbestprices.com\/fr\/wp-json\/wp\/v2\/comments?post=7107004"}],"wp:featuredmedia":[{"embeddable":true,"href":"https:\/\/gamesbestprices.com\/fr\/wp-json\/wp\/v2\/media\/7106998"}],"wp:attachment":[{"href":"https:\/\/gamesbestprices.com\/fr\/wp-json\/wp\/v2\/media?parent=7107004"}],"wp:term":[{"taxonomy":"product_brand","embeddable":true,"href":"https:\/\/gamesbestprices.com\/fr\/wp-json\/wp\/v2\/product_brand?post=7107004"},{"taxonomy":"product_cat","embeddable":true,"href":"https:\/\/gamesbestprices.com\/fr\/wp-json\/wp\/v2\/product_cat?post=7107004"},{"taxonomy":"product_tag","embeddable":true,"href":"https:\/\/gamesbestprices.com\/fr\/wp-json\/wp\/v2\/product_tag?post=7107004"}],"curies":[{"name":"wp","href":"https:\/\/api.w.org\/{rel}","templated":true}]}}