{"id":7106994,"date":"2026-04-09T09:24:19","date_gmt":"2026-04-09T09:24:19","guid":{"rendered":""},"modified":"2026-04-09T09:27:22","modified_gmt":"2026-04-09T09:27:22","slug":"death-stranding-2-on-the-beach-pc-steam-offline-2-fr","status":"publish","type":"product","link":"https:\/\/gamesbestprices.com\/fr\/produit\/death-stranding-2-on-the-beach-pc-steam-offline-2-fr\/","title":{"rendered":"Death Stranding 2 On the Beach PC Steam Offline"},"content":{"rendered":"<p><!-- DEATH STRANDING 2 ON THE BEACH - Clean HTML with CSS Classes --><\/p>\n<div class=\"lies-of-p-container\">\n<p><!-- Main Banner --><\/p>\n<div class=\"lies-of-p-banner\">\n<h1>DEATH STRANDING 2 ON THE BEACH PC STEAM OFFLINE<\/h1>\n<p>Le voyage continue sur un nouveau rivage.<\/p>\n<\/div>\n<p><!-- Purchase Alert --><\/p>\n<div class=\"lies-of-p-alerta\">\u26a0\ufe0f UN NOUVEAU VOYAGE COMMENCE &#8211; CONNECTEZ LE MONDE ! \u26a0\ufe0f<\/div>\n<p><!-- Offline Mode --><\/p>\n<div class=\"lies-of-p-offline\">\n<h3>\ud83c\udfae PROFITEZ HORS LIGNE AVEC UN MAXIMUM D&rsquo;\u00c9CONOMIES ! \ud83c\udfae<\/h3>\n<p>Profitez du mode <strong>HORS LIGNE<\/strong> en toute libert\u00e9 !<\/p>\n<div class=\"lies-of-p-beneficios\">\n<p>\u2705 Vous utiliserez des <strong>IDENTIFIANTS D&rsquo;ACC\u00c8S (COMPTE UNIQUE)<\/strong> que nous vous fournirons<\/p>\n<p>\u2705 <strong>JOUEZ VIA LE COMPTE FOURNI<\/strong> sans obstacles<\/p>\n<p>\u2705 Acc\u00e8s complet au titre et \u00e0 tous les patchs<\/p>\n<\/div>\n<p class=\"lies-of-p-economia\">Vous pourrez jouer en toute fluidit\u00e9 quand vous le souhaitez<\/p>\n<p class=\"lies-of-p-economia-destaque\">\ud83d\udcb0 \u00c9CONOMISANT BEAUCOUP et \ud83c\udfaf VOUS AMUSANT \u00c9NORM\u00c9MENT !<\/p>\n<\/div>\n<p><!-- Promotional Video --><\/p>\n<div class=\"lies-of-p-video\">\n<h2>Regardez la bande-annonce de DEATH STRANDING 2 ON THE BEACH<\/h2>\n<div class=\"lies-of-p-video-container\">\n<div class=\"lies-of-p-video-responsive\"><iframe title=\"Lecteur vid\u00e9o YouTube\" src=\"https:\/\/www.youtube-nocookie.com\/embed\/F79oEkMXElU\" frameborder=\"0\" allowfullscreen=\"allowfullscreen\"><\/iframe><\/div>\n<\/div>\n<\/div>\n<p><!-- System Requirements --><\/p>\n<div class=\"lies-of-p-requisitos\">\n<h2>Sp\u00e9cifications syst\u00e8me<\/h2>\n<div class=\"lies-of-p-requisitos-grid\">\n<p><!-- Minimum Requirements --><\/p>\n<div class=\"lies-of-p-requisitos-box\">\n<h3>Minimum<\/h3>\n<ul class=\"lies-of-p-requisitos-lista\">\n<li>\u25b9<strong>OS :<\/strong> \u00c0 annoncer<\/li>\n<li>\u25b9<strong>Processeur :<\/strong> \u00c0 annoncer<\/li>\n<li>\u25b9<strong>M\u00e9moire :<\/strong> \u00c0 annoncer<\/li>\n<li>\u25b9<strong>Carte graphique :<\/strong> \u00c0 annoncer<\/li>\n<li>\u25b9<strong>DirectX :<\/strong> \u00c0 annoncer<\/li>\n<li>\u25b9<strong>Stockage :<\/strong> \u00c0 annoncer<\/li>\n<\/ul>\n<\/div>\n<p><!-- Recommended Requirements --><\/p>\n<div class=\"lies-of-p-requisitos-box\">\n<h3>Recommand\u00e9<\/h3>\n<ul class=\"lies-of-p-requisitos-lista\">\n<li>\u25b9<strong>OS :<\/strong> \u00c0 annoncer<\/li>\n<li>\u25b9<strong>Processeur :<\/strong> \u00c0 annoncer<\/li>\n<li>\u25b9<strong>M\u00e9moire :<\/strong> \u00c0 annoncer<\/li>\n<li>\u25b9<strong>Carte graphique :<\/strong> \u00c0 annoncer<\/li>\n<li>\u25b9<strong>DirectX :<\/strong> \u00c0 annoncer<\/li>\n<li>\u25b9<strong>Stockage :<\/strong> \u00c0 annoncer<\/li>\n<\/ul>\n<\/div>\n<\/div>\n<\/div>\n<p><!-- About the Game --><\/p>\n<div class=\"lies-of-p-sobre\">\n<h2>\u00c0 propos de DEATH STRANDING 2 ON THE BEACH<\/h2>\n<p><strong>Le voyage continue. Les connexions \u00e9voluent.<\/strong><\/p>\n<p>Acheter <strong>DEATH STRANDING 2 ON THE BEACH PC<\/strong> signifie embarquer dans la suite tr\u00e8s attendue du titre r\u00e9volutionnaire de Hideo Kojima. Pr\u00e9parez-vous \u00e0 reconnecter un monde fractur\u00e9 et \u00e0 affronter de nouvelles menaces dans une exp\u00e9rience visuellement \u00e9poustouflante et \u00e9motionnellement r\u00e9sonnante dans <strong>DEATH STRANDING 2 ON THE BEACH Steam<\/strong>.<\/p>\n<p>S&rsquo;appuyant sur les m\u00e9canismes de jeu uniques et la narration profonde de son pr\u00e9d\u00e9cesseur, <strong>DEATH STRANDING 2 ON THE BEACH pour PC<\/strong> promet un monde \u00e9tendu, de nouveaux outils et des aper\u00e7us plus profonds des myst\u00e8res de la vie, de la mort et de la connexion. Sam Porter Bridges revient pour braver les paysages d\u00e9sol\u00e9s et forger de nouveaux liens.<\/p>\n<p><strong>\u00ab Un nouveau fil de connexion vous attend. \u00bb<\/strong><\/p>\n<\/div>\n<p><!-- Features in Cards --><\/p>\n<div class=\"lies-of-p-destaques\">\n<h2>Fonctionnalit\u00e9s du jeu<\/h2>\n<div class=\"lies-of-p-cards-grid\">\n<p><!-- Card 1: Evolving Connections --><\/p>\n<div class=\"lies-of-p-card\">\n<p><img decoding=\"async\" title=\"DEATH STRANDING 2 ON THE BEACH PC - Connexions en \u00e9volution\" src=\"https:\/\/shared.fastly.steamstatic.com\/store_item_assets\/steam\/apps\/3764200\/extras\/Steam_GIF_01_DS2.gif?t=1750810100\" alt=\"DEATH STRANDING 2 ON THE BEACH PC Steam Offline - Connexions en \u00e9volution\" \/><\/p>\n<div class=\"lies-of-p-card-content\">\n<h3>CONNEXIONS EN \u00c9VOLUTION<\/h3>\n<p>Forgez des connexions nouvelles et plus profondes \u00e0 travers un monde fractur\u00e9, en utilisant des outils et des strat\u00e9gies avanc\u00e9s.<\/p>\n<\/div>\n<\/div>\n<p><!-- Card 2: Vast New Landscapes --><\/p>\n<div class=\"lies-of-p-card\">\n<p><img decoding=\"async\" title=\"DEATH STRANDING 2 ON THE BEACH Steam - Vastes nouveaux paysages\" src=\"https:\/\/shared.fastly.steamstatic.com\/store_item_assets\/steam\/apps\/3764200\/extras\/Steam_GIF_02_DS2.gif?t=1750810100\" alt=\"Acheter DEATH STRANDING 2 ON THE BEACH PC - Vastes nouveaux paysages\" \/><\/p>\n<div class=\"lies-of-p-card-content\">\n<h3>VASTES NOUVEAUX PAYSAGES<\/h3>\n<p>Explorez de nouveaux environnements \u00e9poustouflants et p\u00e9rilleux, livrant des cargaisons vitales et \u00e9tendant le R\u00e9seau Chiral.<\/p>\n<\/div>\n<\/div>\n<p><!-- Card 3: Unraveling Mysteries --><\/p>\n<div class=\"lies-of-p-card\">\n<p><img decoding=\"async\" title=\"DEATH STRANDING 2 ON THE BEACH - D\u00e9m\u00ealer les myst\u00e8res\" src=\"https:\/\/shared.fastly.steamstatic.com\/store_item_assets\/steam\/apps\/3764200\/extras\/Steam_GIF_04_DS2.gif?t=1750810100\" alt=\"DEATH STRANDING 2 ON THE BEACH pour PC - D\u00e9m\u00ealer les myst\u00e8res\" \/><\/p>\n<div class=\"lies-of-p-card-content\">\n<h3>D\u00c9M\u00caLER LES MYST\u00c8RES<\/h3>\n<p>Plongez dans une narration complexe et stimulante, d\u00e9couvrant les secrets derri\u00e8re le Death Stranding et son avenir.<\/p>\n<\/div>\n<\/div>\n<\/div>\n<\/div>\n<\/div>\n","protected":false},"excerpt":{"rendered":"<table class=\"info-table\">\n<thead>\n<tr class=\"header-row\">\n<th>Status<\/th>\n<th>INFORMATION<\/th>\n<\/tr>\n<\/thead>\n<tbody>\n<tr>\n<td class=\"status-cell\">\n<div class=\"status-title\">\ud83d\ude80 IMMEDIATE DELIVERY<\/div>\n<div class=\"status-subtitle\">Get instant access<\/div>\n<\/td>\n<td class=\"info-cell\">\n<div class=\"info-box\">\n<div class=\"info-title\">ATTENTION<\/div>\n<div class=\"info-content\">READ THE DESCRIPTION<\/div>\n<\/div>\n<\/td>\n<\/tr>\n<tr>\n<td class=\"status-cell\">\n<div class=\"status-title\">\ud83d\udcb0 Is this site trustworthy?<\/div>\n<div class=\"status-subtitle\">+ 4 years selling games<\/div>\n<\/td>\n<td class=\"info-cell\">\n<div class=\"info-box\">\n<div class=\"info-title\">Acess:<\/div>\n<div class=\"info-content\">\n<div data-src=\"https:\/\/cdn.trustindex.io\/loader.js?7fd81be38eb695098c8683dcf1c\"><\/div>\n<\/div>\n<\/div>\n<\/td>\n<\/tr>\n<\/tbody>\n<\/table>\n","protected":false},"featured_media":7106988,"comment_status":"open","ping_status":"closed","template":"","meta":[],"product_brand":[],"product_cat":[742,743,634,859],"product_tag":[683],"class_list":{"0":"post-7106994","1":"product","2":"type-product","3":"status-publish","4":"has-post-thumbnail","6":"product_cat-action","7":"product_cat-aventure","8":"product_cat-jeux","9":"product_cat-nouveautes","10":"product_tag-monde-ouvert","12":"first","13":"instock","14":"downloadable","15":"virtual","16":"purchasable","17":"product-type-simple"},"exclude_global_add_ons":[],"addons":[],"_links":{"self":[{"href":"https:\/\/gamesbestprices.com\/fr\/wp-json\/wp\/v2\/product\/7106994","targetHints":{"allow":["GET"]}}],"collection":[{"href":"https:\/\/gamesbestprices.com\/fr\/wp-json\/wp\/v2\/product"}],"about":[{"href":"https:\/\/gamesbestprices.com\/fr\/wp-json\/wp\/v2\/types\/product"}],"replies":[{"embeddable":true,"href":"https:\/\/gamesbestprices.com\/fr\/wp-json\/wp\/v2\/comments?post=7106994"}],"wp:featuredmedia":[{"embeddable":true,"href":"https:\/\/gamesbestprices.com\/fr\/wp-json\/wp\/v2\/media\/7106988"}],"wp:attachment":[{"href":"https:\/\/gamesbestprices.com\/fr\/wp-json\/wp\/v2\/media?parent=7106994"}],"wp:term":[{"taxonomy":"product_brand","embeddable":true,"href":"https:\/\/gamesbestprices.com\/fr\/wp-json\/wp\/v2\/product_brand?post=7106994"},{"taxonomy":"product_cat","embeddable":true,"href":"https:\/\/gamesbestprices.com\/fr\/wp-json\/wp\/v2\/product_cat?post=7106994"},{"taxonomy":"product_tag","embeddable":true,"href":"https:\/\/gamesbestprices.com\/fr\/wp-json\/wp\/v2\/product_tag?post=7106994"}],"curies":[{"name":"wp","href":"https:\/\/api.w.org\/{rel}","templated":true}]}}