{"id":7106718,"date":"2026-04-09T07:09:42","date_gmt":"2026-04-09T07:09:42","guid":{"rendered":""},"modified":"2026-04-09T07:11:39","modified_gmt":"2026-04-09T07:11:39","slug":"crimson-desert-deluxe-edition-pc-steam-offline-fr","status":"publish","type":"product","link":"https:\/\/gamesbestprices.com\/fr\/produit\/crimson-desert-deluxe-edition-pc-steam-offline-fr\/","title":{"rendered":"Crimson Desert Deluxe Edition PC Steam Offline"},"content":{"rendered":"<div class=\"lies-of-p-container\">\n<p><!-- Main Banner --><\/p>\n<div class=\"lies-of-p-banner\">\n<h1>CRIMSON DESERT DELUXE EDITION PC STEAM OFFLINE<\/h1>\n<p>Une nouvelle saga de fantaisie \u00e9pique et d&rsquo;action vous attend.<\/p>\n<\/div>\n<p><!-- Purchase Alert --><\/p>\n<div class=\"lies-of-p-alerta\">\u2694\ufe0f EMBARQUEZ POUR UN VOYAGE \u00c9PIQUE &#8211; RPG ULTIME EN MONDE OUVERT ! \u2694\ufe0f<\/div>\n<p><!-- Offline Mode --><\/p>\n<div class=\"lies-of-p-offline\">\n<h3>\ud83c\udfae PROFITEZ HORS LIGNE AVEC UN MAXIMUM D&rsquo;\u00c9CONOMIES ! \ud83c\udfae<\/h3>\n<p>Profitez du mode <strong>HORS LIGNE<\/strong> en toute libert\u00e9 !<\/p>\n<div class=\"lies-of-p-beneficios\">\n<p>\u2705 Vous utiliserez les <strong>IDENTIFIANTS D&rsquo;ACC\u00c8S (COMPTE UNIQUE)<\/strong> que nous vous fournirons<\/p>\n<p>\u2705 <strong>JOUEZ VIA LE COMPTE FOURNI<\/strong> sans obstacles<\/p>\n<p>\u2705 Acc\u00e8s complet au titre et \u00e0 tous les patchs<\/p>\n<\/div>\n<p class=\"lies-of-p-economia\">Vous pourrez jouer en toute fluidit\u00e9 quand vous le souhaitez<\/p>\n<p class=\"lies-of-p-economia-destaque\">\ud83d\udcb0 \u00c9CONOMISEZ BEAUCOUP et \ud83c\udfaf AMUSEZ-VOUS \u00c9NORM\u00c9MENT !<\/p>\n<\/div>\n<p><!-- Promotional Video --><\/p>\n<div class=\"lies-of-p-video\">\n<h2>Regardez la bande-annonce de Crimson Desert<\/h2>\n<div class=\"lies-of-p-video-container\">\n<div class=\"lies-of-p-video-responsive\"><iframe title=\"Lecteur vid\u00e9o YouTube\" src=\"https:\/\/www.youtube-nocookie.com\/embed\/R6_9U6yTfAc\" frameborder=\"0\" allowfullscreen=\"allowfullscreen\"><\/iframe><\/div>\n<\/div>\n<\/div>\n<p><!-- System Requirements --><\/p>\n<div class=\"lies-of-p-requisitos\">\n<h2>Sp\u00e9cifications Syst\u00e8me<\/h2>\n<div class=\"lies-of-p-requisitos-grid\">\n<p><!-- Minimum Requirements --><\/p>\n<div class=\"lies-of-p-requisitos-box\">\n<h3>Minimum<\/h3>\n<ul class=\"lies-of-p-requisitos-lista\">\n<li>\u25b9<strong>OS:<\/strong> Windows 10 64-bit<\/li>\n<li>\u25b9<strong>Processeur:<\/strong> Ryzen 5 2600X \/ i5-8500<\/li>\n<li>\u25b9<strong>M\u00e9moire:<\/strong> 16 Go de RAM<\/li>\n<li>\u25b9<strong>Carte Graphique:<\/strong> RX 5500 XT \/ GTX 1060<\/li>\n<li>\u25b9<strong>DirectX:<\/strong> Version 12<\/li>\n<li>\u25b9<strong>Stockage:<\/strong> \u00c0 annoncer<\/li>\n<\/ul>\n<\/div>\n<p><!-- Recommended Requirements --><\/p>\n<div class=\"lies-of-p-requisitos-box\">\n<h3>Recommand\u00e9<\/h3>\n<ul class=\"lies-of-p-requisitos-lista\">\n<li>\u25b9<strong>OS:<\/strong> \u00c0 annoncer<\/li>\n<li>\u25b9<strong>Processeur:<\/strong> \u00c0 annoncer<\/li>\n<li>\u25b9<strong>M\u00e9moire:<\/strong> \u00c0 annoncer<\/li>\n<li>\u25b9<strong>Carte Graphique:<\/strong> \u00c0 annoncer<\/li>\n<li>\u25b9<strong>DirectX:<\/strong> \u00c0 annoncer<\/li>\n<li>\u25b9<strong>Stockage:<\/strong> \u00c0 annoncer<\/li>\n<\/ul>\n<\/div>\n<\/div>\n<\/div>\n<p><!-- About the Game --><\/p>\n<div class=\"lies-of-p-sobre\">\n<h2>\u00c0 propos de Crimson Desert<\/h2>\n<p><strong>Forgeez votre destin dans un monde d&rsquo;une beaut\u00e9 sauvage et de conflits brutaux.<\/strong><\/p>\n<p>Acheter <strong>Crimson Desert Deluxe Edition PC<\/strong> signifie plonger dans un RPG d&rsquo;action en monde ouvert expansif de Pearl Abyss. Pr\u00e9parez-vous \u00e0 explorer un vaste royaume de fantaisie m\u00e9di\u00e9vale, \u00e0 vous engager dans des combats palpitants et pleins d&rsquo;action, et \u00e0 d\u00e9couvrir une narration profonde et captivante dans <strong>Crimson Desert Steam<\/strong>. Avec des graphismes \u00e9poustouflants et un gameplay innovant, <strong>Crimson Desert pour PC<\/strong> vous invite \u00e0 devenir un mercenaire, \u00e0 vous battre pour votre survie et \u00e0 fa\u00e7onner l&rsquo;avenir d&rsquo;un continent d\u00e9chir\u00e9 par la guerre.<\/p>\n<p><strong>\u00ab\u00a0La prochaine g\u00e9n\u00e9ration d&rsquo;aventure en monde ouvert commence.\u00a0\u00bb<\/strong><\/p>\n<\/div>\n<p><!-- Features in Cards --><\/p>\n<div class=\"lies-of-p-destaques\">\n<h2>Fonctionnalit\u00e9s du Jeu<\/h2>\n<div class=\"lies-of-p-cards-grid\">\n<p><!-- Card 1: Epic Open World --><\/p>\n<div class=\"lies-of-p-card\">\n<p><img decoding=\"async\" title=\"Crimson Desert PC - Exploration du Monde Ouvert\" src=\"https:\/\/shared.akamai.steamstatic.com\/store_item_assets\/steam\/apps\/3321460\/669119c3747653f41a46c59f213168448d094e04\/ss_669119c3747653f41a46c59f213168448d094e04.1920x1080.jpg?t=1775206852\" alt=\"Crimson Desert Deluxe Edition PC Steam Offline - Vaste Monde Ouvert\" \/><\/p>\n<div class=\"lies-of-p-card-content\">\n<h3>VASTE EXPLORATION DU MONDE OUVERT<\/h3>\n<p>Voyagez \u00e0 travers le vaste continent de Pywel, une terre remplie de r\u00e9gions diverses, de secrets cach\u00e9s et d&rsquo;ennemis redoutables.<\/p>\n<\/div>\n<\/div>\n<p><!-- Card 2: Dynamic Combat --><\/p>\n<div class=\"lies-of-p-card\">\n<p><img decoding=\"async\" title=\"Crimson Desert Steam - Combat d'Action\" src=\"https:\/\/shared.akamai.steamstatic.com\/store_item_assets\/steam\/apps\/3321460\/4b178bdd24ed576458116d8d3383b5352dad0fae\/ss_4b178bdd24ed576458116d8d3383b5352dad0fae.1920x1080.jpg?t=1775206852\" alt=\"Acheter Crimson Desert PC - Combat Palpitant\" \/><\/p>\n<div class=\"lies-of-p-card-content\">\n<h3>COMBAT D&rsquo;ACTION PALPITANT<\/h3>\n<p>Ma\u00eetrisez un syst\u00e8me de combat profond et fluide, combinant des capacit\u00e9s de m\u00eal\u00e9e, \u00e0 distance et magiques pour vaincre des ennemis coriaces et des boss \u00e9piques.<\/p>\n<\/div>\n<\/div>\n<p><!-- Card 3: Deep RPG Mechanics --><\/p>\n<div class=\"lies-of-p-card\">\n<p><img decoding=\"async\" title=\"Crimson Desert - R\u00e9cit Riche\" src=\"https:\/\/shared.akamai.steamstatic.com\/store_item_assets\/steam\/apps\/3321460\/55e514af688f459364b3d0ffb288faf73580c8e5\/ss_55e514af688f459364b3d0ffb288faf73580c8e5.1920x1080.jpg?t=1775206852\" alt=\"Crimson Desert pour PC - Personnalisation RPG\" \/><\/p>\n<div class=\"lies-of-p-card-content\">\n<h3>R\u00c9CIT RICHE ET PERSONNALISATION<\/h3>\n<p>Plongez-vous dans une histoire captivante, personnalisez votre personnage et faites des choix qui impacteront le destin de Pywel.<\/p>\n<\/div>\n<\/div>\n<\/div>\n<\/div>\n<\/div>\n","protected":false},"excerpt":{"rendered":"<div class=\"acasa-produto-container\">\n<table class=\"acasa-produto-tabela\">\n<thead>\n<tr>\n<th>\ud83d\ude80 STATUS<\/th>\n<th>\u26a0\ufe0f IMPORTANT<\/th>\n<\/tr>\n<\/thead>\n<tbody>\n<tr>\n<td class=\"acasa-celula-esquerda\">\n<div class=\"acasa-titulo-principal\">\u26a1 INSTANT DELIVERY<\/div>\n<div class=\"acasa-subtitulo\">Log in, purchase and receive immediately<\/div>\n<\/td>\n<td class=\"acasa-celula-direita\">\n<div class=\"acasa-info-box\">\n<div class=\"acasa-titulo-info\">\ud83d\udccb READ THE DESCRIPTION<\/div>\n<div class=\"acasa-subtitulo\">Important Information<\/div>\n<\/div>\n<\/td>\n<\/tr>\n<\/tbody>\n<\/table>\n<div class=\"acasa-secao-inferior\">\n<div class=\"acasa-coluna\">\n<h3 class=\"acasa-titulo-secao\">\ud83d\uded2 Why buy from us?<\/h3>\n<div class=\"acasa-lista\">\n<div class=\"acasa-item\"><span class=\"acasa-check\">\u2713<\/span> Over 3 years in the market<\/div>\n<div class=\"acasa-item\"><span class=\"acasa-check\">\u2713<\/span> Fast delivery<\/div>\n<div class=\"acasa-item\"><span class=\"acasa-check\">\u2713<\/span> Benefits, promotions and subscription plans<\/div>\n<div class=\"acasa-item\"><span class=\"acasa-check\">\u2713<\/span> Competitive prices<\/div>\n<\/div>\n<\/div>\n<div class=\"acasa-coluna\">\n<div class=\"acasa-widget\">[trustindex data-widget-id=7fd81be38eb695098c8683dcf1c]<\/div>\n<\/div>\n<\/div>\n<\/div>\n","protected":false},"featured_media":7106737,"comment_status":"open","ping_status":"closed","template":"","meta":[],"product_brand":[],"product_cat":[742,743,634,859,768],"product_tag":[695,683],"class_list":{"0":"post-7106718","1":"product","2":"type-product","3":"status-publish","4":"has-post-thumbnail","6":"product_cat-action","7":"product_cat-aventure","8":"product_cat-jeux","9":"product_cat-nouveautes","10":"product_cat-rpg","11":"product_tag-fantaisie","12":"product_tag-monde-ouvert","14":"first","15":"instock","16":"downloadable","17":"virtual","18":"purchasable","19":"product-type-simple"},"exclude_global_add_ons":[],"addons":[],"_links":{"self":[{"href":"https:\/\/gamesbestprices.com\/fr\/wp-json\/wp\/v2\/product\/7106718","targetHints":{"allow":["GET"]}}],"collection":[{"href":"https:\/\/gamesbestprices.com\/fr\/wp-json\/wp\/v2\/product"}],"about":[{"href":"https:\/\/gamesbestprices.com\/fr\/wp-json\/wp\/v2\/types\/product"}],"replies":[{"embeddable":true,"href":"https:\/\/gamesbestprices.com\/fr\/wp-json\/wp\/v2\/comments?post=7106718"}],"wp:featuredmedia":[{"embeddable":true,"href":"https:\/\/gamesbestprices.com\/fr\/wp-json\/wp\/v2\/media\/7106737"}],"wp:attachment":[{"href":"https:\/\/gamesbestprices.com\/fr\/wp-json\/wp\/v2\/media?parent=7106718"}],"wp:term":[{"taxonomy":"product_brand","embeddable":true,"href":"https:\/\/gamesbestprices.com\/fr\/wp-json\/wp\/v2\/product_brand?post=7106718"},{"taxonomy":"product_cat","embeddable":true,"href":"https:\/\/gamesbestprices.com\/fr\/wp-json\/wp\/v2\/product_cat?post=7106718"},{"taxonomy":"product_tag","embeddable":true,"href":"https:\/\/gamesbestprices.com\/fr\/wp-json\/wp\/v2\/product_tag?post=7106718"}],"curies":[{"name":"wp","href":"https:\/\/api.w.org\/{rel}","templated":true}]}}