{"id":7106620,"date":"2026-04-09T06:21:44","date_gmt":"2026-04-09T06:21:44","guid":{"rendered":""},"modified":"2026-04-09T06:23:25","modified_gmt":"2026-04-09T06:23:25","slug":"life-is-strange-reunion-pc-steam-offline-fr","status":"publish","type":"product","link":"https:\/\/gamesbestprices.com\/fr\/produit\/life-is-strange-reunion-pc-steam-offline-fr\/","title":{"rendered":"Life is Strange Reunion PC Steam Offline"},"content":{"rendered":"<p><!-- Life is Strange Reunion PC Steam Offline --><\/p>\n<div class=\"lies-of-p-container\">\n<p><!-- Main Banner --><\/p>\n<div class=\"lies-of-p-banner\">\n<h1>LIFE IS STRANGE REUNION PC STEAM OFFLINE<\/h1>\n<p>La saga de Max et Chloe continue, et le destin de Caledon est le v\u00f4tre \u00e0 d\u00e9cider !<\/p>\n<\/div>\n<p><!-- Purchase Alert --><\/p>\n<div class=\"lies-of-p-alerta\">\u26a0\ufe0f MAX ET CHLOE REVIENNENT &#8211; VOS CHOIX FA\u00c7ONNENT LE DESTIN ! \u26a0\ufe0f<\/div>\n<p><!-- Offline Mode --><\/p>\n<div class=\"lies-of-p-offline\">\n<h3>\ud83c\udfae PROFITEZ HORS LIGNE AVEC UN MAXIMUM D&rsquo;\u00c9CONOMIES ! \ud83c\udfae<\/h3>\n<p>Profitez du mode <strong>HORS LIGNE<\/strong> en toute libert\u00e9 !<\/p>\n<div class=\"lies-of-p-beneficios\">\n<p>\u2705 Vous utiliserez les <strong>IDENTIFIANTS D&rsquo;ACC\u00c8S (COMPTE UNIQUE)<\/strong> que nous vous fournirons<\/p>\n<p>\u2705 <strong>JOUEZ VIA LE COMPTE FOURNI<\/strong> sans obstacles<\/p>\n<p>\u2705 Acc\u00e8s complet au titre et \u00e0 toutes les mises \u00e0 jour<\/p>\n<\/div>\n<p class=\"lies-of-p-economia\">Vous pourrez jouer en toute fluidit\u00e9 quand vous le souhaitez<\/p>\n<p class=\"lies-of-p-economia-destaque\">\ud83d\udcb0 \u00c9CONOMISEZ BEAUCOUP et \ud83c\udfaf AMUSEZ-VOUS \u00c9NORM\u00c9MENT !<\/p>\n<\/div>\n<p><!-- Promotional Video --><\/p>\n<div class=\"lies-of-p-video\">\n<h2>Regardez la bande-annonce de Life is Strange: Reunion<\/h2>\n<div class=\"lies-of-p-video-container\">\n<div class=\"lies-of-p-video-responsive\"><iframe title=\"Lecteur vid\u00e9o YouTube\" src=\"https:\/\/www.youtube-nocookie.com\/embed\/rrxm00_0jPE\" frameborder=\"0\" allowfullscreen=\"allowfullscreen\"><\/iframe><\/div>\n<\/div>\n<\/div>\n<p><!-- System Requirements --><\/p>\n<div class=\"lies-of-p-requisitos\">\n<h2>Sp\u00e9cifications du syst\u00e8me<\/h2>\n<div class=\"lies-of-p-requisitos-grid\">\n<p><!-- Minimum Requirements --><\/p>\n<div class=\"lies-of-p-requisitos-box\">\n<h3>Minimum<\/h3>\n<ul class=\"lies-of-p-requisitos-lista\">\n<li>\u25b9<strong>OS :<\/strong> Windows 10<\/li>\n<li>\u25b9<strong>Processeur :<\/strong> AMD Ryzen 5 1400 \/ Intel Core i5-4670K<\/li>\n<li>\u25b9<strong>M\u00e9moire :<\/strong> 12 Go de RAM<\/li>\n<li>\u25b9<strong>Carte graphique :<\/strong> AMD Radeon RX 480, 8 Go \/ NVIDIA GeForce GTX 1660, 6 Go \/ Intel Arc A750, 8 Go<\/li>\n<li>\u25b9<strong>DirectX :<\/strong> Version 12<\/li>\n<li>\u25b9<strong>Stockage :<\/strong> 30 Go d&rsquo;espace disponible<\/li>\n<\/ul>\n<\/div>\n<p><!-- Recommended Requirements --><\/p>\n<div class=\"lies-of-p-requisitos-box\">\n<h3>Recommand\u00e9<\/h3>\n<ul class=\"lies-of-p-requisitos-lista\">\n<li>\u25b9<strong>OS :<\/strong> \u00c0 annoncer<\/li>\n<li>\u25b9<strong>Processeur :<\/strong> \u00c0 annoncer<\/li>\n<li>\u25b9<strong>M\u00e9moire :<\/strong> \u00c0 annoncer<\/li>\n<li>\u25b9<strong>Carte graphique :<\/strong> \u00c0 annoncer<\/li>\n<li>\u25b9<strong>DirectX :<\/strong> \u00c0 annoncer<\/li>\n<li>\u25b9<strong>Stockage :<\/strong> \u00c0 annoncer<\/li>\n<\/ul>\n<\/div>\n<\/div>\n<\/div>\n<p><!-- About the Game --><\/p>\n<div class=\"lies-of-p-sobre\">\n<h2>\u00c0 propos de Life is Strange: Reunion<\/h2>\n<p><strong>Max et Chloe reviennent. Leur avenir, et le destin de Caledon, reposent sur vos choix.<\/strong><\/p>\n<p>Acheter <strong>Life is Strange: Reunion PC<\/strong>, c&rsquo;est plonger dans une toute nouvelle aventure narrative avec des personnages ador\u00e9s. Incarnez Max et Chloe alors qu&rsquo;une histoire \u00e9pique se dirige vers un point culminant, les for\u00e7ant \u00e0 prendre des d\u00e9cisions d\u00e9vastatrices. Peuvent-elles trouver un avenir ensemble\u2026 Avant que tout ne br\u00fble ? D\u00e9couvrez la profondeur \u00e9motionnelle et les rebondissements surnaturels qui d\u00e9finissent la s\u00e9rie dans <strong>Life is Strange: Reunion Steam<\/strong>. Vos choix comptent vraiment dans cette exp\u00e9rience solo et hors ligne, fa\u00e7onnant le destin de Caledon et de ses habitants. Pr\u00e9parez-vous pour un voyage puissant avec <strong>Life is Strange: Reunion for PC<\/strong>.<\/p>\n<\/div>\n<p><!-- Features in Cards --><\/p>\n<div class=\"lies-of-p-destaques\">\n<h2>Fonctionnalit\u00e9s du jeu<\/h2>\n<div class=\"lies-of-p-cards-grid\">\n<p><!-- Card 1: Narrative Adventure --><\/p>\n<div class=\"lies-of-p-card\">\n<p><img decoding=\"async\" title=\"Life is Strange Reunion PC - Aventure Narrative\" src=\"https:\/\/shared.akamai.steamstatic.com\/store_item_assets\/steam\/apps\/2624870\/199b89bfa0ad61293e0a059c4a1e8259c5d23438\/ss_199b89bfa0ad61293e0a059c4a1e8259c5d23438.1920x1080.jpg?t=1775578910\" alt=\"Gameplay de Life is Strange Reunion PC Steam Offline\" \/><\/p>\n<div class=\"lies-of-p-card-content\">\n<h3>AVENTURE NARRATIVE IMMERSIVE<\/h3>\n<p>Plongez-vous dans une histoire captivante o\u00f9 chaque choix que vous faites a de profondes cons\u00e9quences pour Max, Chloe et Caledon.<\/p>\n<\/div>\n<\/div>\n<p><!-- Card 2: Supernatural Powers --><\/p>\n<div class=\"lies-of-p-card\">\n<p><img decoding=\"async\" title=\"Life is Strange Reunion Steam - Pouvoirs Surnaturels\" src=\"https:\/\/shared.akamai.steamstatic.com\/store_item_assets\/steam\/apps\/2624870\/e2703ae262dac46f703a5d2bcafe0aa0d0a90736\/ss_e2703ae262dac46f703a5d2bcafe0aa0d0a90736.1920x1080.jpg?t=1775578910\" alt=\"Acheter Life is Strange Reunion PC pouvoirs surnaturels\" \/><\/p>\n<div class=\"lies-of-p-card-content\">\n<h3>POUVOIRS SURNATURELS EMBL\u00c9MATIQUES<\/h3>\n<p>Maniez les capacit\u00e9s embl\u00e9matiques de Max \u00e0 manipuler le temps pour influencer les \u00e9v\u00e9nements, d\u00e9couvrir des v\u00e9rit\u00e9s cach\u00e9es et modifier le cours du destin.<\/p>\n<\/div>\n<\/div>\n<p><!-- Card 3: Emotional Story & Choices --><\/p>\n<div class=\"lies-of-p-card\">\n<p><img decoding=\"async\" title=\"Life is Strange Reunion pour PC - Histoire \u00c9motionnelle\" src=\"https:\/\/shared.akamai.steamstatic.com\/store_item_assets\/steam\/apps\/2624870\/2802cb7dd327b136709742f164d8a82d31be68f5\/ss_2802cb7dd327b136709742f164d8a82d31be68f5.1920x1080.jpg?t=1775578910\" alt=\"Choix de l'histoire de Life is Strange Reunion\" \/><\/p>\n<div class=\"lies-of-p-card-content\">\n<h3>CHOIX D\u00c9VASTATEURS<\/h3>\n<p>Incarnez Max et Chloe, naviguant \u00e0 travers des d\u00e9cisions d\u00e9vastatrices qui fa\u00e7onnent leur avenir et le destin m\u00eame de Caledon.<\/p>\n<\/div>\n<\/div>\n<\/div>\n<\/div>\n<\/div>\n","protected":false},"excerpt":{"rendered":"<div class=\"acasa-produto-container\">\n<table class=\"acasa-produto-tabela\">\n<thead>\n<tr>\n<th>\ud83d\ude80 STATUS<\/th>\n<th>\u26a0\ufe0f IMPORTANT<\/th>\n<\/tr>\n<\/thead>\n<tbody>\n<tr>\n<td class=\"acasa-celula-esquerda\">\n<div class=\"acasa-titulo-principal\">\u26a1 INSTANT DELIVERY<\/div>\n<div class=\"acasa-subtitulo\">Log in, purchase and receive immediately<\/div>\n<\/td>\n<td class=\"acasa-celula-direita\">\n<div class=\"acasa-info-box\">\n<div class=\"acasa-titulo-info\">\ud83d\udccb READ THE DESCRIPTION<\/div>\n<div class=\"acasa-subtitulo\">Important Information<\/div>\n<\/div>\n<\/td>\n<\/tr>\n<\/tbody>\n<\/table>\n<div class=\"acasa-secao-inferior\">\n<div class=\"acasa-coluna\">\n<h3 class=\"acasa-titulo-secao\">\ud83d\uded2 Why buy from us?<\/h3>\n<div class=\"acasa-lista\">\n<div class=\"acasa-item\"><span class=\"acasa-check\">\u2713<\/span> Over 3 years in the market<\/div>\n<div class=\"acasa-item\"><span class=\"acasa-check\">\u2713<\/span> Fast delivery<\/div>\n<div class=\"acasa-item\"><span class=\"acasa-check\">\u2713<\/span> Benefits, promotions and subscription plans<\/div>\n<div class=\"acasa-item\"><span class=\"acasa-check\">\u2713<\/span> Competitive prices<\/div>\n<\/div>\n<\/div>\n<div class=\"acasa-coluna\">\n<div class=\"acasa-widget\">[trustindex data-widget-id=7fd81be38eb695098c8683dcf1c]<\/div>\n<\/div>\n<\/div>\n<\/div>\n","protected":false},"featured_media":7106624,"comment_status":"open","ping_status":"closed","template":"","meta":[],"product_brand":[],"product_cat":[743,634,859],"product_tag":[726],"class_list":{"0":"post-7106620","1":"product","2":"type-product","3":"status-publish","4":"has-post-thumbnail","6":"product_cat-aventure","7":"product_cat-jeux","8":"product_cat-nouveautes","9":"product_tag-vos-choix-comptent","11":"first","12":"instock","13":"downloadable","14":"virtual","15":"purchasable","16":"product-type-simple"},"exclude_global_add_ons":[],"addons":[],"_links":{"self":[{"href":"https:\/\/gamesbestprices.com\/fr\/wp-json\/wp\/v2\/product\/7106620","targetHints":{"allow":["GET"]}}],"collection":[{"href":"https:\/\/gamesbestprices.com\/fr\/wp-json\/wp\/v2\/product"}],"about":[{"href":"https:\/\/gamesbestprices.com\/fr\/wp-json\/wp\/v2\/types\/product"}],"replies":[{"embeddable":true,"href":"https:\/\/gamesbestprices.com\/fr\/wp-json\/wp\/v2\/comments?post=7106620"}],"wp:featuredmedia":[{"embeddable":true,"href":"https:\/\/gamesbestprices.com\/fr\/wp-json\/wp\/v2\/media\/7106624"}],"wp:attachment":[{"href":"https:\/\/gamesbestprices.com\/fr\/wp-json\/wp\/v2\/media?parent=7106620"}],"wp:term":[{"taxonomy":"product_brand","embeddable":true,"href":"https:\/\/gamesbestprices.com\/fr\/wp-json\/wp\/v2\/product_brand?post=7106620"},{"taxonomy":"product_cat","embeddable":true,"href":"https:\/\/gamesbestprices.com\/fr\/wp-json\/wp\/v2\/product_cat?post=7106620"},{"taxonomy":"product_tag","embeddable":true,"href":"https:\/\/gamesbestprices.com\/fr\/wp-json\/wp\/v2\/product_tag?post=7106620"}],"curies":[{"name":"wp","href":"https:\/\/api.w.org\/{rel}","templated":true}]}}