{"id":7106385,"date":"2025-10-24T15:23:36","date_gmt":"2025-10-24T15:23:36","guid":{"rendered":"https:\/\/gamesbestprices.com\/product\/vampire-the-masquerade-bloodlines-2\/"},"modified":"2025-10-24T15:23:36","modified_gmt":"2025-10-24T15:23:36","slug":"vampire-the-masquerade-bloodlines-2","status":"publish","type":"product","link":"https:\/\/gamesbestprices.com\/fr\/produit\/vampire-the-masquerade-bloodlines-2\/","title":{"rendered":"Vampire The Masquerade Bloodlines 2 PC Steam"},"content":{"rendered":"<div class=\"lies-of-p-container\">\n<div class=\"lies-of-p-banner\">\n<h1>Vampire The Masquerade Bloodlines 2 PC Steam Offline Premium Edition<\/h1>\n<p>Battez-vous pour Seattle en tant que Vampire ancien ! <strong>Bloodlines 2 PC<\/strong> Premium Edition apporte la suite tant attendue du RPG culte classique d\u00e9velopp\u00e9 par le studio prim\u00e9 aux BAFTA, The Chinese Room.\n<\/div>\n<div class=\"lies-of-p-alerta\">\u26a0\ufe0f \u00c9DITION PREMIUM AVEC CONTENU EXCLUSIF ! \u26a0\ufe0f<\/div>\n<div class=\"lies-of-p-offline\">\n<h3>\ud83c\udfae JOUEZ HORS LIGNE ET \u00c9CONOMISEZ GROS ! \ud83c\udfae<\/h3>\n<p>Profitez de <strong>Bloodlines 2 PC Premium<\/strong> en mode <strong>HORS LIGNE<\/strong> avec une flexibilit\u00e9 totale !<\/p>\n<div class=\"lies-of-p-beneficios\">\u2705 Vous utiliserez l&rsquo;<strong>IDENTIFIANT et le MOT DE PASSE<\/strong> que nous vous fournissons<\/div>\n<div class=\"lies-of-p-beneficios\">\u2705 <strong>JOUEZ AVEC LE COMPTE FOURNI<\/strong> sans tracas \u2705 Acc\u00e8s complet au jeu et \u00e0 toutes les mises \u00e0 jour<\/div>\n<div class=\"lies-of-p-beneficios\">\u2705 Jouez \u00e0 <strong>Vampire The Masquerade Bloodlines 2 pour PC<\/strong> quand vous le souhaitez<\/div>\n<p class=\"lies-of-p-economia\">Vous pouvez jouer en toute fluidit\u00e9 quand vous le d\u00e9sirez<\/p>\n<p class=\"lies-of-p-economia-destaque\">\ud83d\udcb0 \u00c9CONOMISEZ DE L&rsquo;ARGENT tout en \ud83c\udfaf VOUS AMUSANT \u00c9NORM\u00c9MENT !<\/p>\n<\/div>\n<div class=\"lies-of-p-requisitos\">\n<h2>Configuration Requise &#8211; Bloodlines 2 PC Steam<\/h2>\n<div class=\"lies-of-p-requisitos-grid\">\n<div class=\"lies-of-p-requisitos-box\">\n<h3>Minimale<\/h3>\n<ul class=\"lies-of-p-requisitos-lista\">\n<li>\u25b9<strong>Syst\u00e8me d&rsquo;exploitation :<\/strong> Windows 10 (64 bits)<\/li>\n<li>\u25b9<strong>Processeur :<\/strong> Intel Core i3-8350K \/ AMD Ryzen 3 3300X<\/li>\n<li>\u25b9<strong>M\u00e9moire :<\/strong> 8 Go de RAM<\/li>\n<li>\u25b9<strong>Graphismes :<\/strong> NVIDIA GeForce GTX 1060 (6 Go) \/ AMD Radeon RX 480 (8 Go) \/ Intel Arc A580 (8 Go, Resizable BAR enabled) \/ AMD Radeon 780M<\/li>\n<li>\u25b9<strong>DirectX :<\/strong> Version 12<\/li>\n<li>\u25b9<strong>Stockage :<\/strong> 30 Go d&rsquo;espace disponible<\/li>\n<\/ul>\n<\/div>\n<div class=\"lies-of-p-requisitos-box\">\n<h3>Recommand\u00e9e<\/h3>\n<ul class=\"lies-of-p-requisitos-lista\">\n<li>\u25b9<strong>Syst\u00e8me d&rsquo;exploitation :<\/strong> Windows 11<\/li>\n<li>\u25b9<strong>Processeur :<\/strong> Intel Core i5-12600K \/ AMD Ryzen 5 5600X<\/li>\n<li>\u25b9<strong>M\u00e9moire :<\/strong> 16 Go de RAM<\/li>\n<li>\u25b9<strong>Graphismes :<\/strong> NVIDIA GeForce RTX 3060 Ti (8 Go) \/ AMD Radeon RX 6700 XT (12 Go)<\/li>\n<li>\u25b9<strong>DirectX :<\/strong> Version 12<\/li>\n<li>\u25b9<strong>Stockage :<\/strong> 30 Go d&rsquo;espace disponible<\/li>\n<\/ul>\n<\/div>\n<\/div>\n<\/div>\n<div class=\"lies-of-p-sobre\">\n<h2>\u00c0 Propos de Vampire The Masquerade Bloodlines 2 PC<\/h2>\n<p><strong>Suite du Classique Culte<\/strong><br \/>\nProcurez-vous <strong>Bloodlines 2 PC Premium<\/strong> et battez-vous pour un Seattle moderne au bord de la guerre ouverte en tant que Vampire ancien ! D\u00e9velopp\u00e9 par le studio prim\u00e9 aux BAFTA, The Chinese Room, <strong>Vampire The Masquerade Bloodlines 2 pour PC<\/strong> offre la suite tant attendue du RPG culte.<br \/>\n<strong>Si\u00e8ge sur Trois Fronts \u00e0 Seattle<\/strong><br \/>\nDans <strong>Bloodlines 2 PC<\/strong>, affrontez un si\u00e8ge sur trois fronts \u00e0 Seattle \u2014 un vide de pouvoir au sein de la cour des vampires, et un ancien \u00e9veill\u00e9 luttant contre la voix dans sa t\u00eate. D\u00e9couvrez qui d\u00e9tient le pouvoir, forgez des alliances et d\u00e9cidez qui r\u00e9gnera sur la ville dans <strong>Bloodlines 2 PC Steam<\/strong>.<br \/>\n<strong>Sang, Faim et la Mascarade<\/strong><br \/>\nLe sang vous nourrit et alimente vos Disciplines vampiriques dans <strong>Vampire The Masquerade Bloodlines 2 PC<\/strong>. Chassez et nourrissez-vous de la population de la ville sous le couvert de la nuit. Utilisez vos pouvoirs surnaturels ou la pure persuasion \u2014 mais attention \u00e0 ne pas briser la Mascarade dans <strong>Bloodlines 2 pour PC<\/strong> !<br \/>\n<strong>Combat Immersif et Visc\u00e9ral<\/strong><br \/>\nVivez un combat qui r\u00e9compense diff\u00e9rents styles de jeu dans <strong>Bloodlines 2 PC Premium<\/strong>, selon le clan de vampires que vous avez choisi. Pr\u00e9f\u00e9rez-vous vous battre au corps \u00e0 corps avec des poings surnaturels, commander de loin, ou d\u00e9cimer les rangs en tant que pr\u00e9dateur ultime ? Les choix de clan dans <strong>Bloodlines 2 PC<\/strong> permettent toutes ces voies.<br \/>\n<strong>Monde des T\u00e9n\u00e8bres<\/strong><br \/>\nEntrez dans le Monde des T\u00e9n\u00e8bres dans <strong>Vampire The Masquerade Bloodlines 2 pour PC<\/strong> et gravissez les \u00e9chelons de la soci\u00e9t\u00e9 vampirique \u2014 ou rebellez-vous contre elle. Explorez Seattle peupl\u00e9e de personnages et factions dangereux. Vos choix, stratag\u00e8mes et plans d\u00e9termineront l&rsquo;\u00e9quilibre des pouvoirs dans <strong>Bloodlines 2 PC Steam<\/strong>.<br \/>\n<strong>D\u00e9velopp\u00e9 par The Chinese Room<\/strong><br \/>\n<strong>Vampire The Masquerade Bloodlines 2 pour PC<\/strong> a \u00e9t\u00e9 cr\u00e9\u00e9 par le studio prim\u00e9 aux BAFTA, The Chinese Room, garantissant une qualit\u00e9 narrative de premier plan et une atmosph\u00e8re sombre unique.\n<\/div>\n<div class=\"lies-of-p-destaques\">\n<h2>Points Forts de l&rsquo;Aventure dans Bloodlines 2 PC<\/h2>\n<div class=\"lies-of-p-cards-grid\">\n<div class=\"lies-of-p-card\">\n<div class=\"lies-of-p-card-content\">\n<h3>VAMPIRE ANCIEN<\/h3>\n<p>Pouvoirs surnaturels dans <strong>Bloodlines 2 PC<\/strong> ! Choisissez votre clan de vampires, ma\u00eetrisez des Disciplines uniques et chassez dans les ombres du Seattle moderne !\n<\/div>\n<\/div>\n<div class=\"lies-of-p-card\">\n<div class=\"lies-of-p-card-content\">\n<h3>COMBAT VISC\u00c9RAL<\/h3>\n<p>Styles de jeu vari\u00e9s dans <strong>Bloodlines 2 PC Steam<\/strong> ! Engagez-vous dans un combat au corps \u00e0 corps brutal, dominez de loin, ou devenez le pr\u00e9dateur ultime de la nuit !\n<\/div>\n<\/div>\n<div class=\"lies-of-p-card\">\n<div class=\"lies-of-p-card-content\">\n<h3>MONDE DES T\u00c9N\u00c8BRES<\/h3>\n<p>Politique vampirique dans <strong>Vampire The Masquerade Bloodlines 2 pour PC<\/strong> ! Vos choix fa\u00e7onnent le destin de Seattle et d\u00e9finissent l&rsquo;\u00e9quilibre des pouvoirs !\n<\/div>\n<\/div>\n<\/div>\n<\/div>\n<\/div>\n","protected":false},"excerpt":{"rendered":"<table class=\"info-table\">\n<thead>\n<tr class=\"header-row\">\n<th>Statut<\/th>\n<th>INFORMATION<\/th>\n<\/tr>\n<\/thead>\n<tbody>\n<tr>\n<td class=\"status-cell\">\n<div class=\"status-title\">\ud83d\ude80 LIVRAISON IMM\u00c9DIATE<\/div>\n<div class=\"status-subtitle\">Acc\u00e8s instantan\u00e9<\/div>\n<\/td>\n<td class=\"info-cell\">\n<div class=\"info-box\">\n<div class=\"info-title\">ATTENTION<\/div>\n<div class=\"info-content\">LISEZ LA DESCRIPTION<\/div>\n<\/div>\n<\/td>\n<\/tr>\n<tr>\n<td class=\"status-cell\">\n<div class=\"status-title\">\ud83d\udcb0 Ce site est-il fiable ?<\/div>\n<div class=\"status-subtitle\">+ 4 ans de vente de jeux<\/div>\n<\/td>\n<td class=\"info-cell\">\n<div class=\"info-box\">\n<div class=\"info-title\">Acc\u00e8s :<\/div>\n<div class=\"info-content\">[trustindex data-widget-id=7fd81be38eb695098c8683dcf1c]<\/div>\n<\/div>\n<\/td>\n<\/tr>\n<\/tbody>\n<\/table>\n","protected":false},"featured_media":7103748,"comment_status":"open","ping_status":"closed","template":"","meta":[],"product_brand":[155],"product_cat":[742,666,768],"product_tag":[638,668,640,726],"class_list":{"0":"post-7106385","1":"product","2":"type-product","3":"status-publish","4":"has-post-thumbnail","6":"product_brand-paradox","7":"product_cat-action","8":"product_cat-jeux-en-vedette","9":"product_cat-rpg","10":"product_tag-horreur","11":"product_tag-riche-en-histoire","12":"product_tag-single-player","13":"product_tag-vos-choix-comptent","15":"first","16":"instock","17":"downloadable","18":"virtual","19":"purchasable","20":"product-type-simple"},"exclude_global_add_ons":[],"addons":[],"_links":{"self":[{"href":"https:\/\/gamesbestprices.com\/fr\/wp-json\/wp\/v2\/product\/7106385","targetHints":{"allow":["GET"]}}],"collection":[{"href":"https:\/\/gamesbestprices.com\/fr\/wp-json\/wp\/v2\/product"}],"about":[{"href":"https:\/\/gamesbestprices.com\/fr\/wp-json\/wp\/v2\/types\/product"}],"replies":[{"embeddable":true,"href":"https:\/\/gamesbestprices.com\/fr\/wp-json\/wp\/v2\/comments?post=7106385"}],"wp:featuredmedia":[{"embeddable":true,"href":"https:\/\/gamesbestprices.com\/fr\/wp-json\/wp\/v2\/media\/7103748"}],"wp:attachment":[{"href":"https:\/\/gamesbestprices.com\/fr\/wp-json\/wp\/v2\/media?parent=7106385"}],"wp:term":[{"taxonomy":"product_brand","embeddable":true,"href":"https:\/\/gamesbestprices.com\/fr\/wp-json\/wp\/v2\/product_brand?post=7106385"},{"taxonomy":"product_cat","embeddable":true,"href":"https:\/\/gamesbestprices.com\/fr\/wp-json\/wp\/v2\/product_cat?post=7106385"},{"taxonomy":"product_tag","embeddable":true,"href":"https:\/\/gamesbestprices.com\/fr\/wp-json\/wp\/v2\/product_tag?post=7106385"}],"curies":[{"name":"wp","href":"https:\/\/api.w.org\/{rel}","templated":true}]}}