{"id":7106330,"date":"2025-09-24T03:16:48","date_gmt":"2025-09-24T03:16:48","guid":{"rendered":"https:\/\/gamesbestprices.com\/product\/silent-hill-f-pc-steam\/"},"modified":"2025-09-24T03:16:48","modified_gmt":"2025-09-24T03:16:48","slug":"silent-hill-f-pc-steam","status":"publish","type":"product","link":"https:\/\/gamesbestprices.com\/fr\/produit\/silent-hill-f-pc-steam\/","title":{"rendered":"SILENT HILL f PC Steam"},"content":{"rendered":"<div class=\"lies-of-p-container\">\n<p><!-- Banner Principal --><\/p>\n<div class=\"lies-of-p-banner\">\n<h1>SILENT HILL f<\/h1>\n<p>Uma nova e aterrorizante jornada pelo universo de Silent Hill.<\/p>\n<\/div>\n<p><!-- Alerta de Compra --><\/p>\n<div class=\"lies-of-p-alerta\">\u26a0\ufe0f PR\u00c9-COMPRE SILENT HILL f AGORA E GARANTA SUA C\u00d3PIA! \u26a0\ufe0f<\/div>\n<p><!-- Modo Offline --><\/p>\n<div class=\"lies-of-p-offline\">\n<h3>\ud83c\udfae JOGUE OFFLINE COM M\u00c1XIMA ECONOMIA! \ud83c\udfae<\/h3>\n<p>Desfrute do modo <strong>OFFLINE<\/strong> com total flexibilidade!<\/p>\n<div class=\"lies-of-p-beneficios\">\n<p>\u2705 Utilizar\u00e1 <strong>LOGIN e SENHA (UMA CONTA)<\/strong> que forneceremos<\/p>\n<p>\u2705 <strong>JOGUE PELA CONTA ENVIADA<\/strong> sem complica\u00e7\u00f5es<\/p>\n<p>\u2705 Acesso completo ao jogo e todas as atualiza\u00e7\u00f5es<\/p>\n<\/div>\n<p class=\"lies-of-p-economia\">Voc\u00ea poder\u00e1 jogar sem problemas e no momento que quiser<\/p>\n<p class=\"lies-of-p-economia-destaque\">\ud83d\udcb0 ECONOMIZANDO BEM e se \ud83c\udfaf DIVERTINDO MUITO!<\/p>\n<\/div>\n<p><!-- V\u00eddeo Promocional --><\/p>\n<div class=\"lies-of-p-video\">\n<h2>Assista ao Trailer de Silent Hill f<\/h2>\n<div class=\"lies-of-p-video-container\">\n<div class=\"lies-of-p-video-responsive\"><\/div>\n<\/div>\n<\/div>\n<p><!-- Imagem Principal --><\/p>\n<div class=\"lies-of-p-sobre\"><img decoding=\"async\" style=\"width: 100%;border-radius: 10px;margin-bottom: 20px\" src=\"https:\/\/cdn.akamai.steamstatic.com\/steam\/apps\/2201910\/ss_c1dbcc368d85a5f37fe66e21b5afbc6a5bf58ad6.1920x1080.jpg\" alt=\"Silent Hill f\" \/><\/div>\n<p><!-- Requisitos do Sistema --><\/p>\n<div class=\"lies-of-p-requisitos\">\n<h2>Requisitos do Sistema<\/h2>\n<div class=\"lies-of-p-requisitos-grid\">\n<p><!-- Requisitos M\u00ednimos --><\/p>\n<div class=\"lies-of-p-requisitos-box\">\n<h3>M\u00ednimos<\/h3>\n<ul class=\"lies-of-p-requisitos-lista\">\n<li>\u25b9<strong>SO:<\/strong> Windows 11 x64<\/li>\n<li>\u25b9<strong>Processador:<\/strong> Intel Core i5-8400 \/ AMD Ryzen 5 2600<\/li>\n<li>\u25b9<strong>Mem\u00f3ria:<\/strong> 16 GB RAM<\/li>\n<li>\u25b9<strong>Placa de v\u00eddeo:<\/strong> NVIDIA\u2122 GeForce\u2122 GTX 1070 Ti ou AMD Radeon\u2122 RX 5700<\/li>\n<li>\u25b9<strong>DirectX:<\/strong> Vers\u00e3o 12<\/li>\n<li>\u25b9<strong>Armazenamento:<\/strong> 50 GB de espa\u00e7o dispon\u00edvel<\/li>\n<li>\u25b9<strong>Placa de Som:<\/strong> Dispositivo de \u00e1udio compat\u00edvel com Windows<\/li>\n<li>\u25b9<strong>Observa\u00e7\u00f5es:<\/strong> SSD recomendado. Jogando com requisitos m\u00ednimos ser\u00e1 poss\u00edvel jogar nas configura\u00e7\u00f5es de Performance em 30 FPS a 720p.<\/li>\n<\/ul>\n<\/div>\n<p><!-- Requisitos Recomendados --><\/p>\n<div class=\"lies-of-p-requisitos-box\">\n<h3>Recomendados<\/h3>\n<ul class=\"lies-of-p-requisitos-lista\">\n<li>\u25b9<strong>SO:<\/strong> Windows 11 x64<\/li>\n<li>\u25b9<strong>Processador:<\/strong> Intel Core i7-9700 \/ AMD Ryzen 5 5500<\/li>\n<li>\u25b9<strong>Mem\u00f3ria:<\/strong> 16 GB RAM<\/li>\n<li>\u25b9<strong>Placa de v\u00eddeo:<\/strong> NVIDIA\u2122 GeForce\u2122 RTX 2080 ou AMD Radeon\u2122 RX 6800XT<\/li>\n<li>\u25b9<strong>DirectX:<\/strong> Vers\u00e3o 12<\/li>\n<li>\u25b9<strong>Armazenamento:<\/strong> 50 GB de espa\u00e7o dispon\u00edvel<\/li>\n<li>\u25b9<strong>Placa de Som:<\/strong> Dispositivo de \u00e1udio compat\u00edvel com Windows<\/li>\n<li>\u25b9<strong>Observa\u00e7\u00f5es:<\/strong> SSD obrigat\u00f3rio. Jogando com requisitos recomendados ser\u00e1 poss\u00edvel jogar nas configura\u00e7\u00f5es de Performance em 60 FPS ou Qualidade em 30 FPS em FullHD (ou 4K usando DLSS ou tecnologia similar).<\/li>\n<\/ul>\n<\/div>\n<\/div>\n<\/div>\n<p><!-- Sobre o Jogo --><\/p>\n<div class=\"lies-of-p-sobre\">\n<h2>Sobre Silent Hill f<\/h2>\n<p>No Jap\u00e3o dos anos 1960, a pacata cidade de Ebisugaoka, onde vive Shimizu Hinako, \u00e9 repentinamente consumida por uma n\u00e9voa misteriosa, transformando seu lar em um pesadelo aterrorizante.<\/p>\n<p><img decoding=\"async\" style=\"width: 100%;border-radius: 10px;margin: 15px 0\" src=\"https:\/\/cdn.akamai.steamstatic.com\/steam\/apps\/2201910\/ss_8aa19fad050092ed89197c31094abcb8dbfaa7ab.1920x1080.jpg\" alt=\"Silent Hill f - Cidade na N\u00e9voa\" \/><\/p>\n<p>\u00c0 medida que a cidade silencia e a n\u00e9voa se intensifica, Hinako precisa navegar pelos caminhos distorcidos de Ebisugaoka, solucionando complexos quebra-cabe\u00e7as e confrontando monstros grotescos para sobreviver.<\/p>\n<p><img decoding=\"async\" style=\"width: 100%;border-radius: 10px;margin: 15px 0\" src=\"https:\/\/cdn.akamai.steamstatic.com\/steam\/apps\/2201910\/ss_3fb742f14ca8b517d07d64599ed2f33c9af6cc58.1920x1080.jpg\" alt=\"Silent Hill f - Atmosfera\" \/><\/p>\n<p>Mergulhe no mundo de Hinako, imaginado pelo renomado autor Ryukishi07, com m\u00fasica hipnotizante, incluindo pe\u00e7as de Akira Yamaoka, e belos visuais em uma envolvente hist\u00f3ria de d\u00favida, arrependimento e escolhas inescap\u00e1veis.<\/p>\n<p>Hinako abra\u00e7ar\u00e1 a beleza escondida dentro do terror ou sucumbir\u00e1 \u00e0 loucura que a aguarda?<\/p>\n<p><img decoding=\"async\" style=\"width: 100%;border-radius: 10px;margin: 15px 0\" src=\"https:\/\/cdn.akamai.steamstatic.com\/steam\/apps\/2201910\/ss_85d9b811bc4483d3c28bc89a2fe5192db84ae608.1920x1080.jpg\" alt=\"Silent Hill f - Personagem\" \/><\/p>\n<p>Descubra um novo cap\u00edtulo na s\u00e9rie SILENT HILL, misturando horror psicol\u00f3gico com um cen\u00e1rio japon\u00eas assombroso.<\/p>\n<\/div>\n<p><!-- Recursos em Cards --><\/p>\n<div class=\"lies-of-p-destaques\">\n<h2>Recursos Extraordin\u00e1rios<\/h2>\n<div class=\"lies-of-p-cards-grid\">\n<p><!-- Card 1: Cen\u00e1rio Japon\u00eas Assombroso --><\/p>\n<div class=\"lies-of-p-card\">\n<p><img decoding=\"async\" src=\"https:\/\/cdn.akamai.steamstatic.com\/steam\/apps\/2201910\/ss_ed8eb0ef6410a0ddaebb9ef53f0b47a0b7c0cde3.1920x1080.jpg\" alt=\"Cen\u00e1rio Japon\u00eas\" \/><\/p>\n<div class=\"lies-of-p-card-content\">\n<h3>CEN\u00c1RIO JAPON\u00caS ASSOMBROSO<\/h3>\n<p>Explore o Jap\u00e3o dos anos 1960 transformado em um pesadelo. A cidade de Ebisugaoka esconde segredos sombrios por tr\u00e1s de sua apar\u00eancia tradicional, criando uma experi\u00eancia de terror \u00fanica.<\/p>\n<\/div>\n<\/div>\n<p><!-- Card 2: Atmosfera Aterrorizante --><\/p>\n<div class=\"lies-of-p-card\">\n<p><img decoding=\"async\" src=\"https:\/\/cdn.akamai.steamstatic.com\/steam\/apps\/2201910\/ss_3fb742f14ca8b517d07d64599ed2f33c9af6cc58.1920x1080.jpg\" alt=\"Atmosfera Aterrorizante\" \/><\/p>\n<div class=\"lies-of-p-card-content\">\n<h3>ATMOSFERA ATERRORIZANTE<\/h3>\n<p>M\u00fasica hipnotizante de Akira Yamaoka e uma dire\u00e7\u00e3o de arte perturbadora criam uma atmosfera de tens\u00e3o constante, onde o terror psicol\u00f3gico se mistura com elementos visuais impactantes.<\/p>\n<\/div>\n<\/div>\n<p><!-- Card 3: Narrativa Envolvente --><\/p>\n<div class=\"lies-of-p-card\">\n<p><img decoding=\"async\" src=\"https:\/\/cdn.akamai.steamstatic.com\/steam\/apps\/2201910\/ss_85d9b811bc4483d3c28bc89a2fe5192db84ae608.1920x1080.jpg\" alt=\"Narrativa Envolvente\" \/><\/p>\n<div class=\"lies-of-p-card-content\">\n<h3>NARRATIVA ENVOLVENTE<\/h3>\n<p>Criada pelo renomado autor Ryukishi07, a hist\u00f3ria de Hinako explora temas de d\u00favida, arrependimento e escolhas imposs\u00edveis, em uma narrativa profunda que questiona a natureza do terror e da beleza.<\/p>\n<\/div>\n<\/div>\n<\/div>\n<\/div>\n<\/div>\n","protected":false},"excerpt":{"rendered":"<table class=\"info-table\">\n<thead>\n<tr class=\"header-row\">\n<th>Statut<\/th>\n<th>INFORMATION<\/th>\n<\/tr>\n<\/thead>\n<tbody>\n<tr>\n<td class=\"status-cell\">\n<div class=\"status-title\">\ud83d\ude80 LIVRAISON IMM\u00c9DIATE<\/div>\n<div class=\"status-subtitle\">Acc\u00e8s instantan\u00e9<\/div>\n<\/td>\n<td class=\"info-cell\">\n<div class=\"info-box\">\n<div class=\"info-title\">ATTENTION<\/div>\n<div class=\"info-content\">LISEZ LA DESCRIPTION<\/div>\n<\/div>\n<\/td>\n<\/tr>\n<tr>\n<td class=\"status-cell\">\n<div class=\"status-title\">\ud83d\udcb0 Ce site est-il fiable ?<\/div>\n<div class=\"status-subtitle\">+ 4 ans de vente de jeux<\/div>\n<\/td>\n<td class=\"info-cell\">\n<div class=\"info-box\">\n<div class=\"info-title\">Acc\u00e8s :<\/div>\n<div class=\"info-content\">[trustindex data-widget-id=7fd81be38eb695098c8683dcf1c]<\/div>\n<\/div>\n<\/td>\n<\/tr>\n<\/tbody>\n<\/table>\n","protected":false},"featured_media":7103601,"comment_status":"open","ping_status":"closed","template":"","meta":[],"product_brand":[140],"product_cat":[776,666,636,750],"product_tag":[667,638,640,641],"class_list":{"0":"post-7106330","1":"product","2":"type-product","3":"status-publish","4":"has-post-thumbnail","6":"product_brand-konami","7":"product_cat-horreur","8":"product_cat-jeux-en-vedette","9":"product_cat-jeux-steam","10":"product_cat-steam","11":"product_tag-atmospherique","12":"product_tag-horreur","13":"product_tag-single-player","14":"product_tag-survie","16":"first","17":"instock","18":"downloadable","19":"virtual","20":"purchasable","21":"product-type-simple"},"exclude_global_add_ons":[],"addons":[],"_links":{"self":[{"href":"https:\/\/gamesbestprices.com\/fr\/wp-json\/wp\/v2\/product\/7106330","targetHints":{"allow":["GET"]}}],"collection":[{"href":"https:\/\/gamesbestprices.com\/fr\/wp-json\/wp\/v2\/product"}],"about":[{"href":"https:\/\/gamesbestprices.com\/fr\/wp-json\/wp\/v2\/types\/product"}],"replies":[{"embeddable":true,"href":"https:\/\/gamesbestprices.com\/fr\/wp-json\/wp\/v2\/comments?post=7106330"}],"wp:featuredmedia":[{"embeddable":true,"href":"https:\/\/gamesbestprices.com\/fr\/wp-json\/wp\/v2\/media\/7103601"}],"wp:attachment":[{"href":"https:\/\/gamesbestprices.com\/fr\/wp-json\/wp\/v2\/media?parent=7106330"}],"wp:term":[{"taxonomy":"product_brand","embeddable":true,"href":"https:\/\/gamesbestprices.com\/fr\/wp-json\/wp\/v2\/product_brand?post=7106330"},{"taxonomy":"product_cat","embeddable":true,"href":"https:\/\/gamesbestprices.com\/fr\/wp-json\/wp\/v2\/product_cat?post=7106330"},{"taxonomy":"product_tag","embeddable":true,"href":"https:\/\/gamesbestprices.com\/fr\/wp-json\/wp\/v2\/product_tag?post=7106330"}],"curies":[{"name":"wp","href":"https:\/\/api.w.org\/{rel}","templated":true}]}}