{"id":7106170,"date":"2025-03-20T22:24:27","date_gmt":"2025-03-20T22:24:27","guid":{"rendered":"https:\/\/gamesbestprices.com\/product\/uncharted-colecao-legado-dos-ladroes-steam-pc\/"},"modified":"2025-03-20T22:24:27","modified_gmt":"2025-03-20T22:24:27","slug":"uncharted-colecao-legado-dos-ladroes-steam-pc","status":"publish","type":"product","link":"https:\/\/gamesbestprices.com\/fr\/produit\/uncharted-colecao-legado-dos-ladroes-steam-pc\/","title":{"rendered":"UNCHARTED: Cole\u00e7\u00e3o Legado dos Ladr\u00f5es Steam PC"},"content":{"rendered":"<p><span style=\"color: #ff00ff\"><strong>\u26a0\ufe0f<span style=\"color: #ff6600\">GET AN ORIGINAL GAME FROM STEAM!<\/span>\u26a0\ufe0f<\/strong><\/span><\/p>\n<p>Enjoy the <span style=\"color: #000000\"><strong>OFFLINE<\/strong><\/span> mode with complete flexibility. You will use the <span style=\"color: #333300\"><strong>LOGIN<\/strong><\/span> and <span style=\"color: #333300\"><strong>PASSWORD (<em>ONE ACCOUNT<\/em>) that we provide<\/strong><\/span>, so you can <strong><span style=\"color: #333300\">PLAY USING THE PROVIDED ACCOUNT<\/span><\/strong>;<\/p>\n<p>You can play without any issues and whenever you want, <span style=\"color: #333300\"><strong>saving BIG<\/strong><\/span> and having <span style=\"color: #333300\"><strong>LOTS of fun<\/strong><\/span>.<\/p>\n<p><strong>\ud83c\udfae\ud83e\uddd9\u200d\u2642\ufe0f ABOUT THE GAME:<\/strong><\/p>\n<p>Ready to seek your fortune?<br \/>\nPursue your fortune and leave your mark on the map in UNCHARTED: Legacy of Thieves Collection. Discover the thrilling stories and cinematic action of the UNCHARTED franchise, featuring the wit and charm of the famous thieves Nathan Drake and Chloe Frazer.<\/p>\n<p><strong>\ud83d\udcbb\ud83d\udd27 MINIMUM REQUIREMENTS:<\/strong><\/p>\n<ul class=\"bb_ul\">\n<li><strong>OS:<\/strong> Windows 10 64-bit<\/li>\n<li><strong>Processor:<\/strong> Intel i5-4430, AMD Ryzen 3 1200<\/li>\n<li><strong>Memory:<\/strong> 8 GB RAM<\/li>\n<li><strong>Graphics:<\/strong> NVIDIA GTX 960 (4 GB), AMD R9 290X (4 GB)<\/li>\n<li><strong>DirectX:<\/strong> Version 12<\/li>\n<li><strong>Storage:<\/strong> 126 GB available space<\/li>\n<\/ul>\n<p>&nbsp;<\/p>\n<p>\ud83e\udd1d\ud83c\udfae <strong><em>JOIN US:<\/em><\/strong><\/p>\n<p>Welcome to the House of Gamers! Here, you\u2019ll find a home for your passion for gaming. Join our community and explore the world of games in a unique way. Come play with us! At the House of Gamers, we\u2019re not just a community of players, we\u2019re a family. Here, you can trust us to enjoy your passion for gaming in a safe and friendly environment. Join us and be part of this growing family. Come play with us and feel at home!<\/p>\n<p>\ud83c\udf89\ud83c\udfc6 <strong>PROMOTION:<\/strong><\/p>\n<p>Take advantage of our exclusive promotion at the House of Gamers: PARTICIPATE AND WIN A FREE GAME WHEN YOU BUY! Click <a href=\"http:\/\/acasadosgamers.com\/produto\/detroit-become-human\/ofertas-imperdiveis-aproveite-agora-na-casa-dos-gamers\" target=\"_blank\" rel=\"noopener\">HERE<\/a> to learn more.<\/p>\n","protected":false},"excerpt":{"rendered":"<table class=\"info-table\">\n<thead>\n<tr class=\"header-row\">\n<th>Statut<\/th>\n<th>INFORMATION<\/th>\n<\/tr>\n<\/thead>\n<tbody>\n<tr>\n<td class=\"status-cell\">\n<div class=\"status-title\">\ud83d\ude80 LIVRAISON IMM\u00c9DIATE<\/div>\n<div class=\"status-subtitle\">Acc\u00e8s instantan\u00e9<\/div>\n<\/td>\n<td class=\"info-cell\">\n<div class=\"info-box\">\n<div class=\"info-title\">ATTENTION<\/div>\n<div class=\"info-content\">LISEZ LA DESCRIPTION<\/div>\n<\/div>\n<\/td>\n<\/tr>\n<tr>\n<td class=\"status-cell\">\n<div class=\"status-title\">\ud83d\udcb0 Ce site est-il fiable ?<\/div>\n<div class=\"status-subtitle\">+ 4 ans de vente de jeux<\/div>\n<\/td>\n<td class=\"info-cell\">\n<div class=\"info-box\">\n<div class=\"info-title\">Acc\u00e8s :<\/div>\n<div class=\"info-content\">[trustindex data-widget-id=7fd81be38eb695098c8683dcf1c]<\/div>\n<\/div>\n<\/td>\n<\/tr>\n<\/tbody>\n<\/table>\n","protected":false},"featured_media":7103751,"comment_status":"open","ping_status":"closed","template":"","meta":[],"product_brand":[142],"product_cat":[742,743,636,635,750],"product_tag":[682,780,668,640,678],"class_list":{"0":"post-7106170","1":"product","2":"type-product","3":"status-publish","4":"has-post-thumbnail","6":"product_brand-naughty-dog","7":"product_cat-action","8":"product_cat-aventure","9":"product_cat-jeux-steam","10":"product_cat-pc","11":"product_cat-steam","12":"product_tag-exploration","13":"product_tag-infiltration","14":"product_tag-riche-en-histoire","15":"product_tag-single-player","16":"product_tag-tps","18":"first","19":"instock","20":"downloadable","21":"virtual","22":"purchasable","23":"product-type-simple"},"exclude_global_add_ons":[],"addons":[],"_links":{"self":[{"href":"https:\/\/gamesbestprices.com\/fr\/wp-json\/wp\/v2\/product\/7106170","targetHints":{"allow":["GET"]}}],"collection":[{"href":"https:\/\/gamesbestprices.com\/fr\/wp-json\/wp\/v2\/product"}],"about":[{"href":"https:\/\/gamesbestprices.com\/fr\/wp-json\/wp\/v2\/types\/product"}],"replies":[{"embeddable":true,"href":"https:\/\/gamesbestprices.com\/fr\/wp-json\/wp\/v2\/comments?post=7106170"}],"wp:featuredmedia":[{"embeddable":true,"href":"https:\/\/gamesbestprices.com\/fr\/wp-json\/wp\/v2\/media\/7103751"}],"wp:attachment":[{"href":"https:\/\/gamesbestprices.com\/fr\/wp-json\/wp\/v2\/media?parent=7106170"}],"wp:term":[{"taxonomy":"product_brand","embeddable":true,"href":"https:\/\/gamesbestprices.com\/fr\/wp-json\/wp\/v2\/product_brand?post=7106170"},{"taxonomy":"product_cat","embeddable":true,"href":"https:\/\/gamesbestprices.com\/fr\/wp-json\/wp\/v2\/product_cat?post=7106170"},{"taxonomy":"product_tag","embeddable":true,"href":"https:\/\/gamesbestprices.com\/fr\/wp-json\/wp\/v2\/product_tag?post=7106170"}],"curies":[{"name":"wp","href":"https:\/\/api.w.org\/{rel}","templated":true}]}}