{"id":7106065,"date":"2025-03-20T21:42:13","date_gmt":"2025-03-20T21:42:13","guid":{"rendered":"https:\/\/gamesbestprices.com\/product\/snowrunner-steam-pc\/"},"modified":"2025-03-20T21:42:13","modified_gmt":"2025-03-20T21:42:13","slug":"snowrunner-steam-pc","status":"publish","type":"product","link":"https:\/\/gamesbestprices.com\/fr\/produit\/snowrunner-steam-pc\/","title":{"rendered":"SnowRunner Steam PC"},"content":{"rendered":"<p>\u26a0\ufe0f <strong>COMMENT \u00c7A FONCTIONNE<\/strong> \u26a0\ufe0f<\/p>\n<p>Vous allez acqu\u00e9rir un jeu Steam original chez nous ! Le mode de jeu est <strong>HORS LIGNE<\/strong>, c&rsquo;est-\u00e0-dire la campagne. NOUS VOUS ENVERRONS UN IDENTIFIANT ET UN MOT DE PASSE (UN COMPTE) ainsi qu&rsquo;un tutoriel d&rsquo;installation SIMPLIFI\u00c9. Vous pourrez jouer sans aucun probl\u00e8me et quand vous le souhaitez, en \u00c9CONOMISANT BEAUCOUP et en vous AMUSANT \u00c9NORM\u00c9MENT.<\/p>\n<p><strong>\ud83c\udfae\ud83e\uddd9\u200d\u2642\ufe0f \u00c0 PROPOS DU JEU :<\/strong><\/p>\n<p>D\u00e9couvrez la nouvelle g\u00e9n\u00e9ration de l&rsquo;aventure tout-terrain !<\/p>\n<p>SnowRunner vous met au volant de v\u00e9hicules puissants pour affronter des environnements ouverts extr\u00eames avec la simulation de terrain la plus avanc\u00e9e jamais vue. Conduisez 40 v\u00e9hicules de marques comme Ford, Chevrolet et Freightliner, et laissez votre empreinte dans un monde ouvert inexplor\u00e9.<\/p>\n<p>Affrontez la boue, les eaux torrentielles, la neige et les lacs gel\u00e9s pour accomplir des missions et des contrats dangereux. \u00c9largissez et personnalisez votre flotte avec de nombreuses am\u00e9liorations et accessoires, notamment un tuba pour les eaux profondes ou des cha\u00eenes pour emp\u00eacher les pneus de glisser dans la neige.<\/p>\n<p><strong>\ud83d\udcbb\ud83d\udd27 CONFIGURATION MINIMALE :<\/strong><\/p>\n<ul class=\"bb_ul\">\n<li><strong>Syst\u00e8me d&rsquo;exploitation * :<\/strong> Windows 7\/8\/10 (64 bits)<\/li>\n<li><strong>Processeur :<\/strong> Intel i3-4130 3.4 GHz \/ AMD Ryzen 3 2200U 3.4 GHz<\/li>\n<li><strong>M\u00e9moire :<\/strong> 8 Go de RAM<\/li>\n<li><strong>Carte graphique :<\/strong> 2 Go, GeForce GTX 660 \/ Radeon R9 270<\/li>\n<li><strong>Stockage :<\/strong> 50 Go d&rsquo;espace disponible<\/li>\n<\/ul>\n<p>&nbsp;<\/p>\n<p><strong><em>\ud83e\udd1d\ud83c\udfae REJOIGNEZ-NOUS :<\/em><\/strong><\/p>\n<p>Bienvenue \u00e0 la Maison des Gamers ! Ici, vous trouverez un foyer pour votre passion du gaming. Rejoignez notre communaut\u00e9 et explorez le monde des jeux d&rsquo;une mani\u00e8re unique. Venez jouer avec nous ! \u00c0 la Maison des Gamers, nous ne sommes pas seulement une communaut\u00e9 de joueurs, nous sommes une famille. Ici, vous pouvez nous faire confiance pour profiter de votre passion du gaming dans un environnement s\u00fbr et convivial. Rejoignez-nous et faites partie de cette famille qui grandit chaque jour. Venez jouer avec nous et sentez-vous chez vous !<\/p>\n<p>\ud83c\udf89\ud83c\udfc6 <strong>PROMOTION :<\/strong><\/p>\n<p>Profitez de notre promotion exclusive \u00e0 la Maison des Gamers : PARTICIPEZ ET GAGNEZ UN JEU GRATUIT LORS DE VOTRE ACHAT ! Cliquez <a href=\"http:\/\/acasadosgamers.com\/produto\/detroit-become-human\/ofertas-imperdiveis-aproveite-agora-na-casa-dos-gamers\" target=\"_blank\" rel=\"noopener\">ICI<\/a> pour en savoir plus.<\/p>\n","protected":false},"excerpt":{"rendered":"<table class=\"info-table\">\n<thead>\n<tr class=\"header-row\">\n<th>Statut<\/th>\n<th>INFORMATION<\/th>\n<\/tr>\n<\/thead>\n<tbody>\n<tr>\n<td class=\"status-cell\">\n<div class=\"status-title\">\ud83d\ude80 LIVRAISON IMM\u00c9DIATE<\/div>\n<div class=\"status-subtitle\">Acc\u00e8s instantan\u00e9<\/div>\n<\/td>\n<td class=\"info-cell\">\n<div class=\"info-box\">\n<div class=\"info-title\">ATTENTION<\/div>\n<div class=\"info-content\">LISEZ LA DESCRIPTION<\/div>\n<\/div>\n<\/td>\n<\/tr>\n<tr>\n<td class=\"status-cell\">\n<div class=\"status-title\">\ud83d\udcb0 Ce site est-il fiable ?<\/div>\n<div class=\"status-subtitle\">+ 4 ans de vente de jeux<\/div>\n<\/td>\n<td class=\"info-cell\">\n<div class=\"info-box\">\n<div class=\"info-title\">Acc\u00e8s :<\/div>\n<div class=\"info-content\">[trustindex data-widget-id=7fd81be38eb695098c8683dcf1c]<\/div>\n<\/div>\n<\/td>\n<\/tr>\n<\/tbody>\n<\/table>\n","protected":false},"featured_media":7103680,"comment_status":"open","ping_status":"closed","template":"","meta":[],"product_brand":[156],"product_cat":[635],"product_tag":[683,690,640],"class_list":{"0":"post-7106065","1":"product","2":"type-product","3":"status-publish","4":"has-post-thumbnail","6":"product_brand-focus","7":"product_cat-pc","8":"product_tag-monde-ouvert","9":"product_tag-simulation","10":"product_tag-single-player","12":"first","13":"instock","14":"downloadable","15":"virtual","16":"purchasable","17":"product-type-simple"},"exclude_global_add_ons":[],"addons":[],"_links":{"self":[{"href":"https:\/\/gamesbestprices.com\/fr\/wp-json\/wp\/v2\/product\/7106065","targetHints":{"allow":["GET"]}}],"collection":[{"href":"https:\/\/gamesbestprices.com\/fr\/wp-json\/wp\/v2\/product"}],"about":[{"href":"https:\/\/gamesbestprices.com\/fr\/wp-json\/wp\/v2\/types\/product"}],"replies":[{"embeddable":true,"href":"https:\/\/gamesbestprices.com\/fr\/wp-json\/wp\/v2\/comments?post=7106065"}],"wp:featuredmedia":[{"embeddable":true,"href":"https:\/\/gamesbestprices.com\/fr\/wp-json\/wp\/v2\/media\/7103680"}],"wp:attachment":[{"href":"https:\/\/gamesbestprices.com\/fr\/wp-json\/wp\/v2\/media?parent=7106065"}],"wp:term":[{"taxonomy":"product_brand","embeddable":true,"href":"https:\/\/gamesbestprices.com\/fr\/wp-json\/wp\/v2\/product_brand?post=7106065"},{"taxonomy":"product_cat","embeddable":true,"href":"https:\/\/gamesbestprices.com\/fr\/wp-json\/wp\/v2\/product_cat?post=7106065"},{"taxonomy":"product_tag","embeddable":true,"href":"https:\/\/gamesbestprices.com\/fr\/wp-json\/wp\/v2\/product_tag?post=7106065"}],"curies":[{"name":"wp","href":"https:\/\/api.w.org\/{rel}","templated":true}]}}