{"id":7105785,"date":"2025-01-23T03:47:49","date_gmt":"2025-01-23T03:47:49","guid":{"rendered":"https:\/\/gamesbestprices.com\/product\/kingdom-come-deliverance-ii-gold-edition-pc\/"},"modified":"2025-01-23T03:47:49","modified_gmt":"2025-01-23T03:47:49","slug":"kingdom-come-deliverance-ii-gold-edition-pc","status":"publish","type":"product","link":"https:\/\/gamesbestprices.com\/fr\/produit\/kingdom-come-deliverance-ii-gold-edition-pc\/","title":{"rendered":"Kingdom Come: Deliverance II Gold Edition Steam Pc"},"content":{"rendered":"<p><strong>\u26a0\ufe0f<span style=\"color: #ff00ff;\">GET KINGDOM COME: DELIVERANCE II STEAM<\/span><\/strong><\/p>\n<p>Enjoy <strong>OFFLINE<\/strong> mode with complete flexibility. You will receive a <strong>LOGIN<\/strong>\u00a0and <strong>PASSWORD (ONE ACCOUNT)<\/strong> that we provide, allowing you to play.<br \/>\n<strong>EN UTILISANT LE COMPTE FOURNI<\/strong>.<\/p>\n<p><span style=\"color: #ff00ff;\"><strong>IMPORTANT<\/strong><\/span>: Ne vous inqui\u00e9tez pas, vous aurez votre <strong>sauvegarde exclusive<\/strong> et personne ne pourra vous retirer de notre compte pendant que vous jouez.<br \/>\nJouez sans tracas, quand vous voulez, en \u00e9conomisant beaucoup et en vous amusant \u00e9norm\u00e9ment !<\/p>\n<p>Les informations du compte<strong> ne peuvent pas \u00eatre modifi\u00e9es. <\/strong>Pour plus de d\u00e9tails, veuillez <span style=\"color: #037c05;\"><strong><a style=\"color: #037c05;\" href=\"https:\/\/gamesbestprices.com\/fr\/faqs\/\">cliquez sur ce lien.<\/a><\/strong><\/span><\/p>\n<p><strong>\ud83c\udfae\ud83e\uddd9\u200d\u2642\ufe0f \u00c0 PROPOS DU JEU :<\/strong><\/p>\n<h6 id=\"tw-target-text\" class=\"tw-data-text tw-text-large tw-ta\" dir=\"ltr\" data-placeholder=\"Translation\" data-ved=\"2ahUKEwjI_6Xbr4-LAxUckZUCHZOHBXsQ3ewLegQIDBAV\" aria-label=\"Translated text: Minimum requirements for The Last of Us\u2122 Part II Remastered Pc\"><span class=\"Y2IQFc\" lang=\"en\">Configuration minimale pour Kingdom Come: Deliverance II<\/span><\/h6>\n<table>\n<thead>\n<tr>\n<th class=\"cabecalho\" colspan=\"2\">Configuration Minimale Requise<\/th>\n<\/tr>\n<\/thead>\n<tbody>\n<tr>\n<td>Requiert<\/td>\n<td>processeur et syst\u00e8me d&rsquo;exploitation 64 bits<\/td>\n<\/tr>\n<tr>\n<td>Syst\u00e8me d&rsquo;exploitation<\/td>\n<td>Windows 10 64-bit (or newer)<\/td>\n<\/tr>\n<tr>\n<td>Processeur<\/td>\n<td>Intel Core i5-8400, AMD Ryzen 5 2600<\/td>\n<\/tr>\n<tr>\n<td>M\u00e9moire<\/td>\n<td>16 GB RAM<\/td>\n<\/tr>\n<tr>\n<td>Graphiques<\/td>\n<td>NVIDIA GeForce GTX 1060 (6GB), AMD Radeon RX 580<\/td>\n<\/tr>\n<tr>\n<td>Stockage<\/td>\n<td>100 GB available space<\/td>\n<\/tr>\n<\/tbody>\n<\/table>\n<p style=\"text-align: center;\"><iframe title=\"YouTube video player\" src=\"https:\/\/www.youtube.com\/embed\/vPS-pgg3scE?si=7yO6Vl0qVBgPqUoV\" width=\"50%\" height=\"315\" frameborder=\"0\" allowfullscreen=\"allowfullscreen\"><span data-mce-type=\"bookmark\" style=\"display: inline-block; width: 0px; overflow: hidden; line-height: 0;\" class=\"mce_SELRES_start\">\ufeff<\/span><\/iframe><\/p>\n<h6><strong>Kingdom Come: Deliverance II Gold Edition Pc<\/strong><\/h6>\n<p>Pr\u00e9commandez Kingdom Come: Deliverance II Gold Edition Pc maintenant ! Vivez un RPG m\u00e9di\u00e9val immersif avec un combat r\u00e9aliste et une histoire riche. Disponible en t\u00e9l\u00e9chargement sur la meilleure plateforme de jeux PC !<\/p>\n<p>Jouez \u00e0 Kingdom Come: Deliverance II sur votre PC et forgez votre destin dans un monde d&rsquo;inspiration historique. Parfait pour les fans de r\u00e9alisme et de r\u00e9cits profonds. Pr\u00e9commandez maintenant et commencez votre voyage !<\/p>\n<p style=\"text-align: center;\"><img fetchpriority=\"high\" decoding=\"async\" class=\"aligncenter\" src=\"https:\/\/media2.giphy.com\/media\/v1.Y2lkPTc5MGI3NjExM3FiYXc4MjJ4Mm1iazJmeXduZ2I2N3Rva2pnbHRxZnZramxrcjM4dCZlcD12MV9pbnRlcm5hbF9naWZfYnlfaWQmY3Q9Zw\/bwYMUDfWsCPr9BRXb8\/giphy.gif\" width=\"620\" height=\"349\" \/><\/p>\n","protected":false},"excerpt":{"rendered":"<table class=\"info-table\">\n<thead>\n<tr class=\"header-row\">\n<th>Statut<\/th>\n<th>INFORMATION<\/th>\n<\/tr>\n<\/thead>\n<tbody>\n<tr>\n<td class=\"status-cell\">\n<div class=\"status-title\">\ud83d\ude80 LIVRAISON IMM\u00c9DIATE<\/div>\n<div class=\"status-subtitle\">Acc\u00e8s instantan\u00e9<\/div>\n<\/td>\n<td class=\"info-cell\">\n<div class=\"info-box\">\n<div class=\"info-title\">ATTENTION<\/div>\n<div class=\"info-content\">LISEZ LA DESCRIPTION<\/div>\n<\/div>\n<\/td>\n<\/tr>\n<tr>\n<td class=\"status-cell\">\n<div class=\"status-title\">\ud83d\udcb0 Ce site est-il fiable ?<\/div>\n<div class=\"status-subtitle\">+ 4 ans de vente de jeux<\/div>\n<\/td>\n<td class=\"info-cell\">\n<div class=\"info-box\">\n<div class=\"info-title\">Acc\u00e8s :<\/div>\n<div class=\"info-content\">[trustindex data-widget-id=7fd81be38eb695098c8683dcf1c]<\/div>\n<\/div>\n<\/td>\n<\/tr>\n<\/tbody>\n<\/table>\n","protected":false},"featured_media":7103647,"comment_status":"open","ping_status":"closed","template":"","meta":[],"product_brand":[171],"product_cat":[742,743,636,768,750],"product_tag":[682,851,683,668,640],"class_list":{"0":"post-7105785","1":"product","2":"type-product","3":"status-publish","4":"has-post-thumbnail","6":"product_brand-warhorse","7":"product_cat-action","8":"product_cat-aventure","9":"product_cat-jeux-steam","10":"product_cat-rpg","11":"product_cat-steam","12":"product_tag-exploration","13":"product_tag-medieval","14":"product_tag-monde-ouvert","15":"product_tag-riche-en-histoire","16":"product_tag-single-player","18":"first","19":"instock","20":"downloadable","21":"virtual","22":"purchasable","23":"product-type-simple"},"exclude_global_add_ons":[],"addons":[],"_links":{"self":[{"href":"https:\/\/gamesbestprices.com\/fr\/wp-json\/wp\/v2\/product\/7105785","targetHints":{"allow":["GET"]}}],"collection":[{"href":"https:\/\/gamesbestprices.com\/fr\/wp-json\/wp\/v2\/product"}],"about":[{"href":"https:\/\/gamesbestprices.com\/fr\/wp-json\/wp\/v2\/types\/product"}],"replies":[{"embeddable":true,"href":"https:\/\/gamesbestprices.com\/fr\/wp-json\/wp\/v2\/comments?post=7105785"}],"wp:featuredmedia":[{"embeddable":true,"href":"https:\/\/gamesbestprices.com\/fr\/wp-json\/wp\/v2\/media\/7103647"}],"wp:attachment":[{"href":"https:\/\/gamesbestprices.com\/fr\/wp-json\/wp\/v2\/media?parent=7105785"}],"wp:term":[{"taxonomy":"product_brand","embeddable":true,"href":"https:\/\/gamesbestprices.com\/fr\/wp-json\/wp\/v2\/product_brand?post=7105785"},{"taxonomy":"product_cat","embeddable":true,"href":"https:\/\/gamesbestprices.com\/fr\/wp-json\/wp\/v2\/product_cat?post=7105785"},{"taxonomy":"product_tag","embeddable":true,"href":"https:\/\/gamesbestprices.com\/fr\/wp-json\/wp\/v2\/product_tag?post=7105785"}],"curies":[{"name":"wp","href":"https:\/\/api.w.org\/{rel}","templated":true}]}}