{"id":7105765,"date":"2025-01-02T18:42:27","date_gmt":"2025-01-02T18:42:27","guid":{"rendered":"https:\/\/gamesbestprices.com\/product\/nba-2k25-pc-digital\/"},"modified":"2025-01-02T18:42:27","modified_gmt":"2025-01-02T18:42:27","slug":"nba-2k25-pc-digital","status":"publish","type":"product","link":"https:\/\/gamesbestprices.com\/fr\/produit\/nba-2k25-pc-digital\/","title":{"rendered":"NBA 2K25 Steam Pc"},"content":{"rendered":"<p><strong>\u26a0\ufe0f<span style=\"color: #ff0000;\">OBTENEZ UN JEU STEAM ORIGINAL !<\/span> \u26a0\ufe0f<\/strong><\/p>\n<p>Enjoy <strong>OFFLINE<\/strong> mode with complete flexibility. You will receive a <strong>LOGIN<\/strong>\u00a0and <strong>PASSWORD (ONE ACCOUNT)<\/strong> that we provide, allowing you to play.<br \/>\n<strong>EN UTILISANT LE COMPTE FOURNI<\/strong>.<\/p>\n<p><strong><span style=\"color: #ff0000;\">IMPORTANT<\/span><\/strong>: Ne vous inqui\u00e9tez pas, vous aurez votre <strong>sauvegarde exclusive<\/strong> et personne ne pourra vous retirer de notre compte pendant que vous jouez.<br \/>\nJouez sans tracas, quand vous voulez, en \u00e9conomisant beaucoup et en vous amusant \u00e9norm\u00e9ment !<\/p>\n<p>Les informations du compte<strong> ne peuvent pas \u00eatre modifi\u00e9es. <\/strong>Pour plus de d\u00e9tails, veuillez <span style=\"color: #037c05;\"><strong><a style=\"color: #037c05;\" href=\"https:\/\/gamesbestprices.com\/fr\/faqs\/\">cliquez sur ce lien.<\/a><\/strong><\/span><\/p>\n<p><strong>\ud83c\udfae\ud83e\uddd9\u200d\u2642\ufe0f<\/strong><strong>\u00a0\u00c0 PROPOS DU JEU :\u00a0<\/strong><\/p>\n<table>\n<thead>\n<tr>\n<th class=\"cabecalho\" colspan=\"2\">Configuration Minimale Requise<\/th>\n<\/tr>\n<\/thead>\n<tbody>\n<tr>\n<td>Syst\u00e8me d&rsquo;exploitation<\/td>\n<td>Windows 10 64-Bit (latest update)<\/td>\n<\/tr>\n<tr>\n<td>Processeur<\/td>\n<td>Intel\u00ae Core\u2122 i3-9100 or AMD Ryzen\u2122 3 1200<\/td>\n<\/tr>\n<tr>\n<td>RAM<\/td>\n<td>8 GB<\/td>\n<\/tr>\n<tr>\n<td>Graphiques Card<\/td>\n<td>NVIDIA\u00ae GeForce\u00ae GTX 960 4 GB, AMD Radeon\u2122 RX 570 4 GB, or Intel\u00ae Arc\u2122 A580<\/td>\n<\/tr>\n<tr>\n<td>DirectX<\/td>\n<td>Version 12<\/td>\n<\/tr>\n<tr>\n<td>R\u00e9seau<\/td>\n<td>Connexion Internet haut d\u00e9bit<\/td>\n<\/tr>\n<tr>\n<td>Stockage<\/td>\n<td>150 GB of available space<\/td>\n<\/tr>\n<\/tbody>\n<\/table>\n<p class=\"bb_paragraph\">Ma\u00eetrisez les terrains avec authenticit\u00e9 et r\u00e9alisme gr\u00e2ce \u00e0 ProPLAY\u2122, vous donnant le contr\u00f4le total de votre jeu dans NBA 2K25 POUR PC. D\u00e9finissez votre h\u00e9ritage dans MyCAREER, MyTEAM, MyNBA et The W. Montrez votre style avec diverses options de personnalisation et explorez une toute nouvelle Ville, pleine d&rsquo;opportunit\u00e9s.<\/p>\n<p><img fetchpriority=\"high\" decoding=\"async\" class=\"aligncenter size-full wp-image-306111\" src=\"http:\/\/acasadosgamers.com\/wp-content\/uploads\/2024\/12\/giphy-1.webp\" alt=\"\" width=\"480\" height=\"270\" \/><\/p>\n","protected":false},"excerpt":{"rendered":"<table class=\"info-table\">\n<thead>\n<tr class=\"header-row\">\n<th>Statut<\/th>\n<th>INFORMATION<\/th>\n<\/tr>\n<\/thead>\n<tbody>\n<tr>\n<td class=\"status-cell\">\n<div class=\"status-title\">\ud83d\ude80 LIVRAISON IMM\u00c9DIATE<\/div>\n<div class=\"status-subtitle\">Acc\u00e8s instantan\u00e9<\/div>\n<\/td>\n<td class=\"info-cell\">\n<div class=\"info-box\">\n<div class=\"info-title\">ATTENTION<\/div>\n<div class=\"info-content\">LISEZ LA DESCRIPTION<\/div>\n<\/div>\n<\/td>\n<\/tr>\n<tr>\n<td class=\"status-cell\">\n<div class=\"status-title\">\ud83d\udcb0 Ce site est-il fiable ?<\/div>\n<div class=\"status-subtitle\">+ 4 ans de vente de jeux<\/div>\n<\/td>\n<td class=\"info-cell\">\n<div class=\"info-box\">\n<div class=\"info-title\">Acc\u00e8s :<\/div>\n<div class=\"info-content\">[trustindex data-widget-id=7fd81be38eb695098c8683dcf1c]<\/div>\n<\/div>\n<\/td>\n<\/tr>\n<\/tbody>\n<\/table>\n","protected":false},"featured_media":7103723,"comment_status":"open","ping_status":"closed","template":"","meta":[],"product_brand":[151],"product_cat":[666,636,815,750],"product_tag":[712,690,640,817],"class_list":{"0":"post-7105765","1":"product","2":"type-product","3":"status-publish","4":"has-post-thumbnail","6":"product_brand-2k-games","7":"product_cat-jeux-en-vedette","8":"product_cat-jeux-steam","9":"product_cat-sports","10":"product_cat-steam","11":"product_tag-multijoueur","12":"product_tag-simulation","13":"product_tag-single-player","14":"product_tag-sports","16":"first","17":"instock","18":"downloadable","19":"virtual","20":"purchasable","21":"product-type-simple"},"exclude_global_add_ons":[],"addons":[],"_links":{"self":[{"href":"https:\/\/gamesbestprices.com\/fr\/wp-json\/wp\/v2\/product\/7105765","targetHints":{"allow":["GET"]}}],"collection":[{"href":"https:\/\/gamesbestprices.com\/fr\/wp-json\/wp\/v2\/product"}],"about":[{"href":"https:\/\/gamesbestprices.com\/fr\/wp-json\/wp\/v2\/types\/product"}],"replies":[{"embeddable":true,"href":"https:\/\/gamesbestprices.com\/fr\/wp-json\/wp\/v2\/comments?post=7105765"}],"wp:featuredmedia":[{"embeddable":true,"href":"https:\/\/gamesbestprices.com\/fr\/wp-json\/wp\/v2\/media\/7103723"}],"wp:attachment":[{"href":"https:\/\/gamesbestprices.com\/fr\/wp-json\/wp\/v2\/media?parent=7105765"}],"wp:term":[{"taxonomy":"product_brand","embeddable":true,"href":"https:\/\/gamesbestprices.com\/fr\/wp-json\/wp\/v2\/product_brand?post=7105765"},{"taxonomy":"product_cat","embeddable":true,"href":"https:\/\/gamesbestprices.com\/fr\/wp-json\/wp\/v2\/product_cat?post=7105765"},{"taxonomy":"product_tag","embeddable":true,"href":"https:\/\/gamesbestprices.com\/fr\/wp-json\/wp\/v2\/product_tag?post=7105765"}],"curies":[{"name":"wp","href":"https:\/\/api.w.org\/{rel}","templated":true}]}}