{"id":7105760,"date":"2025-01-02T18:42:27","date_gmt":"2025-01-02T18:42:27","guid":{"rendered":"https:\/\/gamesbestprices.com\/product\/nba-2k24-pc-digital\/"},"modified":"2025-01-02T18:42:27","modified_gmt":"2025-01-02T18:42:27","slug":"nba-2k24-pc-digital","status":"publish","type":"product","link":"https:\/\/gamesbestprices.com\/fr\/produit\/nba-2k24-pc-digital\/","title":{"rendered":"NBA 2K24 Steam Pc"},"content":{"rendered":"<p><strong>\u26a0\ufe0f<span style=\"color: #ff0000;\">OBTENEZ UN JEU STEAM ORIGINAL !<\/span> \u26a0\ufe0f<\/strong><\/p>\n<p>Enjoy <strong>OFFLINE<\/strong> mode with complete flexibility. You will receive a <strong>LOGIN<\/strong>\u00a0and <strong>PASSWORD (ONE ACCOUNT)<\/strong> that we provide, allowing you to play.<br \/>\n<strong>EN UTILISANT LE COMPTE FOURNI<\/strong>.<\/p>\n<p><strong><span style=\"color: #ff0000;\">IMPORTANT<\/span><\/strong>: Ne vous inqui\u00e9tez pas, vous aurez votre <strong>sauvegarde exclusive<\/strong> et personne ne pourra vous retirer de notre compte pendant que vous jouez.<br \/>\nJouez sans tracas, quand vous voulez, en \u00e9conomisant beaucoup et en vous amusant \u00e9norm\u00e9ment !<\/p>\n<p>Les informations du compte<strong> ne peuvent pas \u00eatre modifi\u00e9es. <\/strong>Pour plus de d\u00e9tails, veuillez <span style=\"color: #037c05;\"><strong><a style=\"color: #037c05;\" href=\"https:\/\/gamesbestprices.com\/fr\/faqs\/\">cliquez sur ce lien.<\/a><\/strong><\/span><\/p>\n<p><strong>\ud83c\udfae\ud83e\uddd9\u200d\u2642\ufe0f \u00c0 PROPOS DU JEU :<\/strong><\/p>\n<table>\n<thead>\n<tr>\n<th class=\"cabecalho\" colspan=\"2\">Configuration Requise<\/th>\n<\/tr>\n<\/thead>\n<tbody>\n<tr>\n<td>Syst\u00e8me d&rsquo;exploitation<\/td>\n<td>Windows 10 64-bit or Windows 11 64-bit<\/td>\n<\/tr>\n<tr>\n<td>Processeur<\/td>\n<td>Intel\u00ae Core\u2122 i3-2100 @ 3.10 GHz\/ AMD FX-6200 @ 3.80 GHz or better<\/td>\n<\/tr>\n<tr>\n<td>RAM<\/td>\n<td>6 GB<\/td>\n<\/tr>\n<tr>\n<td>Graphiques Card<\/td>\n<td>NVIDIA\u00ae GeForce\u00ae GT 450 1GB\/ ATI\u00ae Radeon\u2122 HD 7770 1 GB or better<\/td>\n<\/tr>\n<tr>\n<td>DirectX<\/td>\n<td>Version 11<\/td>\n<\/tr>\n<tr>\n<td>R\u00e9seau<\/td>\n<td>Connexion Internet haut d\u00e9bit<\/td>\n<\/tr>\n<tr>\n<td>Stockage<\/td>\n<td>N\u00e9cessite 150 Go d&rsquo;espace libre<\/td>\n<\/tr>\n<\/tbody>\n<\/table>\n<p class=\"bb_paragraph\">Rassemblez votre \u00e9quipe et vivez le pass\u00e9, le pr\u00e9sent et le futur de la culture du basketball dans NBA 2K24 pour PC. Profitez d&rsquo;une action pure et sans filtre ainsi que d&rsquo;options de personnalisation MyPLAYER illimit\u00e9es dans MyCAREER. Collectionnez un roster impressionnant de l\u00e9gendes et construisez le cinq de d\u00e9part parfait dans MyTEAM. Vivez un gameplay plus r\u00e9actif et des graphismes am\u00e9lior\u00e9s en jouant avec vos \u00e9quipes NBA et WNBA pr\u00e9f\u00e9r\u00e9es dans PLAY NOW.<img decoding=\"async\" class=\"aligncenter\" src=\"https:\/\/media3.giphy.com\/media\/v1.Y2lkPTc5MGI3NjExd3BpdjZ5cDE3Zm8xeGV0Y3pkZ3Z1ZHB4eGhpeGVvOXk4czNwd2twdSZlcD12MV9pbnRlcm5hbF9naWZfYnlfaWQmY3Q9Zw\/aafRaA2KkVnq7oDVlz\/giphy.gif\" alt=\"2K Games Sport GIF by Xbox\" \/><\/p>\n","protected":false},"excerpt":{"rendered":"<table class=\"info-table\">\n<thead>\n<tr class=\"header-row\">\n<th>Statut<\/th>\n<th>INFORMATION<\/th>\n<\/tr>\n<\/thead>\n<tbody>\n<tr>\n<td class=\"status-cell\">\n<div class=\"status-title\">\ud83d\ude80 LIVRAISON IMM\u00c9DIATE<\/div>\n<div class=\"status-subtitle\">Acc\u00e8s instantan\u00e9<\/div>\n<\/td>\n<td class=\"info-cell\">\n<div class=\"info-box\">\n<div class=\"info-title\">ATTENTION<\/div>\n<div class=\"info-content\">LISEZ LA DESCRIPTION<\/div>\n<\/div>\n<\/td>\n<\/tr>\n<tr>\n<td class=\"status-cell\">\n<div class=\"status-title\">\ud83d\udcb0 Ce site est-il fiable ?<\/div>\n<div class=\"status-subtitle\">+ 4 ans de vente de jeux<\/div>\n<\/td>\n<td class=\"info-cell\">\n<div class=\"info-box\">\n<div class=\"info-title\">Acc\u00e8s :<\/div>\n<div class=\"info-content\">[trustindex data-widget-id=7fd81be38eb695098c8683dcf1c]<\/div>\n<\/div>\n<\/td>\n<\/tr>\n<\/tbody>\n<\/table>\n","protected":false},"featured_media":7103722,"comment_status":"open","ping_status":"closed","template":"","meta":[],"product_brand":[151],"product_cat":[636,815],"product_tag":[712,690,640,817],"class_list":{"0":"post-7105760","1":"product","2":"type-product","3":"status-publish","4":"has-post-thumbnail","6":"product_brand-2k-games","7":"product_cat-jeux-steam","8":"product_cat-sports","9":"product_tag-multijoueur","10":"product_tag-simulation","11":"product_tag-single-player","12":"product_tag-sports","14":"first","15":"instock","16":"downloadable","17":"virtual","18":"purchasable","19":"product-type-simple"},"exclude_global_add_ons":[],"addons":[],"_links":{"self":[{"href":"https:\/\/gamesbestprices.com\/fr\/wp-json\/wp\/v2\/product\/7105760","targetHints":{"allow":["GET"]}}],"collection":[{"href":"https:\/\/gamesbestprices.com\/fr\/wp-json\/wp\/v2\/product"}],"about":[{"href":"https:\/\/gamesbestprices.com\/fr\/wp-json\/wp\/v2\/types\/product"}],"replies":[{"embeddable":true,"href":"https:\/\/gamesbestprices.com\/fr\/wp-json\/wp\/v2\/comments?post=7105760"}],"wp:featuredmedia":[{"embeddable":true,"href":"https:\/\/gamesbestprices.com\/fr\/wp-json\/wp\/v2\/media\/7103722"}],"wp:attachment":[{"href":"https:\/\/gamesbestprices.com\/fr\/wp-json\/wp\/v2\/media?parent=7105760"}],"wp:term":[{"taxonomy":"product_brand","embeddable":true,"href":"https:\/\/gamesbestprices.com\/fr\/wp-json\/wp\/v2\/product_brand?post=7105760"},{"taxonomy":"product_cat","embeddable":true,"href":"https:\/\/gamesbestprices.com\/fr\/wp-json\/wp\/v2\/product_cat?post=7105760"},{"taxonomy":"product_tag","embeddable":true,"href":"https:\/\/gamesbestprices.com\/fr\/wp-json\/wp\/v2\/product_tag?post=7105760"}],"curies":[{"name":"wp","href":"https:\/\/api.w.org\/{rel}","templated":true}]}}