{"id":7105745,"date":"2025-01-02T18:41:21","date_gmt":"2025-01-02T18:41:21","guid":{"rendered":"https:\/\/gamesbestprices.com\/product\/life-is-strange-double-exposure-ultimate-edition-pc-digital\/"},"modified":"2025-01-02T18:41:21","modified_gmt":"2025-01-02T18:41:21","slug":"life-is-strange-double-exposure-ultimate-edition-pc-digital","status":"publish","type":"product","link":"https:\/\/gamesbestprices.com\/fr\/produit\/life-is-strange-double-exposure-ultimate-edition-pc-digital\/","title":{"rendered":"Life is Strange: Double Exposure Ultimate Edition Steam Pc"},"content":{"rendered":"<p><strong>\u26a0\ufe0f<span style=\"color: #ff0000;\">OBTENEZ UN JEU STEAM ORIGINAL !<\/span> \u26a0\ufe0f<\/strong><\/p>\n<p>Enjoy <strong>OFFLINE<\/strong> mode with complete flexibility. You will receive a <strong>LOGIN<\/strong>\u00a0and <strong>PASSWORD (ONE ACCOUNT)<\/strong> that we provide, allowing you to play.<br \/>\n<strong>EN UTILISANT LE COMPTE FOURNI<\/strong>.<\/p>\n<p><strong><span style=\"color: #ff0000;\">IMPORTANT<\/span><\/strong>: Ne vous inqui\u00e9tez pas, vous aurez votre <strong>sauvegarde exclusive<\/strong> et personne ne pourra vous retirer de notre compte pendant que vous jouez.<br \/>\nJouez sans tracas, quand vous voulez, en \u00e9conomisant beaucoup et en vous amusant \u00e9norm\u00e9ment !<\/p>\n<p>Les informations du compte<strong> ne peuvent pas \u00eatre modifi\u00e9es. <\/strong>Pour plus de d\u00e9tails, veuillez <span style=\"color: #037c05;\"><strong><a style=\"color: #037c05;\" href=\"https:\/\/gamesbestprices.com\/fr\/faqs\/\">cliquez sur ce lien.<\/a><\/strong><\/span><\/p>\n<p><strong>\ud83c\udfae\ud83e\uddd9\u200d\u2642\ufe0f<\/strong><strong>\u00a0\u00c0 PROPOS DU JEU :\u00a0<\/strong><\/p>\n<table>\n<thead>\n<tr>\n<th class=\"cabecalho\" colspan=\"2\">Configuration Minimale Requise<\/th>\n<\/tr>\n<\/thead>\n<tbody>\n<tr>\n<td>Syst\u00e8me d&rsquo;exploitation<\/td>\n<td>Windows 10\/11 (64-bit)<\/td>\n<\/tr>\n<tr>\n<td>Processeur<\/td>\n<td>AMD Ryzen 5 \/ Intel Core i5 2.5 GHz<\/td>\n<\/tr>\n<tr>\n<td>M\u00e9moire<\/td>\n<td>8 GB RAM<\/td>\n<\/tr>\n<tr>\n<td>Graphiques<\/td>\n<td>AMD RX 550 4 GB VRAM \/ NVIDIA GTX 1050Ti 4 GB VRAM \/ INTEL ARC A310 4GB VRAM<\/td>\n<\/tr>\n<tr>\n<td>DirectX<\/td>\n<td>Version 12<\/td>\n<\/tr>\n<tr>\n<td>Stockage<\/td>\n<td>30 GB available space<\/td>\n<\/tr>\n<\/tbody>\n<\/table>\n<p>### **Max Caulfield : Entre les Lignes Temporelles**<\/p>\n<p>**Une fille ordinaire dot\u00e9e de pouvoirs extraordinaires.**<\/p>\n<p>Max Caulfield, a talented photographer at the prestigious **Caledon University**, faces the greatest challenge of her life when she finds her best friend, **Safi**, dead in the snow.<br \/>\n**Murdered.**<\/p>\n<p>D\u00e9sesp\u00e9r\u00e9e de la sauver, Max tente d&rsquo;utiliser ses anciens pouvoirs de rembobinage du temps. Mais apr\u00e8s des ann\u00e9es sans les utiliser, quelque chose tourne terriblement mal. Elle ouvre accidentellement un portail vers une **ligne temporelle alternative**, o\u00f9 Safi est encore vivante mais en grave danger !<\/p>\n<p>Max soon discovers that the killer is planning to strike again, **in both realities**. Now, she must master her new ability to switch between timelines to solve the mystery and stop the murder before it\u2019s too late.<\/p>\n<p>### **Un thriller surnaturel plein de suspense**<br \/>\nMax se retrouve au centre d&rsquo;un dangereux jeu du chat et de la souris, o\u00f9 chaque choix pourrait alt\u00e9rer le destin de ceux qu&rsquo;elle aime. Le danger grandit \u00e0 chaque instant, et le temps n&rsquo;est plus de son c\u00f4t\u00e9.<\/p>\n<p>Max peut-elle sauver Safi et percer le myst\u00e8re reliant les deux r\u00e9alit\u00e9s ?<\/p>\n<p>**Plongez dans cette histoire captivante de suspense, de rebondissements et de pouvoirs au-del\u00e0 de l&rsquo;imagination !**<\/p>\n<p><img decoding=\"async\" class=\"aligncenter\" src=\"https:\/\/shared.akamai.steamstatic.com\/store_item_assets\/steam\/apps\/1874000\/extras\/07_MAX_USES_HER_POWER.gif?t=1725033535\" \/><\/p>\n","protected":false},"excerpt":{"rendered":"<table class=\"info-table\">\n<thead>\n<tr class=\"header-row\">\n<th>Statut<\/th>\n<th>INFORMATION<\/th>\n<\/tr>\n<\/thead>\n<tbody>\n<tr>\n<td class=\"status-cell\">\n<div class=\"status-title\">\ud83d\ude80 LIVRAISON IMM\u00c9DIATE<\/div>\n<div class=\"status-subtitle\">Acc\u00e8s instantan\u00e9<\/div>\n<\/td>\n<td class=\"info-cell\">\n<div class=\"info-box\">\n<div class=\"info-title\">ATTENTION<\/div>\n<div class=\"info-content\">LISEZ LA DESCRIPTION<\/div>\n<\/div>\n<\/td>\n<\/tr>\n<tr>\n<td class=\"status-cell\">\n<div class=\"status-title\">\ud83d\udcb0 Ce site est-il fiable ?<\/div>\n<div class=\"status-subtitle\">+ 4 ans de vente de jeux<\/div>\n<\/td>\n<td class=\"info-cell\">\n<div class=\"info-box\">\n<div class=\"info-title\">Acc\u00e8s :<\/div>\n<div class=\"info-content\">[trustindex data-widget-id=7fd81be38eb695098c8683dcf1c]<\/div>\n<\/div>\n<\/td>\n<\/tr>\n<\/tbody>\n<\/table>\n","protected":false},"featured_media":7103653,"comment_status":"open","ping_status":"closed","template":"","meta":[],"product_brand":[148],"product_cat":[742,743,636,750,801],"product_tag":[694,668,640,726],"class_list":{"0":"post-7105745","1":"product","2":"type-product","3":"status-publish","4":"has-post-thumbnail","6":"product_brand-square-enix","7":"product_cat-action","8":"product_cat-aventure","9":"product_cat-jeux-steam","10":"product_cat-steam","11":"product_cat-strategie","12":"product_tag-cinematique","13":"product_tag-riche-en-histoire","14":"product_tag-single-player","15":"product_tag-vos-choix-comptent","17":"first","18":"instock","19":"downloadable","20":"virtual","21":"purchasable","22":"product-type-simple"},"exclude_global_add_ons":[],"addons":[],"_links":{"self":[{"href":"https:\/\/gamesbestprices.com\/fr\/wp-json\/wp\/v2\/product\/7105745","targetHints":{"allow":["GET"]}}],"collection":[{"href":"https:\/\/gamesbestprices.com\/fr\/wp-json\/wp\/v2\/product"}],"about":[{"href":"https:\/\/gamesbestprices.com\/fr\/wp-json\/wp\/v2\/types\/product"}],"replies":[{"embeddable":true,"href":"https:\/\/gamesbestprices.com\/fr\/wp-json\/wp\/v2\/comments?post=7105745"}],"wp:featuredmedia":[{"embeddable":true,"href":"https:\/\/gamesbestprices.com\/fr\/wp-json\/wp\/v2\/media\/7103653"}],"wp:attachment":[{"href":"https:\/\/gamesbestprices.com\/fr\/wp-json\/wp\/v2\/media?parent=7105745"}],"wp:term":[{"taxonomy":"product_brand","embeddable":true,"href":"https:\/\/gamesbestprices.com\/fr\/wp-json\/wp\/v2\/product_brand?post=7105745"},{"taxonomy":"product_cat","embeddable":true,"href":"https:\/\/gamesbestprices.com\/fr\/wp-json\/wp\/v2\/product_cat?post=7105745"},{"taxonomy":"product_tag","embeddable":true,"href":"https:\/\/gamesbestprices.com\/fr\/wp-json\/wp\/v2\/product_tag?post=7105745"}],"curies":[{"name":"wp","href":"https:\/\/api.w.org\/{rel}","templated":true}]}}