{"id":7105720,"date":"2025-01-02T18:40:10","date_gmt":"2025-01-02T18:40:10","guid":{"rendered":"https:\/\/gamesbestprices.com\/product\/dark-souls-1-2-e-3-complete-collection-pc-digital\/"},"modified":"2025-01-02T18:40:10","modified_gmt":"2025-01-02T18:40:10","slug":"dark-souls-1-2-e-3-complete-collection-pc-digital","status":"publish","type":"product","link":"https:\/\/gamesbestprices.com\/fr\/produit\/dark-souls-1-2-e-3-complete-collection-pc-digital\/","title":{"rendered":"Dark Souls 1, 2 e 3 COMPLETE COLLECTION Steam Pc"},"content":{"rendered":"<p><strong>\u26a0\ufe0f<span style=\"color: #ff0000;\">OBTENEZ UN JEU STEAM ORIGINAL !<\/span> \u26a0\ufe0f<\/strong><\/p>\n<p>Enjoy <strong>OFFLINE<\/strong> mode with complete flexibility. You will receive a <strong>LOGIN<\/strong>\u00a0and <strong>PASSWORD (ONE ACCOUNT)<\/strong> that we provide, allowing you to play.<br \/>\n<strong>EN UTILISANT LE COMPTE FOURNI<\/strong>.<\/p>\n<p><strong><span style=\"color: #ff0000;\">IMPORTANT<\/span><\/strong>: Ne vous inqui\u00e9tez pas, vous aurez votre <strong>sauvegarde exclusive<\/strong> et personne ne pourra vous retirer de notre compte pendant que vous jouez.<br \/>\nJouez sans tracas, quand vous voulez, en \u00e9conomisant beaucoup et en vous amusant \u00e9norm\u00e9ment !<\/p>\n<p>Les informations du compte<strong> ne peuvent pas \u00eatre modifi\u00e9es. <\/strong>Pour plus de d\u00e9tails, veuillez <span style=\"color: #037c05;\"><strong><a style=\"color: #037c05;\" href=\"https:\/\/gamesbestprices.com\/fr\/faqs\/\">cliquez sur ce lien.<\/a><\/strong><\/span><\/p>\n<p><strong>\ud83c\udfae\ud83e\uddd9\u200d\u2642\ufe0f \u00c0 PROPOS DU JEU :\u00a0<\/strong><\/p>\n<table>\n<thead>\n<tr>\n<th class=\"cabecalho\" colspan=\"2\">Configuration Minimale Requise<\/th>\n<\/tr>\n<\/thead>\n<tbody>\n<tr>\n<td>Syst\u00e8me d&rsquo;exploitation *<\/td>\n<td>Windows 7 SP1 64-bit, Windows 8.1 64-bit, Windows 10 64-bit<\/td>\n<\/tr>\n<tr>\n<td>Processeur<\/td>\n<td>Intel Core i3-2100 \/ AMD\u00ae FX-6300<\/td>\n<\/tr>\n<tr>\n<td>M\u00e9moire<\/td>\n<td>8 GB RAM<\/td>\n<\/tr>\n<tr>\n<td>Graphiques<\/td>\n<td>NVIDIA\u00ae GeForce GTX 750 Ti \/ ATI Radeon HD 7950<\/td>\n<\/tr>\n<tr>\n<td>DirectX<\/td>\n<td>Version 11<\/td>\n<\/tr>\n<tr>\n<td>R\u00e9seau<\/td>\n<td>Connexion Internet haut d\u00e9bit<\/td>\n<\/tr>\n<tr>\n<td>Stockage<\/td>\n<td>25 GB available space<\/td>\n<\/tr>\n<\/tbody>\n<\/table>\n<p>**Dark Souls Complete Collection**<\/p>\n<p>R\u00e9compens\u00e9 \u00ab Meilleur RPG \u00bb \u00e0 la Gamescom 2015 et avec plus de 35 prix et nominations \u00e0 l&rsquo;E3 2015, *DARK SOULS\u2122 III* continue de repousser les limites de l&rsquo;une des s\u00e9ries les plus innovantes et acclam\u00e9es par la critique.<br \/>\nAlors que le feu s&rsquo;\u00e9teint et que le monde tombe en ruine, vous devez vous aventurer dans un univers rempli d&rsquo;ennemis colossaux et d&rsquo;environnements grandioses. Les joueurs entreront dans un monde de t\u00e9n\u00e8bres et d&rsquo;atmosph\u00e8re \u00e9pique, avec un gameplay plus rapide et des combats plus intenses.<br \/>\nMaintenant, il ne reste que des cendres&#8230; Pr\u00e9parez-vous \u00e0 embrasser les t\u00e9n\u00e8bres une fois de plus !<\/p>\n<p>**Pack DARK SOULS :**<br \/>\n&#8211; DARK SOULS: REMASTERED<br \/>\n&#8211; DARK SOULS\u2122 II: Bundle<br \/>\n&#8211; DARK SOULS III Deluxe Edition<\/p>\n<p><img decoding=\"async\" class=\"aligncenter\" src=\"https:\/\/media3.giphy.com\/media\/v1.Y2lkPTc5MGI3NjExZm90Zjg1ODF3aTd0OTd5dGdteHpkcHh5bHFrd2xxZWpjamY3eDRrcyZlcD12MV9pbnRlcm5hbF9naWZfYnlfaWQmY3Q9Zw\/CclMcM0dl8BqMBkE6U\/giphy.gif\" alt=\"Dark Souls Gamer GIF by BANDAI NAMCO Entertainment\" \/><\/p>\n","protected":false},"excerpt":{"rendered":"<table class=\"info-table\">\n<thead>\n<tr class=\"header-row\">\n<th>Statut<\/th>\n<th>INFORMATION<\/th>\n<\/tr>\n<\/thead>\n<tbody>\n<tr>\n<td class=\"status-cell\">\n<div class=\"status-title\">\ud83d\ude80 LIVRAISON IMM\u00c9DIATE<\/div>\n<div class=\"status-subtitle\">Acc\u00e8s instantan\u00e9<\/div>\n<\/td>\n<td class=\"info-cell\">\n<div class=\"info-box\">\n<div class=\"info-title\">ATTENTION<\/div>\n<div class=\"info-content\">LISEZ LA DESCRIPTION<\/div>\n<\/div>\n<\/td>\n<\/tr>\n<tr>\n<td class=\"status-cell\">\n<div class=\"status-title\">\ud83d\udcb0 Ce site est-il fiable ?<\/div>\n<div class=\"status-subtitle\">+ 4 ans de vente de jeux<\/div>\n<\/td>\n<td class=\"info-cell\">\n<div class=\"info-box\">\n<div class=\"info-title\">Acc\u00e8s :<\/div>\n<div class=\"info-content\">[trustindex data-widget-id=7fd81be38eb695098c8683dcf1c]<\/div>\n<\/div>\n<\/td>\n<\/tr>\n<\/tbody>\n<\/table>\n","protected":false},"featured_media":7103518,"comment_status":"open","ping_status":"closed","template":"","meta":[],"product_brand":[138],"product_cat":[742,636,750],"product_tag":[788,695,851,640,789],"class_list":{"0":"post-7105720","1":"product","2":"type-product","3":"status-publish","4":"has-post-thumbnail","6":"product_brand-from-software","7":"product_cat-action","8":"product_cat-jeux-steam","9":"product_cat-steam","10":"product_tag-difficile","11":"product_tag-fantaisie","12":"product_tag-medieval","13":"product_tag-single-player","14":"product_tag-souls-like","16":"first","17":"instock","18":"downloadable","19":"virtual","20":"purchasable","21":"product-type-simple"},"exclude_global_add_ons":[],"addons":[],"_links":{"self":[{"href":"https:\/\/gamesbestprices.com\/fr\/wp-json\/wp\/v2\/product\/7105720","targetHints":{"allow":["GET"]}}],"collection":[{"href":"https:\/\/gamesbestprices.com\/fr\/wp-json\/wp\/v2\/product"}],"about":[{"href":"https:\/\/gamesbestprices.com\/fr\/wp-json\/wp\/v2\/types\/product"}],"replies":[{"embeddable":true,"href":"https:\/\/gamesbestprices.com\/fr\/wp-json\/wp\/v2\/comments?post=7105720"}],"wp:featuredmedia":[{"embeddable":true,"href":"https:\/\/gamesbestprices.com\/fr\/wp-json\/wp\/v2\/media\/7103518"}],"wp:attachment":[{"href":"https:\/\/gamesbestprices.com\/fr\/wp-json\/wp\/v2\/media?parent=7105720"}],"wp:term":[{"taxonomy":"product_brand","embeddable":true,"href":"https:\/\/gamesbestprices.com\/fr\/wp-json\/wp\/v2\/product_brand?post=7105720"},{"taxonomy":"product_cat","embeddable":true,"href":"https:\/\/gamesbestprices.com\/fr\/wp-json\/wp\/v2\/product_cat?post=7105720"},{"taxonomy":"product_tag","embeddable":true,"href":"https:\/\/gamesbestprices.com\/fr\/wp-json\/wp\/v2\/product_tag?post=7105720"}],"curies":[{"name":"wp","href":"https:\/\/api.w.org\/{rel}","templated":true}]}}