{"id":7105700,"date":"2025-01-02T18:39:20","date_gmt":"2025-01-02T18:39:20","guid":{"rendered":"https:\/\/gamesbestprices.com\/product\/f1-manager-24-deluxe-edition-pc-digital\/"},"modified":"2025-01-02T18:39:20","modified_gmt":"2025-01-02T18:39:20","slug":"f1-manager-24-deluxe-edition-pc-digital","status":"publish","type":"product","link":"https:\/\/gamesbestprices.com\/fr\/produit\/f1-manager-24-deluxe-edition-pc-digital\/","title":{"rendered":"F1 Manager 24 \u2013 Deluxe Edition Steam Pc"},"content":{"rendered":"<p><strong>\u26a0\ufe0f<span style=\"color: #ff0000;\">OBTENEZ UN JEU STEAM ORIGINAL !<\/span> \u26a0\ufe0f<\/strong><\/p>\n<p>Enjoy <strong>OFFLINE<\/strong> mode with complete flexibility. You will receive a <strong>LOGIN<\/strong>\u00a0and <strong>PASSWORD (ONE ACCOUNT)<\/strong> that we provide, allowing you to play.<br \/>\n<strong>EN UTILISANT LE COMPTE FOURNI<\/strong>.<\/p>\n<p><strong><span style=\"color: #ff0000;\">IMPORTANT<\/span><\/strong>: Ne vous inqui\u00e9tez pas, vous aurez votre <strong>sauvegarde exclusive<\/strong> et personne ne pourra vous retirer de notre compte pendant que vous jouez.<br \/>\nJouez sans tracas, quand vous voulez, en \u00e9conomisant beaucoup et en vous amusant \u00e9norm\u00e9ment !<\/p>\n<p>Les informations du compte<strong> ne peuvent pas \u00eatre modifi\u00e9es. <\/strong>Pour plus de d\u00e9tails, veuillez <span style=\"color: #037c05;\"><strong><a style=\"color: #037c05;\" href=\"https:\/\/gamesbestprices.com\/fr\/faqs\/\">cliquez sur ce lien.<\/a><\/strong><\/span><\/p>\n<p><strong>\ud83c\udfae\ud83e\uddd9\u200d\u2642\ufe0f<\/strong><strong>\u00a0\u00c0 PROPOS DU JEU :\u00a0<\/strong><\/p>\n<table>\n<thead>\n<tr>\n<th class=\"cabecalho\" colspan=\"2\">Configuration Minimale Requise<\/th>\n<\/tr>\n<\/thead>\n<tbody>\n<tr>\n<td>Configuration<\/td>\n<td>N\u00e9cessite un processeur et un syst\u00e8me d&rsquo;exploitation 64 bits<\/td>\n<\/tr>\n<tr>\n<td>Syst\u00e8me d&rsquo;exploitation<\/td>\n<td>Windows\u00ae 10 Home 64 Bit<\/td>\n<\/tr>\n<tr>\n<td>Processeur<\/td>\n<td>Intel\u00ae Core\u2122 i7-6700K | AMD\u00ae Ryzen\u2122 5 2600X<\/td>\n<\/tr>\n<tr>\n<td>M\u00e9moire<\/td>\n<td>8 GB RAM<\/td>\n<\/tr>\n<tr>\n<td>Graphiques<\/td>\n<td>Nvidia\u00ae GeForce\u2122 GTX 970 (4 GB) | AMD\u00ae Radeon\u2122 RX 480 (8 GB)<\/td>\n<\/tr>\n<tr>\n<td>Stockage<\/td>\n<td>60 GB available space<\/td>\n<\/tr>\n<\/tbody>\n<\/table>\n<p>Menez votre \u00e9quipe vers la gloire dans **F1\u00ae Manager 2024**. Une nouvelle saison de Formula 1\u00ae est arriv\u00e9e, apportant avec elle l&rsquo;exp\u00e9rience de gestion F1\u00ae la plus compl\u00e8te jamais r\u00e9alis\u00e9e. Laissez votre h\u00e9ritage avec l&rsquo;un des 10 constructeurs officiels de F1\u00ae ou cr\u00e9ez votre propre \u00e9quipe pour la toute premi\u00e8re fois.<\/p>\n<p style=\"text-align: center;\"><img fetchpriority=\"high\" decoding=\"async\" class=\"alignnone wp-image-302394\" src=\"http:\/\/acasadosgamers.com\/wp-content\/uploads\/2024\/07\/F1MANAGER24.jpg\" alt=\"\" width=\"1179\" height=\"664\" \/><\/p>\n<p>&nbsp;<\/p>\n<p>&nbsp;<\/p>\n","protected":false},"excerpt":{"rendered":"<table class=\"info-table\">\n<thead>\n<tr class=\"header-row\">\n<th>Statut<\/th>\n<th>INFORMATION<\/th>\n<\/tr>\n<\/thead>\n<tbody>\n<tr>\n<td class=\"status-cell\">\n<div class=\"status-title\">\ud83d\ude80 LIVRAISON IMM\u00c9DIATE<\/div>\n<div class=\"status-subtitle\">Acc\u00e8s instantan\u00e9<\/div>\n<\/td>\n<td class=\"info-cell\">\n<div class=\"info-box\">\n<div class=\"info-title\">ATTENTION<\/div>\n<div class=\"info-content\">LISEZ LA DESCRIPTION<\/div>\n<\/div>\n<\/td>\n<\/tr>\n<tr>\n<td class=\"status-cell\">\n<div class=\"status-title\">\ud83d\udcb0 Ce site est-il fiable ?<\/div>\n<div class=\"status-subtitle\">+ 4 ans de vente de jeux<\/div>\n<\/td>\n<td class=\"info-cell\">\n<div class=\"info-box\">\n<div class=\"info-title\">Acc\u00e8s :<\/div>\n<div class=\"info-content\">[trustindex data-widget-id=7fd81be38eb695098c8683dcf1c]<\/div>\n<\/div>\n<\/td>\n<\/tr>\n<\/tbody>\n<\/table>\n","protected":false},"featured_media":7103762,"comment_status":"open","ping_status":"closed","template":"","meta":[],"product_brand":[158],"product_cat":[814,636,847,815,750],"product_tag":[703,690,640,817],"class_list":{"0":"post-7105700","1":"product","2":"type-product","3":"status-publish","4":"has-post-thumbnail","6":"product_brand-frontier","7":"product_cat-course","8":"product_cat-jeux-steam","9":"product_cat-sem-categoria","10":"product_cat-sports","11":"product_cat-steam","12":"product_tag-gestion","13":"product_tag-simulation","14":"product_tag-single-player","15":"product_tag-sports","17":"first","18":"instock","19":"downloadable","20":"virtual","21":"purchasable","22":"product-type-simple"},"exclude_global_add_ons":[],"addons":[],"_links":{"self":[{"href":"https:\/\/gamesbestprices.com\/fr\/wp-json\/wp\/v2\/product\/7105700","targetHints":{"allow":["GET"]}}],"collection":[{"href":"https:\/\/gamesbestprices.com\/fr\/wp-json\/wp\/v2\/product"}],"about":[{"href":"https:\/\/gamesbestprices.com\/fr\/wp-json\/wp\/v2\/types\/product"}],"replies":[{"embeddable":true,"href":"https:\/\/gamesbestprices.com\/fr\/wp-json\/wp\/v2\/comments?post=7105700"}],"wp:featuredmedia":[{"embeddable":true,"href":"https:\/\/gamesbestprices.com\/fr\/wp-json\/wp\/v2\/media\/7103762"}],"wp:attachment":[{"href":"https:\/\/gamesbestprices.com\/fr\/wp-json\/wp\/v2\/media?parent=7105700"}],"wp:term":[{"taxonomy":"product_brand","embeddable":true,"href":"https:\/\/gamesbestprices.com\/fr\/wp-json\/wp\/v2\/product_brand?post=7105700"},{"taxonomy":"product_cat","embeddable":true,"href":"https:\/\/gamesbestprices.com\/fr\/wp-json\/wp\/v2\/product_cat?post=7105700"},{"taxonomy":"product_tag","embeddable":true,"href":"https:\/\/gamesbestprices.com\/fr\/wp-json\/wp\/v2\/product_tag?post=7105700"}],"curies":[{"name":"wp","href":"https:\/\/api.w.org\/{rel}","templated":true}]}}