{"id":7105690,"date":"2025-01-02T18:38:57","date_gmt":"2025-01-02T18:38:57","guid":{"rendered":"https:\/\/gamesbestprices.com\/product\/football-manager-2024-in-game-editor-pc-digital\/"},"modified":"2025-01-02T18:38:57","modified_gmt":"2025-01-02T18:38:57","slug":"football-manager-2024-in-game-editor-pc-digital","status":"publish","type":"product","link":"https:\/\/gamesbestprices.com\/fr\/produit\/football-manager-2024-in-game-editor-pc-digital\/","title":{"rendered":"Football Manager 2024 + In-game Editor Steam Pc"},"content":{"rendered":"<p><strong>\u26a0\ufe0f<span style=\"color: #ff0000;\">OBTENEZ UN JEU STEAM ORIGINAL !<\/span> \u26a0\ufe0f<\/strong><\/p>\n<p>Enjoy <strong>OFFLINE<\/strong> mode with complete flexibility. You will receive a <strong>LOGIN<\/strong>\u00a0and <strong>PASSWORD (ONE ACCOUNT)<\/strong> that we provide, allowing you to play.<br \/>\n<strong>EN UTILISANT LE COMPTE FOURNI<\/strong>.<\/p>\n<p><strong><span style=\"color: #ff0000;\">IMPORTANT<\/span><\/strong>: Ne vous inqui\u00e9tez pas, vous aurez votre <strong>sauvegarde exclusive<\/strong> et personne ne pourra vous retirer de notre compte pendant que vous jouez.<br \/>\nJouez sans tracas, quand vous voulez, en \u00e9conomisant beaucoup et en vous amusant \u00e9norm\u00e9ment !<\/p>\n<p>Les informations du compte<strong> ne peuvent pas \u00eatre modifi\u00e9es. <\/strong>Pour plus de d\u00e9tails, veuillez <span style=\"color: #037c05;\"><strong><a style=\"color: #037c05;\" href=\"https:\/\/gamesbestprices.com\/fr\/faqs\/\">cliquez sur ce lien.<\/a><\/strong><\/span><\/p>\n<p><strong>\ud83c\udfae\ud83e\uddd9\u200d\u2642\ufe0f<\/strong><strong>\u00a0\u00c0 PROPOS DU JEU :\u00a0<\/strong><\/p>\n<table>\n<thead>\n<tr>\n<th class=\"cabecalho\" colspan=\"2\">Configuration Minimale Requise<\/th>\n<\/tr>\n<\/thead>\n<tbody>\n<tr>\n<td>Syst\u00e8me d&rsquo;exploitation<\/td>\n<td>Windows 10\/11 with updates &#8211; 64 bit<\/td>\n<\/tr>\n<tr>\n<td>Processeur<\/td>\n<td>Intel Core 2 or AMD Athlon 64 X2<\/td>\n<\/tr>\n<tr>\n<td>M\u00e9moire<\/td>\n<td>4 GB RAM<\/td>\n<\/tr>\n<tr>\n<td>Graphiques<\/td>\n<td>Intel GMA X4500, NVIDIA GeForce 9600M GT, AMD\/ATI Mobility Radeon HD 3650 &#8211; requires 256MB VRAM and DirectX\u00ae 11<\/td>\n<\/tr>\n<tr>\n<td>DirectX<\/td>\n<td>Version 11<\/td>\n<\/tr>\n<tr>\n<td>Stockage<\/td>\n<td>7 GB available space<\/td>\n<\/tr>\n<\/tbody>\n<\/table>\n<p>Mettez-vous dans la peau d&rsquo;un v\u00e9ritable patron et \u00e9crivez votre propre histoire du football dans <strong>Football Manager 2024<\/strong>, l&rsquo;\u00e9dition la plus compl\u00e8te de la s\u00e9rie \u00e0 ce jour.<\/p>\n<p>Que vous soyez un manager qui aime construire \u00e0 partir de z\u00e9ro ou un qui recherche la gloire imm\u00e9diate, le d\u00e9fi parfait vous attend. L&rsquo;arriv\u00e9e de la nouvelle <strong>licence Meiji Yasuda Insurance Ltd J. League<\/strong> d\u00e9bloque la <strong>J1 League, J2 League et J3 League<\/strong> pour la premi\u00e8re fois, vous donnant la chance d&rsquo;explorer de nouveaux horizons au Japon.<\/p>\n<p>&nbsp;<\/p>\n","protected":false},"excerpt":{"rendered":"<table class=\"info-table\">\n<thead>\n<tr class=\"header-row\">\n<th>Statut<\/th>\n<th>INFORMATION<\/th>\n<\/tr>\n<\/thead>\n<tbody>\n<tr>\n<td class=\"status-cell\">\n<div class=\"status-title\">\ud83d\ude80 LIVRAISON IMM\u00c9DIATE<\/div>\n<div class=\"status-subtitle\">Acc\u00e8s instantan\u00e9<\/div>\n<\/td>\n<td class=\"info-cell\">\n<div class=\"info-box\">\n<div class=\"info-title\">ATTENTION<\/div>\n<div class=\"info-content\">LISEZ LA DESCRIPTION<\/div>\n<\/div>\n<\/td>\n<\/tr>\n<tr>\n<td class=\"status-cell\">\n<div class=\"status-title\">\ud83d\udcb0 Ce site est-il fiable ?<\/div>\n<div class=\"status-subtitle\">+ 4 ans de vente de jeux<\/div>\n<\/td>\n<td class=\"info-cell\">\n<div class=\"info-box\">\n<div class=\"info-title\">Acc\u00e8s :<\/div>\n<div class=\"info-content\">[trustindex data-widget-id=7fd81be38eb695098c8683dcf1c]<\/div>\n<\/div>\n<\/td>\n<\/tr>\n<\/tbody>\n<\/table>\n","protected":false},"featured_media":7106897,"comment_status":"open","ping_status":"closed","template":"","meta":[],"product_brand":[],"product_cat":[636,859,815,750],"product_tag":[703,690,640,817],"class_list":{"0":"post-7105690","1":"product","2":"type-product","3":"status-publish","4":"has-post-thumbnail","6":"product_cat-jeux-steam","7":"product_cat-nouveautes","8":"product_cat-sports","9":"product_cat-steam","10":"product_tag-gestion","11":"product_tag-simulation","12":"product_tag-single-player","13":"product_tag-sports","15":"first","16":"instock","17":"downloadable","18":"virtual","19":"purchasable","20":"product-type-simple"},"exclude_global_add_ons":[],"addons":[],"_links":{"self":[{"href":"https:\/\/gamesbestprices.com\/fr\/wp-json\/wp\/v2\/product\/7105690","targetHints":{"allow":["GET"]}}],"collection":[{"href":"https:\/\/gamesbestprices.com\/fr\/wp-json\/wp\/v2\/product"}],"about":[{"href":"https:\/\/gamesbestprices.com\/fr\/wp-json\/wp\/v2\/types\/product"}],"replies":[{"embeddable":true,"href":"https:\/\/gamesbestprices.com\/fr\/wp-json\/wp\/v2\/comments?post=7105690"}],"wp:featuredmedia":[{"embeddable":true,"href":"https:\/\/gamesbestprices.com\/fr\/wp-json\/wp\/v2\/media\/7106897"}],"wp:attachment":[{"href":"https:\/\/gamesbestprices.com\/fr\/wp-json\/wp\/v2\/media?parent=7105690"}],"wp:term":[{"taxonomy":"product_brand","embeddable":true,"href":"https:\/\/gamesbestprices.com\/fr\/wp-json\/wp\/v2\/product_brand?post=7105690"},{"taxonomy":"product_cat","embeddable":true,"href":"https:\/\/gamesbestprices.com\/fr\/wp-json\/wp\/v2\/product_cat?post=7105690"},{"taxonomy":"product_tag","embeddable":true,"href":"https:\/\/gamesbestprices.com\/fr\/wp-json\/wp\/v2\/product_tag?post=7105690"}],"curies":[{"name":"wp","href":"https:\/\/api.w.org\/{rel}","templated":true}]}}