{"id":7105685,"date":"2025-01-02T18:38:57","date_gmt":"2025-01-02T18:38:57","guid":{"rendered":"https:\/\/gamesbestprices.com\/product\/f1-24-champions-edition-pc-digital\/"},"modified":"2025-01-02T18:38:57","modified_gmt":"2025-01-02T18:38:57","slug":"f1-24-champions-edition-pc-digital","status":"publish","type":"product","link":"https:\/\/gamesbestprices.com\/fr\/produit\/f1-24-champions-edition-pc-digital\/","title":{"rendered":"F1 24 \u2013 Champions Edition Steam Pc"},"content":{"rendered":"<p><strong>\u26a0\ufe0f<span style=\"color: #ff0000;\">OBTENEZ UN JEU STEAM ORIGINAL !<\/span> \u26a0\ufe0f<\/strong><\/p>\n<p>Enjoy <strong>OFFLINE<\/strong> mode with complete flexibility. You will receive a <strong>LOGIN<\/strong>\u00a0and <strong>PASSWORD (ONE ACCOUNT)<\/strong> that we provide, allowing you to play.<br \/>\n<strong>EN UTILISANT LE COMPTE FOURNI<\/strong>.<\/p>\n<p><strong><span style=\"color: #ff0000;\">IMPORTANT<\/span><\/strong>: Ne vous inqui\u00e9tez pas, vous aurez votre <strong>sauvegarde exclusive<\/strong> et personne ne pourra vous retirer de notre compte pendant que vous jouez.<br \/>\nJouez sans tracas, quand vous voulez, en \u00e9conomisant beaucoup et en vous amusant \u00e9norm\u00e9ment !<\/p>\n<p>Les informations du compte<strong> ne peuvent pas \u00eatre modifi\u00e9es. <\/strong>Pour plus de d\u00e9tails, veuillez <span style=\"color: #037c05;\"><strong><a style=\"color: #037c05;\" href=\"https:\/\/gamesbestprices.com\/fr\/faqs\/\">cliquez sur ce lien.<\/a><\/strong><\/span><\/p>\n<p><strong>\ud83c\udfae\ud83e\uddd9\u200d\u2642\ufe0f \u00c0 PROPOS DU JEU :\u00a0<\/strong><\/p>\n<table>\n<thead>\n<tr>\n<th class=\"cabecalho\" colspan=\"2\">Configuration Requise<\/th>\n<\/tr>\n<\/thead>\n<tbody>\n<tr>\n<td>Syst\u00e8me d&rsquo;exploitation<\/td>\n<td>Windows 10 64-bit Version 21H1 or newer<\/td>\n<\/tr>\n<tr>\n<td>Processeur<\/td>\n<td>Intel Core i3-2130 | Core i5-9600k (VR) or AMD FX 4300 | Ryzen 5 2600X (VR)<\/td>\n<\/tr>\n<tr>\n<td>RAM M\u00e9moire<\/td>\n<td>8 GB RAM<\/td>\n<\/tr>\n<tr>\n<td>Carte Vid\u00e9o<\/td>\n<td>NVIDIA GTX 1060 (6GB) | GTX 1660Ti (VR) | RTX 2060 (RT)<br \/>\nAMD RX 480 (8GB) | RX 590 (VR) | 6700XT (RT)<br \/>\nIntel Arc A380 (VR\/RT)<\/td>\n<\/tr>\n<tr>\n<td>DirectX<\/td>\n<td>Version 12<\/td>\n<\/tr>\n<tr>\n<td>R\u00e9seau<\/td>\n<td>Connexion Internet haut d\u00e9bit<\/td>\n<\/tr>\n<tr>\n<td>Stockage<\/td>\n<td>100 GB available space<\/td>\n<\/tr>\n<\/tbody>\n<\/table>\n<p>Atteignez les premi\u00e8res positions dans EA SPORTS\u2122 F1\u00ae 24, le jeu officiel du Championnat du Monde de Formule Un de la FIA 2024\u2122. Acc\u00e9l\u00e9rez votre comp\u00e9titivit\u00e9 \u00e0 la poursuite d&rsquo;une carri\u00e8re historique en F1\u00ae avec la premi\u00e8re mise \u00e0 jour majeure de ce mode depuis 2016. Courez comme les g\u00e9ants du sport automobile et synchronisez-vous avec votre voiture gr\u00e2ce au nouveau syst\u00e8me de conduite dynamique d&rsquo;EA SPORTS. Stimulez votre passion en vous alignant avec vos \u00e9quipes et pilotes favoris tout en d\u00e9montrant vos comp\u00e9tences dans de nouveaux modes et exp\u00e9riences.<\/p>\n<p><img decoding=\"async\" class=\"aligncenter\" src=\"https:\/\/media4.giphy.com\/media\/v1.Y2lkPTc5MGI3NjExYjVtaGp2b2VncjhxZTZ5b2ticHQwMXV2bTdrZjBtN214dzV6aWtmbiZlcD12MV9pbnRlcm5hbF9naWZfYnlfaWQmY3Q9Zw\/SfkUONpU8cFXGYVzTM\/giphy.gif\" alt=\"Racing Berlin GIF by ABB Formula E\" \/><\/p>\n","protected":false},"excerpt":{"rendered":"<table class=\"info-table\">\n<thead>\n<tr class=\"header-row\">\n<th>Statut<\/th>\n<th>INFORMATION<\/th>\n<\/tr>\n<\/thead>\n<tbody>\n<tr>\n<td class=\"status-cell\">\n<div class=\"status-title\">\ud83d\ude80 LIVRAISON IMM\u00c9DIATE<\/div>\n<div class=\"status-subtitle\">Acc\u00e8s instantan\u00e9<\/div>\n<\/td>\n<td class=\"info-cell\">\n<div class=\"info-box\">\n<div class=\"info-title\">ATTENTION<\/div>\n<div class=\"info-content\">LISEZ LA DESCRIPTION<\/div>\n<\/div>\n<\/td>\n<\/tr>\n<tr>\n<td class=\"status-cell\">\n<div class=\"status-title\">\ud83d\udcb0 Ce site est-il fiable ?<\/div>\n<div class=\"status-subtitle\">+ 4 ans de vente de jeux<\/div>\n<\/td>\n<td class=\"info-cell\">\n<div class=\"info-box\">\n<div class=\"info-title\">Acc\u00e8s :<\/div>\n<div class=\"info-content\">[trustindex data-widget-id=7fd81be38eb695098c8683dcf1c]<\/div>\n<\/div>\n<\/td>\n<\/tr>\n<\/tbody>\n<\/table>\n","protected":false},"featured_media":7103632,"comment_status":"open","ping_status":"closed","template":"","meta":[],"product_brand":[136],"product_cat":[814,666,636,815],"product_tag":[816,712,690,817],"class_list":{"0":"post-7105685","1":"product","2":"type-product","3":"status-publish","4":"has-post-thumbnail","6":"product_brand-codemasters-ea-sports","7":"product_cat-course","8":"product_cat-jeux-en-vedette","9":"product_cat-jeux-steam","10":"product_cat-sports","11":"product_tag-course","12":"product_tag-multijoueur","13":"product_tag-simulation","14":"product_tag-sports","16":"first","17":"instock","18":"downloadable","19":"virtual","20":"purchasable","21":"product-type-simple"},"exclude_global_add_ons":[],"addons":[],"_links":{"self":[{"href":"https:\/\/gamesbestprices.com\/fr\/wp-json\/wp\/v2\/product\/7105685","targetHints":{"allow":["GET"]}}],"collection":[{"href":"https:\/\/gamesbestprices.com\/fr\/wp-json\/wp\/v2\/product"}],"about":[{"href":"https:\/\/gamesbestprices.com\/fr\/wp-json\/wp\/v2\/types\/product"}],"replies":[{"embeddable":true,"href":"https:\/\/gamesbestprices.com\/fr\/wp-json\/wp\/v2\/comments?post=7105685"}],"wp:featuredmedia":[{"embeddable":true,"href":"https:\/\/gamesbestprices.com\/fr\/wp-json\/wp\/v2\/media\/7103632"}],"wp:attachment":[{"href":"https:\/\/gamesbestprices.com\/fr\/wp-json\/wp\/v2\/media?parent=7105685"}],"wp:term":[{"taxonomy":"product_brand","embeddable":true,"href":"https:\/\/gamesbestprices.com\/fr\/wp-json\/wp\/v2\/product_brand?post=7105685"},{"taxonomy":"product_cat","embeddable":true,"href":"https:\/\/gamesbestprices.com\/fr\/wp-json\/wp\/v2\/product_cat?post=7105685"},{"taxonomy":"product_tag","embeddable":true,"href":"https:\/\/gamesbestprices.com\/fr\/wp-json\/wp\/v2\/product_tag?post=7105685"}],"curies":[{"name":"wp","href":"https:\/\/api.w.org\/{rel}","templated":true}]}}