{"id":7105650,"date":"2025-01-02T18:37:52","date_gmt":"2025-01-02T18:37:52","guid":{"rendered":"https:\/\/gamesbestprices.com\/product\/tekken-8-ultimate-edition-pc-digital\/"},"modified":"2025-01-02T18:37:52","modified_gmt":"2025-01-02T18:37:52","slug":"tekken-8-ultimate-edition-pc-digital","status":"publish","type":"product","link":"https:\/\/gamesbestprices.com\/fr\/produit\/tekken-8-ultimate-edition-pc-digital\/","title":{"rendered":"TEKKEN 8 &#8211; Ultimate Edition Steam Pc"},"content":{"rendered":"<p><strong>\u26a0\ufe0f<span style=\"color: #ff0000;\">OBTENEZ UN JEU STEAM ORIGINAL !<\/span> \u26a0\ufe0f<\/strong><\/p>\n<p>Enjoy <strong>OFFLINE<\/strong> mode with complete flexibility. You will receive a <strong>LOGIN<\/strong>\u00a0and <strong>PASSWORD (ONE ACCOUNT)<\/strong> that we provide, allowing you to play.<br \/>\n<strong>EN UTILISANT LE COMPTE FOURNI<\/strong>.<\/p>\n<p><strong><span style=\"color: #ff0000;\">IMPORTANT<\/span><\/strong>: Ne vous inqui\u00e9tez pas, vous aurez votre <strong>sauvegarde exclusive<\/strong> et personne ne pourra vous retirer de notre compte pendant que vous jouez.<br \/>\nJouez sans tracas, quand vous voulez, en \u00e9conomisant beaucoup et en vous amusant \u00e9norm\u00e9ment !<\/p>\n<p>Les informations du compte<strong> ne peuvent pas \u00eatre modifi\u00e9es. <\/strong>Pour plus de d\u00e9tails, veuillez <span style=\"color: #037c05;\"><strong><a style=\"color: #037c05;\" href=\"https:\/\/gamesbestprices.com\/fr\/faqs\/\">cliquez sur ce lien.<\/a><\/strong><\/span><\/p>\n<p><strong>\ud83c\udfae\ud83e\uddd9\u200d\u2642\ufe0f \u00c0 PROPOS DU JEU :\u00a0<\/strong><\/p>\n<table>\n<thead>\n<tr>\n<th class=\"cabecalho\" colspan=\"2\">Configuration Minimale Requise<\/th>\n<\/tr>\n<\/thead>\n<tbody>\n<tr>\n<td>Syst\u00e8me d&rsquo;exploitation<\/td>\n<td>Windows 10 64-Bit<\/td>\n<\/tr>\n<tr>\n<td>Processeur<\/td>\n<td>Intel Core i5-6600K \/ AMD Ryzen 5 1600<\/td>\n<\/tr>\n<tr>\n<td>M\u00e9moire<\/td>\n<td>8 GB RAM<\/td>\n<\/tr>\n<tr>\n<td>Graphiques<\/td>\n<td>Nvidia GeForce GTX 1050Ti \/ AMD Radeon R9 380X<\/td>\n<\/tr>\n<\/tbody>\n<\/table>\n<p>**PR\u00c9PAREZ-VOUS POUR LE PROCHAIN CHAPITRE DE LA L\u00c9GENDAIRE FRANCHISE DE JEUX DE COMBAT : TEKKEN 8**<\/p>\n<p>Enti\u00e8rement repens\u00e9, *TEKKEN 8* propose des visuels de personnages reconstruits de z\u00e9ro, avec des mod\u00e8les tr\u00e8s d\u00e9taill\u00e9s et des graphismes de haute qualit\u00e9 qui repoussent les limites du mat\u00e9riel de nouvelle g\u00e9n\u00e9ration. Ces avanc\u00e9es ajoutent plus de poids et d&rsquo;atmosph\u00e8re aux combats embl\u00e9matiques de la s\u00e9rie. Des environnements vivants et destructibles se combinent pour cr\u00e9er une exp\u00e9rience totalement immersive, offrant le gameplay ultime.<\/p>\n","protected":false},"excerpt":{"rendered":"<table class=\"info-table\">\n<thead>\n<tr class=\"header-row\">\n<th>Statut<\/th>\n<th>INFORMATION<\/th>\n<\/tr>\n<\/thead>\n<tbody>\n<tr>\n<td class=\"status-cell\">\n<div class=\"status-title\">\ud83d\ude80 LIVRAISON IMM\u00c9DIATE<\/div>\n<div class=\"status-subtitle\">Acc\u00e8s instantan\u00e9<\/div>\n<\/td>\n<td class=\"info-cell\">\n<div class=\"info-box\">\n<div class=\"info-title\">ATTENTION<\/div>\n<div class=\"info-content\">LISEZ LA DESCRIPTION<\/div>\n<\/div>\n<\/td>\n<\/tr>\n<tr>\n<td class=\"status-cell\">\n<div class=\"status-title\">\ud83d\udcb0 Ce site est-il fiable ?<\/div>\n<div class=\"status-subtitle\">+ 4 ans de vente de jeux<\/div>\n<\/td>\n<td class=\"info-cell\">\n<div class=\"info-box\">\n<div class=\"info-title\">Acc\u00e8s :<\/div>\n<div class=\"info-content\">[trustindex data-widget-id=7fd81be38eb695098c8683dcf1c]<\/div>\n<\/div>\n<\/td>\n<\/tr>\n<\/tbody>\n<\/table>\n","protected":false},"featured_media":7103605,"comment_status":"open","ping_status":"closed","template":"","meta":[],"product_brand":[132],"product_cat":[742,766,750],"product_tag":[711,712,713],"class_list":{"0":"post-7105650","1":"product","2":"type-product","3":"status-publish","4":"has-post-thumbnail","6":"product_brand-bandai-namco","7":"product_cat-action","8":"product_cat-combat","9":"product_cat-steam","10":"product_tag-fighting","11":"product_tag-multijoueur","12":"product_tag-pvp","14":"first","15":"instock","16":"downloadable","17":"virtual","18":"purchasable","19":"product-type-simple"},"exclude_global_add_ons":[],"addons":[],"_links":{"self":[{"href":"https:\/\/gamesbestprices.com\/fr\/wp-json\/wp\/v2\/product\/7105650","targetHints":{"allow":["GET"]}}],"collection":[{"href":"https:\/\/gamesbestprices.com\/fr\/wp-json\/wp\/v2\/product"}],"about":[{"href":"https:\/\/gamesbestprices.com\/fr\/wp-json\/wp\/v2\/types\/product"}],"replies":[{"embeddable":true,"href":"https:\/\/gamesbestprices.com\/fr\/wp-json\/wp\/v2\/comments?post=7105650"}],"wp:featuredmedia":[{"embeddable":true,"href":"https:\/\/gamesbestprices.com\/fr\/wp-json\/wp\/v2\/media\/7103605"}],"wp:attachment":[{"href":"https:\/\/gamesbestprices.com\/fr\/wp-json\/wp\/v2\/media?parent=7105650"}],"wp:term":[{"taxonomy":"product_brand","embeddable":true,"href":"https:\/\/gamesbestprices.com\/fr\/wp-json\/wp\/v2\/product_brand?post=7105650"},{"taxonomy":"product_cat","embeddable":true,"href":"https:\/\/gamesbestprices.com\/fr\/wp-json\/wp\/v2\/product_cat?post=7105650"},{"taxonomy":"product_tag","embeddable":true,"href":"https:\/\/gamesbestprices.com\/fr\/wp-json\/wp\/v2\/product_tag?post=7105650"}],"curies":[{"name":"wp","href":"https:\/\/api.w.org\/{rel}","templated":true}]}}