{"id":7105640,"date":"2025-01-02T18:37:51","date_gmt":"2025-01-02T18:37:51","guid":{"rendered":"https:\/\/gamesbestprices.com\/product\/bully-pc-digital\/"},"modified":"2025-01-02T18:37:51","modified_gmt":"2025-01-02T18:37:51","slug":"bully-pc-digital","status":"publish","type":"product","link":"https:\/\/gamesbestprices.com\/fr\/produit\/bully-pc-digital\/","title":{"rendered":"Bully Steam Pc"},"content":{"rendered":"<p><strong>\u26a0\ufe0f<span style=\"color: #ff0000;\">GET A ORIGINAL STEAM GAME!<\/span> \u26a0\ufe0f<\/strong><\/p>\n<p>Enjoy <strong>OFFLINE<\/strong> mode with complete flexibility. You will receive a <strong>LOGIN<\/strong>\u00a0and <strong>PASSWORD (ONE ACCOUNT)<\/strong> that we provide, allowing you to play.<br \/>\n<strong>USING THE PROVIDED ACCOUNT<\/strong>.<\/p>\n<p><strong><span style=\"color: #ff0000;\">IMPORTANT<\/span><\/strong>: Don&rsquo;t worry, you will have your <strong>exclusive save<\/strong> and no one can remove you from our account while playing.<br \/>\nPlay without any hassle, whenever you want, saving a lot and having tons of fun!<\/p>\n<p>The account information<strong> cannot be changed. <\/strong>For more details, please <span style=\"color: #037c05;\"><strong><a style=\"color: #037c05;\" href=\"https:\/\/gamesbestprices.com\/faqs\/\">click this link.<\/a><\/strong><\/span><\/p>\n<p><strong>\ud83c\udfae\ud83e\uddd9\u200d\u2642\ufe0f<\/strong><strong>\u00a0ABOUT THE GAME:\u00a0<\/strong><\/p>\n<table>\n<thead>\n<tr>\n<th class=\"cabecalho\" colspan=\"2\">Minimum Configuration Requise<\/th>\n<\/tr>\n<\/thead>\n<tbody>\n<tr>\n<td>Syst\u00e8me d&rsquo;Exploitation *<\/td>\n<td>Windows 10\/11<\/td>\n<\/tr>\n<tr>\n<td>Processeur<\/td>\n<td>Intel Pentium 4 (3+ GHz) \/ AMD Athlon 3000+<\/td>\n<\/tr>\n<tr>\n<td>M\u00e9moire<\/td>\n<td>1 GB RAM<\/td>\n<\/tr>\n<tr>\n<td>Graphiques<\/td>\n<td>DirectX 9.0c Shader 3.0 supported, Nvidia 6800 or 7300 or better, ATI Radeon X1300 or better<\/td>\n<\/tr>\n<tr>\n<td>Version de DirectX<\/td>\n<td>DirectX 9.0c<\/td>\n<\/tr>\n<tr>\n<td>Disque Dur<\/td>\n<td>4.7 Go d&rsquo;espace libre<\/td>\n<\/tr>\n<\/tbody>\n<\/table>\n<p>**Bully: Scholarship Edition** se d\u00e9roule dans l&rsquo;\u00e9cole fictive de Bullworth Academy, situ\u00e9e en New England, et raconte l&rsquo;histoire de Jimmy Hopkins, un adolescent espi\u00e8gle de 15 ans qui navigue entre l&rsquo;hilarit\u00e9 et la maladresse de l&rsquo;adolescence.<\/p>\n<p>\u00c9liminez les sportifs au dodgeball, faites des farces aux fils \u00e0 papa, d\u00e9fendez les intellos, embrassez la fille et, finalement, gravissez l&rsquo;\u00e9chelle sociale de la pire \u00e9cole du coin.<\/p>\n","protected":false},"excerpt":{"rendered":"<table class=\"info-table\">\n<thead>\n<tr class=\"header-row\">\n<th>Statut<\/th>\n<th>INFORMATION<\/th>\n<\/tr>\n<\/thead>\n<tbody>\n<tr>\n<td class=\"status-cell\">\n<div class=\"status-title\">\ud83d\ude80 LIVRAISON IMM\u00c9DIATE<\/div>\n<div class=\"status-subtitle\">Acc\u00e8s instantan\u00e9<\/div>\n<\/td>\n<td class=\"info-cell\">\n<div class=\"info-box\">\n<div class=\"info-title\">ATTENTION<\/div>\n<div class=\"info-content\">LISEZ LA DESCRIPTION<\/div>\n<\/div>\n<\/td>\n<\/tr>\n<tr>\n<td class=\"status-cell\">\n<div class=\"status-title\">\ud83d\udcb0 Ce site est-il fiable ?<\/div>\n<div class=\"status-subtitle\">+ 4 ans de vente de jeux<\/div>\n<\/td>\n<td class=\"info-cell\">\n<div class=\"info-box\">\n<div class=\"info-title\">Acc\u00e8s :<\/div>\n<div class=\"info-content\">[trustindex data-widget-id=7fd81be38eb695098c8683dcf1c]<\/div>\n<\/div>\n<\/td>\n<\/tr>\n<\/tbody>\n<\/table>\n","protected":false},"featured_media":7103623,"comment_status":"open","ping_status":"closed","template":"","meta":[],"product_brand":[146],"product_cat":[742,743,636,750],"product_tag":[682,683,668,640],"class_list":{"0":"post-7105640","1":"product","2":"type-product","3":"status-publish","4":"has-post-thumbnail","6":"product_brand-rockstar-games","7":"product_cat-action","8":"product_cat-aventure","9":"product_cat-jeux-steam","10":"product_cat-steam","11":"product_tag-exploration","12":"product_tag-monde-ouvert","13":"product_tag-riche-en-histoire","14":"product_tag-single-player","16":"first","17":"instock","18":"downloadable","19":"virtual","20":"purchasable","21":"product-type-simple"},"exclude_global_add_ons":[],"addons":[],"_links":{"self":[{"href":"https:\/\/gamesbestprices.com\/fr\/wp-json\/wp\/v2\/product\/7105640","targetHints":{"allow":["GET"]}}],"collection":[{"href":"https:\/\/gamesbestprices.com\/fr\/wp-json\/wp\/v2\/product"}],"about":[{"href":"https:\/\/gamesbestprices.com\/fr\/wp-json\/wp\/v2\/types\/product"}],"replies":[{"embeddable":true,"href":"https:\/\/gamesbestprices.com\/fr\/wp-json\/wp\/v2\/comments?post=7105640"}],"wp:featuredmedia":[{"embeddable":true,"href":"https:\/\/gamesbestprices.com\/fr\/wp-json\/wp\/v2\/media\/7103623"}],"wp:attachment":[{"href":"https:\/\/gamesbestprices.com\/fr\/wp-json\/wp\/v2\/media?parent=7105640"}],"wp:term":[{"taxonomy":"product_brand","embeddable":true,"href":"https:\/\/gamesbestprices.com\/fr\/wp-json\/wp\/v2\/product_brand?post=7105640"},{"taxonomy":"product_cat","embeddable":true,"href":"https:\/\/gamesbestprices.com\/fr\/wp-json\/wp\/v2\/product_cat?post=7105640"},{"taxonomy":"product_tag","embeddable":true,"href":"https:\/\/gamesbestprices.com\/fr\/wp-json\/wp\/v2\/product_tag?post=7105640"}],"curies":[{"name":"wp","href":"https:\/\/api.w.org\/{rel}","templated":true}]}}