{"id":7105615,"date":"2025-01-02T18:37:29","date_gmt":"2025-01-02T18:37:29","guid":{"rendered":"https:\/\/gamesbestprices.com\/product\/crash-bandicoot-4-its-about-time-pc-digital\/"},"modified":"2025-01-02T18:37:29","modified_gmt":"2025-01-02T18:37:29","slug":"crash-bandicoot-4-its-about-time-pc-digital","status":"publish","type":"product","link":"https:\/\/gamesbestprices.com\/fr\/produit\/crash-bandicoot-4-its-about-time-pc-digital\/","title":{"rendered":"Crash Bandicoot 4: It\u2019s About Time Steam Pc"},"content":{"rendered":"<p><strong>\u26a0\ufe0f<span style=\"color: #ff0000;\">OBTENEZ UN JEU STEAM ORIGINAL !<\/span> \u26a0\ufe0f<\/strong><\/p>\n<p>Enjoy <strong>OFFLINE<\/strong> mode with complete flexibility. You will receive a <strong>LOGIN<\/strong>\u00a0and <strong>PASSWORD (ONE ACCOUNT)<\/strong> that we provide, allowing you to play.<br \/>\n<strong>EN UTILISANT LE COMPTE FOURNI<\/strong>.<\/p>\n<p><strong><span style=\"color: #ff0000;\">IMPORTANT<\/span><\/strong>: Ne vous inqui\u00e9tez pas, vous aurez votre <strong>sauvegarde exclusive<\/strong> et personne ne peut vous retirer de notre compte pendant que vous jouez.<br \/>\nJouez sans tracas, quand vous voulez, en \u00e9conomisant beaucoup et en vous amusant \u00e9norm\u00e9ment !<\/p>\n<p>Les informations du compte<strong> ne peuvent pas \u00eatre modifi\u00e9es. <\/strong>Pour plus de d\u00e9tails, veuillez <span style=\"color: #037c05;\"><strong><a style=\"color: #037c05;\" href=\"https:\/\/gamesbestprices.com\/fr\/faqs\/\">cliquer sur ce lien.<\/a><\/strong><\/span><\/p>\n<p><strong>\ud83c\udfae\ud83e\uddd9\u200d\u2642\ufe0f<\/strong><strong>\u00a0\u00c0 PROPOS DU JEU :\u00a0<\/strong><\/p>\n<table>\n<thead>\n<tr>\n<th class=\"cabecalho\" colspan=\"2\"><span style=\"font-weight: 400;\">Configuration Minimale Requise<\/span><\/th>\n<\/tr>\n<\/thead>\n<tbody>\n<tr>\n<td>Syst\u00e8me d&rsquo;exploitation<\/td>\n<td>Windows\u00ae 10<\/td>\n<\/tr>\n<tr>\n<td>Processeur<\/td>\n<td>Intel\u00ae Core i3-4340 \/ AMD FX-6300. ARM64 installation not recommended.<\/td>\n<\/tr>\n<tr>\n<td>M\u00e9moire<\/td>\n<td>8 GB RAM<\/td>\n<\/tr>\n<tr>\n<td>Graphiques<\/td>\n<td>Nvidia GTX 660 \/ AMD Radeon HD 7950<\/td>\n<\/tr>\n<tr>\n<td>R\u00e9seau<\/td>\n<td>Connexion Internet haut d\u00e9bit<\/td>\n<\/tr>\n<tr>\n<td>Stockage<\/td>\n<td>30 Go d&rsquo;espace disponible<\/td>\n<\/tr>\n<\/tbody>\n<\/table>\n<p>**CONTENU :** *Crash 4 + Crash Trilogy + Spyro Reignited Trilogy (3 jeux en 1, BONUS)*<\/p>\n<p>It\u2019s about time \u2013 the critically acclaimed *Crash Bandicoot\u2122 4: It&rsquo;s About Time* is now on Steam! Embark on a timeless adventure with your favorite marsupials.<\/p>\n<p>Neo Cortex et N. Tropy sont de retour, complotant pour prendre le contr\u00f4le non seulement de notre univers, mais de tout le multivers ! Crash et Coco sont pr\u00eats \u00e0 sauver la mise en rassemblant les quatre Masques Quantiques et en pliant les r\u00e8gles de la r\u00e9alit\u00e9.<\/p>\n","protected":false},"excerpt":{"rendered":"<table class=\"info-table\">\n<thead>\n<tr class=\"header-row\">\n<th>Statut<\/th>\n<th>INFORMATION<\/th>\n<\/tr>\n<\/thead>\n<tbody>\n<tr>\n<td class=\"status-cell\">\n<div class=\"status-title\">\ud83d\ude80 LIVRAISON IMM\u00c9DIATE<\/div>\n<div class=\"status-subtitle\">Acc\u00e8s instantan\u00e9<\/div>\n<\/td>\n<td class=\"info-cell\">\n<div class=\"info-box\">\n<div class=\"info-title\">ATTENTION<\/div>\n<div class=\"info-content\">LISEZ LA DESCRIPTION<\/div>\n<\/div>\n<\/td>\n<\/tr>\n<tr>\n<td class=\"status-cell\">\n<div class=\"status-title\">\ud83d\udcb0 Ce site est-il fiable ?<\/div>\n<div class=\"status-subtitle\">+ 4 ans de vente de jeux<\/div>\n<\/td>\n<td class=\"info-cell\">\n<div class=\"info-box\">\n<div class=\"info-title\">Acc\u00e8s :<\/div>\n<div class=\"info-content\">[trustindex data-widget-id=7fd81be38eb695098c8683dcf1c]<\/div>\n<\/div>\n<\/td>\n<\/tr>\n<\/tbody>\n<\/table>\n","protected":false},"featured_media":7103626,"comment_status":"open","ping_status":"closed","template":"","meta":[],"product_brand":[131],"product_cat":[742,636,750],"product_tag":[702,830,640],"class_list":{"0":"post-7105615","1":"product","2":"type-product","3":"status-publish","4":"has-post-thumbnail","6":"product_brand-activision","7":"product_cat-action","8":"product_cat-jeux-steam","9":"product_cat-steam","10":"product_tag-casual","11":"product_tag-plateformes","12":"product_tag-single-player","14":"first","15":"instock","16":"downloadable","17":"virtual","18":"purchasable","19":"product-type-simple"},"exclude_global_add_ons":[],"addons":[],"_links":{"self":[{"href":"https:\/\/gamesbestprices.com\/fr\/wp-json\/wp\/v2\/product\/7105615","targetHints":{"allow":["GET"]}}],"collection":[{"href":"https:\/\/gamesbestprices.com\/fr\/wp-json\/wp\/v2\/product"}],"about":[{"href":"https:\/\/gamesbestprices.com\/fr\/wp-json\/wp\/v2\/types\/product"}],"replies":[{"embeddable":true,"href":"https:\/\/gamesbestprices.com\/fr\/wp-json\/wp\/v2\/comments?post=7105615"}],"wp:featuredmedia":[{"embeddable":true,"href":"https:\/\/gamesbestprices.com\/fr\/wp-json\/wp\/v2\/media\/7103626"}],"wp:attachment":[{"href":"https:\/\/gamesbestprices.com\/fr\/wp-json\/wp\/v2\/media?parent=7105615"}],"wp:term":[{"taxonomy":"product_brand","embeddable":true,"href":"https:\/\/gamesbestprices.com\/fr\/wp-json\/wp\/v2\/product_brand?post=7105615"},{"taxonomy":"product_cat","embeddable":true,"href":"https:\/\/gamesbestprices.com\/fr\/wp-json\/wp\/v2\/product_cat?post=7105615"},{"taxonomy":"product_tag","embeddable":true,"href":"https:\/\/gamesbestprices.com\/fr\/wp-json\/wp\/v2\/product_tag?post=7105615"}],"curies":[{"name":"wp","href":"https:\/\/api.w.org\/{rel}","templated":true}]}}