{"id":7105600,"date":"2025-01-02T18:37:06","date_gmt":"2025-01-02T18:37:06","guid":{"rendered":"https:\/\/gamesbestprices.com\/product\/call-of-duty-black-ops-ii-digital-deluxe-edition-steam-pc\/"},"modified":"2025-01-02T18:37:06","modified_gmt":"2025-01-02T18:37:06","slug":"call-of-duty-black-ops-ii-digital-deluxe-edition-steam-pc","status":"publish","type":"product","link":"https:\/\/gamesbestprices.com\/fr\/produit\/call-of-duty-black-ops-ii-digital-deluxe-edition-steam-pc\/","title":{"rendered":"Call of Duty: Black Ops II Digital Deluxe Edition Steam Pc"},"content":{"rendered":"<p><strong>\u26a0\ufe0f<span style=\"color: #ff0000;\">OBTENEZ UN JEU STEAM ORIGINAL !<\/span> \u26a0\ufe0f<\/strong><\/p>\n<p>Enjoy <strong>OFFLINE<\/strong> mode with complete flexibility. You will receive a <strong>LOGIN<\/strong>\u00a0and <strong>PASSWORD (ONE ACCOUNT)<\/strong> that we provide, allowing you to play.<br \/>\n<strong>EN UTILISANT LE COMPTE FOURNI<\/strong>.<\/p>\n<p><strong><span style=\"color: #ff0000;\">IMPORTANT<\/span><\/strong>: Ne vous inqui\u00e9tez pas, vous aurez votre <strong>sauvegarde exclusive<\/strong> et personne ne pourra vous retirer de notre compte pendant que vous jouez.<br \/>\nJouez sans tracas, quand vous voulez, en \u00e9conomisant beaucoup et en vous amusant \u00e9norm\u00e9ment !<\/p>\n<p>Les informations du compte<strong> ne peuvent pas \u00eatre modifi\u00e9es. <\/strong>Pour plus de d\u00e9tails, veuillez <span style=\"color: #037c05;\"><strong><a style=\"color: #037c05;\" href=\"https:\/\/gamesbestprices.com\/fr\/faqs\/\">cliquez sur ce lien.<\/a><\/strong><\/span><\/p>\n<p><strong>\ud83c\udfae\ud83e\uddd9\u200d\u2642\ufe0f<\/strong><strong>\u00a0\u00c0 PROPOS DU JEU :\u00a0<\/strong><\/p>\n<table>\n<thead>\n<tr>\n<th class=\"cabecalho\" colspan=\"2\">Configuration Minimale Requise<\/th>\n<\/tr>\n<\/thead>\n<tbody>\n<tr>\n<td>Syst\u00e8me d&rsquo;exploitation *<\/td>\n<td>Windows Vista SP2 or Windows 7. Windows XP is not supported<\/td>\n<\/tr>\n<tr>\n<td>Processeur<\/td>\n<td>Intel Core2 Duo E8200 2.66 GHz or AMD Phenom X3 8750 2.4 GHz<\/td>\n<\/tr>\n<tr>\n<td>M\u00e9moire<\/td>\n<td>2 GB for 32-bit OS or 4 GB for 64-bit OS<\/td>\n<\/tr>\n<tr>\n<td>Graphiques<\/td>\n<td>Nvidia GeForce 8800GT 512 MB or ATI Radeon HD 3870 512 MB<\/td>\n<\/tr>\n<tr>\n<td>DirectX<\/td>\n<td>Version 9.0c<\/td>\n<\/tr>\n<tr>\n<td>Disque Dur<\/td>\n<td>16 GB<\/td>\n<\/tr>\n<\/tbody>\n<\/table>\n<pre id=\"tw-target-text\" class=\"tw-data-text tw-text-large tw-ta\" dir=\"ltr\" data-placeholder=\"Tradu\u00e7\u00e3o\" aria-label=\"Texto traduzido\" data-ved=\"2ahUKEwjT7OGCj8-FAxUyr5UCHdORC7IQ3ewLegQIBRAU\">Repoussant les limites de ce que les fans attendent de la franchise de divertissement qui bat tous les records, **Call of Duty\u00ae: Black Ops II** propulse les joueurs dans un futur proche\u2014la Guerre Froide du 21e si\u00e8cle\u2014o\u00f9 la technologie et l'armement ont converg\u00e9 pour cr\u00e9er une nouvelle g\u00e9n\u00e9ration de guerre.<\/pre>\n<p>&nbsp;<\/p>\n","protected":false},"excerpt":{"rendered":"<table class=\"info-table\">\n<thead>\n<tr class=\"header-row\">\n<th>Statut<\/th>\n<th>INFORMATION<\/th>\n<\/tr>\n<\/thead>\n<tbody>\n<tr>\n<td class=\"status-cell\">\n<div class=\"status-title\">\ud83d\ude80 LIVRAISON IMM\u00c9DIATE<\/div>\n<div class=\"status-subtitle\">Acc\u00e8s instantan\u00e9<\/div>\n<\/td>\n<td class=\"info-cell\">\n<div class=\"info-box\">\n<div class=\"info-title\">ATTENTION<\/div>\n<div class=\"info-content\">LISEZ LA DESCRIPTION<\/div>\n<\/div>\n<\/td>\n<\/tr>\n<tr>\n<td class=\"status-cell\">\n<div class=\"status-title\">\ud83d\udcb0 Ce site est-il fiable ?<\/div>\n<div class=\"status-subtitle\">+ 4 ans de vente de jeux<\/div>\n<\/td>\n<td class=\"info-cell\">\n<div class=\"info-box\">\n<div class=\"info-title\">Acc\u00e8s :<\/div>\n<div class=\"info-content\">[trustindex data-widget-id=7fd81be38eb695098c8683dcf1c]<\/div>\n<\/div>\n<\/td>\n<\/tr>\n<\/tbody>\n<\/table>\n","protected":false},"featured_media":7103555,"comment_status":"open","ping_status":"closed","template":"","meta":[],"product_brand":[131],"product_cat":[742,730,636,750],"product_tag":[637,712,713,731],"class_list":{"0":"post-7105600","1":"product","2":"type-product","3":"status-publish","4":"has-post-thumbnail","6":"product_brand-activision","7":"product_cat-action","8":"product_cat-guerre","9":"product_cat-jeux-steam","10":"product_cat-steam","11":"product_tag-fps","12":"product_tag-multijoueur","13":"product_tag-pvp","14":"product_tag-war","16":"first","17":"instock","18":"sale","19":"downloadable","20":"virtual","21":"purchasable","22":"product-type-simple"},"exclude_global_add_ons":[],"addons":[],"_links":{"self":[{"href":"https:\/\/gamesbestprices.com\/fr\/wp-json\/wp\/v2\/product\/7105600","targetHints":{"allow":["GET"]}}],"collection":[{"href":"https:\/\/gamesbestprices.com\/fr\/wp-json\/wp\/v2\/product"}],"about":[{"href":"https:\/\/gamesbestprices.com\/fr\/wp-json\/wp\/v2\/types\/product"}],"replies":[{"embeddable":true,"href":"https:\/\/gamesbestprices.com\/fr\/wp-json\/wp\/v2\/comments?post=7105600"}],"wp:featuredmedia":[{"embeddable":true,"href":"https:\/\/gamesbestprices.com\/fr\/wp-json\/wp\/v2\/media\/7103555"}],"wp:attachment":[{"href":"https:\/\/gamesbestprices.com\/fr\/wp-json\/wp\/v2\/media?parent=7105600"}],"wp:term":[{"taxonomy":"product_brand","embeddable":true,"href":"https:\/\/gamesbestprices.com\/fr\/wp-json\/wp\/v2\/product_brand?post=7105600"},{"taxonomy":"product_cat","embeddable":true,"href":"https:\/\/gamesbestprices.com\/fr\/wp-json\/wp\/v2\/product_cat?post=7105600"},{"taxonomy":"product_tag","embeddable":true,"href":"https:\/\/gamesbestprices.com\/fr\/wp-json\/wp\/v2\/product_tag?post=7105600"}],"curies":[{"name":"wp","href":"https:\/\/api.w.org\/{rel}","templated":true}]}}