{"id":7105565,"date":"2025-01-02T18:36:01","date_gmt":"2025-01-02T18:36:01","guid":{"rendered":"https:\/\/gamesbestprices.com\/product\/mortal-kombat-11-ultimate-pc-digital\/"},"modified":"2025-01-02T18:36:01","modified_gmt":"2025-01-02T18:36:01","slug":"mortal-kombat-11-ultimate-pc-digital","status":"publish","type":"product","link":"https:\/\/gamesbestprices.com\/fr\/produit\/mortal-kombat-11-ultimate-pc-digital\/","title":{"rendered":"Mortal Kombat 11 Ultimate Steam Pc"},"content":{"rendered":"<p><strong>\u26a0\ufe0f<span style=\"color: #ff0000;\">OBTENEZ UN JEU STEAM ORIGINAL !<\/span> \u26a0\ufe0f<\/strong><\/p>\n<p>Enjoy <strong>OFFLINE<\/strong> mode with complete flexibility. You will receive a <strong>LOGIN<\/strong>\u00a0and <strong>MOT DE PASSE (UN COMPTE)<\/strong> that we provide, allowing you to play.<br \/>\n<strong>EN UTILISANT LE COMPTE FOURNI<\/strong>.<\/p>\n<p><strong><span style=\"color: #ff0000;\">IMPORTANT<\/span><\/strong>: Ne vous inqui\u00e9tez pas, vous aurez votre <strong>sauvegarde exclusive<\/strong> et personne ne pourra vous retirer de notre compte pendant que vous jouez.<br \/>\nJouez sans tracas, quand vous voulez, en \u00e9conomisant beaucoup et en vous amusant \u00e9norm\u00e9ment !<\/p>\n<p>Les informations du compte<strong> ne peuvent pas \u00eatre modifi\u00e9es. <\/strong>Pour plus de d\u00e9tails, veuillez <span style=\"color: #037c05;\"><strong><a style=\"color: #037c05;\" href=\"https:\/\/gamesbestprices.com\/fr\/faqs\/\">cliquer sur ce lien.<\/a><\/strong><\/span><\/p>\n<p><strong>\ud83c\udfae\ud83e\uddd9\u200d\u2642\ufe0f<\/strong><strong>\u00a0\u00c0 PROPOS DU JEU :\u00a0<\/strong><\/p>\n<table>\n<thead>\n<tr>\n<th class=\"cabecalho\" colspan=\"2\">Configuration Minimale Requise<\/th>\n<\/tr>\n<\/thead>\n<tbody>\n<tr>\n<td>Syst\u00e8me d&rsquo;exploitation*<\/td>\n<td>64-bit Windows 7 \/ Windows 10<\/td>\n<\/tr>\n<tr>\n<td>Processeur<\/td>\n<td>Intel Core i5-750, 2.66 GHz \/ AMD Phenom II X4 965, 3.4 GHz or AMD Ryzen\u2122 3 1200, 3.1 GHz<\/td>\n<\/tr>\n<tr>\n<td>M\u00e9moire<\/td>\n<td>8 GB RAM<\/td>\n<\/tr>\n<tr>\n<td>Graphiques<\/td>\n<td>NVIDIA\u00ae GeForce\u2122 GTX 670 or NVIDIA\u00ae GeForce\u2122 GTX 1050 \/ AMD\u00ae Radeon\u2122 HD 7950 or AMD\u00ae Radeon\u2122 R9 270<\/td>\n<\/tr>\n<\/tbody>\n<\/table>\n<p>**Mortal Kombat est de retour, meilleur que jamais, dans une \u00e9volution de la franchise embl\u00e9matique.**<\/p>\n<p>L&rsquo;**\u00c9dition Standard** de **Mortal Kombat 11** comprend :<br \/>\n\u2022 **Jeu Principal**<\/p>\n<p>Toutes les variations de personnalisation des personnages vous offrent une libert\u00e9 totale pour personnaliser les combattants et les rendre uniques. Rapprochez-vous du combat avec des cr\u00e2nes qui se fissurent et des yeux qui sortent gr\u00e2ce aux nouveaux graphismes. Avec des **kombattants klassiques**, nouveaux et anciens, l&rsquo;incroyable mode histoire cin\u00e9matographique de Mortal Kombat poursuit la saga \u00e9pique commenc\u00e9e il y a 25 ans.<\/p>\n","protected":false},"excerpt":{"rendered":"<table class=\"info-table\">\n<thead>\n<tr class=\"header-row\">\n<th>Statut<\/th>\n<th>INFORMATION<\/th>\n<\/tr>\n<\/thead>\n<tbody>\n<tr>\n<td class=\"status-cell\">\n<div class=\"status-title\">\ud83d\ude80 LIVRAISON IMM\u00c9DIATE<\/div>\n<div class=\"status-subtitle\">Acc\u00e8s instantan\u00e9<\/div>\n<\/td>\n<td class=\"info-cell\">\n<div class=\"info-box\">\n<div class=\"info-title\">ATTENTION<\/div>\n<div class=\"info-content\">LISEZ LA DESCRIPTION<\/div>\n<\/div>\n<\/td>\n<\/tr>\n<tr>\n<td class=\"status-cell\">\n<div class=\"status-title\">\ud83d\udcb0 Ce site est-il fiable ?<\/div>\n<div class=\"status-subtitle\">+ 4 ans de vente de jeux<\/div>\n<\/td>\n<td class=\"info-cell\">\n<div class=\"info-box\">\n<div class=\"info-title\">Acc\u00e8s :<\/div>\n<div class=\"info-content\">[trustindex data-widget-id=7fd81be38eb695098c8683dcf1c]<\/div>\n<\/div>\n<\/td>\n<\/tr>\n<\/tbody>\n<\/table>\n","protected":false},"featured_media":7103592,"comment_status":"open","ping_status":"closed","template":"","meta":[],"product_brand":[153],"product_cat":[742,766,636,750],"product_tag":[711,712,713],"class_list":{"0":"post-7105565","1":"product","2":"type-product","3":"status-publish","4":"has-post-thumbnail","6":"product_brand-warner-bros-games","7":"product_cat-action","8":"product_cat-combat","9":"product_cat-jeux-steam","10":"product_cat-steam","11":"product_tag-fighting","12":"product_tag-multijoueur","13":"product_tag-pvp","15":"first","16":"instock","17":"downloadable","18":"virtual","19":"purchasable","20":"product-type-simple"},"exclude_global_add_ons":[],"addons":[],"_links":{"self":[{"href":"https:\/\/gamesbestprices.com\/fr\/wp-json\/wp\/v2\/product\/7105565","targetHints":{"allow":["GET"]}}],"collection":[{"href":"https:\/\/gamesbestprices.com\/fr\/wp-json\/wp\/v2\/product"}],"about":[{"href":"https:\/\/gamesbestprices.com\/fr\/wp-json\/wp\/v2\/types\/product"}],"replies":[{"embeddable":true,"href":"https:\/\/gamesbestprices.com\/fr\/wp-json\/wp\/v2\/comments?post=7105565"}],"wp:featuredmedia":[{"embeddable":true,"href":"https:\/\/gamesbestprices.com\/fr\/wp-json\/wp\/v2\/media\/7103592"}],"wp:attachment":[{"href":"https:\/\/gamesbestprices.com\/fr\/wp-json\/wp\/v2\/media?parent=7105565"}],"wp:term":[{"taxonomy":"product_brand","embeddable":true,"href":"https:\/\/gamesbestprices.com\/fr\/wp-json\/wp\/v2\/product_brand?post=7105565"},{"taxonomy":"product_cat","embeddable":true,"href":"https:\/\/gamesbestprices.com\/fr\/wp-json\/wp\/v2\/product_cat?post=7105565"},{"taxonomy":"product_tag","embeddable":true,"href":"https:\/\/gamesbestprices.com\/fr\/wp-json\/wp\/v2\/product_tag?post=7105565"}],"curies":[{"name":"wp","href":"https:\/\/api.w.org\/{rel}","templated":true}]}}