{"id":7105560,"date":"2025-01-02T18:36:01","date_gmt":"2025-01-02T18:36:01","guid":{"rendered":"https:\/\/gamesbestprices.com\/product\/planet-zoo-deluxe-edition-pc-digital\/"},"modified":"2025-01-02T18:36:01","modified_gmt":"2025-01-02T18:36:01","slug":"planet-zoo-deluxe-edition-pc-digital","status":"publish","type":"product","link":"https:\/\/gamesbestprices.com\/fr\/produit\/planet-zoo-deluxe-edition-pc-digital\/","title":{"rendered":"Planet Zoo Deluxe Edition STEAM PC"},"content":{"rendered":"<p><strong>\u26a0\ufe0f<span style=\"color: #ff0000;\">OBTENEZ UN JEU STEAM ORIGINAL !<\/span> \u26a0\ufe0f<\/strong><\/p>\n<p>Enjoy <strong>OFFLINE<\/strong> mode with complete flexibility. You will receive a <strong>LOGIN<\/strong>\u00a0and <strong>MOT DE PASSE (UN COMPTE)<\/strong> that we provide, allowing you to play.<br \/>\n<strong>EN UTILISANT LE COMPTE FOURNI<\/strong>.<\/p>\n<p><strong><span style=\"color: #ff0000;\">IMPORTANT<\/span><\/strong>: Ne vous inqui\u00e9tez pas, vous aurez votre <strong>sauvegarde exclusive<\/strong> et personne ne pourra vous retirer de notre compte pendant que vous jouez.<br \/>\nJouez sans tracas, quand vous voulez, en \u00e9conomisant beaucoup et en vous amusant \u00e9norm\u00e9ment !<\/p>\n<p>Les informations du compte<strong> ne peuvent pas \u00eatre modifi\u00e9es. <\/strong>Pour plus de d\u00e9tails, veuillez <span style=\"color: #037c05;\"><strong><a style=\"color: #037c05;\" href=\"https:\/\/gamesbestprices.com\/fr\/faqs\/\">cliquer sur ce lien.<\/a><\/strong><\/span><\/p>\n<p><strong>\ud83c\udfae\ud83e\uddd9\u200d\u2642\ufe0f<\/strong><strong>\u00a0\u00c0 PROPOS DU JEU :\u00a0<\/strong><\/p>\n<table>\n<thead>\n<tr>\n<th class=\"cabecalho\" colspan=\"2\">Configuration Minimale Requise<\/th>\n<\/tr>\n<\/thead>\n<tbody>\n<tr>\n<td>Syst\u00e8me d&rsquo;exploitation*<\/td>\n<td>Windows 7 (SP1+)\/8.1\/10 64-bit<\/td>\n<\/tr>\n<tr>\n<td>Processeur<\/td>\n<td>Intel i5-2500 \/ AMD FX-6350<\/td>\n<\/tr>\n<tr>\n<td>M\u00e9moire<\/td>\n<td>8 GB RAM<\/td>\n<\/tr>\n<tr>\n<td>Graphiques<\/td>\n<td>NVIDIA GeForce GTX 770 (2GB) \/ AMD Radeon R9 270X (2GB)<\/td>\n<\/tr>\n<tr>\n<td>Stockage<\/td>\n<td>16 Go d&rsquo;espace disponible<\/td>\n<\/tr>\n<\/tbody>\n<\/table>\n<p>Cr\u00e9ez votre propre monde animal dans Planet Zoo. Les d\u00e9veloppeurs de Planet Coaster et Zoo Tycoon proposent le simulateur de zoo le plus incroyable de tous les temps, avec des animaux authentiques qui pensent, ressentent et explorent le monde que vous avez cr\u00e9\u00e9 pour eux. Profitez d&rsquo;une campagne \u00e0 travers le monde ou laissez libre cours \u00e0 votre imagination avec la libert\u00e9 du mode Sandbox. Cr\u00e9ez des habitats uniques et de vastes paysages, prenez des d\u00e9cisions importantes et faites des choix significatifs, et prenez soin de votre faune tout en construisant et g\u00e9rant les zoos les plus incroyables du monde.<\/p>\n<p>Cr\u00e9ez votre propre monde animal dans **Planet Zoo**.<\/p>\n<p>Des cr\u00e9ateurs de **Planet Coaster** et **Zoo Tycoon**, voici le simulateur de zoo le plus incroyable jamais cr\u00e9\u00e9, avec des animaux authentiques qui pensent, ressentent et explorent le monde que vous concevez pour eux.<\/p>\n<p>Profitez d&rsquo;une campagne mondiale ou lib\u00e9rez votre cr\u00e9ativit\u00e9 avec la libert\u00e9 du mode Sandbox. Construisez des habitats uniques et des paysages \u00e9tendus, prenez des d\u00e9cisions importantes et des choix significatifs, et prenez soin de votre faune tout en construisant et g\u00e9rant les zoos les plus incroyables du monde.<\/p>\n<p>&nbsp;<\/p>\n","protected":false},"excerpt":{"rendered":"<table class=\"info-table\">\n<thead>\n<tr class=\"header-row\">\n<th>Statut<\/th>\n<th>INFORMATION<\/th>\n<\/tr>\n<\/thead>\n<tbody>\n<tr>\n<td class=\"status-cell\">\n<div class=\"status-title\">\ud83d\ude80 LIVRAISON IMM\u00c9DIATE<\/div>\n<div class=\"status-subtitle\">Acc\u00e8s instantan\u00e9<\/div>\n<\/td>\n<td class=\"info-cell\">\n<div class=\"info-box\">\n<div class=\"info-title\">ATTENTION<\/div>\n<div class=\"info-content\">LISEZ LA DESCRIPTION<\/div>\n<\/div>\n<\/td>\n<\/tr>\n<tr>\n<td class=\"status-cell\">\n<div class=\"status-title\">\ud83d\udcb0 Ce site est-il fiable ?<\/div>\n<div class=\"status-subtitle\">+ 4 ans de vente de jeux<\/div>\n<\/td>\n<td class=\"info-cell\">\n<div class=\"info-box\">\n<div class=\"info-title\">Acc\u00e8s :<\/div>\n<div class=\"info-content\">[trustindex data-widget-id=7fd81be38eb695098c8683dcf1c]<\/div>\n<\/div>\n<\/td>\n<\/tr>\n<\/tbody>\n<\/table>\n","protected":false},"featured_media":7103664,"comment_status":"open","ping_status":"closed","template":"","meta":[],"product_brand":[158],"product_cat":[636,800,750,801],"product_tag":[703,690,640],"class_list":{"0":"post-7105560","1":"product","2":"type-product","3":"status-publish","4":"has-post-thumbnail","6":"product_brand-frontier","7":"product_cat-jeux-steam","8":"product_cat-simulation","9":"product_cat-steam","10":"product_cat-strategie","11":"product_tag-gestion","12":"product_tag-simulation","13":"product_tag-single-player","15":"first","16":"instock","17":"downloadable","18":"virtual","19":"purchasable","20":"product-type-simple"},"exclude_global_add_ons":[],"addons":[],"_links":{"self":[{"href":"https:\/\/gamesbestprices.com\/fr\/wp-json\/wp\/v2\/product\/7105560","targetHints":{"allow":["GET"]}}],"collection":[{"href":"https:\/\/gamesbestprices.com\/fr\/wp-json\/wp\/v2\/product"}],"about":[{"href":"https:\/\/gamesbestprices.com\/fr\/wp-json\/wp\/v2\/types\/product"}],"replies":[{"embeddable":true,"href":"https:\/\/gamesbestprices.com\/fr\/wp-json\/wp\/v2\/comments?post=7105560"}],"wp:featuredmedia":[{"embeddable":true,"href":"https:\/\/gamesbestprices.com\/fr\/wp-json\/wp\/v2\/media\/7103664"}],"wp:attachment":[{"href":"https:\/\/gamesbestprices.com\/fr\/wp-json\/wp\/v2\/media?parent=7105560"}],"wp:term":[{"taxonomy":"product_brand","embeddable":true,"href":"https:\/\/gamesbestprices.com\/fr\/wp-json\/wp\/v2\/product_brand?post=7105560"},{"taxonomy":"product_cat","embeddable":true,"href":"https:\/\/gamesbestprices.com\/fr\/wp-json\/wp\/v2\/product_cat?post=7105560"},{"taxonomy":"product_tag","embeddable":true,"href":"https:\/\/gamesbestprices.com\/fr\/wp-json\/wp\/v2\/product_tag?post=7105560"}],"curies":[{"name":"wp","href":"https:\/\/api.w.org\/{rel}","templated":true}]}}