{"id":7105555,"date":"2025-01-02T18:35:40","date_gmt":"2025-01-02T18:35:40","guid":{"rendered":"https:\/\/gamesbestprices.com\/product\/dragon-ball-xenoverse-pc-digital\/"},"modified":"2025-01-02T18:35:40","modified_gmt":"2025-01-02T18:35:40","slug":"dragon-ball-xenoverse-pc-digital","status":"publish","type":"product","link":"https:\/\/gamesbestprices.com\/fr\/produit\/dragon-ball-xenoverse-pc-digital\/","title":{"rendered":"Dragon Ball Xenoverse STEAM PC"},"content":{"rendered":"<p><strong>\u26a0\ufe0f<span style=\"color: #ff0000;\">OBTENEZ UN JEU STEAM ORIGINAL !<\/span> \u26a0\ufe0f<\/strong><\/p>\n<p>Profitez du mode <strong>HORS LIGNE<\/strong> avec une flexibilit\u00e9 totale. You will receive a <strong>LOGIN<\/strong>\u00a0and <strong>PASSWORD (ONE ACCOUNT)<\/strong> that we provide, allowing you to play.<br \/>\n<strong>EN UTILISANT LE COMPTE FOURNI<\/strong>.<\/p>\n<p><strong><span style=\"color: #ff0000;\">IMPORTANT<\/span><\/strong>: Ne vous inqui\u00e9tez pas, vous aurez votre <strong>sauvegarde exclusive<\/strong> et personne ne pourra vous retirer de notre compte pendant que vous jouez.<br \/>\nJouez sans tracas, quand vous voulez, en \u00e9conomisant beaucoup et en vous amusant \u00e9norm\u00e9ment !<\/p>\n<p>Les informations du compte<strong> ne peuvent pas \u00eatre modifi\u00e9es. <\/strong>Pour plus de d\u00e9tails, veuillez <span style=\"color: #037c05;\"><strong><a style=\"color: #037c05;\" href=\"https:\/\/gamesbestprices.com\/fr\/faqs\/\">cliquer sur ce lien.<\/a><\/strong><\/span><\/p>\n<p><strong>\ud83c\udfae\ud83e\uddd9\u200d\u2642\ufe0f<\/strong><strong>\u00a0\u00c0 PROPOS DU JEU :\u00a0<\/strong><\/p>\n<table>\n<thead>\n<tr>\n<th class=\"cabecalho\" colspan=\"2\">Configuration Minimale Requise<\/th>\n<\/tr>\n<\/thead>\n<tbody>\n<tr>\n<td>Syst\u00e8me d&rsquo;exploitation *<\/td>\n<td>Windows Vista (x64) \/ Windows 7 (x64)<\/td>\n<\/tr>\n<tr>\n<td>Processor<\/td>\n<td>Intel Core 2 Duo 2.4GHz \/ AMD Athlon 64 X2 5200+, 2.6GHz<\/td>\n<\/tr>\n<tr>\n<td>Memory<\/td>\n<td>2 GB RAM<\/td>\n<\/tr>\n<tr>\n<td>Graphics<\/td>\n<td>512 MB Nvidia GeForce 8800 \/ ATI Radeon HD 3870<\/td>\n<\/tr>\n<tr>\n<td>DirectX<\/td>\n<td>Version 9.0c<\/td>\n<\/tr>\n<tr>\n<td>Network<\/td>\n<td>Connexion Internet haut d\u00e9bit<\/td>\n<\/tr>\n<tr>\n<td>Storage<\/td>\n<td>10 Go d&rsquo;espace disponible<\/td>\n<\/tr>\n<\/tbody>\n<\/table>\n<p>POUR LA PREMI\u00c8RE FOIS, L&rsquo;UNIVERS DRAGON BALL ARRIVE SUR STEAM !<\/p>\n<p>**DRAGON BALL XENOVERSE** ram\u00e8ne les batailles \u00e9piques de la saga \u00e0 travers votre Avatar personnalis\u00e9, qui combat aux c\u00f4t\u00e9s de Trunks et de nombreux autres personnages. La force de ce partenariat sera-t-elle suffisante pour intervenir dans les batailles et restaurer l&rsquo;histoire de Dragon Ball que nous connaissons tous ?<\/p>\n<p>Le jeu propose la myst\u00e9rieuse Toki Toki City, un nouveau syst\u00e8me de gameplay, de nouveaux personnages anim\u00e9s et de nombreuses autres fonctionnalit\u00e9s qui seront bient\u00f4t r\u00e9v\u00e9l\u00e9es !<\/p>\n<p>&nbsp;<\/p>\n","protected":false},"excerpt":{"rendered":"<table class=\"info-table\">\n<thead>\n<tr class=\"header-row\">\n<th>Statut<\/th>\n<th>INFORMATION<\/th>\n<\/tr>\n<\/thead>\n<tbody>\n<tr>\n<td class=\"status-cell\">\n<div class=\"status-title\">\ud83d\ude80 LIVRAISON IMM\u00c9DIATE<\/div>\n<div class=\"status-subtitle\">Acc\u00e8s instantan\u00e9<\/div>\n<\/td>\n<td class=\"info-cell\">\n<div class=\"info-box\">\n<div class=\"info-title\">ATTENTION<\/div>\n<div class=\"info-content\">LISEZ LA DESCRIPTION<\/div>\n<\/div>\n<\/td>\n<\/tr>\n<tr>\n<td class=\"status-cell\">\n<div class=\"status-title\">\ud83d\udcb0 Ce site est-il fiable ?<\/div>\n<div class=\"status-subtitle\">+ 4 ans de vente de jeux<\/div>\n<\/td>\n<td class=\"info-cell\">\n<div class=\"info-box\">\n<div class=\"info-title\">Acc\u00e8s :<\/div>\n<div class=\"info-content\">[trustindex data-widget-id=7fd81be38eb695098c8683dcf1c]<\/div>\n<\/div>\n<\/td>\n<\/tr>\n<\/tbody>\n<\/table>\n","protected":false},"featured_media":7103711,"comment_status":"open","ping_status":"closed","template":"","meta":[],"product_brand":[132],"product_cat":[742,636,750],"product_tag":[710,711,712,640],"class_list":{"0":"post-7105555","1":"product","2":"type-product","3":"status-publish","4":"has-post-thumbnail","6":"product_brand-bandai-namco","7":"product_cat-action","8":"product_cat-jeux-steam","9":"product_cat-steam","10":"product_tag-anime","11":"product_tag-fighting","12":"product_tag-multijoueur","13":"product_tag-single-player","15":"first","16":"instock","17":"downloadable","18":"virtual","19":"purchasable","20":"product-type-simple"},"exclude_global_add_ons":[],"addons":[],"_links":{"self":[{"href":"https:\/\/gamesbestprices.com\/fr\/wp-json\/wp\/v2\/product\/7105555","targetHints":{"allow":["GET"]}}],"collection":[{"href":"https:\/\/gamesbestprices.com\/fr\/wp-json\/wp\/v2\/product"}],"about":[{"href":"https:\/\/gamesbestprices.com\/fr\/wp-json\/wp\/v2\/types\/product"}],"replies":[{"embeddable":true,"href":"https:\/\/gamesbestprices.com\/fr\/wp-json\/wp\/v2\/comments?post=7105555"}],"wp:featuredmedia":[{"embeddable":true,"href":"https:\/\/gamesbestprices.com\/fr\/wp-json\/wp\/v2\/media\/7103711"}],"wp:attachment":[{"href":"https:\/\/gamesbestprices.com\/fr\/wp-json\/wp\/v2\/media?parent=7105555"}],"wp:term":[{"taxonomy":"product_brand","embeddable":true,"href":"https:\/\/gamesbestprices.com\/fr\/wp-json\/wp\/v2\/product_brand?post=7105555"},{"taxonomy":"product_cat","embeddable":true,"href":"https:\/\/gamesbestprices.com\/fr\/wp-json\/wp\/v2\/product_cat?post=7105555"},{"taxonomy":"product_tag","embeddable":true,"href":"https:\/\/gamesbestprices.com\/fr\/wp-json\/wp\/v2\/product_tag?post=7105555"}],"curies":[{"name":"wp","href":"https:\/\/api.w.org\/{rel}","templated":true}]}}