{"id":7105550,"date":"2025-01-02T18:35:39","date_gmt":"2025-01-02T18:35:39","guid":{"rendered":"https:\/\/gamesbestprices.com\/product\/one-piece-burning-blood-gold-edition-pc-digital\/"},"modified":"2025-01-02T18:35:39","modified_gmt":"2025-01-02T18:35:39","slug":"one-piece-burning-blood-gold-edition-pc-digital","status":"publish","type":"product","link":"https:\/\/gamesbestprices.com\/fr\/produit\/one-piece-burning-blood-gold-edition-pc-digital\/","title":{"rendered":"ONE PIECE BURNING BLOOD GOLD Edition  STEAM PC"},"content":{"rendered":"<p><strong>\u26a0\ufe0f<span style=\"color: #ff0000;\">OBTENEZ UN JEU STEAM ORIGINAL !<\/span> \u26a0\ufe0f<\/strong><\/p>\n<p>Profitez du mode <strong>HORS LIGNE<\/strong> avec une flexibilit\u00e9 totale. You will receive a <strong>LOGIN<\/strong>\u00a0and <strong>PASSWORD (ONE ACCOUNT)<\/strong> that we provide, allowing you to play.<br \/>\n<strong>EN UTILISANT LE COMPTE FOURNI<\/strong>.<\/p>\n<p><strong><span style=\"color: #ff0000;\">IMPORTANT<\/span><\/strong>: Ne vous inqui\u00e9tez pas, vous aurez votre <strong>sauvegarde exclusive<\/strong> et personne ne pourra vous retirer de notre compte pendant que vous jouez.<br \/>\nJouez sans tracas, quand vous voulez, en \u00e9conomisant beaucoup et en vous amusant \u00e9norm\u00e9ment !<\/p>\n<p>Les informations du compte<strong> ne peuvent pas \u00eatre modifi\u00e9es. <\/strong>Pour plus de d\u00e9tails, veuillez <span style=\"color: #037c05;\"><strong><a style=\"color: #037c05;\" href=\"https:\/\/gamesbestprices.com\/fr\/faqs\/\">cliquer sur ce lien.<\/a><\/strong><\/span><\/p>\n<p><strong>\ud83c\udfae\ud83e\uddd9\u200d\u2642\ufe0f<\/strong><strong>\u00a0\u00c0 PROPOS DU JEU :\u00a0<\/strong><\/p>\n<table>\n<thead>\n<tr>\n<th class=\"cabecalho\" colspan=\"2\">Configuration Minimale Requise<\/th>\n<\/tr>\n<\/thead>\n<tbody>\n<tr>\n<td>Syst\u00e8me d&rsquo;exploitation*<\/td>\n<td>Windows 7 64-bit<\/td>\n<\/tr>\n<tr>\n<td>Processor<\/td>\n<td>Intel Core i3-4170 @ 3.70GHz<\/td>\n<\/tr>\n<tr>\n<td>Memory<\/td>\n<td>4 GB RAM<\/td>\n<\/tr>\n<tr>\n<td>Graphics<\/td>\n<td>NVIDIA\u00ae GeForce\u00ae GTX 460 or better<\/td>\n<\/tr>\n<tr>\n<td>DirectX<\/td>\n<td>Version 11<\/td>\n<\/tr>\n<tr>\n<td>Network<\/td>\n<td>Connexion Internet haut d\u00e9bit<\/td>\n<\/tr>\n<tr>\n<td>Storage<\/td>\n<td>15 Go d&rsquo;espace disponible<\/td>\n<\/tr>\n<\/tbody>\n<\/table>\n<p>One Piece Burning Blood is a dynamic and colourful new fighting game featuring the world\u2019s most famous pirate: Monkey D. Luffy.<\/p>\n<ul class=\"bb_ul\">\n<li>UN JEU DE COMBAT RAPIDE &#8211; Pr\u00e9parez-vous pour une action folle et des combos d\u00e9vastateurs !<\/li>\n<li>DEVIL FRUIT\/HAKI ABILITIES &#8211; Devil Fruits and \u201cHaki\u201d can be used to do massive special moves and take down the fiercest opponents!<\/li>\n<li>3 vs. 3 RUMBLE &#8211; Changez entre 3 personnages \u00e0 tout moment pendant le combat et d\u00e9clenchez des attaques incroyables !<\/li>\n<li>ROSTER INCROYABLE &#8211; Plus de 40 personnages jouables venant de toute la Grand Line et au-del\u00e0 !<\/li>\n<li>LA BATAILLE LA PLUS \u00c9PIQUE &#8211; Revivez la Guerre de Marineford \u00e0 travers des combats intenses et des cin\u00e9matiques !<\/li>\n<\/ul>\n<p>Cette incroyable ONE PIECE BURNING BLOOD &#8211; Gold Edition inclut le jeu ainsi que tout le contenu du Wanted Pack et du Wanted Pack 2 !<\/p>\n<p>&nbsp;<\/p>\n","protected":false},"excerpt":{"rendered":"<table class=\"info-table\">\n<thead>\n<tr class=\"header-row\">\n<th>Statut<\/th>\n<th>INFORMATION<\/th>\n<\/tr>\n<\/thead>\n<tbody>\n<tr>\n<td class=\"status-cell\">\n<div class=\"status-title\">\ud83d\ude80 LIVRAISON IMM\u00c9DIATE<\/div>\n<div class=\"status-subtitle\">Acc\u00e8s instantan\u00e9<\/div>\n<\/td>\n<td class=\"info-cell\">\n<div class=\"info-box\">\n<div class=\"info-title\">ATTENTION<\/div>\n<div class=\"info-content\">LISEZ LA DESCRIPTION<\/div>\n<\/div>\n<\/td>\n<\/tr>\n<tr>\n<td class=\"status-cell\">\n<div class=\"status-title\">\ud83d\udcb0 Ce site est-il fiable ?<\/div>\n<div class=\"status-subtitle\">+ 4 ans de vente de jeux<\/div>\n<\/td>\n<td class=\"info-cell\">\n<div class=\"info-box\">\n<div class=\"info-title\">Acc\u00e8s :<\/div>\n<div class=\"info-content\">[trustindex data-widget-id=7fd81be38eb695098c8683dcf1c]<\/div>\n<\/div>\n<\/td>\n<\/tr>\n<\/tbody>\n<\/table>\n","protected":false},"featured_media":7103673,"comment_status":"open","ping_status":"closed","template":"","meta":[],"product_brand":[132],"product_cat":[742,636,750],"product_tag":[710,711,712],"class_list":{"0":"post-7105550","1":"product","2":"type-product","3":"status-publish","4":"has-post-thumbnail","6":"product_brand-bandai-namco","7":"product_cat-action","8":"product_cat-jeux-steam","9":"product_cat-steam","10":"product_tag-anime","11":"product_tag-fighting","12":"product_tag-multijoueur","14":"first","15":"instock","16":"downloadable","17":"virtual","18":"purchasable","19":"product-type-simple"},"exclude_global_add_ons":[],"addons":[],"_links":{"self":[{"href":"https:\/\/gamesbestprices.com\/fr\/wp-json\/wp\/v2\/product\/7105550","targetHints":{"allow":["GET"]}}],"collection":[{"href":"https:\/\/gamesbestprices.com\/fr\/wp-json\/wp\/v2\/product"}],"about":[{"href":"https:\/\/gamesbestprices.com\/fr\/wp-json\/wp\/v2\/types\/product"}],"replies":[{"embeddable":true,"href":"https:\/\/gamesbestprices.com\/fr\/wp-json\/wp\/v2\/comments?post=7105550"}],"wp:featuredmedia":[{"embeddable":true,"href":"https:\/\/gamesbestprices.com\/fr\/wp-json\/wp\/v2\/media\/7103673"}],"wp:attachment":[{"href":"https:\/\/gamesbestprices.com\/fr\/wp-json\/wp\/v2\/media?parent=7105550"}],"wp:term":[{"taxonomy":"product_brand","embeddable":true,"href":"https:\/\/gamesbestprices.com\/fr\/wp-json\/wp\/v2\/product_brand?post=7105550"},{"taxonomy":"product_cat","embeddable":true,"href":"https:\/\/gamesbestprices.com\/fr\/wp-json\/wp\/v2\/product_cat?post=7105550"},{"taxonomy":"product_tag","embeddable":true,"href":"https:\/\/gamesbestprices.com\/fr\/wp-json\/wp\/v2\/product_tag?post=7105550"}],"curies":[{"name":"wp","href":"https:\/\/api.w.org\/{rel}","templated":true}]}}