{"id":7105545,"date":"2025-01-02T18:35:39","date_gmt":"2025-01-02T18:35:39","guid":{"rendered":"https:\/\/gamesbestprices.com\/product\/one-piece-pirate-warriors-4-pc-digital\/"},"modified":"2025-01-02T18:35:39","modified_gmt":"2025-01-02T18:35:39","slug":"one-piece-pirate-warriors-4-pc-digital","status":"publish","type":"product","link":"https:\/\/gamesbestprices.com\/fr\/produit\/one-piece-pirate-warriors-4-pc-digital\/","title":{"rendered":"One Piece: Pirate Warriors 4 Steam Pc"},"content":{"rendered":"<p><strong>\u26a0\ufe0f<span style=\"color: #ff0000;\">OBTENEZ UN JEU STEAM ORIGINAL !<\/span> \u26a0\ufe0f<\/strong><\/p>\n<p>Profitez du mode <strong>OFFLINE<\/strong> avec une flexibilit\u00e9 totale. Vous recevrez un <strong>LOGIN<\/strong> et un <strong>MOT DE PASSE (UN COMPTE)<\/strong> que nous fournissons, vous permettant de jouer.<br \/>\n<strong>EN UTILISANT LE COMPTE FOURNI<\/strong>.<\/p>\n<p><strong><span style=\"color: #ff0000;\">IMPORTANT<\/span><\/strong> : Ne vous inqui\u00e9tez pas, vous aurez votre <strong>sauvegarde exclusive<\/strong> et personne ne pourra vous retirer de notre compte pendant que vous jouez.<br \/>\nJouez sans tracas, quand vous voulez, en \u00e9conomisant beaucoup et en vous amusant \u00e9norm\u00e9ment !<\/p>\n<p>Les informations du compte<strong> ne peuvent pas \u00eatre modifi\u00e9es. <\/strong>Pour plus de d\u00e9tails, veuillez <span style=\"color: #037c05;\"><strong><a style=\"color: #037c05;\" href=\"https:\/\/gamesbestprices.com\/fr\/faqs\/\">cliquer sur ce lien.<\/a><\/strong><\/span><\/p>\n<p><strong>\ud83c\udfae\ud83e\uddd9\u200d\u2642\ufe0f<\/strong><strong> \u00c0 PROPOS DU JEU : <\/strong><\/p>\n<table>\n<thead>\n<tr>\n<th class=\"cabecalho\" colspan=\"2\">Configuration Minimale Requise<\/th>\n<\/tr>\n<\/thead>\n<tbody>\n<tr>\n<td>Syst\u00e8me d&rsquo;exploitation<\/td>\n<td>Windows 10, 64-bit<\/td>\n<\/tr>\n<tr>\n<td>Processeur<\/td>\n<td>Intel Core i5 3450 \/ AMD Ryzen 3 1300X<\/td>\n<\/tr>\n<tr>\n<td>M\u00e9moire<\/td>\n<td>8 GB RAM<\/td>\n<\/tr>\n<tr>\n<td>Graphiques<\/td>\n<td>NVIDIA GeForce GTX 660 (2GB) \/ AMD Radeon HD 7870 (2GB)<\/td>\n<\/tr>\n<tr>\n<td>DirectX<\/td>\n<td>Version 11<\/td>\n<\/tr>\n<tr>\n<td>R\u00e9seau<\/td>\n<td>Broadband Internet connection<\/td>\n<\/tr>\n<tr>\n<td>Stockage<\/td>\n<td>25 GB available space<\/td>\n<\/tr>\n<\/tbody>\n<\/table>\n<p>La s\u00e9rie PIRATE WARRIORS a combin\u00e9 le populaire anime ONE PIECE avec l&rsquo;action palpitante de la s\u00e9rie WARRIORS pour cr\u00e9er un ph\u00e9nom\u00e8ne mondial ayant vendu plus de quatre millions d&rsquo;exemplaires ! Bas\u00e9 sur le concept de \u00ab combattre des hordes d&rsquo;ennemis tout en partant \u00e0 l&rsquo;aventure avec des alli\u00e9s de confiance \u00bb, vivez l&rsquo;incroyable action de ONE PIECE tir\u00e9e directement de l&rsquo;anime !<\/p>\n<p>ONE PIECE: PIRATE WARRIORS 4 est l&rsquo;\u00e9volution la plus r\u00e9cente de l&rsquo;action des PIRATE WARRIORS ! Bas\u00e9 sur le concept de \u00ab vivre un v\u00e9ritable champ de bataille ONE PIECE \u00bb, au c\u0153ur de l&rsquo;action et des attaques, les b\u00e2timents s&rsquo;effondreront en projetant fum\u00e9e et poussi\u00e8re, vous plongeant dans le monde de ONE PIECE ! L&rsquo;introduction de nouveaux \u00e9l\u00e9ments impossibles \u00e0 r\u00e9aliser dans les opus pr\u00e9c\u00e9dents a d\u00e9sormais atteint un niveau encore plus palpitant de l&rsquo;action PIRATE WARRIORS !<\/p>\n<p>&nbsp;<\/p>\n","protected":false},"excerpt":{"rendered":"<table class=\"info-table\">\n<thead>\n<tr class=\"header-row\">\n<th>Statut<\/th>\n<th>INFORMATION<\/th>\n<\/tr>\n<\/thead>\n<tbody>\n<tr>\n<td class=\"status-cell\">\n<div class=\"status-title\">\ud83d\ude80 LIVRAISON IMM\u00c9DIATE<\/div>\n<div class=\"status-subtitle\">Acc\u00e8s instantan\u00e9<\/div>\n<\/td>\n<td class=\"info-cell\">\n<div class=\"info-box\">\n<div class=\"info-title\">ATTENTION<\/div>\n<div class=\"info-content\">LISEZ LA DESCRIPTION<\/div>\n<\/div>\n<\/td>\n<\/tr>\n<tr>\n<td class=\"status-cell\">\n<div class=\"status-title\">\ud83d\udcb0 Ce site est-il fiable ?<\/div>\n<div class=\"status-subtitle\">+ 4 ans de vente de jeux<\/div>\n<\/td>\n<td class=\"info-cell\">\n<div class=\"info-box\">\n<div class=\"info-title\">Acc\u00e8s :<\/div>\n<div class=\"info-content\">[trustindex data-widget-id=7fd81be38eb695098c8683dcf1c]<\/div>\n<\/div>\n<\/td>\n<\/tr>\n<\/tbody>\n<\/table>\n","protected":false},"featured_media":7103671,"comment_status":"open","ping_status":"closed","template":"","meta":[],"product_brand":[132],"product_cat":[742,743,636,750],"product_tag":[710,796,738,712],"class_list":{"0":"post-7105545","1":"product","2":"type-product","3":"status-publish","4":"has-post-thumbnail","6":"product_brand-bandai-namco","7":"product_cat-action","8":"product_cat-aventure","9":"product_cat-jeux-steam","10":"product_cat-steam","11":"product_tag-anime","12":"product_tag-cooperatif","13":"product_tag-hack-and-slash","14":"product_tag-multijoueur","16":"first","17":"instock","18":"downloadable","19":"virtual","20":"purchasable","21":"product-type-simple"},"exclude_global_add_ons":[],"addons":[],"_links":{"self":[{"href":"https:\/\/gamesbestprices.com\/fr\/wp-json\/wp\/v2\/product\/7105545","targetHints":{"allow":["GET"]}}],"collection":[{"href":"https:\/\/gamesbestprices.com\/fr\/wp-json\/wp\/v2\/product"}],"about":[{"href":"https:\/\/gamesbestprices.com\/fr\/wp-json\/wp\/v2\/types\/product"}],"replies":[{"embeddable":true,"href":"https:\/\/gamesbestprices.com\/fr\/wp-json\/wp\/v2\/comments?post=7105545"}],"wp:featuredmedia":[{"embeddable":true,"href":"https:\/\/gamesbestprices.com\/fr\/wp-json\/wp\/v2\/media\/7103671"}],"wp:attachment":[{"href":"https:\/\/gamesbestprices.com\/fr\/wp-json\/wp\/v2\/media?parent=7105545"}],"wp:term":[{"taxonomy":"product_brand","embeddable":true,"href":"https:\/\/gamesbestprices.com\/fr\/wp-json\/wp\/v2\/product_brand?post=7105545"},{"taxonomy":"product_cat","embeddable":true,"href":"https:\/\/gamesbestprices.com\/fr\/wp-json\/wp\/v2\/product_cat?post=7105545"},{"taxonomy":"product_tag","embeddable":true,"href":"https:\/\/gamesbestprices.com\/fr\/wp-json\/wp\/v2\/product_tag?post=7105545"}],"curies":[{"name":"wp","href":"https:\/\/api.w.org\/{rel}","templated":true}]}}