{"id":7105535,"date":"2025-01-02T18:35:16","date_gmt":"2025-01-02T18:35:16","guid":{"rendered":"https:\/\/gamesbestprices.com\/product\/quantum-break-pc-digital\/"},"modified":"2025-01-02T18:35:16","modified_gmt":"2025-01-02T18:35:16","slug":"quantum-break-pc-digital","status":"publish","type":"product","link":"https:\/\/gamesbestprices.com\/fr\/produit\/quantum-break-pc-digital\/","title":{"rendered":"Quantum Break Steam Pc"},"content":{"rendered":"<p><strong>\u26a0\ufe0f<span style=\"color: #ff0000;\">OBTENEZ UN JEU STEAM ORIGINAL !<\/span> \u26a0\ufe0f<\/strong><\/p>\n<p>Profitez du mode <strong>OFFLINE<\/strong> avec une flexibilit\u00e9 totale. Vous recevrez un <strong>LOGIN<\/strong> et un <strong>MOT DE PASSE (UN COMPTE)<\/strong> que nous fournissons, vous permettant de jouer.<br \/>\n<strong>EN UTILISANT LE COMPTE FOURNI<\/strong>.<\/p>\n<p><strong><span style=\"color: #ff0000;\">IMPORTANT<\/span><\/strong> : Ne vous inqui\u00e9tez pas, vous aurez votre <strong>sauvegarde exclusive<\/strong> et personne ne pourra vous retirer de notre compte pendant que vous jouez.<br \/>\nJouez sans tracas, quand vous voulez, en \u00e9conomisant beaucoup et en vous amusant \u00e9norm\u00e9ment !<\/p>\n<p>Les informations du compte<strong> ne peuvent pas \u00eatre modifi\u00e9es. <\/strong>Pour plus de d\u00e9tails, veuillez <span style=\"color: #037c05;\"><strong><a style=\"color: #037c05;\" href=\"https:\/\/gamesbestprices.com\/fr\/faqs\/\">cliquer sur ce lien.<\/a><\/strong><\/span><\/p>\n<p><strong>\ud83c\udfae\ud83e\uddd9\u200d\u2642\ufe0f<\/strong><strong> \u00c0 PROPOS DU JEU : <\/strong><\/p>\n<table>\n<thead>\n<tr>\n<th class=\"cabecalho\" colspan=\"2\">Configuration Minimale Requise<\/th>\n<\/tr>\n<\/thead>\n<tbody>\n<tr>\n<td>Syst\u00e8me d&rsquo;exploitation*<\/td>\n<td>Windows 7 &#8211; 64 bit<\/td>\n<\/tr>\n<tr>\n<td>Processeur<\/td>\n<td>Intel Core i5-4460, 2.70GHz or AMD FX-6300<\/td>\n<\/tr>\n<tr>\n<td>M\u00e9moire<\/td>\n<td>8 GB RAM<\/td>\n<\/tr>\n<tr>\n<td>Graphiques<\/td>\n<td>NVIDIA GeForce GTX 760 or AMD Radeon R7 260x<\/td>\n<\/tr>\n<tr>\n<td>DirectX<\/td>\n<td>Version 11<\/td>\n<\/tr>\n<tr>\n<td>Stockage<\/td>\n<td>68 GB d&rsquo;espace disponible<\/td>\n<\/tr>\n<\/tbody>\n<\/table>\n<p>\u00c0 la suite d&rsquo;un effondrement qui, en une fraction de seconde, fracture le temps lui-m\u00eame, deux individus d\u00e9couvrent qu&rsquo;ils ont acquis des capacit\u00e9s extraordinaires. L&rsquo;un, d\u00e9termin\u00e9 \u00e0 contr\u00f4ler ce pouvoir, voyage \u00e0 travers le temps, tandis que l&rsquo;autre utilise ses nouvelles capacit\u00e9s pour tenter de l&rsquo;arr\u00eater et restaurer la chronologie avant qu&rsquo;elle ne soit irr\u00e9parablement d\u00e9truite. Tous deux font face \u00e0 de grands d\u00e9fis et prennent des d\u00e9cisions dramatiques qui fa\u00e7onneront l&rsquo;avenir.<\/p>\n<p><strong>Quantum Break<\/strong> est une exp\u00e9rience in\u00e9gal\u00e9e : mi-jeu hardcore, mi-s\u00e9rie t\u00e9l\u00e9vis\u00e9e palpitante en prises de vues r\u00e9elles, avec un casting de stars comprenant <strong>Shawn Ashmore<\/strong> dans le r\u00f4le du h\u00e9ros Jack Joyce, <strong>Aidan Gillen<\/strong> dans celui de son ennemi jur\u00e9 Paul Serene, et <strong>Dominic Monaghan<\/strong> dans celui de William, le brillant fr\u00e8re de Jack.<\/p>\n<p><strong>Quantum Break<\/strong> offre une narration vivante, des personnages profonds et des rebondissements dramatiques pour lesquels Remedy Entertainment est renomm\u00e9. Les choix que vous faites dans le jeu influencent les r\u00e9sultats de cette fusion intense entre gameplay et s\u00e9rie, offrant aux joueurs une exp\u00e9rience de divertissement v\u00e9ritablement unique.<\/p>\n","protected":false},"excerpt":{"rendered":"<table class=\"info-table\">\n<thead>\n<tr class=\"header-row\">\n<th>Statut<\/th>\n<th>INFORMATION<\/th>\n<\/tr>\n<\/thead>\n<tbody>\n<tr>\n<td class=\"status-cell\">\n<div class=\"status-title\">\ud83d\ude80 LIVRAISON IMM\u00c9DIATE<\/div>\n<div class=\"status-subtitle\">Acc\u00e8s instantan\u00e9<\/div>\n<\/td>\n<td class=\"info-cell\">\n<div class=\"info-box\">\n<div class=\"info-title\">ATTENTION<\/div>\n<div class=\"info-content\">LISEZ LA DESCRIPTION<\/div>\n<\/div>\n<\/td>\n<\/tr>\n<tr>\n<td class=\"status-cell\">\n<div class=\"status-title\">\ud83d\udcb0 Ce site est-il fiable ?<\/div>\n<div class=\"status-subtitle\">+ 4 ans de vente de jeux<\/div>\n<\/td>\n<td class=\"info-cell\">\n<div class=\"info-box\">\n<div class=\"info-title\">Acc\u00e8s :<\/div>\n<div class=\"info-content\">[trustindex data-widget-id=7fd81be38eb695098c8683dcf1c]<\/div>\n<\/div>\n<\/td>\n<\/tr>\n<\/tbody>\n<\/table>\n","protected":false},"featured_media":7103666,"comment_status":"open","ping_status":"closed","template":"","meta":[],"product_brand":[145],"product_cat":[742,636,750],"product_tag":[668,762,640,678],"class_list":{"0":"post-7105535","1":"product","2":"type-product","3":"status-publish","4":"has-post-thumbnail","6":"product_brand-remedy-entertainment","7":"product_cat-action","8":"product_cat-jeux-steam","9":"product_cat-steam","10":"product_tag-riche-en-histoire","11":"product_tag-science-fiction","12":"product_tag-single-player","13":"product_tag-tps","15":"first","16":"instock","17":"downloadable","18":"virtual","19":"purchasable","20":"product-type-simple"},"exclude_global_add_ons":[],"addons":[],"_links":{"self":[{"href":"https:\/\/gamesbestprices.com\/fr\/wp-json\/wp\/v2\/product\/7105535","targetHints":{"allow":["GET"]}}],"collection":[{"href":"https:\/\/gamesbestprices.com\/fr\/wp-json\/wp\/v2\/product"}],"about":[{"href":"https:\/\/gamesbestprices.com\/fr\/wp-json\/wp\/v2\/types\/product"}],"replies":[{"embeddable":true,"href":"https:\/\/gamesbestprices.com\/fr\/wp-json\/wp\/v2\/comments?post=7105535"}],"wp:featuredmedia":[{"embeddable":true,"href":"https:\/\/gamesbestprices.com\/fr\/wp-json\/wp\/v2\/media\/7103666"}],"wp:attachment":[{"href":"https:\/\/gamesbestprices.com\/fr\/wp-json\/wp\/v2\/media?parent=7105535"}],"wp:term":[{"taxonomy":"product_brand","embeddable":true,"href":"https:\/\/gamesbestprices.com\/fr\/wp-json\/wp\/v2\/product_brand?post=7105535"},{"taxonomy":"product_cat","embeddable":true,"href":"https:\/\/gamesbestprices.com\/fr\/wp-json\/wp\/v2\/product_cat?post=7105535"},{"taxonomy":"product_tag","embeddable":true,"href":"https:\/\/gamesbestprices.com\/fr\/wp-json\/wp\/v2\/product_tag?post=7105535"}],"curies":[{"name":"wp","href":"https:\/\/api.w.org\/{rel}","templated":true}]}}