{"id":7105515,"date":"2025-01-02T18:34:33","date_gmt":"2025-01-02T18:34:33","guid":{"rendered":"https:\/\/gamesbestprices.com\/product\/mafia-trilogy-pc-digital\/"},"modified":"2025-01-02T18:34:33","modified_gmt":"2025-01-02T18:34:33","slug":"mafia-trilogy-pc-digital","status":"publish","type":"product","link":"https:\/\/gamesbestprices.com\/fr\/produit\/mafia-trilogy-pc-digital\/","title":{"rendered":"Mafia Trilogy Steam Pc"},"content":{"rendered":"<p><strong>\u26a0\ufe0f<span style=\"color: #ff0000;\">OBTENEZ UN JEU STEAM ORIGINAL !<\/span> \u26a0\ufe0f<\/strong><\/p>\n<p>Profitez du mode <strong>HORS LIGNE<\/strong> avec une flexibilit\u00e9 totale. You will receive a <strong>LOGIN<\/strong>\u00a0and <strong>PASSWORD (ONE ACCOUNT)<\/strong> that we provide, allowing you to play.<br \/>\n<strong>EN UTILISANT LE COMPTE FOURNI<\/strong>.<\/p>\n<p><strong><span style=\"color: #ff0000;\">IMPORTANT<\/span><\/strong>: Ne vous inqui\u00e9tez pas, vous aurez votre <strong>sauvegarde exclusive<\/strong> et personne ne peut vous retirer de notre compte pendant que vous jouez.<br \/>\nJouez sans tracas, quand vous voulez, en \u00e9conomisant beaucoup et en vous amusant \u00e9norm\u00e9ment !<\/p>\n<p>Les informations du compte<strong> ne peuvent pas \u00eatre modifi\u00e9es. <\/strong>Pour plus de d\u00e9tails, veuillez <span style=\"color: #037c05;\"><strong><a style=\"color: #037c05;\" href=\"https:\/\/gamesbestprices.com\/fr\/faqs\/\">cliquer sur ce lien.<\/a><\/strong><\/span><\/p>\n<p><strong>\ud83c\udfae\ud83e\uddd9\u200d\u2642\ufe0f<\/strong><strong>\u00a0\u00c0 PROPOS DU JEU :\u00a0<\/strong><\/p>\n<table>\n<thead>\n<tr>\n<th class=\"cabecalho\" colspan=\"2\">Configuration Minimale Requise<\/th>\n<\/tr>\n<\/thead>\n<tbody>\n<tr>\n<td>Syst\u00e8me d&rsquo;exploitation*<\/td>\n<td>Windows 7 64-bit<\/td>\n<\/tr>\n<tr>\n<td>Processeur<\/td>\n<td>Intel I5-2500K, AMD FX-8120<\/td>\n<\/tr>\n<tr>\n<td>M\u00e9moire<\/td>\n<td>6 GB RAM<\/td>\n<\/tr>\n<tr>\n<td>Graphiques<\/td>\n<td>2GB of Video M\u00e9moire &amp; NVIDIA GeForce GTX 660, AMD Radeon HD7870<\/td>\n<\/tr>\n<tr>\n<td>Stockage<\/td>\n<td>50 Go d&rsquo;espace disponible<\/td>\n<\/tr>\n<\/tbody>\n<\/table>\n<p>### **Inclut les jeux principaux et tous les DLC :**<\/p>\n<p>#### **Mafia: Definitive Edition**<br \/>\nUn remake complet du classique original. Gravissez les \u00e9chelons de la mafia pendant l&rsquo;\u00e8re de la Prohibition aux \u00c9tats-Unis. Apr\u00e8s une rencontre fortuite avec la p\u00e8gre, le chauffeur de taxi **Tommy Angelo** est entra\u00een\u00e9 dans le monde du crime organis\u00e9. Malgr\u00e9 son h\u00e9sitation \u00e0 s&rsquo;impliquer avec la **famille Salieri**, les opportunit\u00e9s deviennent vite trop importantes pour \u00eatre ignor\u00e9es.<\/p>\n<p>#### **Mafia II: Definitive Edition**<br \/>\nUn remaster HD du jeu acclam\u00e9. Vivez la vie d&rsquo;un gangster pendant l&rsquo;\u00e2ge d&rsquo;or du crime organis\u00e9. **Vito Scaletta**, un h\u00e9ros de guerre, s&rsquo;implique avec la mafia pour rembourser les dettes de son p\u00e8re. Aux c\u00f4t\u00e9s de son meilleur ami **Joe**, Vito se lance dans un voyage de crimes de plus en plus audacieux et dangereux pour prouver sa valeur.<\/p>\n<p>#### **Mafia III: Definitive Edition**<br \/>\nApr\u00e8s des ann\u00e9es de service au Vietnam, la famille adoptive de **Lincoln Clay**, connue sous le nom de mafia noire, est trahie et an\u00e9antie par la mafia italienne. Dans sa qu\u00eate de vengeance, Lincoln construit une nouvelle famille sur les cendres de l&rsquo;ancienne et entreprend d&rsquo;abattre le mafieux responsable de la trahison.<\/p>\n<p>### **La trilogie Mafia d\u00e9finitive. Vivez le crime organis\u00e9 \u00e0 travers diff\u00e9rentes \u00e9poques et des histoires inoubliables.**<\/p>\n<p>&nbsp;<\/p>\n","protected":false},"excerpt":{"rendered":"<table class=\"info-table\">\n<thead>\n<tr class=\"header-row\">\n<th>Statut<\/th>\n<th>INFORMATION<\/th>\n<\/tr>\n<\/thead>\n<tbody>\n<tr>\n<td class=\"status-cell\">\n<div class=\"status-title\">\ud83d\ude80 LIVRAISON IMM\u00c9DIATE<\/div>\n<div class=\"status-subtitle\">Acc\u00e8s instantan\u00e9<\/div>\n<\/td>\n<td class=\"info-cell\">\n<div class=\"info-box\">\n<div class=\"info-title\">ATTENTION<\/div>\n<div class=\"info-content\">LISEZ LA DESCRIPTION<\/div>\n<\/div>\n<\/td>\n<\/tr>\n<tr>\n<td class=\"status-cell\">\n<div class=\"status-title\">\ud83d\udcb0 Ce site est-il fiable ?<\/div>\n<div class=\"status-subtitle\">+ 4 ans de vente de jeux<\/div>\n<\/td>\n<td class=\"info-cell\">\n<div class=\"info-box\">\n<div class=\"info-title\">Acc\u00e8s :<\/div>\n<div class=\"info-content\">[trustindex data-widget-id=7fd81be38eb695098c8683dcf1c]<\/div>\n<\/div>\n<\/td>\n<\/tr>\n<\/tbody>\n<\/table>\n","protected":false},"featured_media":7103719,"comment_status":"open","ping_status":"closed","template":"","meta":[],"product_brand":[151],"product_cat":[742,743,636,750],"product_tag":[780,668,640,678],"class_list":{"0":"post-7105515","1":"product","2":"type-product","3":"status-publish","4":"has-post-thumbnail","6":"product_brand-2k-games","7":"product_cat-action","8":"product_cat-aventure","9":"product_cat-jeux-steam","10":"product_cat-steam","11":"product_tag-infiltration","12":"product_tag-riche-en-histoire","13":"product_tag-single-player","14":"product_tag-tps","16":"first","17":"instock","18":"downloadable","19":"virtual","20":"purchasable","21":"product-type-simple"},"exclude_global_add_ons":[],"addons":[],"_links":{"self":[{"href":"https:\/\/gamesbestprices.com\/fr\/wp-json\/wp\/v2\/product\/7105515","targetHints":{"allow":["GET"]}}],"collection":[{"href":"https:\/\/gamesbestprices.com\/fr\/wp-json\/wp\/v2\/product"}],"about":[{"href":"https:\/\/gamesbestprices.com\/fr\/wp-json\/wp\/v2\/types\/product"}],"replies":[{"embeddable":true,"href":"https:\/\/gamesbestprices.com\/fr\/wp-json\/wp\/v2\/comments?post=7105515"}],"wp:featuredmedia":[{"embeddable":true,"href":"https:\/\/gamesbestprices.com\/fr\/wp-json\/wp\/v2\/media\/7103719"}],"wp:attachment":[{"href":"https:\/\/gamesbestprices.com\/fr\/wp-json\/wp\/v2\/media?parent=7105515"}],"wp:term":[{"taxonomy":"product_brand","embeddable":true,"href":"https:\/\/gamesbestprices.com\/fr\/wp-json\/wp\/v2\/product_brand?post=7105515"},{"taxonomy":"product_cat","embeddable":true,"href":"https:\/\/gamesbestprices.com\/fr\/wp-json\/wp\/v2\/product_cat?post=7105515"},{"taxonomy":"product_tag","embeddable":true,"href":"https:\/\/gamesbestprices.com\/fr\/wp-json\/wp\/v2\/product_tag?post=7105515"}],"curies":[{"name":"wp","href":"https:\/\/api.w.org\/{rel}","templated":true}]}}