{"id":7105500,"date":"2025-01-02T18:33:21","date_gmt":"2025-01-02T18:33:21","guid":{"rendered":"https:\/\/gamesbestprices.com\/product\/horizon-zero-dawn-complete-edition-pc-digital\/"},"modified":"2025-01-02T18:33:21","modified_gmt":"2025-01-02T18:33:21","slug":"horizon-zero-dawn-complete-edition-pc-digital","status":"publish","type":"product","link":"https:\/\/gamesbestprices.com\/fr\/produit\/horizon-zero-dawn-complete-edition-pc-digital\/","title":{"rendered":"Horizon Zero Dawn Complete Edition Steam Pc"},"content":{"rendered":"<p><strong>\u26a0\ufe0f<span style=\"color: #ff0000;\">OBTENEZ UN JEU STEAM ORIGINAL !<\/span> \u26a0\ufe0f<\/strong><\/p>\n<p>Profitez du mode <strong>HORS LIGNE<\/strong> avec une flexibilit\u00e9 totale. You will receive a <strong>LOGIN<\/strong>\u00a0and <strong>PASSWORD (ONE ACCOUNT)<\/strong> that we provide, allowing you to play.<br \/>\n<strong>EN UTILISANT LE COMPTE FOURNI<\/strong>.<\/p>\n<p><strong><span style=\"color: #ff0000;\">IMPORTANT<\/span><\/strong>: Ne vous inqui\u00e9tez pas, vous aurez votre <strong>sauvegarde exclusive<\/strong> et personne ne peut vous retirer de notre compte pendant que vous jouez.<br \/>\nJouez sans tracas, quand vous voulez, en \u00e9conomisant beaucoup et en vous amusant \u00e9norm\u00e9ment !<\/p>\n<p>Les informations du compte<strong> ne peuvent pas \u00eatre modifi\u00e9es. <\/strong>Pour plus de d\u00e9tails, veuillez <span style=\"color: #037c05;\"><strong><a style=\"color: #037c05;\" href=\"https:\/\/gamesbestprices.com\/fr\/faqs\/\">cliquer sur ce lien.<\/a><\/strong><\/span><\/p>\n<p><strong>\ud83c\udfae\ud83e\uddd9\u200d\u2642\ufe0f \u00c0 PROPOS DU JEU :\u00a0<\/strong><\/p>\n<table>\n<thead>\n<tr>\n<th class=\"cabecalho\" colspan=\"2\">Configuration Minimale Requise<\/th>\n<\/tr>\n<\/thead>\n<tbody>\n<tr>\n<td>Processeur et syst\u00e8me d&rsquo;exploitation 64 bits requis<\/td>\n<td>Oui<\/td>\n<\/tr>\n<tr>\n<td>Syst\u00e8me d&rsquo;exploitation<\/td>\n<td>Windows 10 64-bit<\/td>\n<\/tr>\n<tr>\n<td>Processeur<\/td>\n<td>Intel Core i5-2500K @ 3.3GHz or AMD FX 6300 @ 3.5GHz<\/td>\n<\/tr>\n<tr>\n<td>M\u00e9moire<\/td>\n<td>8 GB RAM<\/td>\n<\/tr>\n<tr>\n<td>Graphiques<\/td>\n<td>Nvidia GeForce GTX 780 (3 GB) or AMD Radeon R9 290 (4 GB)<\/td>\n<\/tr>\n<tr>\n<td>DirectX<\/td>\n<td>Version 12<\/td>\n<\/tr>\n<tr>\n<td>Stockage<\/td>\n<td>100 Go d&rsquo;espace disponible<\/td>\n<\/tr>\n<\/tbody>\n<\/table>\n<p>Vivez le voyage d&rsquo;Aloy des Nora dans sa qu\u00eate l\u00e9gendaire pour percer les myst\u00e8res d&rsquo;un monde domin\u00e9 par de redoutables Machines.<\/p>\n<p>Exil\u00e9e de sa tribu, cette jeune chasseuse se bat pour d\u00e9couvrir son pass\u00e9, trouver sa destin\u00e9e&#8230; et emp\u00eacher une catastrophe future.<\/p>\n","protected":false},"excerpt":{"rendered":"<table class=\"info-table\">\n<thead>\n<tr class=\"header-row\">\n<th>Statut<\/th>\n<th>INFORMATION<\/th>\n<\/tr>\n<\/thead>\n<tbody>\n<tr>\n<td class=\"status-cell\">\n<div class=\"status-title\">\ud83d\ude80 LIVRAISON IMM\u00c9DIATE<\/div>\n<div class=\"status-subtitle\">Acc\u00e8s instantan\u00e9<\/div>\n<\/td>\n<td class=\"info-cell\">\n<div class=\"info-box\">\n<div class=\"info-title\">ATTENTION<\/div>\n<div class=\"info-content\">LISEZ LA DESCRIPTION<\/div>\n<\/div>\n<\/td>\n<\/tr>\n<tr>\n<td class=\"status-cell\">\n<div class=\"status-title\">\ud83d\udcb0 Ce site est-il fiable ?<\/div>\n<div class=\"status-subtitle\">+ 4 ans de vente de jeux<\/div>\n<\/td>\n<td class=\"info-cell\">\n<div class=\"info-box\">\n<div class=\"info-title\">Acc\u00e8s :<\/div>\n<div class=\"info-content\">[trustindex data-widget-id=7fd81be38eb695098c8683dcf1c]<\/div>\n<\/div>\n<\/td>\n<\/tr>\n<\/tbody>\n<\/table>\n","protected":false},"featured_media":7103583,"comment_status":"open","ping_status":"closed","template":"","meta":[],"product_brand":[143],"product_cat":[742,743,636,768,750],"product_tag":[682,683,639,668,640],"class_list":{"0":"post-7105500","1":"product","2":"type-product","3":"status-publish","4":"has-post-thumbnail","6":"product_brand-playstation-studios","7":"product_cat-action","8":"product_cat-aventure","9":"product_cat-jeux-steam","10":"product_cat-rpg","11":"product_cat-steam","12":"product_tag-exploration","13":"product_tag-monde-ouvert","14":"product_tag-post-apocalyptique","15":"product_tag-riche-en-histoire","16":"product_tag-single-player","18":"first","19":"instock","20":"downloadable","21":"virtual","22":"purchasable","23":"product-type-simple"},"exclude_global_add_ons":[],"addons":[],"_links":{"self":[{"href":"https:\/\/gamesbestprices.com\/fr\/wp-json\/wp\/v2\/product\/7105500","targetHints":{"allow":["GET"]}}],"collection":[{"href":"https:\/\/gamesbestprices.com\/fr\/wp-json\/wp\/v2\/product"}],"about":[{"href":"https:\/\/gamesbestprices.com\/fr\/wp-json\/wp\/v2\/types\/product"}],"replies":[{"embeddable":true,"href":"https:\/\/gamesbestprices.com\/fr\/wp-json\/wp\/v2\/comments?post=7105500"}],"wp:featuredmedia":[{"embeddable":true,"href":"https:\/\/gamesbestprices.com\/fr\/wp-json\/wp\/v2\/media\/7103583"}],"wp:attachment":[{"href":"https:\/\/gamesbestprices.com\/fr\/wp-json\/wp\/v2\/media?parent=7105500"}],"wp:term":[{"taxonomy":"product_brand","embeddable":true,"href":"https:\/\/gamesbestprices.com\/fr\/wp-json\/wp\/v2\/product_brand?post=7105500"},{"taxonomy":"product_cat","embeddable":true,"href":"https:\/\/gamesbestprices.com\/fr\/wp-json\/wp\/v2\/product_cat?post=7105500"},{"taxonomy":"product_tag","embeddable":true,"href":"https:\/\/gamesbestprices.com\/fr\/wp-json\/wp\/v2\/product_tag?post=7105500"}],"curies":[{"name":"wp","href":"https:\/\/api.w.org\/{rel}","templated":true}]}}